{"id":7796,"date":"2025-10-28T11:05:23","date_gmt":"2025-10-28T10:05:23","guid":{"rendered":"https:\/\/aguilas.es\/sitemap\/"},"modified":"2025-12-30T14:10:59","modified_gmt":"2025-12-30T13:10:59","slug":"sitemap","status":"publish","type":"page","link":"https:\/\/aguilas.es\/de\/sitemap\/","title":{"rendered":"Sitemap"},"content":{"rendered":"\t\t<div data-elementor-type=\"wp-page\" data-elementor-id=\"7796\" class=\"elementor elementor-7796 elementor-6821\">\n\t\t\t\t<div class=\"porto_stretch_css stretch_row_css elementor-element elementor-element-75e6ea4e e-flex e-con-boxed e-con e-parent\" data-id=\"75e6ea4e\" data-element_type=\"container\" data-settings=\"{&quot;background_background&quot;:&quot;classic&quot;}\">\r\n\t\t\t\t\t<div class=\"e-con-inner\">\r\n\t\t<div class=\"elementor-element elementor-element-4ebfa0ff e-con-full e-flex e-con e-child\" data-id=\"4ebfa0ff\" data-element_type=\"container\">\r\n\t\t\t\t<div class=\"elementor-element elementor-element-7384da84 elementor-widget elementor-widget-porto_ultimate_heading\" data-id=\"7384da84\" data-element_type=\"widget\" data-widget_type=\"porto_ultimate_heading.default\">\n\t\t\t\t<div class=\"elementor-widget-container\">\n\t\t\t\t\t<div class=\"porto-u-heading  porto-u-ad87e2eaf3f9c495180fe0156ddf3eb0\"><div class=\"porto-u-sub-heading\" style=\"\"><p>Erkunden Sie unsere Bereiche auf einfache Weise.<\/p><\/div><style>.porto-u-ad87e2eaf3f9c495180fe0156ddf3eb0.porto-u-heading{text-align:left}<\/style><\/div>\t\t\t\t<\/div>\n\t\t\t\t<\/div>\n\t\t\t\t<div class=\"elementor-element elementor-element-4441b089 elementor-widget elementor-widget-porto_page_header\" data-id=\"4441b089\" data-element_type=\"widget\" data-widget_type=\"porto_page_header.default\">\n\t\t\t\t<div class=\"elementor-widget-container\">\n\t\t\t\t\t<div class=\"page-top page-header-6\"><style>.page-top { background: none; border-bottom: none; } .page-top .page-title:not(.b-none):after { display: none; }<\/style><div class=\"container hide-title\">\r\n\t<div class=\"row\">\r\n\t\t<div class=\"col-lg-12 clearfix\">\r\n\t\t\t<div class=\"pt-right d-none\">\r\n\t\t\t\t\t\t\t\t<h1 class=\"page-title\"><\/h1>\r\n\t\t\t\t\t\t\t<\/div>\r\n\t\t\t\t\t\t\t<div class=\"breadcrumbs-wrap pt-left\">\r\n\t\t\t\t\t<ul class=\"breadcrumb\" itemscope itemtype=\"https:\/\/schema.org\/BreadcrumbList\"><li class=\"home\" itemprop=\"itemListElement\" itemscope itemtype=\"https:\/\/schema.org\/ListItem\"><a itemprop=\"item\" href=\"https:\/\/aguilas.es\/de\/\" title=\"Go to Home Page\"><span itemprop=\"name\">Home<\/span><\/a><meta itemprop=\"position\" content=\"1\" \/><i class=\"delimiter delimiter-2\"><\/i><\/li><\/ul>\t\t\t\t<\/div>\r\n\t\t\t\t\t\t\t\t<\/div>\r\n\t<\/div>\r\n<\/div>\r\n<\/div>\t\t\t\t<\/div>\n\t\t\t\t<\/div>\n\t\t\t\t<\/div>\n\t\t\t\t\t<\/div>\n\t\t\t\t<\/div>\n\t\t<div class=\"elementor-element elementor-element-3b1a7adc e-flex e-con-boxed e-con e-parent\" data-id=\"3b1a7adc\" data-element_type=\"container\">\r\n\t\t\t\t\t<div class=\"e-con-inner\">\r\n\t\t\t\t<div class=\"elementor-element elementor-element-b66172d elementor-widget elementor-widget-shortcode\" data-id=\"b66172d\" data-element_type=\"widget\" data-widget_type=\"shortcode.default\">\n\t\t\t\t<div class=\"elementor-widget-container\">\n\t\t\t\t\t\t\t<div class=\"elementor-shortcode\"><div class=\"wsp-container\"><h2 class=\"wsp-pages-title\">Seiten<\/h2>\n<ul class=\"wsp-pages-list\">\n<li class=\"page_item page-item-8759\"><a href=\"https:\/\/aguilas.es\/de\/aguilas-intelligentes-reiseziel\/\">\u00c1guilas \u2013 intelligentes Reiseziel<\/a><\/li>\n<li class=\"page_item page-item-11005\"><a href=\"https:\/\/aguilas.es\/de\/botanischer-miniaturgarten\/\">Botanischer Miniaturgarten<\/a><\/li>\n<li class=\"page_item page-item-7810\"><a href=\"https:\/\/aguilas.es\/de\/cookie-richtlinie\/\">Cookie-Richtlinie<\/a><\/li>\n<li class=\"page_item page-item-8807\"><a href=\"https:\/\/aguilas.es\/de\/datenschutzbestimmungen\/\">Datenschutzbestimmungen<\/a><\/li>\n<li class=\"page_item page-item-8459 page_item_has_children\"><a href=\"https:\/\/aguilas.es\/de\/entdecke-aguilas\/\">Entdecke \u00c1guilas<\/a>\n<ul class='children'>\n\t<li class=\"page_item page-item-8344 current_page_parent\"><a href=\"https:\/\/aguilas.es\/de\/entdecke-aguilas\/blog\/\">Blog<\/a><\/li>\n\t<li class=\"page_item page-item-8215\"><a href=\"https:\/\/aguilas.es\/de\/entdecke-aguilas\/downloads\/\">Downloads<\/a><\/li>\n\t<li class=\"page_item page-item-8348\"><a href=\"https:\/\/aguilas.es\/de\/entdecke-aguilas\/geschichte\/\">Geschichte<\/a><\/li>\n\t<li class=\"page_item page-item-8510\"><a href=\"https:\/\/aguilas.es\/de\/entdecke-aguilas\/sicted-qualitaetsversprechen\/\">SICTED-Qualit\u00e4tsversprechen<\/a><\/li>\n\t<li class=\"page_item page-item-8282\"><a href=\"https:\/\/aguilas.es\/de\/entdecke-aguilas\/wissenswertes\/\">Wissenswertes<\/a><\/li>\n<\/ul>\n<\/li>\n<li class=\"page_item page-item-7822\"><a href=\"https:\/\/aguilas.es\/de\/erklaerung-zur-barrierefreiheit\/\">Erkl\u00e4rung zur Barrierefreiheit<\/a><\/li>\n<li class=\"page_item page-item-9420 page_item_has_children\"><a href=\"https:\/\/aguilas.es\/de\/erlebnisse-in-aguilas\/\">Erlebnisse in \u00c1guilas<\/a>\n<ul class='children'>\n\t<li class=\"page_item page-item-8987 page_item_has_children\"><a href=\"https:\/\/aguilas.es\/de\/erlebnisse-in-aguilas\/aguilas-entdecken\/\">\u00c1guilas entdecken<\/a>\n\t<ul class='children'>\n\t\t<li class=\"page_item page-item-9421\"><a href=\"https:\/\/aguilas.es\/de\/erlebnisse-in-aguilas\/aguilas-entdecken\/naturtourismus\/\">Abenteuer in der Natur<\/a><\/li>\n\t\t<li class=\"page_item page-item-8219\"><a href=\"https:\/\/aguilas.es\/de\/erlebnisse-in-aguilas\/aguilas-entdecken\/familienurlaub\/\">\u00c1guilas f\u00fcr Familien<\/a><\/li>\n\t\t<li class=\"page_item page-item-10715\"><a href=\"https:\/\/aguilas.es\/de\/erlebnisse-in-aguilas\/aguilas-entdecken\/aguilas-golfdestination\/\">\u00c1guilas Golfdestination<\/a><\/li>\n\t\t<li class=\"page_item page-item-8496\"><a href=\"https:\/\/aguilas.es\/de\/erlebnisse-in-aguilas\/aguilas-entdecken\/aguilas-slow\/\">\u00c1guilas Slow<\/a><\/li>\n\t\t<li class=\"page_item page-item-8184\"><a href=\"https:\/\/aguilas.es\/de\/erlebnisse-in-aguilas\/aguilas-entdecken\/gastronomischer-tourismus\/\">\u00c1guilas zum Genie\u00dfen<\/a><\/li>\n\t\t<li class=\"page_item page-item-8641\"><a href=\"https:\/\/aguilas.es\/de\/erlebnisse-in-aguilas\/aguilas-entdecken\/barrierefreier-tourismus\/\">Barrierefreier Tourismus<\/a><\/li>\n\t\t<li class=\"page_item page-item-8141\"><a href=\"https:\/\/aguilas.es\/de\/erlebnisse-in-aguilas\/aguilas-entdecken\/geschaeftstourismus\/\">Gesch\u00e4ftstourismus<\/a><\/li>\n\t\t<li class=\"page_item page-item-8159\"><a href=\"https:\/\/aguilas.es\/de\/erlebnisse-in-aguilas\/aguilas-entdecken\/industrietourismus\/\">Industrielles Erbe<\/a><\/li>\n\t\t<li class=\"page_item page-item-8494\"><a href=\"https:\/\/aguilas.es\/de\/erlebnisse-in-aguilas\/aguilas-entdecken\/inspirierendes-kulturerbe\/\">Inspirierendes Kulturerbe<\/a><\/li>\n\t\t<li class=\"page_item page-item-8117\"><a href=\"https:\/\/aguilas.es\/de\/erlebnisse-in-aguilas\/aguilas-entdecken\/radwandern\/\">Radwandern<\/a><\/li>\n\t\t<li class=\"page_item page-item-8307\"><a href=\"https:\/\/aguilas.es\/de\/erlebnisse-in-aguilas\/aguilas-entdecken\/sporttourismus\/\">Sport und Aktivit\u00e4ten in \u00c1guilas<\/a><\/li>\n\t\t<li class=\"page_item page-item-8106\"><a href=\"https:\/\/aguilas.es\/de\/erlebnisse-in-aguilas\/aguilas-entdecken\/wandern-und-orientierungslauf\/\">Wandern und Orientierungslauf<\/a><\/li>\n\t\t<li class=\"page_item page-item-8509\"><a href=\"https:\/\/aguilas.es\/de\/erlebnisse-in-aguilas\/aguilas-entdecken\/wassersport-und-tauchen\/\">Wassersport und Tauchen<\/a><\/li>\n\t<\/ul>\n<\/li>\n\t<li class=\"page_item page-item-8120\"><a href=\"https:\/\/aguilas.es\/de\/erlebnisse-in-aguilas\/feste\/\">Feste<\/a><\/li>\n\t<li class=\"page_item page-item-8995\"><a href=\"https:\/\/aguilas.es\/de\/erlebnisse-in-aguilas\/straende\/\">Str\u00e4nde<\/a><\/li>\n\t<li class=\"page_item page-item-8169\"><a href=\"https:\/\/aguilas.es\/de\/erlebnisse-in-aguilas\/veranstaltungskalender\/\">Veranstaltungskalender<\/a><\/li>\n<\/ul>\n<\/li>\n<li class=\"page_item page-item-8821 page_item_has_children\"><a href=\"https:\/\/aguilas.es\/de\/ihre-reise-schritt-fuer-schritt\/\">Ihre Reise Schritt f\u00fcr Schritt<\/a>\n<ul class='children'>\n\t<li class=\"page_item page-item-7753\"><a href=\"https:\/\/aguilas.es\/de\/ihre-reise-schritt-fuer-schritt\/gesundheit\/\">Gesundheit<\/a><\/li>\n\t<li class=\"page_item page-item-8934\"><a href=\"https:\/\/aguilas.es\/de\/ihre-reise-schritt-fuer-schritt\/karte\/\">Karte<\/a><\/li>\n\t<li class=\"page_item page-item-8834\"><a href=\"https:\/\/aguilas.es\/de\/ihre-reise-schritt-fuer-schritt\/organisiere-deine-reise\/\">Organisiere deine Reise<\/a><\/li>\n\t<li class=\"page_item page-item-10880\"><a href=\"https:\/\/aguilas.es\/de\/ihre-reise-schritt-fuer-schritt\/transport\/\">Transport<\/a><\/li>\n\t<li class=\"page_item page-item-8773\"><a href=\"https:\/\/aguilas.es\/de\/ihre-reise-schritt-fuer-schritt\/wo-man-essen-kann\/\">Wo man essen kann<\/a><\/li>\n\t<li class=\"page_item page-item-8655\"><a href=\"https:\/\/aguilas.es\/de\/ihre-reise-schritt-fuer-schritt\/wo-uebernachten\/\">Wo \u00fcbernachten<\/a><\/li>\n<\/ul>\n<\/li>\n<li class=\"page_item page-item-7803\"><a href=\"https:\/\/aguilas.es\/de\/kontakt\/\">Kontakt<\/a><\/li>\n<li class=\"page_item page-item-7833\"><a href=\"https:\/\/aguilas.es\/de\/newsletter\/\">Newsletter<\/a><\/li>\n<li class=\"page_item page-item-7969\"><a href=\"https:\/\/aguilas.es\/de\/rechtlicher-hinweis\/\">Rechtlicher Hinweis<\/a><\/li>\n<li class=\"page_item page-item-7796\"><a href=\"https:\/\/aguilas.es\/de\/sitemap\/\">Sitemap<\/a><\/li>\n<li class=\"page_item page-item-8786\"><a href=\"https:\/\/aguilas.es\/de\/\">Startseite<\/a><\/li>\n<li class=\"page_item page-item-7821\"><a href=\"https:\/\/aguilas.es\/de\/testplattform\/\">Testplattform<\/a><\/li>\n<\/ul>\n<h2 class=\"wsp-posts-title\">Beitr\u00e4ge nach Kategorie<\/h2>\n<ul class=\"wsp-posts-list\">\n\t<li><strong class=\"wsp-category-title\">Kategorie: <a href=\"https:\/\/aguilas.es\/de\/category\/nicht-kategorisiert\/\">Nicht kategorisiert<\/a><\/strong>\n<\/li>\n<\/ul>\n<\/div><\/div>\n\t\t\t\t\t\t<\/div>\n\t\t\t\t<\/div>\n\t\t\t\t\t<\/div>\n\t\t\t\t<\/div>\n\t\t\t\t<\/div>\n\t\t","protected":false},"excerpt":{"rendered":"<p>Erkunden Sie unsere Bereiche auf einfache Weise. Home<\/p>\n","protected":false},"author":1,"featured_media":7797,"parent":0,"menu_order":0,"comment_status":"closed","ping_status":"closed","template":"","meta":{"footnotes":""},"class_list":["post-7796","page","type-page","status-publish","has-post-thumbnail","hentry"],"yoast_head":"<!-- This site is optimized with the Yoast SEO plugin v26.6 - https:\/\/yoast.com\/wordpress\/plugins\/seo\/ -->\n<title>\u00c1guilas Turismo | Sitemap<\/title>\n<meta name=\"description\" content=\"Sehen Sie sich die Webkarte f\u00fcr den Tourismus in \u00c1guilas an und greifen Sie schnell auf Str\u00e4nde, Sehensw\u00fcrdigkeiten, Erlebnisse, Routen, Veranstaltungskalender und touristische Dienstleistungen zu.\" \/>\n<meta name=\"robots\" content=\"index, follow, max-snippet:-1, max-image-preview:large, max-video-preview:-1\" \/>\n<link rel=\"canonical\" href=\"https:\/\/aguilas.es\/de\/sitemap\/\" \/>\n<meta property=\"og:locale\" content=\"de_DE\" \/>\n<meta property=\"og:type\" content=\"article\" \/>\n<meta property=\"og:title\" content=\"\u00c1guilas Turismo | Sitemap\" \/>\n<meta property=\"og:description\" content=\"Sehen Sie sich die Webkarte f\u00fcr den Tourismus in \u00c1guilas an und greifen Sie schnell auf Str\u00e4nde, Sehensw\u00fcrdigkeiten, Erlebnisse, Routen, Veranstaltungskalender und touristische Dienstleistungen zu.\" \/>\n<meta property=\"og:url\" content=\"https:\/\/aguilas.es\/de\/sitemap\/\" \/>\n<meta property=\"og:site_name\" content=\"\u00c1guilas Turismo\" \/>\n<meta property=\"article:modified_time\" content=\"2025-12-30T13:10:59+00:00\" \/>\n<meta property=\"og:image\" content=\"https:\/\/aguilas.es\/wp-content\/uploads\/2025\/07\/alateasocialmedia_oficinaturismo-ciudad-000094.jpg\" \/>\n\t<meta property=\"og:image:width\" content=\"1920\" \/>\n\t<meta property=\"og:image:height\" content=\"1438\" \/>\n\t<meta property=\"og:image:type\" content=\"image\/jpeg\" \/>\n<meta name=\"twitter:card\" content=\"summary_large_image\" \/>\n<script type=\"application\/ld+json\" class=\"yoast-schema-graph\">{\"@context\":\"https:\/\/schema.org\",\"@graph\":[{\"@type\":\"WebPage\",\"@id\":\"https:\/\/aguilas.es\/de\/sitemap\/\",\"url\":\"https:\/\/aguilas.es\/de\/sitemap\/\",\"name\":\"\u00c1guilas Turismo | Sitemap\",\"isPartOf\":{\"@id\":\"https:\/\/aguilas.es\/de\/#website\"},\"primaryImageOfPage\":{\"@id\":\"https:\/\/aguilas.es\/de\/sitemap\/#primaryimage\"},\"image\":{\"@id\":\"https:\/\/aguilas.es\/de\/sitemap\/#primaryimage\"},\"thumbnailUrl\":\"https:\/\/aguilas.es\/wp-content\/uploads\/2025\/07\/alateasocialmedia_oficinaturismo-ciudad-000094.jpg\",\"datePublished\":\"2025-10-28T10:05:23+00:00\",\"dateModified\":\"2025-12-30T13:10:59+00:00\",\"description\":\"Sehen Sie sich die Webkarte f\u00fcr den Tourismus in \u00c1guilas an und greifen Sie schnell auf Str\u00e4nde, Sehensw\u00fcrdigkeiten, Erlebnisse, Routen, Veranstaltungskalender und touristische Dienstleistungen zu.\",\"breadcrumb\":{\"@id\":\"https:\/\/aguilas.es\/de\/sitemap\/#breadcrumb\"},\"inLanguage\":\"de\",\"potentialAction\":[{\"@type\":\"ReadAction\",\"target\":[\"https:\/\/aguilas.es\/de\/sitemap\/\"]}]},{\"@type\":\"ImageObject\",\"inLanguage\":\"de\",\"@id\":\"https:\/\/aguilas.es\/de\/sitemap\/#primaryimage\",\"url\":\"https:\/\/aguilas.es\/wp-content\/uploads\/2025\/07\/alateasocialmedia_oficinaturismo-ciudad-000094.jpg\",\"contentUrl\":\"https:\/\/aguilas.es\/wp-content\/uploads\/2025\/07\/alateasocialmedia_oficinaturismo-ciudad-000094.jpg\",\"width\":1920,\"height\":1438,\"caption\":\"\u00c1guilas liebt dich+\"},{\"@type\":\"BreadcrumbList\",\"@id\":\"https:\/\/aguilas.es\/de\/sitemap\/#breadcrumb\",\"itemListElement\":[{\"@type\":\"ListItem\",\"position\":1,\"name\":\"Portada\",\"item\":\"https:\/\/aguilas.es\/de\/startseite\/\"},{\"@type\":\"ListItem\",\"position\":2,\"name\":\"Sitemap\"}]},{\"@type\":\"WebSite\",\"@id\":\"https:\/\/aguilas.es\/de\/#website\",\"url\":\"https:\/\/aguilas.es\/de\/\",\"name\":\"\u00c1guilas Turismo\",\"description\":\"\",\"publisher\":{\"@id\":\"https:\/\/aguilas.es\/de\/#organization\"},\"potentialAction\":[{\"@type\":\"SearchAction\",\"target\":{\"@type\":\"EntryPoint\",\"urlTemplate\":\"https:\/\/aguilas.es\/de\/?s={search_term_string}\"},\"query-input\":{\"@type\":\"PropertyValueSpecification\",\"valueRequired\":true,\"valueName\":\"search_term_string\"}}],\"inLanguage\":\"de\"},{\"@type\":\"Organization\",\"@id\":\"https:\/\/aguilas.es\/de\/#organization\",\"name\":\"\u00c1guilas Turismo\",\"url\":\"https:\/\/aguilas.es\/de\/\",\"logo\":{\"@type\":\"ImageObject\",\"inLanguage\":\"de\",\"@id\":\"https:\/\/aguilas.es\/de\/#\/schema\/logo\/image\/\",\"url\":\"https:\/\/aguilas.es\/wp-content\/uploads\/2025\/04\/Logo-Aguilas-turismo.png\",\"contentUrl\":\"https:\/\/aguilas.es\/wp-content\/uploads\/2025\/04\/Logo-Aguilas-turismo.png\",\"width\":575,\"height\":229,\"caption\":\"\u00c1guilas Turismo\"},\"image\":{\"@id\":\"https:\/\/aguilas.es\/de\/#\/schema\/logo\/image\/\"}}]}<\/script>\n<!-- \/ Yoast SEO plugin. -->","yoast_head_json":{"title":"\u00c1guilas Turismo | Sitemap","description":"Sehen Sie sich die Webkarte f\u00fcr den Tourismus in \u00c1guilas an und greifen Sie schnell auf Str\u00e4nde, Sehensw\u00fcrdigkeiten, Erlebnisse, Routen, Veranstaltungskalender und touristische Dienstleistungen zu.","robots":{"index":"index","follow":"follow","max-snippet":"max-snippet:-1","max-image-preview":"max-image-preview:large","max-video-preview":"max-video-preview:-1"},"canonical":"https:\/\/aguilas.es\/de\/sitemap\/","og_locale":"de_DE","og_type":"article","og_title":"\u00c1guilas Turismo | Sitemap","og_description":"Sehen Sie sich die Webkarte f\u00fcr den Tourismus in \u00c1guilas an und greifen Sie schnell auf Str\u00e4nde, Sehensw\u00fcrdigkeiten, Erlebnisse, Routen, Veranstaltungskalender und touristische Dienstleistungen zu.","og_url":"https:\/\/aguilas.es\/de\/sitemap\/","og_site_name":"\u00c1guilas Turismo","article_modified_time":"2025-12-30T13:10:59+00:00","og_image":[{"width":1920,"height":1438,"url":"https:\/\/aguilas.es\/wp-content\/uploads\/2025\/07\/alateasocialmedia_oficinaturismo-ciudad-000094.jpg","type":"image\/jpeg"}],"twitter_card":"summary_large_image","schema":{"@context":"https:\/\/schema.org","@graph":[{"@type":"WebPage","@id":"https:\/\/aguilas.es\/de\/sitemap\/","url":"https:\/\/aguilas.es\/de\/sitemap\/","name":"\u00c1guilas Turismo | Sitemap","isPartOf":{"@id":"https:\/\/aguilas.es\/de\/#website"},"primaryImageOfPage":{"@id":"https:\/\/aguilas.es\/de\/sitemap\/#primaryimage"},"image":{"@id":"https:\/\/aguilas.es\/de\/sitemap\/#primaryimage"},"thumbnailUrl":"https:\/\/aguilas.es\/wp-content\/uploads\/2025\/07\/alateasocialmedia_oficinaturismo-ciudad-000094.jpg","datePublished":"2025-10-28T10:05:23+00:00","dateModified":"2025-12-30T13:10:59+00:00","description":"Sehen Sie sich die Webkarte f\u00fcr den Tourismus in \u00c1guilas an und greifen Sie schnell auf Str\u00e4nde, Sehensw\u00fcrdigkeiten, Erlebnisse, Routen, Veranstaltungskalender und touristische Dienstleistungen zu.","breadcrumb":{"@id":"https:\/\/aguilas.es\/de\/sitemap\/#breadcrumb"},"inLanguage":"de","potentialAction":[{"@type":"ReadAction","target":["https:\/\/aguilas.es\/de\/sitemap\/"]}]},{"@type":"ImageObject","inLanguage":"de","@id":"https:\/\/aguilas.es\/de\/sitemap\/#primaryimage","url":"https:\/\/aguilas.es\/wp-content\/uploads\/2025\/07\/alateasocialmedia_oficinaturismo-ciudad-000094.jpg","contentUrl":"https:\/\/aguilas.es\/wp-content\/uploads\/2025\/07\/alateasocialmedia_oficinaturismo-ciudad-000094.jpg","width":1920,"height":1438,"caption":"\u00c1guilas liebt dich+"},{"@type":"BreadcrumbList","@id":"https:\/\/aguilas.es\/de\/sitemap\/#breadcrumb","itemListElement":[{"@type":"ListItem","position":1,"name":"Portada","item":"https:\/\/aguilas.es\/de\/startseite\/"},{"@type":"ListItem","position":2,"name":"Sitemap"}]},{"@type":"WebSite","@id":"https:\/\/aguilas.es\/de\/#website","url":"https:\/\/aguilas.es\/de\/","name":"\u00c1guilas Turismo","description":"","publisher":{"@id":"https:\/\/aguilas.es\/de\/#organization"},"potentialAction":[{"@type":"SearchAction","target":{"@type":"EntryPoint","urlTemplate":"https:\/\/aguilas.es\/de\/?s={search_term_string}"},"query-input":{"@type":"PropertyValueSpecification","valueRequired":true,"valueName":"search_term_string"}}],"inLanguage":"de"},{"@type":"Organization","@id":"https:\/\/aguilas.es\/de\/#organization","name":"\u00c1guilas Turismo","url":"https:\/\/aguilas.es\/de\/","logo":{"@type":"ImageObject","inLanguage":"de","@id":"https:\/\/aguilas.es\/de\/#\/schema\/logo\/image\/","url":"https:\/\/aguilas.es\/wp-content\/uploads\/2025\/04\/Logo-Aguilas-turismo.png","contentUrl":"https:\/\/aguilas.es\/wp-content\/uploads\/2025\/04\/Logo-Aguilas-turismo.png","width":575,"height":229,"caption":"\u00c1guilas Turismo"},"image":{"@id":"https:\/\/aguilas.es\/de\/#\/schema\/logo\/image\/"}}]}},"_links":{"self":[{"href":"https:\/\/aguilas.es\/de\/wp-json\/wp\/v2\/pages\/7796","targetHints":{"allow":["GET"]}}],"collection":[{"href":"https:\/\/aguilas.es\/de\/wp-json\/wp\/v2\/pages"}],"about":[{"href":"https:\/\/aguilas.es\/de\/wp-json\/wp\/v2\/types\/page"}],"author":[{"embeddable":true,"href":"https:\/\/aguilas.es\/de\/wp-json\/wp\/v2\/users\/1"}],"replies":[{"embeddable":true,"href":"https:\/\/aguilas.es\/de\/wp-json\/wp\/v2\/comments?post=7796"}],"version-history":[{"count":1,"href":"https:\/\/aguilas.es\/de\/wp-json\/wp\/v2\/pages\/7796\/revisions"}],"predecessor-version":[{"id":7799,"href":"https:\/\/aguilas.es\/de\/wp-json\/wp\/v2\/pages\/7796\/revisions\/7799"}],"wp:featuredmedia":[{"embeddable":true,"href":"https:\/\/aguilas.es\/de\/wp-json\/wp\/v2\/media\/7797"}],"wp:attachment":[{"href":"https:\/\/aguilas.es\/de\/wp-json\/wp\/v2\/media?parent=7796"}],"curies":[{"name":"wp","href":"https:\/\/api.w.org\/{rel}","templated":true}]}}