{"id":7969,"date":"2025-06-11T14:33:30","date_gmt":"2025-06-11T12:33:30","guid":{"rendered":"https:\/\/aguilas.es\/rechtlicher-hinweis\/"},"modified":"2025-12-30T14:11:41","modified_gmt":"2025-12-30T13:11:41","slug":"rechtlicher-hinweis","status":"publish","type":"page","link":"https:\/\/aguilas.es\/de\/rechtlicher-hinweis\/","title":{"rendered":"Rechtlicher Hinweis"},"content":{"rendered":"\t\t<div data-elementor-type=\"wp-page\" data-elementor-id=\"7969\" class=\"elementor elementor-7969 elementor-4691\">\n\t\t\t\t<div class=\"porto_stretch_css stretch_row_css elementor-element elementor-element-97b1947 e-flex e-con-boxed e-con e-parent\" data-id=\"97b1947\" data-element_type=\"container\" data-settings=\"{&quot;background_background&quot;:&quot;classic&quot;}\">\r\n\t\t\t\t\t<div class=\"e-con-inner\">\r\n\t\t<div class=\"elementor-element elementor-element-4ffb675 e-con-full e-flex e-con e-child\" data-id=\"4ffb675\" data-element_type=\"container\">\r\n\t\t\t\t<div class=\"elementor-element elementor-element-30f94bd elementor-widget elementor-widget-porto_ultimate_heading\" data-id=\"30f94bd\" data-element_type=\"widget\" data-widget_type=\"porto_ultimate_heading.default\">\n\t\t\t\t<div class=\"elementor-widget-container\">\n\t\t\t\t\t<div class=\"porto-u-heading  porto-u-ad87e2eaf3f9c495180fe0156ddf3eb0\"><style>.porto-u-ad87e2eaf3f9c495180fe0156ddf3eb0.porto-u-heading{text-align:left}<\/style><\/div>\t\t\t\t<\/div>\n\t\t\t\t<\/div>\n\t\t\t\t<div class=\"elementor-element elementor-element-e5fddb3 elementor-widget elementor-widget-porto_page_header\" data-id=\"e5fddb3\" data-element_type=\"widget\" data-widget_type=\"porto_page_header.default\">\n\t\t\t\t<div class=\"elementor-widget-container\">\n\t\t\t\t\t<div class=\"page-top page-header-6\"><style>.page-top { background: none; border-bottom: none; } .page-top .page-title:not(.b-none):after { display: none; }<\/style><div class=\"container hide-title\">\r\n\t<div class=\"row\">\r\n\t\t<div class=\"col-lg-12 clearfix\">\r\n\t\t\t<div class=\"pt-right d-none\">\r\n\t\t\t\t\t\t\t\t<h1 class=\"page-title\"><\/h1>\r\n\t\t\t\t\t\t\t<\/div>\r\n\t\t\t\t\t\t\t<div class=\"breadcrumbs-wrap pt-left\">\r\n\t\t\t\t\t<ul class=\"breadcrumb\" itemscope itemtype=\"https:\/\/schema.org\/BreadcrumbList\"><li class=\"home\" itemprop=\"itemListElement\" itemscope itemtype=\"https:\/\/schema.org\/ListItem\"><a itemprop=\"item\" href=\"https:\/\/aguilas.es\/de\/\" title=\"Go to Home Page\"><span itemprop=\"name\">Home<\/span><\/a><meta itemprop=\"position\" content=\"1\" \/><i class=\"delimiter delimiter-2\"><\/i><\/li><\/ul>\t\t\t\t<\/div>\r\n\t\t\t\t\t\t\t\t<\/div>\r\n\t<\/div>\r\n<\/div>\r\n<\/div>\t\t\t\t<\/div>\n\t\t\t\t<\/div>\n\t\t\t\t<\/div>\n\t\t\t\t\t<\/div>\n\t\t\t\t<\/div>\n\t\t<div class=\"elementor-element elementor-element-d38683b e-flex e-con-boxed e-con e-parent\" data-id=\"d38683b\" data-element_type=\"container\">\r\n\t\t\t\t\t<div class=\"e-con-inner\">\r\n\t\t\t\t<div class=\"elementor-element elementor-element-fe01042 elementor-widget elementor-widget-text-editor\" data-id=\"fe01042\" data-element_type=\"widget\" data-widget_type=\"text-editor.default\">\n\t\t\t\t<div class=\"elementor-widget-container\">\n\t\t\t\t\t\t\t\t\t<ol><li><strong> IDENTIFIZIERUNGSDATEN<\/strong><\/li><\/ol><p><a href=\"https:\/\/www.aguilas.es\/\">https:\/\/www.aguilas.es\/<\/a> ist eine Internetdomain im Besitz des Rathauses von \u00c1guilas, CIF P3000300H, mit Sitz und Gesellschaftssitz in Plaza de Espa\u00f1a, 14, 30880 \u00c1guilas, und E-Mail <a href=\"mailto:turismo@aguilas.es.\">turismo@aguilas.es<\/a> <\/p><ol start=\"2\"><li><strong> NUTZUNGSBEDINGUNGEN<\/strong><\/li><\/ol><p><strong>2.1. Gegenstand und Anwendungsbereich<\/strong><\/p><p>Dieser rechtliche Hinweis regelt die Nutzung der Website <a href=\"https:\/\/www.aguilas.es\/\">https:\/\/www.aguilas.es\/<\/a> (im Folgenden \u201ePortal\u201c), die das Rathaus von \u00c1guilas den B\u00fcrgern zur Verf\u00fcgung stellt, um den Zugang zu Informationen und kommunalen Dienstleistungen zu erleichtern. <\/p><p><strong>2.2. Zugangs- und Nutzungsbedingungen<\/strong><\/p><p>Der Zugang zum Portal ist kostenlos und erfordert keine vorherige Registrierung, au\u00dfer f\u00fcr bestimmte Dienste, die dies angeben. Der Nutzer verpflichtet sich zu: <\/p><ul><li>Das Portal in \u00dcbereinstimmung mit dem Gesetz, der Moral, den guten Sitten und der \u00f6ffentlichen Ordnung zu nutzen<\/li><li>Keine Aktivit\u00e4ten durchzuf\u00fchren, die das Portal besch\u00e4digen, unbrauchbar machen, \u00fcberlasten oder verschlechtern k\u00f6nnten<\/li><\/ul><ul><li>Nicht zu versuchen, auf eingeschr\u00e4nkte Bereiche oder Daten anderer Benutzer zuzugreifen<\/li><\/ul><ol start=\"3\"><li><strong> GEISTIGES UND GEWERBLICHES EIGENTUM<\/strong><\/li><\/ol><p>Das Design des Portals, seine Quellcodes, Logos, Bilder, T\u00f6ne, Animationen, Software, Texte sowie die gesammelten Informationen und Inhalte sind durch die spanische Gesetzgebung \u00fcber geistiges und gewerbliches Eigentum gesch\u00fctzt.<\/p><p>Die Vervielf\u00e4ltigung der Inhalte f\u00fcr den pers\u00f6nlichen und nicht kommerziellen Gebrauch ist gestattet, sofern die Quelle angegeben wird. F\u00fcr jede andere Verwendung ist die ausdr\u00fcckliche Genehmigung des Rathauses von \u00c1guilas erforderlich.  <\/p><ol start=\"4\"><li><strong> LINKS<\/strong><\/li><\/ol><p><strong>4.1. Links zu anderen Websites<\/strong><\/p><p>Das Portal kann Links zu externen Websites enthalten. Das Rathaus von \u00c1guilas ist nicht verantwortlich f\u00fcr den Inhalt, die Informationen oder die Dienstleistungen, die auf diesen Seiten erscheinen, die ausschlie\u00dflich informativen Charakter haben.  <\/p><p><strong>4.2. Links von anderen Websites<\/strong><\/p><p>Die Verlinkung zum Portal von anderen Websites ist gestattet, sofern:<\/p><ul><li>Die im Portal enthaltenen Dienste nicht ganz oder teilweise reproduziert werden<\/li><li>Keine Deep-Links eingerichtet oder Framing-Techniken verwendet werden<\/li><\/ul><ul><li>Keine falsche, ungenaue oder unrichtige Verwendung des Portals erfolgt<\/li><\/ul><ol start=\"5\"><li><strong> VERANTWORTLICHKEITEN<\/strong><\/li><\/ol><p><strong>5.1. Der Gemeinde<\/strong><\/p><p>Das Rathaus von \u00c1guilas garantiert nicht die Verf\u00fcgbarkeit und Kontinuit\u00e4t des Betriebs des Portals. Jegliche Haftung f\u00fcr Sch\u00e4den und Verluste jeglicher Art, die entstehen k\u00f6nnen, ist ausgeschlossen aufgrund von:  <\/p><ul><li>Die mangelnde Verf\u00fcgbarkeit oder Kontinuit\u00e4t des Portals<\/li><li>Die mangelnde N\u00fctzlichkeit des Portals f\u00fcr die Erwartungen des Nutzers<\/li><li>Die Fehler in den Inhalten oder Diensten, auf die \u00fcber das Portal zugegriffen werden kann<\/li><\/ul><ul><li>Die \u00dcbertragung von Viren oder sch\u00e4dlichen Elementen \u00fcber das Portal<\/li><\/ul><p><strong>5.2. Des Nutzers<\/strong><\/p><p>Der Nutzer ist verantwortlich f\u00fcr:<\/p><ul><li>Die Richtigkeit der Daten, die er \u00fcber das Portal bereitstellt<\/li><li>Die Nutzung der verf\u00fcgbaren Informationen und Dienste<\/li><\/ul><ul><li>Die Einhaltung dieser Nutzungsbedingungen<\/li><\/ul><ol start=\"6\"><li> <strong>Elektronischer Hauptsitz<\/strong><br>In \u00dcbereinstimmung mit den Bestimmungen des Gesetzes 39\/2015 vom 1. Oktober \u00fcber das gemeinsame Verwaltungsverfahren der \u00f6ffentlichen Verwaltungen ist das Rathaus von \u00c1guilas f\u00fcr die Integrit\u00e4t, Richtigkeit und Aktualisierung der Informationen und Dienste verantwortlich, auf die \u00fcber seinen elektronischen Hauptsitz zugegriffen werden kann (<a href=\"https:\/\/aguilas.sedelectronica.es\/info.0\">https:\/\/aguilas.sedelectronica.es\/info.0.<\/a>). <\/li><li> <strong>Transparenzportal<\/strong><br>Durch die im Transparenzportal ver\u00f6ffentlichten Informationen <a href=\"https:\/\/transparencia.ayuntamientodeaguilas.org\/\">https:\/\/transparencia.ayuntamientodeaguilas.org\/<\/a> erf\u00fcllt das Rathaus von \u00c1guilas regelm\u00e4\u00dfig und aktualisiert den Grundsatz der aktiven Werbung, der im Gesetz 19\/2013 vom 9. Dezember \u00fcber Transparenz, Zugang zu \u00f6ffentlichen Informationen und Good Governance festgelegt ist, mit den geeigneten Mechanismen, um die Zug\u00e4nglichkeit, Interoperabilit\u00e4t, Qualit\u00e4t und Wiederverwendung der Informationen sowie deren Identifizierung und Lokalisierung zu erleichtern. <\/li><li><strong> DATENSCHUTZ<\/strong><\/li><\/ol><p>Die Verarbeitung personenbezogener Daten erfolgt gem\u00e4\u00df den Bestimmungen der Datenschutzrichtlinie, die integraler Bestandteil dieses rechtlichen Hinweises ist.<\/p><ol start=\"7\"><li><strong> ANWENDBARES RECHT UND GERICHTSSTAND<\/strong><\/li><\/ol><p>Dieser rechtliche Hinweis unterliegt spanischem Recht.<\/p><ol start=\"8\"><li><strong> \u00c4NDERUNGEN<\/strong><\/li><\/ol><p>Das Rathaus von \u00c1guilas beh\u00e4lt sich das Recht vor, diesen rechtlichen Hinweis jederzeit zu \u00e4ndern. Die \u00c4nderungen werden im Portal ver\u00f6ffentlicht und treten zum Zeitpunkt ihrer Ver\u00f6ffentlichung in Kraft. <\/p><p><strong>Letzte Aktualisierung:<\/strong> 02. Dezember 2025<\/p>\t\t\t\t\t\t\t\t<\/div>\n\t\t\t\t<\/div>\n\t\t\t\t\t<\/div>\n\t\t\t\t<\/div>\n\t\t\t\t<\/div>\n\t\t","protected":false},"excerpt":{"rendered":"<p>.porto-u-7cde7bb859728a21207628191890e260.porto-u-heading{text-align:left} .page-top { background: none; border-bottom: none; } .page-top .page-title:not(.b-none):after { display: none; } Home IDENTIFIZIERUNGSDATEN https:\/\/www.aguilas.es\/ ist eine Internetdomain im Besitz des Rathauses von \u00c1guilas, CIF P3000300H, mit Sitz und Gesellschaftssitz in Plaza de Espa\u00f1a, 14, 30880 \u00c1guilas, und E-Mail turismo@aguilas.es NUTZUNGSBEDINGUNGEN 2.1. Gegenstand und Anwendungsbereich Dieser rechtliche Hinweis regelt die Nutzung der Website [&hellip;]<\/p>\n","protected":false},"author":1,"featured_media":8064,"parent":0,"menu_order":0,"comment_status":"closed","ping_status":"closed","template":"","meta":{"footnotes":""},"class_list":["post-7969","page","type-page","status-publish","has-post-thumbnail","hentry"],"yoast_head":"<!-- This site is optimized with the Yoast SEO plugin v26.6 - https:\/\/yoast.com\/wordpress\/plugins\/seo\/ -->\n<title>\u00c1guilas Turismo | Rechtlicher Hinweis<\/title>\n<meta name=\"robots\" content=\"index, follow, max-snippet:-1, max-image-preview:large, max-video-preview:-1\" \/>\n<link rel=\"canonical\" href=\"https:\/\/aguilas.es\/de\/rechtlicher-hinweis\/\" \/>\n<meta property=\"og:locale\" content=\"de_DE\" \/>\n<meta property=\"og:type\" content=\"article\" \/>\n<meta property=\"og:title\" content=\"\u00c1guilas Turismo | Rechtlicher Hinweis\" \/>\n<meta property=\"og:description\" content=\".porto-u-7cde7bb859728a21207628191890e260.porto-u-heading{text-align:left} .page-top { background: none; border-bottom: none; } .page-top .page-title:not(.b-none):after { display: none; } Home IDENTIFIZIERUNGSDATEN https:\/\/www.aguilas.es\/ ist eine Internetdomain im Besitz des Rathauses von \u00c1guilas, CIF P3000300H, mit Sitz und Gesellschaftssitz in Plaza de Espa\u00f1a, 14, 30880 \u00c1guilas, und E-Mail turismo@aguilas.es NUTZUNGSBEDINGUNGEN 2.1. Gegenstand und Anwendungsbereich Dieser rechtliche Hinweis regelt die Nutzung der Website [&hellip;]\" \/>\n<meta property=\"og:url\" content=\"https:\/\/aguilas.es\/de\/rechtlicher-hinweis\/\" \/>\n<meta property=\"og:site_name\" content=\"\u00c1guilas Turismo\" \/>\n<meta property=\"article:modified_time\" content=\"2025-12-30T13:11:41+00:00\" \/>\n<meta property=\"og:image\" content=\"https:\/\/aguilas.es\/wp-content\/uploads\/2025\/07\/alateasocialmedia_oficinaturismo-ciudad-000094-1.jpg\" \/>\n\t<meta property=\"og:image:width\" content=\"1920\" \/>\n\t<meta property=\"og:image:height\" content=\"1438\" \/>\n\t<meta property=\"og:image:type\" content=\"image\/jpeg\" \/>\n<meta name=\"twitter:card\" content=\"summary_large_image\" \/>\n<meta name=\"twitter:label1\" content=\"Gesch\u00e4tzte Lesezeit\" \/>\n\t<meta name=\"twitter:data1\" content=\"3\u00a0Minuten\" \/>\n<script type=\"application\/ld+json\" class=\"yoast-schema-graph\">{\"@context\":\"https:\/\/schema.org\",\"@graph\":[{\"@type\":\"WebPage\",\"@id\":\"https:\/\/aguilas.es\/de\/rechtlicher-hinweis\/\",\"url\":\"https:\/\/aguilas.es\/de\/rechtlicher-hinweis\/\",\"name\":\"\u00c1guilas Turismo | Rechtlicher Hinweis\",\"isPartOf\":{\"@id\":\"https:\/\/aguilas.es\/de\/#website\"},\"primaryImageOfPage\":{\"@id\":\"https:\/\/aguilas.es\/de\/rechtlicher-hinweis\/#primaryimage\"},\"image\":{\"@id\":\"https:\/\/aguilas.es\/de\/rechtlicher-hinweis\/#primaryimage\"},\"thumbnailUrl\":\"https:\/\/aguilas.es\/wp-content\/uploads\/2025\/07\/alateasocialmedia_oficinaturismo-ciudad-000094-1.jpg\",\"datePublished\":\"2025-06-11T12:33:30+00:00\",\"dateModified\":\"2025-12-30T13:11:41+00:00\",\"breadcrumb\":{\"@id\":\"https:\/\/aguilas.es\/de\/rechtlicher-hinweis\/#breadcrumb\"},\"inLanguage\":\"de\",\"potentialAction\":[{\"@type\":\"ReadAction\",\"target\":[\"https:\/\/aguilas.es\/de\/rechtlicher-hinweis\/\"]}]},{\"@type\":\"ImageObject\",\"inLanguage\":\"de\",\"@id\":\"https:\/\/aguilas.es\/de\/rechtlicher-hinweis\/#primaryimage\",\"url\":\"https:\/\/aguilas.es\/wp-content\/uploads\/2025\/07\/alateasocialmedia_oficinaturismo-ciudad-000094-1.jpg\",\"contentUrl\":\"https:\/\/aguilas.es\/wp-content\/uploads\/2025\/07\/alateasocialmedia_oficinaturismo-ciudad-000094-1.jpg\",\"width\":1920,\"height\":1438},{\"@type\":\"BreadcrumbList\",\"@id\":\"https:\/\/aguilas.es\/de\/rechtlicher-hinweis\/#breadcrumb\",\"itemListElement\":[{\"@type\":\"ListItem\",\"position\":1,\"name\":\"Portada\",\"item\":\"https:\/\/aguilas.es\/de\/startseite\/\"},{\"@type\":\"ListItem\",\"position\":2,\"name\":\"Rechtlicher Hinweis\"}]},{\"@type\":\"WebSite\",\"@id\":\"https:\/\/aguilas.es\/de\/#website\",\"url\":\"https:\/\/aguilas.es\/de\/\",\"name\":\"\u00c1guilas Turismo\",\"description\":\"\",\"publisher\":{\"@id\":\"https:\/\/aguilas.es\/de\/#organization\"},\"potentialAction\":[{\"@type\":\"SearchAction\",\"target\":{\"@type\":\"EntryPoint\",\"urlTemplate\":\"https:\/\/aguilas.es\/de\/?s={search_term_string}\"},\"query-input\":{\"@type\":\"PropertyValueSpecification\",\"valueRequired\":true,\"valueName\":\"search_term_string\"}}],\"inLanguage\":\"de\"},{\"@type\":\"Organization\",\"@id\":\"https:\/\/aguilas.es\/de\/#organization\",\"name\":\"\u00c1guilas Turismo\",\"url\":\"https:\/\/aguilas.es\/de\/\",\"logo\":{\"@type\":\"ImageObject\",\"inLanguage\":\"de\",\"@id\":\"https:\/\/aguilas.es\/de\/#\/schema\/logo\/image\/\",\"url\":\"https:\/\/aguilas.es\/wp-content\/uploads\/2025\/04\/Logo-Aguilas-turismo.png\",\"contentUrl\":\"https:\/\/aguilas.es\/wp-content\/uploads\/2025\/04\/Logo-Aguilas-turismo.png\",\"width\":575,\"height\":229,\"caption\":\"\u00c1guilas Turismo\"},\"image\":{\"@id\":\"https:\/\/aguilas.es\/de\/#\/schema\/logo\/image\/\"}}]}<\/script>\n<!-- \/ Yoast SEO plugin. -->","yoast_head_json":{"title":"\u00c1guilas Turismo | Rechtlicher Hinweis","robots":{"index":"index","follow":"follow","max-snippet":"max-snippet:-1","max-image-preview":"max-image-preview:large","max-video-preview":"max-video-preview:-1"},"canonical":"https:\/\/aguilas.es\/de\/rechtlicher-hinweis\/","og_locale":"de_DE","og_type":"article","og_title":"\u00c1guilas Turismo | Rechtlicher Hinweis","og_description":".porto-u-7cde7bb859728a21207628191890e260.porto-u-heading{text-align:left} .page-top { background: none; border-bottom: none; } .page-top .page-title:not(.b-none):after { display: none; } Home IDENTIFIZIERUNGSDATEN https:\/\/www.aguilas.es\/ ist eine Internetdomain im Besitz des Rathauses von \u00c1guilas, CIF P3000300H, mit Sitz und Gesellschaftssitz in Plaza de Espa\u00f1a, 14, 30880 \u00c1guilas, und E-Mail turismo@aguilas.es NUTZUNGSBEDINGUNGEN 2.1. Gegenstand und Anwendungsbereich Dieser rechtliche Hinweis regelt die Nutzung der Website [&hellip;]","og_url":"https:\/\/aguilas.es\/de\/rechtlicher-hinweis\/","og_site_name":"\u00c1guilas Turismo","article_modified_time":"2025-12-30T13:11:41+00:00","og_image":[{"width":1920,"height":1438,"url":"https:\/\/aguilas.es\/wp-content\/uploads\/2025\/07\/alateasocialmedia_oficinaturismo-ciudad-000094-1.jpg","type":"image\/jpeg"}],"twitter_card":"summary_large_image","twitter_misc":{"Gesch\u00e4tzte Lesezeit":"3\u00a0Minuten"},"schema":{"@context":"https:\/\/schema.org","@graph":[{"@type":"WebPage","@id":"https:\/\/aguilas.es\/de\/rechtlicher-hinweis\/","url":"https:\/\/aguilas.es\/de\/rechtlicher-hinweis\/","name":"\u00c1guilas Turismo | Rechtlicher Hinweis","isPartOf":{"@id":"https:\/\/aguilas.es\/de\/#website"},"primaryImageOfPage":{"@id":"https:\/\/aguilas.es\/de\/rechtlicher-hinweis\/#primaryimage"},"image":{"@id":"https:\/\/aguilas.es\/de\/rechtlicher-hinweis\/#primaryimage"},"thumbnailUrl":"https:\/\/aguilas.es\/wp-content\/uploads\/2025\/07\/alateasocialmedia_oficinaturismo-ciudad-000094-1.jpg","datePublished":"2025-06-11T12:33:30+00:00","dateModified":"2025-12-30T13:11:41+00:00","breadcrumb":{"@id":"https:\/\/aguilas.es\/de\/rechtlicher-hinweis\/#breadcrumb"},"inLanguage":"de","potentialAction":[{"@type":"ReadAction","target":["https:\/\/aguilas.es\/de\/rechtlicher-hinweis\/"]}]},{"@type":"ImageObject","inLanguage":"de","@id":"https:\/\/aguilas.es\/de\/rechtlicher-hinweis\/#primaryimage","url":"https:\/\/aguilas.es\/wp-content\/uploads\/2025\/07\/alateasocialmedia_oficinaturismo-ciudad-000094-1.jpg","contentUrl":"https:\/\/aguilas.es\/wp-content\/uploads\/2025\/07\/alateasocialmedia_oficinaturismo-ciudad-000094-1.jpg","width":1920,"height":1438},{"@type":"BreadcrumbList","@id":"https:\/\/aguilas.es\/de\/rechtlicher-hinweis\/#breadcrumb","itemListElement":[{"@type":"ListItem","position":1,"name":"Portada","item":"https:\/\/aguilas.es\/de\/startseite\/"},{"@type":"ListItem","position":2,"name":"Rechtlicher Hinweis"}]},{"@type":"WebSite","@id":"https:\/\/aguilas.es\/de\/#website","url":"https:\/\/aguilas.es\/de\/","name":"\u00c1guilas Turismo","description":"","publisher":{"@id":"https:\/\/aguilas.es\/de\/#organization"},"potentialAction":[{"@type":"SearchAction","target":{"@type":"EntryPoint","urlTemplate":"https:\/\/aguilas.es\/de\/?s={search_term_string}"},"query-input":{"@type":"PropertyValueSpecification","valueRequired":true,"valueName":"search_term_string"}}],"inLanguage":"de"},{"@type":"Organization","@id":"https:\/\/aguilas.es\/de\/#organization","name":"\u00c1guilas Turismo","url":"https:\/\/aguilas.es\/de\/","logo":{"@type":"ImageObject","inLanguage":"de","@id":"https:\/\/aguilas.es\/de\/#\/schema\/logo\/image\/","url":"https:\/\/aguilas.es\/wp-content\/uploads\/2025\/04\/Logo-Aguilas-turismo.png","contentUrl":"https:\/\/aguilas.es\/wp-content\/uploads\/2025\/04\/Logo-Aguilas-turismo.png","width":575,"height":229,"caption":"\u00c1guilas Turismo"},"image":{"@id":"https:\/\/aguilas.es\/de\/#\/schema\/logo\/image\/"}}]}},"_links":{"self":[{"href":"https:\/\/aguilas.es\/de\/wp-json\/wp\/v2\/pages\/7969","targetHints":{"allow":["GET"]}}],"collection":[{"href":"https:\/\/aguilas.es\/de\/wp-json\/wp\/v2\/pages"}],"about":[{"href":"https:\/\/aguilas.es\/de\/wp-json\/wp\/v2\/types\/page"}],"author":[{"embeddable":true,"href":"https:\/\/aguilas.es\/de\/wp-json\/wp\/v2\/users\/1"}],"replies":[{"embeddable":true,"href":"https:\/\/aguilas.es\/de\/wp-json\/wp\/v2\/comments?post=7969"}],"version-history":[{"count":2,"href":"https:\/\/aguilas.es\/de\/wp-json\/wp\/v2\/pages\/7969\/revisions"}],"predecessor-version":[{"id":8101,"href":"https:\/\/aguilas.es\/de\/wp-json\/wp\/v2\/pages\/7969\/revisions\/8101"}],"wp:featuredmedia":[{"embeddable":true,"href":"https:\/\/aguilas.es\/de\/wp-json\/wp\/v2\/media\/8064"}],"wp:attachment":[{"href":"https:\/\/aguilas.es\/de\/wp-json\/wp\/v2\/media?parent=7969"}],"curies":[{"name":"wp","href":"https:\/\/api.w.org\/{rel}","templated":true}]}}