{"id":8106,"date":"2025-04-03T16:25:35","date_gmt":"2025-04-03T14:25:35","guid":{"rendered":"https:\/\/aguilas.es\/wandern-und-orientierungslauf\/"},"modified":"2026-03-25T12:37:52","modified_gmt":"2026-03-25T11:37:52","slug":"wandern-und-orientierungslauf","status":"publish","type":"page","link":"https:\/\/aguilas.es\/de\/erlebnisse-in-aguilas\/aguilas-entdecken\/wandern-und-orientierungslauf\/","title":{"rendered":"Wandern und Orientierungslauf"},"content":{"rendered":"\t\t<div data-elementor-type=\"wp-page\" data-elementor-id=\"8106\" class=\"elementor elementor-8106 elementor-3591\">\n\t\t\t\t<div class=\"porto_stretch_css stretch_row_css elementor-element elementor-element-dbf977a e-flex e-con-boxed e-con e-parent\" data-id=\"dbf977a\" data-element_type=\"container\" data-settings=\"{&quot;background_background&quot;:&quot;classic&quot;}\">\r\n\t\t\t\t\t<div class=\"e-con-inner\">\r\n\t\t<div class=\"elementor-element elementor-element-c6e77b8 e-con-full e-flex e-con e-child\" data-id=\"c6e77b8\" data-element_type=\"container\">\r\n\t\t\t\t<div class=\"elementor-element elementor-element-b5bded5 elementor-widget elementor-widget-porto_ultimate_heading\" data-id=\"b5bded5\" data-element_type=\"widget\" data-widget_type=\"porto_ultimate_heading.default\">\n\t\t\t\t<div class=\"elementor-widget-container\">\n\t\t\t\t\t<div class=\"porto-u-heading  porto-u-ad87e2eaf3f9c495180fe0156ddf3eb0\"><div class=\"porto-u-sub-heading\" style=\"\"><p>Genie\u00dfen Sie ein wahres Naturparadies<\/p><\/div><style>.porto-u-ad87e2eaf3f9c495180fe0156ddf3eb0.porto-u-heading{text-align:left}<\/style><\/div>\t\t\t\t<\/div>\n\t\t\t\t<\/div>\n\t\t\t\t<div class=\"elementor-element elementor-element-7f6eb81 elementor-widget elementor-widget-porto_page_header\" data-id=\"7f6eb81\" data-element_type=\"widget\" data-widget_type=\"porto_page_header.default\">\n\t\t\t\t<div class=\"elementor-widget-container\">\n\t\t\t\t\t<div class=\"page-top page-header-6\"><style>.page-top { background: none; border-bottom: none; } .page-top .page-title:not(.b-none):after { display: none; }<\/style><div class=\"container hide-title\">\r\n\t<div class=\"row\">\r\n\t\t<div class=\"col-lg-12 clearfix\">\r\n\t\t\t<div class=\"pt-right d-none\">\r\n\t\t\t\t\t\t\t\t<h1 class=\"page-title\"><\/h1>\r\n\t\t\t\t\t\t\t<\/div>\r\n\t\t\t\t\t\t\t<div class=\"breadcrumbs-wrap pt-left\">\r\n\t\t\t\t\t<ul class=\"breadcrumb\" itemscope itemtype=\"https:\/\/schema.org\/BreadcrumbList\"><li class=\"home\" itemprop=\"itemListElement\" itemscope itemtype=\"https:\/\/schema.org\/ListItem\"><a itemprop=\"item\" href=\"https:\/\/aguilas.es\/de\/\" title=\"Go to Home Page\"><span itemprop=\"name\">Home<\/span><\/a><meta itemprop=\"position\" content=\"1\" \/><i class=\"delimiter delimiter-2\"><\/i><\/li><\/ul>\t\t\t\t<\/div>\r\n\t\t\t\t\t\t\t\t<\/div>\r\n\t<\/div>\r\n<\/div>\r\n<\/div>\t\t\t\t<\/div>\n\t\t\t\t<\/div>\n\t\t\t\t<\/div>\n\t\t\t\t\t<\/div>\n\t\t\t\t<\/div>\n\t\t<div class=\"elementor-element elementor-element-fbb8906 e-flex e-con-boxed e-con e-parent\" data-id=\"fbb8906\" data-element_type=\"container\">\r\n\t\t\t\t\t<div class=\"e-con-inner\">\r\n\t\t\t\t<div class=\"elementor-element elementor-element-a07ed19 elementor-widget elementor-widget-text-editor\" data-id=\"a07ed19\" data-element_type=\"widget\" data-widget_type=\"text-editor.default\">\n\t\t\t\t<div class=\"elementor-widget-container\">\n\t\t\t\t\t\t\t\t\t<p>\u00c1guilas hat etwas f\u00fcr Sie. Begleiten Sie uns, w\u00e4hrend wir die Natursch\u00e4tze von \u00c1guilas erkunden und entdecken Sie, warum wir eines der beliebtesten Wander- und Orientierungslaufziele in Murcia sind. <\/p>\t\t\t\t\t\t\t\t<\/div>\n\t\t\t\t<\/div>\n\t\t\t\t\t<\/div>\n\t\t\t\t<\/div>\n\t\t<div class=\"elementor-element elementor-element-7144583 e-flex e-con-boxed e-con e-parent\" data-id=\"7144583\" data-element_type=\"container\">\r\n\t\t\t\t\t<div class=\"e-con-inner\">\r\n\t\t\t\t<div class=\"elementor-element elementor-element-5c952dc elemento-titulo-con-subtitulo elementor-widget elementor-widget-porto_ultimate_heading\" data-id=\"5c952dc\" data-element_type=\"widget\" data-widget_type=\"porto_ultimate_heading.default\">\n\t\t\t\t<div class=\"elementor-widget-container\">\n\t\t\t\t\t<div class=\"porto-u-heading  porto-u-55ca8359258f9a412be7e73af65d2aac\"><div class=\"porto-u-main-heading\"><h2   >Naturrouten<\/h2><\/div><div class=\"porto-u-sub-heading\" style=\"\"><p>Wandern und Orientierungslauf f\u00fcr Abenteuerlustige<\/p><\/div><style>.porto-u-55ca8359258f9a412be7e73af65d2aac.porto-u-heading{text-align:center}<\/style><\/div>\t\t\t\t<\/div>\n\t\t\t\t<\/div>\n\t\t\t\t<div class=\"elementor-element elementor-element-cf5413c elementor-widget elementor-widget-shortcode\" data-id=\"cf5413c\" data-element_type=\"widget\" data-widget_type=\"shortcode.default\">\n\t\t\t\t<div class=\"elementor-widget-container\">\n\t\t\t\t\t\t\t<div class=\"elementor-shortcode\">    <div class=\"aguilas-shortcode-loader\" id=\"aguilas-lista-web-69f73ea448724\"\r\n        data-tipo=\"lista-web\"  data-id-lista=\"23\"  data-items=\"6\"  data-filtros=\"0\" >\r\n        <div class=\"aguilas-loader\">\r\n            <div class=\"aguilas-spinner\"><\/div>\r\n            <p>Laden...<\/p>\r\n        <\/div>\r\n    <\/div>\r\n    <\/div>\n\t\t\t\t\t\t<\/div>\n\t\t\t\t<\/div>\n\t\t\t\t\t<\/div>\n\t\t\t\t<\/div>\n\t\t<div class=\"elementor-element elementor-element-9759299 e-flex e-con-boxed e-con e-parent\" data-id=\"9759299\" data-element_type=\"container\">\r\n\t\t\t\t\t<div class=\"e-con-inner\">\r\n\t\t\t\t<div class=\"elementor-element elementor-element-d76aa3a elemento-titulo-con-subtitulo elementor-widget elementor-widget-porto_ultimate_heading\" data-id=\"d76aa3a\" data-element_type=\"widget\" data-widget_type=\"porto_ultimate_heading.default\">\n\t\t\t\t<div class=\"elementor-widget-container\">\n\t\t\t\t\t<div class=\"porto-u-heading  porto-u-55ca8359258f9a412be7e73af65d2aac\"><div class=\"porto-u-main-heading\"><h2   >Karte<\/h2><\/div><div class=\"porto-u-sub-heading\" style=\"\"><p>Suchen Sie Ihre bevorzugte Wanderroute<\/p><\/div><style>.porto-u-55ca8359258f9a412be7e73af65d2aac.porto-u-heading{text-align:center}<\/style><\/div>\t\t\t\t<\/div>\n\t\t\t\t<\/div>\n\t\t\t\t<div class=\"elementor-element elementor-element-cabee51 elementor-widget elementor-widget-shortcode\" data-id=\"cabee51\" data-element_type=\"widget\" data-widget_type=\"shortcode.default\">\n\t\t\t\t<div class=\"elementor-widget-container\">\n\t\t\t\t\t\t\t<div class=\"elementor-shortcode\">    <div class=\"aguilas-shortcode-loader\" id=\"aguilas-lista-web-69f73ea448ba2\"\r\n        data-tipo=\"lista-web\"  data-id-lista=\"20\"  data-items=\"6\"  data-filtros=\"0\" >\r\n        <div class=\"aguilas-loader\">\r\n            <div class=\"aguilas-spinner\"><\/div>\r\n            <p>Laden...<\/p>\r\n        <\/div>\r\n    <\/div>\r\n    <\/div>\n\t\t\t\t\t\t<\/div>\n\t\t\t\t<\/div>\n\t\t\t\t\t<\/div>\n\t\t\t\t<\/div>\n\t\t<div class=\"elementor-element elementor-element-78dbd5f e-flex e-con-boxed e-con e-parent\" data-id=\"78dbd5f\" data-element_type=\"container\">\r\n\t\t\t\t\t<div class=\"e-con-inner\">\r\n\t\t\t\t<div class=\"elementor-element elementor-element-1575fbf elemento-titulo-con-subtitulo elementor-widget elementor-widget-porto_ultimate_heading\" data-id=\"1575fbf\" data-element_type=\"widget\" data-widget_type=\"porto_ultimate_heading.default\">\n\t\t\t\t<div class=\"elementor-widget-container\">\n\t\t\t\t\t<div class=\"porto-u-heading  porto-u-55ca8359258f9a412be7e73af65d2aac\"><div class=\"porto-u-main-heading\"><h2   >Downloads<\/h2><\/div><style>.porto-u-55ca8359258f9a412be7e73af65d2aac.porto-u-heading{text-align:center}<\/style><\/div>\t\t\t\t<\/div>\n\t\t\t\t<\/div>\n\t\t\t\t<div class=\"elementor-element elementor-element-75d3d63 elementor-widget elementor-widget-shortcode\" data-id=\"75d3d63\" data-element_type=\"widget\" data-widget_type=\"shortcode.default\">\n\t\t\t\t<div class=\"elementor-widget-container\">\n\t\t\t\t\t\t\t<div class=\"elementor-shortcode\">    <div class=\"aguilas-shortcode-loader\" id=\"aguilas-lista-web-69f73ea449079\"\r\n        data-tipo=\"lista-web\"  data-id-lista=\"22\"  data-items=\"6\"  data-filtros=\"0\" >\r\n        <div class=\"aguilas-loader\">\r\n            <div class=\"aguilas-spinner\"><\/div>\r\n            <p>Laden...<\/p>\r\n        <\/div>\r\n    <\/div>\r\n    <\/div>\n\t\t\t\t\t\t<\/div>\n\t\t\t\t<\/div>\n\t\t\t\t\t<\/div>\n\t\t\t\t<\/div>\n\t\t<div class=\"elementor-element elementor-element-115570e e-flex e-con-boxed e-con e-parent\" data-id=\"115570e\" data-element_type=\"container\" data-settings=\"{&quot;background_background&quot;:&quot;gradient&quot;}\">\r\n\t\t\t\t\t<div class=\"e-con-inner\">\r\n\t\t<div class=\"elementor-element elementor-element-77eae29 e-con-full e-flex e-con e-child\" data-id=\"77eae29\" data-element_type=\"container\" data-settings=\"{&quot;background_background&quot;:&quot;gradient&quot;}\">\r\n\t\t<div class=\"elementor-element elementor-element-e9ed685 e-con-full e-flex e-con e-child\" data-id=\"e9ed685\" data-element_type=\"container\">\r\n\t\t\t\t<div class=\"elementor-element elementor-element-9fed2aa elementor-widget elementor-widget-heading\" data-id=\"9fed2aa\" data-element_type=\"widget\" data-widget_type=\"heading.default\">\n\t\t\t\t<div class=\"elementor-widget-container\">\n\t\t\t\t\t<h4 class=\"elementor-heading-title elementor-size-default\">Lade dir deine App f\u00fcr Routen und Naturpfade in \u00c1guilas herunter.<\/h4>\t\t\t\t<\/div>\n\t\t\t\t<\/div>\n\t\t\t\t<div class=\"elementor-element elementor-element-c4ed99e elementor-position-inline-start elementor-widget__width-auto wp-app-info google-play ml-sm-auto ml-md-0 elementor-view-default elementor-mobile-position-block-start elementor-invisible elementor-widget elementor-widget-icon-box\" data-id=\"c4ed99e\" data-element_type=\"widget\" data-settings=\"{&quot;_animation&quot;:&quot;fadeInUp&quot;,&quot;_animation_delay&quot;:800}\" data-widget_type=\"icon-box.default\">\n\t\t\t\t<div class=\"elementor-widget-container\">\n\t\t\t\t\t\t\t<div class=\"elementor-icon-box-wrapper\">\n\n\t\t\t\t\t\t<div class=\"elementor-icon-box-icon\">\n\t\t\t\t<a href=\"https:\/\/play.google.com\/store\/apps\/details?id=com.viajaydescubre.guias.rutasysenderosdeaguilas\" target=\"_blank\" class=\"elementor-icon\" tabindex=\"-1\" aria-label=\"Herunterladen im\">\n\t\t\t\t<svg xmlns=\"http:\/\/www.w3.org\/2000\/svg\" viewBox=\"0 0 40 40\" id=\"icon_71638466327678\" data-filename=\"icon-google-play.svg\" height=\"34\"><title><\/title><g data-name=\"Google Play\" id=\"Google_Play\"><path d=\"M10.09,8a1.94,1.94,0,0,1,1.28.28l13,7.39L21.08,19Zm-1,1A2.31,2.31,0,0,0,9,9.67V30.33a2.31,2.31,0,0,0,.09.67l11-11Zm12,12-11,11a1.88,1.88,0,0,0,1.28-.28l13-7.39Zm8.52-2.34-3.94-2.24L22.07,20l3.59,3.59,3.94-2.24C30.9,20.61,30.9,19.39,29.6,18.65Z\"><\/path><\/g><\/svg>\t\t\t\t<\/a>\n\t\t\t<\/div>\n\t\t\t\n\t\t\t\t\t\t<div class=\"elementor-icon-box-content\">\n\n\t\t\t\t\t\t\t\t\t<h5 class=\"elementor-icon-box-title\">\n\t\t\t\t\t\t<a href=\"https:\/\/play.google.com\/store\/apps\/details?id=com.viajaydescubre.guias.rutasysenderosdeaguilas\" target=\"_blank\" >\n\t\t\t\t\t\t\tHerunterladen im\t\t\t\t\t\t<\/a>\n\t\t\t\t\t<\/h5>\n\t\t\t\t\n\t\t\t\t\t\t\t\t\t<p class=\"elementor-icon-box-description\">\n\t\t\t\t\t\tGoogle Play\t\t\t\t\t<\/p>\n\t\t\t\t\n\t\t\t<\/div>\n\t\t\t\n\t\t<\/div>\n\t\t\t\t\t\t<\/div>\n\t\t\t\t<\/div>\n\t\t\t\t<div class=\"elementor-element elementor-element-4806658 elementor-position-inline-start elementor-widget__width-auto wp-app-info apple-store mr-sm-auto mr-md-0 elementor-view-default elementor-mobile-position-block-start elementor-invisible elementor-widget elementor-widget-icon-box\" data-id=\"4806658\" data-element_type=\"widget\" data-settings=\"{&quot;_animation&quot;:&quot;fadeInUp&quot;,&quot;_animation_delay&quot;:800}\" data-widget_type=\"icon-box.default\">\n\t\t\t\t<div class=\"elementor-widget-container\">\n\t\t\t\t\t\t\t<div class=\"elementor-icon-box-wrapper\">\n\n\t\t\t\t\t\t<div class=\"elementor-icon-box-icon\">\n\t\t\t\t<a href=\"https:\/\/apps.apple.com\/es\/app\/rutas-%C3%A1guilas\/id6756778811\" target=\"_blank\" class=\"elementor-icon\" tabindex=\"-1\" aria-label=\"Herunterladen im\">\n\t\t\t\t<svg xmlns=\"http:\/\/www.w3.org\/2000\/svg\" xmlns:xlink=\"http:\/\/www.w3.org\/1999\/xlink\" height=\"34\" id=\"icon_231638466327680\" viewBox=\"0 0 24 24\" width=\"24px\" xml:space=\"preserve\" data-filename=\"icon-apple.svg\"><g><path d=\"M20.7,16.8c-0.3-0.1-2.5-1.1-2.5-3.9c0-2.2,1.5-3.3,2.1-3.7c0.1-0.1,0.2-0.2,0.2-0.3c0-0.1,0-0.3-0.1-0.4   c-1.4-2.1-3.6-2.3-4.2-2.3c-1.1-0.1-2.2,0.3-3,0.6c-0.4,0.2-0.8,0.3-1.1,0.3c-0.3,0-0.7-0.2-1.1-0.3c-0.7-0.3-1.5-0.6-2.4-0.6   c0,0,0,0,0,0c-1.9,0-3.8,1.2-4.8,2.9C2,12.6,3.2,17.6,5.2,20.6c0.8,1.2,2,2.9,3.7,2.9c0,0,0.1,0,0.1,0c0.7,0,1.2-0.2,1.7-0.5   c0.5-0.2,1-0.4,1.7-0.4c0.7,0,1.2,0.2,1.6,0.4c0.5,0.2,1,0.4,1.8,0.4c0,0,0,0,0,0c1.7,0,2.8-1.6,3.6-2.9c0.9-1.3,1.4-2.7,1.5-3.2   C21.1,17.2,21,16.9,20.7,16.8z\"><\/path><path d=\"M14.9,3.3C15.6,2.5,16,1.5,16,0.5c-0.9,0.2-1.9,0.8-2.5,1.5c-0.5,0.6-1.1,1.7-1.1,2.8C13.3,4.7,14.3,4.1,14.9,3.3z\"><\/path><\/g><\/svg>\t\t\t\t<\/a>\n\t\t\t<\/div>\n\t\t\t\n\t\t\t\t\t\t<div class=\"elementor-icon-box-content\">\n\n\t\t\t\t\t\t\t\t\t<h5 class=\"elementor-icon-box-title\">\n\t\t\t\t\t\t<a href=\"https:\/\/apps.apple.com\/es\/app\/rutas-%C3%A1guilas\/id6756778811\" target=\"_blank\" >\n\t\t\t\t\t\t\tHerunterladen im\t\t\t\t\t\t<\/a>\n\t\t\t\t\t<\/h5>\n\t\t\t\t\n\t\t\t\t\t\t\t\t\t<p class=\"elementor-icon-box-description\">\n\t\t\t\t\t\tApple Store\t\t\t\t\t<\/p>\n\t\t\t\t\n\t\t\t<\/div>\n\t\t\t\n\t\t<\/div>\n\t\t\t\t\t\t<\/div>\n\t\t\t\t<\/div>\n\t\t\t\t<\/div>\n\t\t\t\t<\/div>\n\t\t\t\t\t<\/div>\n\t\t\t\t<\/div>\n\t\t\t\t<\/div>\n\t\t","protected":false},"excerpt":{"rendered":"<p>Genie\u00dfen Sie ein wahres Naturparadies Home \u00c1guilas hat etwas f\u00fcr Sie. Begleiten Sie uns, w\u00e4hrend wir die Natursch\u00e4tze von \u00c1guilas erkunden und entdecken Sie, warum wir eines der beliebtesten Wander- und Orientierungslaufziele in Murcia sind. Naturrouten Wandern und Orientierungslauf f\u00fcr Abenteuerlustige Karte Suchen Sie Ihre bevorzugte Wanderroute Downloads Lade dir deine App f\u00fcr Routen und [&hellip;]<\/p>\n","protected":false},"author":1,"featured_media":8107,"parent":8987,"menu_order":0,"comment_status":"closed","ping_status":"closed","template":"","meta":{"footnotes":""},"class_list":["post-8106","page","type-page","status-publish","has-post-thumbnail","hentry"],"yoast_head":"<!-- This site is optimized with the Yoast SEO plugin v26.6 - https:\/\/yoast.com\/wordpress\/plugins\/seo\/ -->\n<title>\u00c1guilas Turismo | Wandern und Orientierungslauf<\/title>\n<meta name=\"description\" content=\"Erlebe die besten Naturwanderwege in \u00c1guilas f\u00fcr wahre Abenteuerliebhaber.\" \/>\n<meta name=\"robots\" content=\"index, follow, max-snippet:-1, max-image-preview:large, max-video-preview:-1\" \/>\n<link rel=\"canonical\" href=\"https:\/\/aguilas.es\/de\/erlebnisse-in-aguilas\/aguilas-entdecken\/wandern-und-orientierungslauf\/\" \/>\n<meta property=\"og:locale\" content=\"de_DE\" \/>\n<meta property=\"og:type\" content=\"article\" \/>\n<meta property=\"og:title\" content=\"\u00c1guilas Turismo | Wandern und Orientierungslauf\" \/>\n<meta property=\"og:description\" content=\"Erlebe die besten Naturwanderwege in \u00c1guilas f\u00fcr wahre Abenteuerliebhaber.\" \/>\n<meta property=\"og:url\" content=\"https:\/\/aguilas.es\/de\/erlebnisse-in-aguilas\/aguilas-entdecken\/wandern-und-orientierungslauf\/\" \/>\n<meta property=\"og:site_name\" content=\"\u00c1guilas Turismo\" \/>\n<meta property=\"article:modified_time\" content=\"2026-03-25T11:37:52+00:00\" \/>\n<meta property=\"og:image\" content=\"https:\/\/aguilas.es\/wp-content\/uploads\/2025\/07\/fmgarcia_aguilas-turismo-2019-ENVIADAS_000056.jpg\" \/>\n\t<meta property=\"og:image:width\" content=\"1024\" \/>\n\t<meta property=\"og:image:height\" content=\"768\" \/>\n\t<meta property=\"og:image:type\" content=\"image\/jpeg\" \/>\n<meta name=\"twitter:card\" content=\"summary_large_image\" \/>\n<script type=\"application\/ld+json\" class=\"yoast-schema-graph\">{\"@context\":\"https:\/\/schema.org\",\"@graph\":[{\"@type\":\"WebPage\",\"@id\":\"https:\/\/aguilas.es\/de\/erlebnisse-in-aguilas\/aguilas-entdecken\/wandern-und-orientierungslauf\/\",\"url\":\"https:\/\/aguilas.es\/de\/erlebnisse-in-aguilas\/aguilas-entdecken\/wandern-und-orientierungslauf\/\",\"name\":\"\u00c1guilas Turismo | Wandern und Orientierungslauf\",\"isPartOf\":{\"@id\":\"https:\/\/aguilas.es\/de\/#website\"},\"primaryImageOfPage\":{\"@id\":\"https:\/\/aguilas.es\/de\/erlebnisse-in-aguilas\/aguilas-entdecken\/wandern-und-orientierungslauf\/#primaryimage\"},\"image\":{\"@id\":\"https:\/\/aguilas.es\/de\/erlebnisse-in-aguilas\/aguilas-entdecken\/wandern-und-orientierungslauf\/#primaryimage\"},\"thumbnailUrl\":\"https:\/\/aguilas.es\/wp-content\/uploads\/2025\/07\/fmgarcia_aguilas-turismo-2019-ENVIADAS_000056.jpg\",\"datePublished\":\"2025-04-03T14:25:35+00:00\",\"dateModified\":\"2026-03-25T11:37:52+00:00\",\"description\":\"Erlebe die besten Naturwanderwege in \u00c1guilas f\u00fcr wahre Abenteuerliebhaber.\",\"breadcrumb\":{\"@id\":\"https:\/\/aguilas.es\/de\/erlebnisse-in-aguilas\/aguilas-entdecken\/wandern-und-orientierungslauf\/#breadcrumb\"},\"inLanguage\":\"de\",\"potentialAction\":[{\"@type\":\"ReadAction\",\"target\":[\"https:\/\/aguilas.es\/de\/erlebnisse-in-aguilas\/aguilas-entdecken\/wandern-und-orientierungslauf\/\"]}]},{\"@type\":\"ImageObject\",\"inLanguage\":\"de\",\"@id\":\"https:\/\/aguilas.es\/de\/erlebnisse-in-aguilas\/aguilas-entdecken\/wandern-und-orientierungslauf\/#primaryimage\",\"url\":\"https:\/\/aguilas.es\/wp-content\/uploads\/2025\/07\/fmgarcia_aguilas-turismo-2019-ENVIADAS_000056.jpg\",\"contentUrl\":\"https:\/\/aguilas.es\/wp-content\/uploads\/2025\/07\/fmgarcia_aguilas-turismo-2019-ENVIADAS_000056.jpg\",\"width\":10368,\"height\":7776},{\"@type\":\"BreadcrumbList\",\"@id\":\"https:\/\/aguilas.es\/de\/erlebnisse-in-aguilas\/aguilas-entdecken\/wandern-und-orientierungslauf\/#breadcrumb\",\"itemListElement\":[{\"@type\":\"ListItem\",\"position\":1,\"name\":\"Portada\",\"item\":\"https:\/\/aguilas.es\/de\/startseite\/\"},{\"@type\":\"ListItem\",\"position\":2,\"name\":\"Erlebnisse in \u00c1guilas\",\"item\":\"https:\/\/aguilas.es\/de\/erlebnisse-in-aguilas\/\"},{\"@type\":\"ListItem\",\"position\":3,\"name\":\"\u00c1guilas entdecken\",\"item\":\"https:\/\/aguilas.es\/de\/erlebnisse-in-aguilas\/aguilas-entdecken\/\"},{\"@type\":\"ListItem\",\"position\":4,\"name\":\"Wandern und Orientierungslauf\"}]},{\"@type\":\"WebSite\",\"@id\":\"https:\/\/aguilas.es\/de\/#website\",\"url\":\"https:\/\/aguilas.es\/de\/\",\"name\":\"\u00c1guilas Turismo\",\"description\":\"\",\"publisher\":{\"@id\":\"https:\/\/aguilas.es\/de\/#organization\"},\"potentialAction\":[{\"@type\":\"SearchAction\",\"target\":{\"@type\":\"EntryPoint\",\"urlTemplate\":\"https:\/\/aguilas.es\/de\/?s={search_term_string}\"},\"query-input\":{\"@type\":\"PropertyValueSpecification\",\"valueRequired\":true,\"valueName\":\"search_term_string\"}}],\"inLanguage\":\"de\"},{\"@type\":\"Organization\",\"@id\":\"https:\/\/aguilas.es\/de\/#organization\",\"name\":\"\u00c1guilas Turismo\",\"url\":\"https:\/\/aguilas.es\/de\/\",\"logo\":{\"@type\":\"ImageObject\",\"inLanguage\":\"de\",\"@id\":\"https:\/\/aguilas.es\/de\/#\/schema\/logo\/image\/\",\"url\":\"https:\/\/aguilas.es\/wp-content\/uploads\/2025\/04\/Logo-Aguilas-turismo.png\",\"contentUrl\":\"https:\/\/aguilas.es\/wp-content\/uploads\/2025\/04\/Logo-Aguilas-turismo.png\",\"width\":575,\"height\":229,\"caption\":\"\u00c1guilas Turismo\"},\"image\":{\"@id\":\"https:\/\/aguilas.es\/de\/#\/schema\/logo\/image\/\"}}]}<\/script>\n<!-- \/ Yoast SEO plugin. -->","yoast_head_json":{"title":"\u00c1guilas Turismo | Wandern und Orientierungslauf","description":"Erlebe die besten Naturwanderwege in \u00c1guilas f\u00fcr wahre Abenteuerliebhaber.","robots":{"index":"index","follow":"follow","max-snippet":"max-snippet:-1","max-image-preview":"max-image-preview:large","max-video-preview":"max-video-preview:-1"},"canonical":"https:\/\/aguilas.es\/de\/erlebnisse-in-aguilas\/aguilas-entdecken\/wandern-und-orientierungslauf\/","og_locale":"de_DE","og_type":"article","og_title":"\u00c1guilas Turismo | Wandern und Orientierungslauf","og_description":"Erlebe die besten Naturwanderwege in \u00c1guilas f\u00fcr wahre Abenteuerliebhaber.","og_url":"https:\/\/aguilas.es\/de\/erlebnisse-in-aguilas\/aguilas-entdecken\/wandern-und-orientierungslauf\/","og_site_name":"\u00c1guilas Turismo","article_modified_time":"2026-03-25T11:37:52+00:00","og_image":[{"url":"https:\/\/aguilas.es\/wp-content\/uploads\/2025\/07\/fmgarcia_aguilas-turismo-2019-ENVIADAS_000056.jpg","width":1024,"height":768,"type":"image\/jpeg"}],"twitter_card":"summary_large_image","schema":{"@context":"https:\/\/schema.org","@graph":[{"@type":"WebPage","@id":"https:\/\/aguilas.es\/de\/erlebnisse-in-aguilas\/aguilas-entdecken\/wandern-und-orientierungslauf\/","url":"https:\/\/aguilas.es\/de\/erlebnisse-in-aguilas\/aguilas-entdecken\/wandern-und-orientierungslauf\/","name":"\u00c1guilas Turismo | Wandern und Orientierungslauf","isPartOf":{"@id":"https:\/\/aguilas.es\/de\/#website"},"primaryImageOfPage":{"@id":"https:\/\/aguilas.es\/de\/erlebnisse-in-aguilas\/aguilas-entdecken\/wandern-und-orientierungslauf\/#primaryimage"},"image":{"@id":"https:\/\/aguilas.es\/de\/erlebnisse-in-aguilas\/aguilas-entdecken\/wandern-und-orientierungslauf\/#primaryimage"},"thumbnailUrl":"https:\/\/aguilas.es\/wp-content\/uploads\/2025\/07\/fmgarcia_aguilas-turismo-2019-ENVIADAS_000056.jpg","datePublished":"2025-04-03T14:25:35+00:00","dateModified":"2026-03-25T11:37:52+00:00","description":"Erlebe die besten Naturwanderwege in \u00c1guilas f\u00fcr wahre Abenteuerliebhaber.","breadcrumb":{"@id":"https:\/\/aguilas.es\/de\/erlebnisse-in-aguilas\/aguilas-entdecken\/wandern-und-orientierungslauf\/#breadcrumb"},"inLanguage":"de","potentialAction":[{"@type":"ReadAction","target":["https:\/\/aguilas.es\/de\/erlebnisse-in-aguilas\/aguilas-entdecken\/wandern-und-orientierungslauf\/"]}]},{"@type":"ImageObject","inLanguage":"de","@id":"https:\/\/aguilas.es\/de\/erlebnisse-in-aguilas\/aguilas-entdecken\/wandern-und-orientierungslauf\/#primaryimage","url":"https:\/\/aguilas.es\/wp-content\/uploads\/2025\/07\/fmgarcia_aguilas-turismo-2019-ENVIADAS_000056.jpg","contentUrl":"https:\/\/aguilas.es\/wp-content\/uploads\/2025\/07\/fmgarcia_aguilas-turismo-2019-ENVIADAS_000056.jpg","width":10368,"height":7776},{"@type":"BreadcrumbList","@id":"https:\/\/aguilas.es\/de\/erlebnisse-in-aguilas\/aguilas-entdecken\/wandern-und-orientierungslauf\/#breadcrumb","itemListElement":[{"@type":"ListItem","position":1,"name":"Portada","item":"https:\/\/aguilas.es\/de\/startseite\/"},{"@type":"ListItem","position":2,"name":"Erlebnisse in \u00c1guilas","item":"https:\/\/aguilas.es\/de\/erlebnisse-in-aguilas\/"},{"@type":"ListItem","position":3,"name":"\u00c1guilas entdecken","item":"https:\/\/aguilas.es\/de\/erlebnisse-in-aguilas\/aguilas-entdecken\/"},{"@type":"ListItem","position":4,"name":"Wandern und Orientierungslauf"}]},{"@type":"WebSite","@id":"https:\/\/aguilas.es\/de\/#website","url":"https:\/\/aguilas.es\/de\/","name":"\u00c1guilas Turismo","description":"","publisher":{"@id":"https:\/\/aguilas.es\/de\/#organization"},"potentialAction":[{"@type":"SearchAction","target":{"@type":"EntryPoint","urlTemplate":"https:\/\/aguilas.es\/de\/?s={search_term_string}"},"query-input":{"@type":"PropertyValueSpecification","valueRequired":true,"valueName":"search_term_string"}}],"inLanguage":"de"},{"@type":"Organization","@id":"https:\/\/aguilas.es\/de\/#organization","name":"\u00c1guilas Turismo","url":"https:\/\/aguilas.es\/de\/","logo":{"@type":"ImageObject","inLanguage":"de","@id":"https:\/\/aguilas.es\/de\/#\/schema\/logo\/image\/","url":"https:\/\/aguilas.es\/wp-content\/uploads\/2025\/04\/Logo-Aguilas-turismo.png","contentUrl":"https:\/\/aguilas.es\/wp-content\/uploads\/2025\/04\/Logo-Aguilas-turismo.png","width":575,"height":229,"caption":"\u00c1guilas Turismo"},"image":{"@id":"https:\/\/aguilas.es\/de\/#\/schema\/logo\/image\/"}}]}},"_links":{"self":[{"href":"https:\/\/aguilas.es\/de\/wp-json\/wp\/v2\/pages\/8106","targetHints":{"allow":["GET"]}}],"collection":[{"href":"https:\/\/aguilas.es\/de\/wp-json\/wp\/v2\/pages"}],"about":[{"href":"https:\/\/aguilas.es\/de\/wp-json\/wp\/v2\/types\/page"}],"author":[{"embeddable":true,"href":"https:\/\/aguilas.es\/de\/wp-json\/wp\/v2\/users\/1"}],"replies":[{"embeddable":true,"href":"https:\/\/aguilas.es\/de\/wp-json\/wp\/v2\/comments?post=8106"}],"version-history":[{"count":7,"href":"https:\/\/aguilas.es\/de\/wp-json\/wp\/v2\/pages\/8106\/revisions"}],"predecessor-version":[{"id":10976,"href":"https:\/\/aguilas.es\/de\/wp-json\/wp\/v2\/pages\/8106\/revisions\/10976"}],"up":[{"embeddable":true,"href":"https:\/\/aguilas.es\/de\/wp-json\/wp\/v2\/pages\/8987"}],"wp:featuredmedia":[{"embeddable":true,"href":"https:\/\/aguilas.es\/de\/wp-json\/wp\/v2\/media\/8107"}],"wp:attachment":[{"href":"https:\/\/aguilas.es\/de\/wp-json\/wp\/v2\/media?parent=8106"}],"curies":[{"name":"wp","href":"https:\/\/api.w.org\/{rel}","templated":true}]}}