{"id":8141,"date":"2025-04-03T16:24:47","date_gmt":"2025-04-03T14:24:47","guid":{"rendered":"https:\/\/aguilas.es\/geschaeftstourismus\/"},"modified":"2026-02-23T13:42:41","modified_gmt":"2026-02-23T12:42:41","slug":"geschaeftstourismus","status":"publish","type":"page","link":"https:\/\/aguilas.es\/de\/erlebnisse-in-aguilas\/aguilas-entdecken\/geschaeftstourismus\/","title":{"rendered":"Gesch\u00e4ftstourismus"},"content":{"rendered":"\t\t<div data-elementor-type=\"wp-page\" data-elementor-id=\"8141\" class=\"elementor elementor-8141 elementor-3585\">\n\t\t\t\t<div class=\"porto_stretch_css stretch_row_css elementor-element elementor-element-7297edf e-flex e-con-boxed e-con e-parent\" data-id=\"7297edf\" data-element_type=\"container\" data-settings=\"{&quot;background_background&quot;:&quot;classic&quot;}\">\r\n\t\t\t\t\t<div class=\"e-con-inner\">\r\n\t\t<div class=\"elementor-element elementor-element-558404d e-con-full e-flex e-con e-child\" data-id=\"558404d\" data-element_type=\"container\">\r\n\t\t\t\t<div class=\"elementor-element elementor-element-5528dce elementor-widget elementor-widget-porto_ultimate_heading\" data-id=\"5528dce\" data-element_type=\"widget\" data-widget_type=\"porto_ultimate_heading.default\">\n\t\t\t\t<div class=\"elementor-widget-container\">\n\t\t\t\t\t<div class=\"porto-u-heading  porto-u-ad87e2eaf3f9c495180fe0156ddf3eb0\"><div class=\"porto-u-main-heading\"><h2    style=\"margin-bottom: 10px;\">Meetings mit Aussicht in \u00c1guilas<\/h2><\/div><div class=\"porto-u-sub-heading\" style=\"\"><p>Stilvolle Tagungen<\/p><\/div><style>.porto-u-ad87e2eaf3f9c495180fe0156ddf3eb0.porto-u-heading{text-align:left}<\/style><\/div>\t\t\t\t<\/div>\n\t\t\t\t<\/div>\n\t\t\t\t<div class=\"elementor-element elementor-element-0ad9121 elementor-widget elementor-widget-porto_page_header\" data-id=\"0ad9121\" data-element_type=\"widget\" data-widget_type=\"porto_page_header.default\">\n\t\t\t\t<div class=\"elementor-widget-container\">\n\t\t\t\t\t<div class=\"page-top page-header-6\"><style>.page-top { background: none; border-bottom: none; } .page-top .page-title:not(.b-none):after { display: none; }<\/style><div class=\"container hide-title\">\r\n\t<div class=\"row\">\r\n\t\t<div class=\"col-lg-12 clearfix\">\r\n\t\t\t<div class=\"pt-right d-none\">\r\n\t\t\t\t\t\t\t\t<h1 class=\"page-title\"><\/h1>\r\n\t\t\t\t\t\t\t<\/div>\r\n\t\t\t\t\t\t\t<div class=\"breadcrumbs-wrap pt-left\">\r\n\t\t\t\t\t<ul class=\"breadcrumb\" itemscope itemtype=\"https:\/\/schema.org\/BreadcrumbList\"><li class=\"home\" itemprop=\"itemListElement\" itemscope itemtype=\"https:\/\/schema.org\/ListItem\"><a itemprop=\"item\" href=\"https:\/\/aguilas.es\/de\/\" title=\"Go to Home Page\"><span itemprop=\"name\">Home<\/span><\/a><meta itemprop=\"position\" content=\"1\" \/><i class=\"delimiter delimiter-2\"><\/i><\/li><\/ul>\t\t\t\t<\/div>\r\n\t\t\t\t\t\t\t\t<\/div>\r\n\t<\/div>\r\n<\/div>\r\n<\/div>\t\t\t\t<\/div>\n\t\t\t\t<\/div>\n\t\t\t\t<\/div>\n\t\t\t\t\t<\/div>\n\t\t\t\t<\/div>\n\t\t<div class=\"elementor-element elementor-element-9ba3945 e-flex e-con-boxed e-con e-parent\" data-id=\"9ba3945\" data-element_type=\"container\">\r\n\t\t\t\t\t<div class=\"e-con-inner\">\r\n\t\t\t\t<div class=\"elementor-element elementor-element-e1da498 elementor-widget elementor-widget-text-editor\" data-id=\"e1da498\" data-element_type=\"widget\" data-widget_type=\"text-editor.default\">\n\t\t\t\t<div class=\"elementor-widget-container\">\n\t\t\t\t\t\t\t\t\t<p data-start=\"292\" data-end=\"484\">\u00c1guilas bietet die perfekte Umgebung f\u00fcr MICE-Tourismus: moderne Einrichtungen, ein au\u00dfergew\u00f6hnliches Klima das ganze Jahr \u00fcber und den Charme eines K\u00fcstenortes mit gro\u00dfem kulturellen und gastronomischen Reichtum.<\/p><p data-start=\"486\" data-end=\"739\">Organisieren Sie Ihre Kongresse, Firmentreffen oder Incentive-Reisen in einer inspirierenden Umgebung, in der Arbeit und Vergn\u00fcgen Hand in Hand gehen. Von Mehrzweckr\u00e4umen bis hin zu personalisierten Aktivit\u00e4ten macht \u00c1guilas jede Veranstaltung zu einem einzigartigen Erlebnis. <\/p><p style=\"text-align: center;\" data-start=\"741\" data-end=\"798\"><a href=\"https:\/\/www.auditorio-aguilas.org\/\"><strong data-start=\"741\" data-end=\"798\">\u00c1guilas: Wo sich Gesch\u00e4ftliches mit dem Meer verbindet.<\/strong><\/a><\/p>\t\t\t\t\t\t\t\t<\/div>\n\t\t\t\t<\/div>\n\t\t\t\t\t<\/div>\n\t\t\t\t<\/div>\n\t\t<div class=\"elementor-element elementor-element-3581213 e-flex e-con-boxed e-con e-parent\" data-id=\"3581213\" data-element_type=\"container\">\r\n\t\t\t\t\t<div class=\"e-con-inner\">\r\n\t\t\t\t<div class=\"elementor-element elementor-element-4202ce7 elemento-titulo-con-subtitulo elementor-widget elementor-widget-porto_ultimate_heading\" data-id=\"4202ce7\" data-element_type=\"widget\" data-widget_type=\"porto_ultimate_heading.default\">\n\t\t\t\t<div class=\"elementor-widget-container\">\n\t\t\t\t\t<div class=\"porto-u-heading  porto-u-55ca8359258f9a412be7e73af65d2aac\"><div class=\"porto-u-main-heading\"><h2   >Networking mit Landschaft<\/h2><\/div><div class=\"porto-u-sub-heading\" style=\"\"><p>Reisen, die Mehrwert schaffen<\/p><\/div><style>.porto-u-55ca8359258f9a412be7e73af65d2aac.porto-u-heading{text-align:center}<\/style><\/div>\t\t\t\t<\/div>\n\t\t\t\t<\/div>\n\t\t\t\t<div class=\"elementor-element elementor-element-e556052 elementor-widget elementor-widget-shortcode\" data-id=\"e556052\" data-element_type=\"widget\" data-widget_type=\"shortcode.default\">\n\t\t\t\t<div class=\"elementor-widget-container\">\n\t\t\t\t\t\t\t<div class=\"elementor-shortcode\">    <div class=\"aguilas-shortcode-loader\" id=\"aguilas-lista-web-69f61dbf710e5\"\r\n        data-tipo=\"lista-web\"  data-id-lista=\"56\"  data-items=\"6\"  data-filtros=\"0\" >\r\n        <div class=\"aguilas-loader\">\r\n            <div class=\"aguilas-spinner\"><\/div>\r\n            <p>Laden...<\/p>\r\n        <\/div>\r\n    <\/div>\r\n    <\/div>\n\t\t\t\t\t\t<\/div>\n\t\t\t\t<\/div>\n\t\t\t\t\t<\/div>\n\t\t\t\t<\/div>\n\t\t<div class=\"elementor-element elementor-element-6f0afa0 e-flex e-con-boxed e-con e-parent\" data-id=\"6f0afa0\" data-element_type=\"container\">\r\n\t\t\t\t\t<div class=\"e-con-inner\">\r\n\t\t\t\t<div class=\"elementor-element elementor-element-e55f620 elemento-titulo-con-subtitulo elementor-widget elementor-widget-porto_ultimate_heading\" data-id=\"e55f620\" data-element_type=\"widget\" data-widget_type=\"porto_ultimate_heading.default\">\n\t\t\t\t<div class=\"elementor-widget-container\">\n\t\t\t\t\t<div class=\"porto-u-heading  porto-u-55ca8359258f9a412be7e73af65d2aac\"><div class=\"porto-u-main-heading\"><h2   >Meetings mit Charme<\/h2><\/div><div class=\"porto-u-sub-heading\" style=\"\"><p>Gesch\u00e4ft, Strand, Aromen und Kultur: alles an einem Ort, \u00c1guilas<\/p><\/div><style>.porto-u-55ca8359258f9a412be7e73af65d2aac.porto-u-heading{text-align:center}<\/style><\/div>\t\t\t\t<\/div>\n\t\t\t\t<\/div>\n\t\t\t\t<div class=\"elementor-element elementor-element-4c61d78 elementor-widget elementor-widget-shortcode\" data-id=\"4c61d78\" data-element_type=\"widget\" data-widget_type=\"shortcode.default\">\n\t\t\t\t<div class=\"elementor-widget-container\">\n\t\t\t\t\t\t\t<div class=\"elementor-shortcode\">    <div class=\"aguilas-shortcode-loader\" id=\"aguilas-lista-web-69f61dbf713eb\"\r\n        data-tipo=\"lista-web\"  data-id-lista=\"57\"  data-items=\"6\"  data-filtros=\"0\" >\r\n        <div class=\"aguilas-loader\">\r\n            <div class=\"aguilas-spinner\"><\/div>\r\n            <p>Laden...<\/p>\r\n        <\/div>\r\n    <\/div>\r\n    <\/div>\n\t\t\t\t\t\t<\/div>\n\t\t\t\t<\/div>\n\t\t\t\t\t<\/div>\n\t\t\t\t<\/div>\n\t\t\t\t<\/div>\n\t\t","protected":false},"excerpt":{"rendered":"<p>Meetings mit Aussicht in \u00c1guilas Stilvolle Tagungen Home \u00c1guilas bietet die perfekte Umgebung f\u00fcr MICE-Tourismus: moderne Einrichtungen, ein au\u00dfergew\u00f6hnliches Klima das ganze Jahr \u00fcber und den Charme eines K\u00fcstenortes mit gro\u00dfem kulturellen und gastronomischen Reichtum. Organisieren Sie Ihre Kongresse, Firmentreffen oder Incentive-Reisen in einer inspirierenden Umgebung, in der Arbeit und Vergn\u00fcgen Hand in Hand gehen. [&hellip;]<\/p>\n","protected":false},"author":1,"featured_media":8142,"parent":8987,"menu_order":0,"comment_status":"closed","ping_status":"closed","template":"","meta":{"footnotes":""},"class_list":["post-8141","page","type-page","status-publish","has-post-thumbnail","hentry"],"yoast_head":"<!-- This site is optimized with the Yoast SEO plugin v26.6 - https:\/\/yoast.com\/wordpress\/plugins\/seo\/ -->\n<title>\u00c1guilas Turismo | Gesch\u00e4ftstourismus<\/title>\n<meta name=\"description\" content=\"Organisiere deine Firmentreffen, Reisen und Kongresse in \u00c1guilas \u2013 mit modernsten Einrichtungen und einem au\u00dfergew\u00f6hnlichen Klima das ganze Jahr \u00fcber.\" \/>\n<meta name=\"robots\" content=\"index, follow, max-snippet:-1, max-image-preview:large, max-video-preview:-1\" \/>\n<link rel=\"canonical\" href=\"https:\/\/aguilas.es\/de\/erlebnisse-in-aguilas\/aguilas-entdecken\/geschaeftstourismus\/\" \/>\n<meta property=\"og:locale\" content=\"de_DE\" \/>\n<meta property=\"og:type\" content=\"article\" \/>\n<meta property=\"og:title\" content=\"\u00c1guilas Turismo | Gesch\u00e4ftstourismus\" \/>\n<meta property=\"og:description\" content=\"Organisiere deine Firmentreffen, Reisen und Kongresse in \u00c1guilas \u2013 mit modernsten Einrichtungen und einem au\u00dfergew\u00f6hnlichen Klima das ganze Jahr \u00fcber.\" \/>\n<meta property=\"og:url\" content=\"https:\/\/aguilas.es\/de\/erlebnisse-in-aguilas\/aguilas-entdecken\/geschaeftstourismus\/\" \/>\n<meta property=\"og:site_name\" content=\"\u00c1guilas Turismo\" \/>\n<meta property=\"article:modified_time\" content=\"2026-02-23T12:42:41+00:00\" \/>\n<meta property=\"og:image\" content=\"https:\/\/aguilas.es\/wp-content\/uploads\/2025\/07\/alateasocialmedia_oficinaturismo-ciudad-000009.jpg\" \/>\n\t<meta property=\"og:image:width\" content=\"1920\" \/>\n\t<meta property=\"og:image:height\" content=\"1280\" \/>\n\t<meta property=\"og:image:type\" content=\"image\/jpeg\" \/>\n<meta name=\"twitter:card\" content=\"summary_large_image\" \/>\n<meta name=\"twitter:label1\" content=\"Gesch\u00e4tzte Lesezeit\" \/>\n\t<meta name=\"twitter:data1\" content=\"1\u00a0Minute\" \/>\n<script type=\"application\/ld+json\" class=\"yoast-schema-graph\">{\"@context\":\"https:\/\/schema.org\",\"@graph\":[{\"@type\":\"WebPage\",\"@id\":\"https:\/\/aguilas.es\/de\/erlebnisse-in-aguilas\/aguilas-entdecken\/geschaeftstourismus\/\",\"url\":\"https:\/\/aguilas.es\/de\/erlebnisse-in-aguilas\/aguilas-entdecken\/geschaeftstourismus\/\",\"name\":\"\u00c1guilas Turismo | Gesch\u00e4ftstourismus\",\"isPartOf\":{\"@id\":\"https:\/\/aguilas.es\/de\/#website\"},\"primaryImageOfPage\":{\"@id\":\"https:\/\/aguilas.es\/de\/erlebnisse-in-aguilas\/aguilas-entdecken\/geschaeftstourismus\/#primaryimage\"},\"image\":{\"@id\":\"https:\/\/aguilas.es\/de\/erlebnisse-in-aguilas\/aguilas-entdecken\/geschaeftstourismus\/#primaryimage\"},\"thumbnailUrl\":\"https:\/\/aguilas.es\/wp-content\/uploads\/2025\/07\/alateasocialmedia_oficinaturismo-ciudad-000009.jpg\",\"datePublished\":\"2025-04-03T14:24:47+00:00\",\"dateModified\":\"2026-02-23T12:42:41+00:00\",\"description\":\"Organisiere deine Firmentreffen, Reisen und Kongresse in \u00c1guilas \u2013 mit modernsten Einrichtungen und einem au\u00dfergew\u00f6hnlichen Klima das ganze Jahr \u00fcber.\",\"breadcrumb\":{\"@id\":\"https:\/\/aguilas.es\/de\/erlebnisse-in-aguilas\/aguilas-entdecken\/geschaeftstourismus\/#breadcrumb\"},\"inLanguage\":\"de\",\"potentialAction\":[{\"@type\":\"ReadAction\",\"target\":[\"https:\/\/aguilas.es\/de\/erlebnisse-in-aguilas\/aguilas-entdecken\/geschaeftstourismus\/\"]}]},{\"@type\":\"ImageObject\",\"inLanguage\":\"de\",\"@id\":\"https:\/\/aguilas.es\/de\/erlebnisse-in-aguilas\/aguilas-entdecken\/geschaeftstourismus\/#primaryimage\",\"url\":\"https:\/\/aguilas.es\/wp-content\/uploads\/2025\/07\/alateasocialmedia_oficinaturismo-ciudad-000009.jpg\",\"contentUrl\":\"https:\/\/aguilas.es\/wp-content\/uploads\/2025\/07\/alateasocialmedia_oficinaturismo-ciudad-000009.jpg\",\"width\":1920,\"height\":1280},{\"@type\":\"BreadcrumbList\",\"@id\":\"https:\/\/aguilas.es\/de\/erlebnisse-in-aguilas\/aguilas-entdecken\/geschaeftstourismus\/#breadcrumb\",\"itemListElement\":[{\"@type\":\"ListItem\",\"position\":1,\"name\":\"Portada\",\"item\":\"https:\/\/aguilas.es\/de\/startseite\/\"},{\"@type\":\"ListItem\",\"position\":2,\"name\":\"Erlebnisse in \u00c1guilas\",\"item\":\"https:\/\/aguilas.es\/de\/erlebnisse-in-aguilas\/\"},{\"@type\":\"ListItem\",\"position\":3,\"name\":\"\u00c1guilas entdecken\",\"item\":\"https:\/\/aguilas.es\/de\/erlebnisse-in-aguilas\/aguilas-entdecken\/\"},{\"@type\":\"ListItem\",\"position\":4,\"name\":\"Gesch\u00e4ftstourismus\"}]},{\"@type\":\"WebSite\",\"@id\":\"https:\/\/aguilas.es\/de\/#website\",\"url\":\"https:\/\/aguilas.es\/de\/\",\"name\":\"\u00c1guilas Turismo\",\"description\":\"\",\"publisher\":{\"@id\":\"https:\/\/aguilas.es\/de\/#organization\"},\"potentialAction\":[{\"@type\":\"SearchAction\",\"target\":{\"@type\":\"EntryPoint\",\"urlTemplate\":\"https:\/\/aguilas.es\/de\/?s={search_term_string}\"},\"query-input\":{\"@type\":\"PropertyValueSpecification\",\"valueRequired\":true,\"valueName\":\"search_term_string\"}}],\"inLanguage\":\"de\"},{\"@type\":\"Organization\",\"@id\":\"https:\/\/aguilas.es\/de\/#organization\",\"name\":\"\u00c1guilas Turismo\",\"url\":\"https:\/\/aguilas.es\/de\/\",\"logo\":{\"@type\":\"ImageObject\",\"inLanguage\":\"de\",\"@id\":\"https:\/\/aguilas.es\/de\/#\/schema\/logo\/image\/\",\"url\":\"https:\/\/aguilas.es\/wp-content\/uploads\/2025\/04\/Logo-Aguilas-turismo.png\",\"contentUrl\":\"https:\/\/aguilas.es\/wp-content\/uploads\/2025\/04\/Logo-Aguilas-turismo.png\",\"width\":575,\"height\":229,\"caption\":\"\u00c1guilas Turismo\"},\"image\":{\"@id\":\"https:\/\/aguilas.es\/de\/#\/schema\/logo\/image\/\"}}]}<\/script>\n<!-- \/ Yoast SEO plugin. -->","yoast_head_json":{"title":"\u00c1guilas Turismo | Gesch\u00e4ftstourismus","description":"Organisiere deine Firmentreffen, Reisen und Kongresse in \u00c1guilas \u2013 mit modernsten Einrichtungen und einem au\u00dfergew\u00f6hnlichen Klima das ganze Jahr \u00fcber.","robots":{"index":"index","follow":"follow","max-snippet":"max-snippet:-1","max-image-preview":"max-image-preview:large","max-video-preview":"max-video-preview:-1"},"canonical":"https:\/\/aguilas.es\/de\/erlebnisse-in-aguilas\/aguilas-entdecken\/geschaeftstourismus\/","og_locale":"de_DE","og_type":"article","og_title":"\u00c1guilas Turismo | Gesch\u00e4ftstourismus","og_description":"Organisiere deine Firmentreffen, Reisen und Kongresse in \u00c1guilas \u2013 mit modernsten Einrichtungen und einem au\u00dfergew\u00f6hnlichen Klima das ganze Jahr \u00fcber.","og_url":"https:\/\/aguilas.es\/de\/erlebnisse-in-aguilas\/aguilas-entdecken\/geschaeftstourismus\/","og_site_name":"\u00c1guilas Turismo","article_modified_time":"2026-02-23T12:42:41+00:00","og_image":[{"width":1920,"height":1280,"url":"https:\/\/aguilas.es\/wp-content\/uploads\/2025\/07\/alateasocialmedia_oficinaturismo-ciudad-000009.jpg","type":"image\/jpeg"}],"twitter_card":"summary_large_image","twitter_misc":{"Gesch\u00e4tzte Lesezeit":"1\u00a0Minute"},"schema":{"@context":"https:\/\/schema.org","@graph":[{"@type":"WebPage","@id":"https:\/\/aguilas.es\/de\/erlebnisse-in-aguilas\/aguilas-entdecken\/geschaeftstourismus\/","url":"https:\/\/aguilas.es\/de\/erlebnisse-in-aguilas\/aguilas-entdecken\/geschaeftstourismus\/","name":"\u00c1guilas Turismo | Gesch\u00e4ftstourismus","isPartOf":{"@id":"https:\/\/aguilas.es\/de\/#website"},"primaryImageOfPage":{"@id":"https:\/\/aguilas.es\/de\/erlebnisse-in-aguilas\/aguilas-entdecken\/geschaeftstourismus\/#primaryimage"},"image":{"@id":"https:\/\/aguilas.es\/de\/erlebnisse-in-aguilas\/aguilas-entdecken\/geschaeftstourismus\/#primaryimage"},"thumbnailUrl":"https:\/\/aguilas.es\/wp-content\/uploads\/2025\/07\/alateasocialmedia_oficinaturismo-ciudad-000009.jpg","datePublished":"2025-04-03T14:24:47+00:00","dateModified":"2026-02-23T12:42:41+00:00","description":"Organisiere deine Firmentreffen, Reisen und Kongresse in \u00c1guilas \u2013 mit modernsten Einrichtungen und einem au\u00dfergew\u00f6hnlichen Klima das ganze Jahr \u00fcber.","breadcrumb":{"@id":"https:\/\/aguilas.es\/de\/erlebnisse-in-aguilas\/aguilas-entdecken\/geschaeftstourismus\/#breadcrumb"},"inLanguage":"de","potentialAction":[{"@type":"ReadAction","target":["https:\/\/aguilas.es\/de\/erlebnisse-in-aguilas\/aguilas-entdecken\/geschaeftstourismus\/"]}]},{"@type":"ImageObject","inLanguage":"de","@id":"https:\/\/aguilas.es\/de\/erlebnisse-in-aguilas\/aguilas-entdecken\/geschaeftstourismus\/#primaryimage","url":"https:\/\/aguilas.es\/wp-content\/uploads\/2025\/07\/alateasocialmedia_oficinaturismo-ciudad-000009.jpg","contentUrl":"https:\/\/aguilas.es\/wp-content\/uploads\/2025\/07\/alateasocialmedia_oficinaturismo-ciudad-000009.jpg","width":1920,"height":1280},{"@type":"BreadcrumbList","@id":"https:\/\/aguilas.es\/de\/erlebnisse-in-aguilas\/aguilas-entdecken\/geschaeftstourismus\/#breadcrumb","itemListElement":[{"@type":"ListItem","position":1,"name":"Portada","item":"https:\/\/aguilas.es\/de\/startseite\/"},{"@type":"ListItem","position":2,"name":"Erlebnisse in \u00c1guilas","item":"https:\/\/aguilas.es\/de\/erlebnisse-in-aguilas\/"},{"@type":"ListItem","position":3,"name":"\u00c1guilas entdecken","item":"https:\/\/aguilas.es\/de\/erlebnisse-in-aguilas\/aguilas-entdecken\/"},{"@type":"ListItem","position":4,"name":"Gesch\u00e4ftstourismus"}]},{"@type":"WebSite","@id":"https:\/\/aguilas.es\/de\/#website","url":"https:\/\/aguilas.es\/de\/","name":"\u00c1guilas Turismo","description":"","publisher":{"@id":"https:\/\/aguilas.es\/de\/#organization"},"potentialAction":[{"@type":"SearchAction","target":{"@type":"EntryPoint","urlTemplate":"https:\/\/aguilas.es\/de\/?s={search_term_string}"},"query-input":{"@type":"PropertyValueSpecification","valueRequired":true,"valueName":"search_term_string"}}],"inLanguage":"de"},{"@type":"Organization","@id":"https:\/\/aguilas.es\/de\/#organization","name":"\u00c1guilas Turismo","url":"https:\/\/aguilas.es\/de\/","logo":{"@type":"ImageObject","inLanguage":"de","@id":"https:\/\/aguilas.es\/de\/#\/schema\/logo\/image\/","url":"https:\/\/aguilas.es\/wp-content\/uploads\/2025\/04\/Logo-Aguilas-turismo.png","contentUrl":"https:\/\/aguilas.es\/wp-content\/uploads\/2025\/04\/Logo-Aguilas-turismo.png","width":575,"height":229,"caption":"\u00c1guilas Turismo"},"image":{"@id":"https:\/\/aguilas.es\/de\/#\/schema\/logo\/image\/"}}]}},"_links":{"self":[{"href":"https:\/\/aguilas.es\/de\/wp-json\/wp\/v2\/pages\/8141","targetHints":{"allow":["GET"]}}],"collection":[{"href":"https:\/\/aguilas.es\/de\/wp-json\/wp\/v2\/pages"}],"about":[{"href":"https:\/\/aguilas.es\/de\/wp-json\/wp\/v2\/types\/page"}],"author":[{"embeddable":true,"href":"https:\/\/aguilas.es\/de\/wp-json\/wp\/v2\/users\/1"}],"replies":[{"embeddable":true,"href":"https:\/\/aguilas.es\/de\/wp-json\/wp\/v2\/comments?post=8141"}],"version-history":[{"count":8,"href":"https:\/\/aguilas.es\/de\/wp-json\/wp\/v2\/pages\/8141\/revisions"}],"predecessor-version":[{"id":10813,"href":"https:\/\/aguilas.es\/de\/wp-json\/wp\/v2\/pages\/8141\/revisions\/10813"}],"up":[{"embeddable":true,"href":"https:\/\/aguilas.es\/de\/wp-json\/wp\/v2\/pages\/8987"}],"wp:featuredmedia":[{"embeddable":true,"href":"https:\/\/aguilas.es\/de\/wp-json\/wp\/v2\/media\/8142"}],"wp:attachment":[{"href":"https:\/\/aguilas.es\/de\/wp-json\/wp\/v2\/media?parent=8141"}],"curies":[{"name":"wp","href":"https:\/\/api.w.org\/{rel}","templated":true}]}}