{"id":8159,"date":"2025-04-03T16:24:27","date_gmt":"2025-04-03T14:24:27","guid":{"rendered":"https:\/\/aguilas.es\/industrietourismus\/"},"modified":"2026-02-23T11:51:36","modified_gmt":"2026-02-23T10:51:36","slug":"industrietourismus","status":"publish","type":"page","link":"https:\/\/aguilas.es\/de\/erlebnisse-in-aguilas\/aguilas-entdecken\/industrietourismus\/","title":{"rendered":"Industrielles Erbe"},"content":{"rendered":"\t\t<div data-elementor-type=\"wp-page\" data-elementor-id=\"8159\" class=\"elementor elementor-8159 elementor-3583\">\n\t\t\t\t<div class=\"porto_stretch_css stretch_row_css elementor-element elementor-element-bfd0bf6 e-flex e-con-boxed e-con e-parent\" data-id=\"bfd0bf6\" data-element_type=\"container\" data-settings=\"{&quot;background_background&quot;:&quot;classic&quot;}\">\r\n\t\t\t\t\t<div class=\"e-con-inner\">\r\n\t\t<div class=\"elementor-element elementor-element-aa9b9e3 e-con-full e-flex e-con e-child\" data-id=\"aa9b9e3\" data-element_type=\"container\">\r\n\t\t\t\t<div class=\"elementor-element elementor-element-daa7999 elementor-widget elementor-widget-porto_ultimate_heading\" data-id=\"daa7999\" data-element_type=\"widget\" data-widget_type=\"porto_ultimate_heading.default\">\n\t\t\t\t<div class=\"elementor-widget-container\">\n\t\t\t\t\t<div class=\"porto-u-heading  porto-u-ad87e2eaf3f9c495180fe0156ddf3eb0\"><div class=\"porto-u-sub-heading\" style=\"\"><p>\u00c1guilas, ein Erbe des Bergbaus und der Eisenbahn<\/p><\/div><style>.porto-u-ad87e2eaf3f9c495180fe0156ddf3eb0.porto-u-heading{text-align:left}<\/style><\/div>\t\t\t\t<\/div>\n\t\t\t\t<\/div>\n\t\t\t\t<div class=\"elementor-element elementor-element-71ded00 elementor-widget elementor-widget-porto_page_header\" data-id=\"71ded00\" data-element_type=\"widget\" data-widget_type=\"porto_page_header.default\">\n\t\t\t\t<div class=\"elementor-widget-container\">\n\t\t\t\t\t<div class=\"page-top page-header-6\"><style>.page-top { background: none; border-bottom: none; } .page-top .page-title:not(.b-none):after { display: none; }<\/style><div class=\"container hide-title\">\r\n\t<div class=\"row\">\r\n\t\t<div class=\"col-lg-12 clearfix\">\r\n\t\t\t<div class=\"pt-right d-none\">\r\n\t\t\t\t\t\t\t\t<h1 class=\"page-title\"><\/h1>\r\n\t\t\t\t\t\t\t<\/div>\r\n\t\t\t\t\t\t\t<div class=\"breadcrumbs-wrap pt-left\">\r\n\t\t\t\t\t<ul class=\"breadcrumb\" itemscope itemtype=\"https:\/\/schema.org\/BreadcrumbList\"><li class=\"home\" itemprop=\"itemListElement\" itemscope itemtype=\"https:\/\/schema.org\/ListItem\"><a itemprop=\"item\" href=\"https:\/\/aguilas.es\/de\/\" title=\"Go to Home Page\"><span itemprop=\"name\">Home<\/span><\/a><meta itemprop=\"position\" content=\"1\" \/><i class=\"delimiter delimiter-2\"><\/i><\/li><\/ul>\t\t\t\t<\/div>\r\n\t\t\t\t\t\t\t\t<\/div>\r\n\t<\/div>\r\n<\/div>\r\n<\/div>\t\t\t\t<\/div>\n\t\t\t\t<\/div>\n\t\t\t\t<\/div>\n\t\t\t\t\t<\/div>\n\t\t\t\t<\/div>\n\t\t<div class=\"elementor-element elementor-element-9a51e24 e-flex e-con-boxed e-con e-parent\" data-id=\"9a51e24\" data-element_type=\"container\">\r\n\t\t\t\t\t<div class=\"e-con-inner\">\r\n\t\t\t\t<div class=\"elementor-element elementor-element-e9931b7 elementor-widget elementor-widget-text-editor\" data-id=\"e9931b7\" data-element_type=\"widget\" data-widget_type=\"text-editor.default\">\n\t\t\t\t<div class=\"elementor-widget-container\">\n\t\t\t\t\t\t\t\t\t<p data-start=\"245\" data-end=\"504\">\u00c1guilas ist nicht nur Meer und Gastronomie. Es ist auch lebendige Geschichte von Arbeit, Innovation und Transformation. Der Industrietourismus l\u00e4dt Sie ein, das Erbe seiner Bergbau-, Eisenbahn- und Fischereivergangenheit zu entdecken, das die Identit\u00e4t der Gemeinde seit dem 19. Jahrhundert gepr\u00e4gt hat.  <\/p><p data-start=\"506\" data-end=\"699\">Besichtigen Sie alte Mineralverladestationen, besuchen Sie das Wahrzeichen Hornillo, erkunden Sie Museen, die das Leben der Arbeiter erz\u00e4hlen, und bewundern Sie die Strukturen, die \u00c1guilas mit dem Fortschritt verbanden.<\/p><p data-start=\"701\" data-end=\"803\"><strong data-start=\"701\" data-end=\"803\">Tauchen Sie ein in eine andere Reise, bei der das industrielle Erbe vor dem Mittelmeer zum Leben erwacht.<\/strong><\/p>\t\t\t\t\t\t\t\t<\/div>\n\t\t\t\t<\/div>\n\t\t\t\t\t<\/div>\n\t\t\t\t<\/div>\n\t\t<div class=\"elementor-element elementor-element-dabea74 e-flex e-con-boxed e-con e-parent\" data-id=\"dabea74\" data-element_type=\"container\">\r\n\t\t\t\t\t<div class=\"e-con-inner\">\r\n\t\t\t\t<div class=\"elementor-element elementor-element-5c3d042 elemento-titulo-con-subtitulo elementor-widget elementor-widget-porto_ultimate_heading\" data-id=\"5c3d042\" data-element_type=\"widget\" data-widget_type=\"porto_ultimate_heading.default\">\n\t\t\t\t<div class=\"elementor-widget-container\">\n\t\t\t\t\t<div class=\"porto-u-heading  porto-u-55ca8359258f9a412be7e73af65d2aac\"><div class=\"porto-u-main-heading\"><h2   >INDUSTRIE- UND KULTURERBE<\/h2><\/div><div class=\"porto-u-sub-heading\" style=\"\"><p>\u00c1guilas, wo Kulturerbe und industrielle Spuren auf das Meer treffen.<\/p><\/div><style>.porto-u-55ca8359258f9a412be7e73af65d2aac.porto-u-heading{text-align:center}<\/style><\/div>\t\t\t\t<\/div>\n\t\t\t\t<\/div>\n\t\t\t\t<div class=\"elementor-element elementor-element-00a0c90 elementor-widget elementor-widget-shortcode\" data-id=\"00a0c90\" data-element_type=\"widget\" data-widget_type=\"shortcode.default\">\n\t\t\t\t<div class=\"elementor-widget-container\">\n\t\t\t\t\t\t\t<div class=\"elementor-shortcode\">    <div class=\"aguilas-shortcode-loader\" id=\"aguilas-lista-web-69f3116ddad4a\"\r\n        data-tipo=\"lista-web\"  data-id-lista=\"50\"  data-items=\"6\"  data-filtros=\"0\" >\r\n        <div class=\"aguilas-loader\">\r\n            <div class=\"aguilas-spinner\"><\/div>\r\n            <p>Laden...<\/p>\r\n        <\/div>\r\n    <\/div>\r\n    <\/div>\n\t\t\t\t\t\t<\/div>\n\t\t\t\t<\/div>\n\t\t\t\t\t<\/div>\n\t\t\t\t<\/div>\n\t\t<div class=\"elementor-element elementor-element-bd820c9 e-flex e-con-boxed e-con e-parent\" data-id=\"bd820c9\" data-element_type=\"container\">\r\n\t\t\t\t\t<div class=\"e-con-inner\">\r\n\t\t\t\t<div class=\"elementor-element elementor-element-8fd8cb8 elemento-titulo-con-subtitulo elementor-widget elementor-widget-porto_ultimate_heading\" data-id=\"8fd8cb8\" data-element_type=\"widget\" data-widget_type=\"porto_ultimate_heading.default\">\n\t\t\t\t<div class=\"elementor-widget-container\">\n\t\t\t\t\t<div class=\"porto-u-heading  porto-u-55ca8359258f9a412be7e73af65d2aac\"><div class=\"porto-u-main-heading\"><h2   >KULTURERBEST\u00c4TTEN<\/h2><\/div><div class=\"porto-u-sub-heading\" style=\"\"><p>Erleben Sie die Geschichte von \u00c1guilas anhand seiner bedeutendsten Kulturerbest\u00e4tten.<\/p><\/div><style>.porto-u-55ca8359258f9a412be7e73af65d2aac.porto-u-heading{text-align:center}<\/style><\/div>\t\t\t\t<\/div>\n\t\t\t\t<\/div>\n\t\t\t\t<div class=\"elementor-element elementor-element-889d5f7 elementor-widget elementor-widget-shortcode\" data-id=\"889d5f7\" data-element_type=\"widget\" data-widget_type=\"shortcode.default\">\n\t\t\t\t<div class=\"elementor-widget-container\">\n\t\t\t\t\t\t\t<div class=\"elementor-shortcode\">    <div class=\"aguilas-shortcode-loader\" id=\"aguilas-lista-web-69f3116ddb041\"\r\n        data-tipo=\"lista-web\"  data-id-lista=\"55\"  data-items=\"6\"  data-filtros=\"0\" >\r\n        <div class=\"aguilas-loader\">\r\n            <div class=\"aguilas-spinner\"><\/div>\r\n            <p>Laden...<\/p>\r\n        <\/div>\r\n    <\/div>\r\n    <\/div>\n\t\t\t\t\t\t<\/div>\n\t\t\t\t<\/div>\n\t\t\t\t\t<\/div>\n\t\t\t\t<\/div>\n\t\t\t\t<\/div>\n\t\t","protected":false},"excerpt":{"rendered":"<p>\u00c1guilas, ein Erbe des Bergbaus und der Eisenbahn Home \u00c1guilas ist nicht nur Meer und Gastronomie. Es ist auch lebendige Geschichte von Arbeit, Innovation und Transformation. Der Industrietourismus l\u00e4dt Sie ein, das Erbe seiner Bergbau-, Eisenbahn- und Fischereivergangenheit zu entdecken, das die Identit\u00e4t der Gemeinde seit dem 19. Jahrhundert gepr\u00e4gt hat. Besichtigen Sie alte Mineralverladestationen, [&hellip;]<\/p>\n","protected":false},"author":1,"featured_media":8161,"parent":8987,"menu_order":0,"comment_status":"closed","ping_status":"closed","template":"","meta":{"footnotes":""},"class_list":["post-8159","page","type-page","status-publish","has-post-thumbnail","hentry"],"yoast_head":"<!-- This site is optimized with the Yoast SEO plugin v26.6 - https:\/\/yoast.com\/wordpress\/plugins\/seo\/ -->\n<title>\u00c1guilas Turismo | Industrielles Erbe<\/title>\n<meta name=\"description\" content=\"Genie\u00dfe das industrielle Erbe von \u00c1guilas und bewundere die Strukturen, die ein bergbauliches, eisenbahntechnisches und fischereigeschichtliches Verm\u00e4chtnis hinterlassen haben.\" \/>\n<meta name=\"robots\" content=\"index, follow, max-snippet:-1, max-image-preview:large, max-video-preview:-1\" \/>\n<link rel=\"canonical\" href=\"https:\/\/aguilas.es\/de\/erlebnisse-in-aguilas\/aguilas-entdecken\/industrietourismus\/\" \/>\n<meta property=\"og:locale\" content=\"de_DE\" \/>\n<meta property=\"og:type\" content=\"article\" \/>\n<meta property=\"og:title\" content=\"\u00c1guilas Turismo | Industrielles Erbe\" \/>\n<meta property=\"og:description\" content=\"Genie\u00dfe das industrielle Erbe von \u00c1guilas und bewundere die Strukturen, die ein bergbauliches, eisenbahntechnisches und fischereigeschichtliches Verm\u00e4chtnis hinterlassen haben.\" \/>\n<meta property=\"og:url\" content=\"https:\/\/aguilas.es\/de\/erlebnisse-in-aguilas\/aguilas-entdecken\/industrietourismus\/\" \/>\n<meta property=\"og:site_name\" content=\"\u00c1guilas Turismo\" \/>\n<meta property=\"article:modified_time\" content=\"2026-02-23T10:51:36+00:00\" \/>\n<meta property=\"og:image\" content=\"https:\/\/aguilas.es\/wp-content\/uploads\/2025\/07\/alateasocialmedia_oficinaturismo-monumentos-000015.jpg\" \/>\n\t<meta property=\"og:image:width\" content=\"1920\" \/>\n\t<meta property=\"og:image:height\" content=\"1280\" \/>\n\t<meta property=\"og:image:type\" content=\"image\/jpeg\" \/>\n<meta name=\"twitter:card\" content=\"summary_large_image\" \/>\n<meta name=\"twitter:label1\" content=\"Gesch\u00e4tzte Lesezeit\" \/>\n\t<meta name=\"twitter:data1\" content=\"1\u00a0Minute\" \/>\n<script type=\"application\/ld+json\" class=\"yoast-schema-graph\">{\"@context\":\"https:\/\/schema.org\",\"@graph\":[{\"@type\":\"WebPage\",\"@id\":\"https:\/\/aguilas.es\/de\/erlebnisse-in-aguilas\/aguilas-entdecken\/industrietourismus\/\",\"url\":\"https:\/\/aguilas.es\/de\/erlebnisse-in-aguilas\/aguilas-entdecken\/industrietourismus\/\",\"name\":\"\u00c1guilas Turismo | Industrielles Erbe\",\"isPartOf\":{\"@id\":\"https:\/\/aguilas.es\/de\/#website\"},\"primaryImageOfPage\":{\"@id\":\"https:\/\/aguilas.es\/de\/erlebnisse-in-aguilas\/aguilas-entdecken\/industrietourismus\/#primaryimage\"},\"image\":{\"@id\":\"https:\/\/aguilas.es\/de\/erlebnisse-in-aguilas\/aguilas-entdecken\/industrietourismus\/#primaryimage\"},\"thumbnailUrl\":\"https:\/\/aguilas.es\/wp-content\/uploads\/2025\/07\/alateasocialmedia_oficinaturismo-monumentos-000015.jpg\",\"datePublished\":\"2025-04-03T14:24:27+00:00\",\"dateModified\":\"2026-02-23T10:51:36+00:00\",\"description\":\"Genie\u00dfe das industrielle Erbe von \u00c1guilas und bewundere die Strukturen, die ein bergbauliches, eisenbahntechnisches und fischereigeschichtliches Verm\u00e4chtnis hinterlassen haben.\",\"breadcrumb\":{\"@id\":\"https:\/\/aguilas.es\/de\/erlebnisse-in-aguilas\/aguilas-entdecken\/industrietourismus\/#breadcrumb\"},\"inLanguage\":\"de\",\"potentialAction\":[{\"@type\":\"ReadAction\",\"target\":[\"https:\/\/aguilas.es\/de\/erlebnisse-in-aguilas\/aguilas-entdecken\/industrietourismus\/\"]}]},{\"@type\":\"ImageObject\",\"inLanguage\":\"de\",\"@id\":\"https:\/\/aguilas.es\/de\/erlebnisse-in-aguilas\/aguilas-entdecken\/industrietourismus\/#primaryimage\",\"url\":\"https:\/\/aguilas.es\/wp-content\/uploads\/2025\/07\/alateasocialmedia_oficinaturismo-monumentos-000015.jpg\",\"contentUrl\":\"https:\/\/aguilas.es\/wp-content\/uploads\/2025\/07\/alateasocialmedia_oficinaturismo-monumentos-000015.jpg\",\"width\":1920,\"height\":1280},{\"@type\":\"BreadcrumbList\",\"@id\":\"https:\/\/aguilas.es\/de\/erlebnisse-in-aguilas\/aguilas-entdecken\/industrietourismus\/#breadcrumb\",\"itemListElement\":[{\"@type\":\"ListItem\",\"position\":1,\"name\":\"Portada\",\"item\":\"https:\/\/aguilas.es\/de\/startseite\/\"},{\"@type\":\"ListItem\",\"position\":2,\"name\":\"Erlebnisse in \u00c1guilas\",\"item\":\"https:\/\/aguilas.es\/de\/erlebnisse-in-aguilas\/\"},{\"@type\":\"ListItem\",\"position\":3,\"name\":\"\u00c1guilas entdecken\",\"item\":\"https:\/\/aguilas.es\/de\/erlebnisse-in-aguilas\/aguilas-entdecken\/\"},{\"@type\":\"ListItem\",\"position\":4,\"name\":\"Industrielles Erbe\"}]},{\"@type\":\"WebSite\",\"@id\":\"https:\/\/aguilas.es\/de\/#website\",\"url\":\"https:\/\/aguilas.es\/de\/\",\"name\":\"\u00c1guilas Turismo\",\"description\":\"\",\"publisher\":{\"@id\":\"https:\/\/aguilas.es\/de\/#organization\"},\"potentialAction\":[{\"@type\":\"SearchAction\",\"target\":{\"@type\":\"EntryPoint\",\"urlTemplate\":\"https:\/\/aguilas.es\/de\/?s={search_term_string}\"},\"query-input\":{\"@type\":\"PropertyValueSpecification\",\"valueRequired\":true,\"valueName\":\"search_term_string\"}}],\"inLanguage\":\"de\"},{\"@type\":\"Organization\",\"@id\":\"https:\/\/aguilas.es\/de\/#organization\",\"name\":\"\u00c1guilas Turismo\",\"url\":\"https:\/\/aguilas.es\/de\/\",\"logo\":{\"@type\":\"ImageObject\",\"inLanguage\":\"de\",\"@id\":\"https:\/\/aguilas.es\/de\/#\/schema\/logo\/image\/\",\"url\":\"https:\/\/aguilas.es\/wp-content\/uploads\/2025\/04\/Logo-Aguilas-turismo.png\",\"contentUrl\":\"https:\/\/aguilas.es\/wp-content\/uploads\/2025\/04\/Logo-Aguilas-turismo.png\",\"width\":575,\"height\":229,\"caption\":\"\u00c1guilas Turismo\"},\"image\":{\"@id\":\"https:\/\/aguilas.es\/de\/#\/schema\/logo\/image\/\"}}]}<\/script>\n<!-- \/ Yoast SEO plugin. -->","yoast_head_json":{"title":"\u00c1guilas Turismo | Industrielles Erbe","description":"Genie\u00dfe das industrielle Erbe von \u00c1guilas und bewundere die Strukturen, die ein bergbauliches, eisenbahntechnisches und fischereigeschichtliches Verm\u00e4chtnis hinterlassen haben.","robots":{"index":"index","follow":"follow","max-snippet":"max-snippet:-1","max-image-preview":"max-image-preview:large","max-video-preview":"max-video-preview:-1"},"canonical":"https:\/\/aguilas.es\/de\/erlebnisse-in-aguilas\/aguilas-entdecken\/industrietourismus\/","og_locale":"de_DE","og_type":"article","og_title":"\u00c1guilas Turismo | Industrielles Erbe","og_description":"Genie\u00dfe das industrielle Erbe von \u00c1guilas und bewundere die Strukturen, die ein bergbauliches, eisenbahntechnisches und fischereigeschichtliches Verm\u00e4chtnis hinterlassen haben.","og_url":"https:\/\/aguilas.es\/de\/erlebnisse-in-aguilas\/aguilas-entdecken\/industrietourismus\/","og_site_name":"\u00c1guilas Turismo","article_modified_time":"2026-02-23T10:51:36+00:00","og_image":[{"width":1920,"height":1280,"url":"https:\/\/aguilas.es\/wp-content\/uploads\/2025\/07\/alateasocialmedia_oficinaturismo-monumentos-000015.jpg","type":"image\/jpeg"}],"twitter_card":"summary_large_image","twitter_misc":{"Gesch\u00e4tzte Lesezeit":"1\u00a0Minute"},"schema":{"@context":"https:\/\/schema.org","@graph":[{"@type":"WebPage","@id":"https:\/\/aguilas.es\/de\/erlebnisse-in-aguilas\/aguilas-entdecken\/industrietourismus\/","url":"https:\/\/aguilas.es\/de\/erlebnisse-in-aguilas\/aguilas-entdecken\/industrietourismus\/","name":"\u00c1guilas Turismo | Industrielles Erbe","isPartOf":{"@id":"https:\/\/aguilas.es\/de\/#website"},"primaryImageOfPage":{"@id":"https:\/\/aguilas.es\/de\/erlebnisse-in-aguilas\/aguilas-entdecken\/industrietourismus\/#primaryimage"},"image":{"@id":"https:\/\/aguilas.es\/de\/erlebnisse-in-aguilas\/aguilas-entdecken\/industrietourismus\/#primaryimage"},"thumbnailUrl":"https:\/\/aguilas.es\/wp-content\/uploads\/2025\/07\/alateasocialmedia_oficinaturismo-monumentos-000015.jpg","datePublished":"2025-04-03T14:24:27+00:00","dateModified":"2026-02-23T10:51:36+00:00","description":"Genie\u00dfe das industrielle Erbe von \u00c1guilas und bewundere die Strukturen, die ein bergbauliches, eisenbahntechnisches und fischereigeschichtliches Verm\u00e4chtnis hinterlassen haben.","breadcrumb":{"@id":"https:\/\/aguilas.es\/de\/erlebnisse-in-aguilas\/aguilas-entdecken\/industrietourismus\/#breadcrumb"},"inLanguage":"de","potentialAction":[{"@type":"ReadAction","target":["https:\/\/aguilas.es\/de\/erlebnisse-in-aguilas\/aguilas-entdecken\/industrietourismus\/"]}]},{"@type":"ImageObject","inLanguage":"de","@id":"https:\/\/aguilas.es\/de\/erlebnisse-in-aguilas\/aguilas-entdecken\/industrietourismus\/#primaryimage","url":"https:\/\/aguilas.es\/wp-content\/uploads\/2025\/07\/alateasocialmedia_oficinaturismo-monumentos-000015.jpg","contentUrl":"https:\/\/aguilas.es\/wp-content\/uploads\/2025\/07\/alateasocialmedia_oficinaturismo-monumentos-000015.jpg","width":1920,"height":1280},{"@type":"BreadcrumbList","@id":"https:\/\/aguilas.es\/de\/erlebnisse-in-aguilas\/aguilas-entdecken\/industrietourismus\/#breadcrumb","itemListElement":[{"@type":"ListItem","position":1,"name":"Portada","item":"https:\/\/aguilas.es\/de\/startseite\/"},{"@type":"ListItem","position":2,"name":"Erlebnisse in \u00c1guilas","item":"https:\/\/aguilas.es\/de\/erlebnisse-in-aguilas\/"},{"@type":"ListItem","position":3,"name":"\u00c1guilas entdecken","item":"https:\/\/aguilas.es\/de\/erlebnisse-in-aguilas\/aguilas-entdecken\/"},{"@type":"ListItem","position":4,"name":"Industrielles Erbe"}]},{"@type":"WebSite","@id":"https:\/\/aguilas.es\/de\/#website","url":"https:\/\/aguilas.es\/de\/","name":"\u00c1guilas Turismo","description":"","publisher":{"@id":"https:\/\/aguilas.es\/de\/#organization"},"potentialAction":[{"@type":"SearchAction","target":{"@type":"EntryPoint","urlTemplate":"https:\/\/aguilas.es\/de\/?s={search_term_string}"},"query-input":{"@type":"PropertyValueSpecification","valueRequired":true,"valueName":"search_term_string"}}],"inLanguage":"de"},{"@type":"Organization","@id":"https:\/\/aguilas.es\/de\/#organization","name":"\u00c1guilas Turismo","url":"https:\/\/aguilas.es\/de\/","logo":{"@type":"ImageObject","inLanguage":"de","@id":"https:\/\/aguilas.es\/de\/#\/schema\/logo\/image\/","url":"https:\/\/aguilas.es\/wp-content\/uploads\/2025\/04\/Logo-Aguilas-turismo.png","contentUrl":"https:\/\/aguilas.es\/wp-content\/uploads\/2025\/04\/Logo-Aguilas-turismo.png","width":575,"height":229,"caption":"\u00c1guilas Turismo"},"image":{"@id":"https:\/\/aguilas.es\/de\/#\/schema\/logo\/image\/"}}]}},"_links":{"self":[{"href":"https:\/\/aguilas.es\/de\/wp-json\/wp\/v2\/pages\/8159","targetHints":{"allow":["GET"]}}],"collection":[{"href":"https:\/\/aguilas.es\/de\/wp-json\/wp\/v2\/pages"}],"about":[{"href":"https:\/\/aguilas.es\/de\/wp-json\/wp\/v2\/types\/page"}],"author":[{"embeddable":true,"href":"https:\/\/aguilas.es\/de\/wp-json\/wp\/v2\/users\/1"}],"replies":[{"embeddable":true,"href":"https:\/\/aguilas.es\/de\/wp-json\/wp\/v2\/comments?post=8159"}],"version-history":[{"count":6,"href":"https:\/\/aguilas.es\/de\/wp-json\/wp\/v2\/pages\/8159\/revisions"}],"predecessor-version":[{"id":10785,"href":"https:\/\/aguilas.es\/de\/wp-json\/wp\/v2\/pages\/8159\/revisions\/10785"}],"up":[{"embeddable":true,"href":"https:\/\/aguilas.es\/de\/wp-json\/wp\/v2\/pages\/8987"}],"wp:featuredmedia":[{"embeddable":true,"href":"https:\/\/aguilas.es\/de\/wp-json\/wp\/v2\/media\/8161"}],"wp:attachment":[{"href":"https:\/\/aguilas.es\/de\/wp-json\/wp\/v2\/media?parent=8159"}],"curies":[{"name":"wp","href":"https:\/\/api.w.org\/{rel}","templated":true}]}}