{"id":8459,"date":"2025-04-03T16:15:45","date_gmt":"2025-04-03T14:15:45","guid":{"rendered":"https:\/\/aguilas.es\/entdecke-aguilas\/"},"modified":"2025-12-30T14:12:49","modified_gmt":"2025-12-30T13:12:49","slug":"entdecke-aguilas","status":"publish","type":"page","link":"https:\/\/aguilas.es\/de\/entdecke-aguilas\/","title":{"rendered":"Entdecke \u00c1guilas"},"content":{"rendered":"\t\t<div data-elementor-type=\"wp-page\" data-elementor-id=\"8459\" class=\"elementor elementor-8459 elementor-3534\">\n\t\t\t\t<div class=\"porto_stretch_css stretch_row_css elementor-element elementor-element-739b092d e-flex e-con-boxed e-con e-parent\" data-id=\"739b092d\" data-element_type=\"container\" data-settings=\"{&quot;background_background&quot;:&quot;classic&quot;}\">\r\n\t\t\t\t\t<div class=\"e-con-inner\">\r\n\t\t<div class=\"elementor-element elementor-element-56b4f492 e-con-full e-flex e-con e-child\" data-id=\"56b4f492\" data-element_type=\"container\">\r\n\t\t\t\t<div class=\"elementor-element elementor-element-2007e596 elementor-widget elementor-widget-porto_ultimate_heading\" data-id=\"2007e596\" data-element_type=\"widget\" data-widget_type=\"porto_ultimate_heading.default\">\n\t\t\t\t<div class=\"elementor-widget-container\">\n\t\t\t\t\t<div class=\"porto-u-heading  porto-u-ad87e2eaf3f9c495180fe0156ddf3eb0\"><div class=\"porto-u-sub-heading\" style=\"\"><p>Ein traumhaftes Urlaubsziel an der Mittelmeerk\u00fcste<\/p><\/div><style>.porto-u-ad87e2eaf3f9c495180fe0156ddf3eb0.porto-u-heading{text-align:left}<\/style><\/div>\t\t\t\t<\/div>\n\t\t\t\t<\/div>\n\t\t\t\t<div class=\"elementor-element elementor-element-5af39c12 elementor-widget elementor-widget-porto_page_header\" data-id=\"5af39c12\" data-element_type=\"widget\" data-widget_type=\"porto_page_header.default\">\n\t\t\t\t<div class=\"elementor-widget-container\">\n\t\t\t\t\t<div class=\"page-top page-header-6\"><style>.page-top { background: none; border-bottom: none; } .page-top .page-title:not(.b-none):after { display: none; }<\/style><div class=\"container hide-title\">\r\n\t<div class=\"row\">\r\n\t\t<div class=\"col-lg-12 clearfix\">\r\n\t\t\t<div class=\"pt-right d-none\">\r\n\t\t\t\t\t\t\t\t<h1 class=\"page-title\"><\/h1>\r\n\t\t\t\t\t\t\t<\/div>\r\n\t\t\t\t\t\t\t<div class=\"breadcrumbs-wrap pt-left\">\r\n\t\t\t\t\t<ul class=\"breadcrumb\" itemscope itemtype=\"https:\/\/schema.org\/BreadcrumbList\"><li class=\"home\" itemprop=\"itemListElement\" itemscope itemtype=\"https:\/\/schema.org\/ListItem\"><a itemprop=\"item\" href=\"https:\/\/aguilas.es\/de\/\" title=\"Go to Home Page\"><span itemprop=\"name\">Home<\/span><\/a><meta itemprop=\"position\" content=\"1\" \/><i class=\"delimiter delimiter-2\"><\/i><\/li><\/ul>\t\t\t\t<\/div>\r\n\t\t\t\t\t\t\t\t<\/div>\r\n\t<\/div>\r\n<\/div>\r\n<\/div>\t\t\t\t<\/div>\n\t\t\t\t<\/div>\n\t\t\t\t<\/div>\n\t\t\t\t\t<\/div>\n\t\t\t\t<\/div>\n\t\t<div class=\"elementor-element elementor-element-f604474 e-flex e-con-boxed e-con e-parent\" data-id=\"f604474\" data-element_type=\"container\">\r\n\t\t\t\t\t<div class=\"e-con-inner\">\r\n\t\t\t\t<div class=\"elementor-element elementor-element-495303b6 elementor-widget elementor-widget-text-editor\" data-id=\"495303b6\" data-element_type=\"widget\" data-widget_type=\"text-editor.default\">\n\t\t\t\t<div class=\"elementor-widget-container\">\n\t\t\t\t\t\t\t\t\t<h3 style=\"text-align: center;\" data-section-id=\"1tk0f0h\" data-start=\"164\" data-end=\"229\"><strong data-start=\"168\" data-end=\"227\">Alles, was du brauchst, um \u00c1guilas in deinem eigenen Tempo zu entdecken<\/strong><\/h3><p data-start=\"230\" data-end=\"416\">Entdecke n\u00fctzliche Informationen \u00fcber \u00c1guilas als SICTED-Destination, lade deine Reisef\u00fchrer herunter, lerne ihre Geschichte, bezaubernde Ecken und vieles mehr kennen, um ein unvergessliches Erlebnis zu planen. Wenn du ein Reiseziel suchst, das alles hat \u2013 spektakul\u00e4re Str\u00e4nde, k\u00f6stliche Gastronomie, lebendige Kultur und eine Gastfreundschaft, bei der du dich wie zu Hause f\u00fchlst \u2013 ist <strong data-start=\"398\" data-end=\"409\">\u00c1guilas<\/strong> dein Ort.  <\/p><p style=\"text-align: center;\" data-start=\"230\" data-end=\"416\"><strong>Entdecke \u00c1guilas. F\u00fchle \u00c1guilas. W\u00e4hle es.  <\/strong><\/p>\t\t\t\t\t\t\t\t<\/div>\n\t\t\t\t<\/div>\n\t\t\t\t\t<\/div>\n\t\t\t\t<\/div>\n\t\t<div class=\"elementor-element elementor-element-3cd0889f e-flex e-con-boxed e-con e-parent\" data-id=\"3cd0889f\" data-element_type=\"container\">\r\n\t\t\t\t\t<div class=\"e-con-inner\">\r\n\t\t\t\t<div class=\"elementor-element elementor-element-4a7fc631 elemento-titulo-con-subtitulo elementor-widget elementor-widget-porto_ultimate_heading\" data-id=\"4a7fc631\" data-element_type=\"widget\" data-widget_type=\"porto_ultimate_heading.default\">\n\t\t\t\t<div class=\"elementor-widget-container\">\n\t\t\t\t\t<div class=\"porto-u-heading  porto-u-55ca8359258f9a412be7e73af65d2aac\"><div class=\"porto-u-main-heading\"><h2   >Karte<\/h2><\/div><div class=\"porto-u-sub-heading\" style=\"\"><p>Dein Abenteuer beginnt hier: Suche deine Pl\u00e4ne<\/p><\/div><style>.porto-u-55ca8359258f9a412be7e73af65d2aac.porto-u-heading{text-align:center}<\/style><\/div>\t\t\t\t<\/div>\n\t\t\t\t<\/div>\n\t\t\t\t<div class=\"elementor-element elementor-element-2436c043 elementor-widget elementor-widget-shortcode\" data-id=\"2436c043\" data-element_type=\"widget\" data-widget_type=\"shortcode.default\">\n\t\t\t\t<div class=\"elementor-widget-container\">\n\t\t\t\t\t\t\t<div class=\"elementor-shortcode\">    <div class=\"aguilas-shortcode-loader\" id=\"aguilas-lista-web-69f73e9e2d974\"\r\n        data-tipo=\"lista-web\"  data-id-lista=\"79\"  data-items=\"6\"  data-filtros=\"0\" >\r\n        <div class=\"aguilas-loader\">\r\n            <div class=\"aguilas-spinner\"><\/div>\r\n            <p>Laden...<\/p>\r\n        <\/div>\r\n    <\/div>\r\n    <\/div>\n\t\t\t\t\t\t<\/div>\n\t\t\t\t<\/div>\n\t\t\t\t\t<\/div>\n\t\t\t\t<\/div>\n\t\t<div class=\"elementor-element elementor-element-ec09a55 e-flex e-con-boxed e-con e-parent\" data-id=\"ec09a55\" data-element_type=\"container\">\r\n\t\t\t\t\t<div class=\"e-con-inner\">\r\n\t\t\t\t<div class=\"elementor-element elementor-element-1c1bf24 elemento-titulo-con-subtitulo elementor-widget elementor-widget-porto_ultimate_heading\" data-id=\"1c1bf24\" data-element_type=\"widget\" data-widget_type=\"porto_ultimate_heading.default\">\n\t\t\t\t<div class=\"elementor-widget-container\">\n\t\t\t\t\t<div class=\"porto-u-heading  porto-u-55ca8359258f9a412be7e73af65d2aac\"><div class=\"porto-u-main-heading\"><h2   >Downloads<\/h2><\/div><style>.porto-u-55ca8359258f9a412be7e73af65d2aac.porto-u-heading{text-align:center}<\/style><\/div>\t\t\t\t<\/div>\n\t\t\t\t<\/div>\n\t\t\t\t<div class=\"elementor-element elementor-element-7b7d5946 elementor-widget elementor-widget-shortcode\" data-id=\"7b7d5946\" data-element_type=\"widget\" data-widget_type=\"shortcode.default\">\n\t\t\t\t<div class=\"elementor-widget-container\">\n\t\t\t\t\t\t\t<div class=\"elementor-shortcode\">    <div class=\"aguilas-shortcode-loader\" id=\"aguilas-lista-web-69f73e9e2dec1\"\r\n        data-tipo=\"lista-web\"  data-id-lista=\"6\"  data-items=\"6\"  data-filtros=\"0\" >\r\n        <div class=\"aguilas-loader\">\r\n            <div class=\"aguilas-spinner\"><\/div>\r\n            <p>Laden...<\/p>\r\n        <\/div>\r\n    <\/div>\r\n    <\/div>\n\t\t\t\t\t\t<\/div>\n\t\t\t\t<\/div>\n\t\t\t\t\t<\/div>\n\t\t\t\t<\/div>\n\t\t\t\t<\/div>\n\t\t","protected":false},"excerpt":{"rendered":"<p>Ein traumhaftes Urlaubsziel an der Mittelmeerk\u00fcste Home Alles, was du brauchst, um \u00c1guilas in deinem eigenen Tempo zu entdecken Entdecke n\u00fctzliche Informationen \u00fcber \u00c1guilas als SICTED-Destination, lade deine Reisef\u00fchrer herunter, lerne ihre Geschichte, bezaubernde Ecken und vieles mehr kennen, um ein unvergessliches Erlebnis zu planen. Wenn du ein Reiseziel suchst, das alles hat \u2013 spektakul\u00e4re [&hellip;]<\/p>\n","protected":false},"author":1,"featured_media":8464,"parent":0,"menu_order":0,"comment_status":"closed","ping_status":"closed","template":"","meta":{"footnotes":""},"class_list":["post-8459","page","type-page","status-publish","has-post-thumbnail","hentry"],"yoast_head":"<!-- This site is optimized with the Yoast SEO plugin v26.6 - https:\/\/yoast.com\/wordpress\/plugins\/seo\/ -->\n<title>\u00c1guilas Turismo | Entdecke \u00c1guilas<\/title>\n<meta name=\"description\" content=\"Erfahre mehr \u00fcber die Gemeinde \u00c1guilas, unsere Geschichte, interessante Fakten und unser Engagement f\u00fcr touristische Qualit\u00e4t SICTED.\" \/>\n<meta name=\"robots\" content=\"index, follow, max-snippet:-1, max-image-preview:large, max-video-preview:-1\" \/>\n<link rel=\"canonical\" href=\"https:\/\/aguilas.es\/de\/entdecke-aguilas\/\" \/>\n<meta property=\"og:locale\" content=\"de_DE\" \/>\n<meta property=\"og:type\" content=\"article\" \/>\n<meta property=\"og:title\" content=\"\u00c1guilas Turismo | Entdecke \u00c1guilas\" \/>\n<meta property=\"og:description\" content=\"Erfahre mehr \u00fcber die Gemeinde \u00c1guilas, unsere Geschichte, interessante Fakten und unser Engagement f\u00fcr touristische Qualit\u00e4t SICTED.\" \/>\n<meta property=\"og:url\" content=\"https:\/\/aguilas.es\/de\/entdecke-aguilas\/\" \/>\n<meta property=\"og:site_name\" content=\"\u00c1guilas Turismo\" \/>\n<meta property=\"article:modified_time\" content=\"2025-12-30T13:12:49+00:00\" \/>\n<meta property=\"og:image\" content=\"https:\/\/aguilas.es\/wp-content\/uploads\/2025\/12\/alateasocialmedia_oficinaturismo-ciudad-000091.jpg\" \/>\n\t<meta property=\"og:image:width\" content=\"1920\" \/>\n\t<meta property=\"og:image:height\" content=\"688\" \/>\n\t<meta property=\"og:image:type\" content=\"image\/jpeg\" \/>\n<meta name=\"twitter:card\" content=\"summary_large_image\" \/>\n<meta name=\"twitter:label1\" content=\"Gesch\u00e4tzte Lesezeit\" \/>\n\t<meta name=\"twitter:data1\" content=\"1\u00a0Minute\" \/>\n<script type=\"application\/ld+json\" class=\"yoast-schema-graph\">{\"@context\":\"https:\/\/schema.org\",\"@graph\":[{\"@type\":\"WebPage\",\"@id\":\"https:\/\/aguilas.es\/de\/entdecke-aguilas\/\",\"url\":\"https:\/\/aguilas.es\/de\/entdecke-aguilas\/\",\"name\":\"\u00c1guilas Turismo | Entdecke \u00c1guilas\",\"isPartOf\":{\"@id\":\"https:\/\/aguilas.es\/de\/#website\"},\"primaryImageOfPage\":{\"@id\":\"https:\/\/aguilas.es\/de\/entdecke-aguilas\/#primaryimage\"},\"image\":{\"@id\":\"https:\/\/aguilas.es\/de\/entdecke-aguilas\/#primaryimage\"},\"thumbnailUrl\":\"https:\/\/aguilas.es\/wp-content\/uploads\/2025\/12\/alateasocialmedia_oficinaturismo-ciudad-000091.jpg\",\"datePublished\":\"2025-04-03T14:15:45+00:00\",\"dateModified\":\"2025-12-30T13:12:49+00:00\",\"description\":\"Erfahre mehr \u00fcber die Gemeinde \u00c1guilas, unsere Geschichte, interessante Fakten und unser Engagement f\u00fcr touristische Qualit\u00e4t SICTED.\",\"breadcrumb\":{\"@id\":\"https:\/\/aguilas.es\/de\/entdecke-aguilas\/#breadcrumb\"},\"inLanguage\":\"de\",\"potentialAction\":[{\"@type\":\"ReadAction\",\"target\":[\"https:\/\/aguilas.es\/de\/entdecke-aguilas\/\"]}]},{\"@type\":\"ImageObject\",\"inLanguage\":\"de\",\"@id\":\"https:\/\/aguilas.es\/de\/entdecke-aguilas\/#primaryimage\",\"url\":\"https:\/\/aguilas.es\/wp-content\/uploads\/2025\/12\/alateasocialmedia_oficinaturismo-ciudad-000091.jpg\",\"contentUrl\":\"https:\/\/aguilas.es\/wp-content\/uploads\/2025\/12\/alateasocialmedia_oficinaturismo-ciudad-000091.jpg\",\"width\":1920,\"height\":688},{\"@type\":\"BreadcrumbList\",\"@id\":\"https:\/\/aguilas.es\/de\/entdecke-aguilas\/#breadcrumb\",\"itemListElement\":[{\"@type\":\"ListItem\",\"position\":1,\"name\":\"Portada\",\"item\":\"https:\/\/aguilas.es\/de\/startseite\/\"},{\"@type\":\"ListItem\",\"position\":2,\"name\":\"Entdecke \u00c1guilas\"}]},{\"@type\":\"WebSite\",\"@id\":\"https:\/\/aguilas.es\/de\/#website\",\"url\":\"https:\/\/aguilas.es\/de\/\",\"name\":\"\u00c1guilas Turismo\",\"description\":\"\",\"publisher\":{\"@id\":\"https:\/\/aguilas.es\/de\/#organization\"},\"potentialAction\":[{\"@type\":\"SearchAction\",\"target\":{\"@type\":\"EntryPoint\",\"urlTemplate\":\"https:\/\/aguilas.es\/de\/?s={search_term_string}\"},\"query-input\":{\"@type\":\"PropertyValueSpecification\",\"valueRequired\":true,\"valueName\":\"search_term_string\"}}],\"inLanguage\":\"de\"},{\"@type\":\"Organization\",\"@id\":\"https:\/\/aguilas.es\/de\/#organization\",\"name\":\"\u00c1guilas Turismo\",\"url\":\"https:\/\/aguilas.es\/de\/\",\"logo\":{\"@type\":\"ImageObject\",\"inLanguage\":\"de\",\"@id\":\"https:\/\/aguilas.es\/de\/#\/schema\/logo\/image\/\",\"url\":\"https:\/\/aguilas.es\/wp-content\/uploads\/2025\/04\/Logo-Aguilas-turismo.png\",\"contentUrl\":\"https:\/\/aguilas.es\/wp-content\/uploads\/2025\/04\/Logo-Aguilas-turismo.png\",\"width\":575,\"height\":229,\"caption\":\"\u00c1guilas Turismo\"},\"image\":{\"@id\":\"https:\/\/aguilas.es\/de\/#\/schema\/logo\/image\/\"}}]}<\/script>\n<!-- \/ Yoast SEO plugin. -->","yoast_head_json":{"title":"\u00c1guilas Turismo | Entdecke \u00c1guilas","description":"Erfahre mehr \u00fcber die Gemeinde \u00c1guilas, unsere Geschichte, interessante Fakten und unser Engagement f\u00fcr touristische Qualit\u00e4t SICTED.","robots":{"index":"index","follow":"follow","max-snippet":"max-snippet:-1","max-image-preview":"max-image-preview:large","max-video-preview":"max-video-preview:-1"},"canonical":"https:\/\/aguilas.es\/de\/entdecke-aguilas\/","og_locale":"de_DE","og_type":"article","og_title":"\u00c1guilas Turismo | Entdecke \u00c1guilas","og_description":"Erfahre mehr \u00fcber die Gemeinde \u00c1guilas, unsere Geschichte, interessante Fakten und unser Engagement f\u00fcr touristische Qualit\u00e4t SICTED.","og_url":"https:\/\/aguilas.es\/de\/entdecke-aguilas\/","og_site_name":"\u00c1guilas Turismo","article_modified_time":"2025-12-30T13:12:49+00:00","og_image":[{"width":1920,"height":688,"url":"https:\/\/aguilas.es\/wp-content\/uploads\/2025\/12\/alateasocialmedia_oficinaturismo-ciudad-000091.jpg","type":"image\/jpeg"}],"twitter_card":"summary_large_image","twitter_misc":{"Gesch\u00e4tzte Lesezeit":"1\u00a0Minute"},"schema":{"@context":"https:\/\/schema.org","@graph":[{"@type":"WebPage","@id":"https:\/\/aguilas.es\/de\/entdecke-aguilas\/","url":"https:\/\/aguilas.es\/de\/entdecke-aguilas\/","name":"\u00c1guilas Turismo | Entdecke \u00c1guilas","isPartOf":{"@id":"https:\/\/aguilas.es\/de\/#website"},"primaryImageOfPage":{"@id":"https:\/\/aguilas.es\/de\/entdecke-aguilas\/#primaryimage"},"image":{"@id":"https:\/\/aguilas.es\/de\/entdecke-aguilas\/#primaryimage"},"thumbnailUrl":"https:\/\/aguilas.es\/wp-content\/uploads\/2025\/12\/alateasocialmedia_oficinaturismo-ciudad-000091.jpg","datePublished":"2025-04-03T14:15:45+00:00","dateModified":"2025-12-30T13:12:49+00:00","description":"Erfahre mehr \u00fcber die Gemeinde \u00c1guilas, unsere Geschichte, interessante Fakten und unser Engagement f\u00fcr touristische Qualit\u00e4t SICTED.","breadcrumb":{"@id":"https:\/\/aguilas.es\/de\/entdecke-aguilas\/#breadcrumb"},"inLanguage":"de","potentialAction":[{"@type":"ReadAction","target":["https:\/\/aguilas.es\/de\/entdecke-aguilas\/"]}]},{"@type":"ImageObject","inLanguage":"de","@id":"https:\/\/aguilas.es\/de\/entdecke-aguilas\/#primaryimage","url":"https:\/\/aguilas.es\/wp-content\/uploads\/2025\/12\/alateasocialmedia_oficinaturismo-ciudad-000091.jpg","contentUrl":"https:\/\/aguilas.es\/wp-content\/uploads\/2025\/12\/alateasocialmedia_oficinaturismo-ciudad-000091.jpg","width":1920,"height":688},{"@type":"BreadcrumbList","@id":"https:\/\/aguilas.es\/de\/entdecke-aguilas\/#breadcrumb","itemListElement":[{"@type":"ListItem","position":1,"name":"Portada","item":"https:\/\/aguilas.es\/de\/startseite\/"},{"@type":"ListItem","position":2,"name":"Entdecke \u00c1guilas"}]},{"@type":"WebSite","@id":"https:\/\/aguilas.es\/de\/#website","url":"https:\/\/aguilas.es\/de\/","name":"\u00c1guilas Turismo","description":"","publisher":{"@id":"https:\/\/aguilas.es\/de\/#organization"},"potentialAction":[{"@type":"SearchAction","target":{"@type":"EntryPoint","urlTemplate":"https:\/\/aguilas.es\/de\/?s={search_term_string}"},"query-input":{"@type":"PropertyValueSpecification","valueRequired":true,"valueName":"search_term_string"}}],"inLanguage":"de"},{"@type":"Organization","@id":"https:\/\/aguilas.es\/de\/#organization","name":"\u00c1guilas Turismo","url":"https:\/\/aguilas.es\/de\/","logo":{"@type":"ImageObject","inLanguage":"de","@id":"https:\/\/aguilas.es\/de\/#\/schema\/logo\/image\/","url":"https:\/\/aguilas.es\/wp-content\/uploads\/2025\/04\/Logo-Aguilas-turismo.png","contentUrl":"https:\/\/aguilas.es\/wp-content\/uploads\/2025\/04\/Logo-Aguilas-turismo.png","width":575,"height":229,"caption":"\u00c1guilas Turismo"},"image":{"@id":"https:\/\/aguilas.es\/de\/#\/schema\/logo\/image\/"}}]}},"_links":{"self":[{"href":"https:\/\/aguilas.es\/de\/wp-json\/wp\/v2\/pages\/8459","targetHints":{"allow":["GET"]}}],"collection":[{"href":"https:\/\/aguilas.es\/de\/wp-json\/wp\/v2\/pages"}],"about":[{"href":"https:\/\/aguilas.es\/de\/wp-json\/wp\/v2\/types\/page"}],"author":[{"embeddable":true,"href":"https:\/\/aguilas.es\/de\/wp-json\/wp\/v2\/users\/1"}],"replies":[{"embeddable":true,"href":"https:\/\/aguilas.es\/de\/wp-json\/wp\/v2\/comments?post=8459"}],"version-history":[{"count":1,"href":"https:\/\/aguilas.es\/de\/wp-json\/wp\/v2\/pages\/8459\/revisions"}],"predecessor-version":[{"id":8466,"href":"https:\/\/aguilas.es\/de\/wp-json\/wp\/v2\/pages\/8459\/revisions\/8466"}],"wp:featuredmedia":[{"embeddable":true,"href":"https:\/\/aguilas.es\/de\/wp-json\/wp\/v2\/media\/8464"}],"wp:attachment":[{"href":"https:\/\/aguilas.es\/de\/wp-json\/wp\/v2\/media?parent=8459"}],"curies":[{"name":"wp","href":"https:\/\/api.w.org\/{rel}","templated":true}]}}