{"id":8641,"date":"2025-04-03T16:19:56","date_gmt":"2025-04-03T14:19:56","guid":{"rendered":"https:\/\/aguilas.es\/barrierefreier-tourismus\/"},"modified":"2026-02-23T13:10:09","modified_gmt":"2026-02-23T12:10:09","slug":"barrierefreier-tourismus","status":"publish","type":"page","link":"https:\/\/aguilas.es\/de\/erlebnisse-in-aguilas\/aguilas-entdecken\/barrierefreier-tourismus\/","title":{"rendered":"Barrierefreier Tourismus"},"content":{"rendered":"\t\t<div data-elementor-type=\"wp-page\" data-elementor-id=\"8641\" class=\"elementor elementor-8641 elementor-3559\">\n\t\t\t\t<div class=\"porto_stretch_css stretch_row_css elementor-element elementor-element-e70e6e7 e-flex e-con-boxed e-con e-parent\" data-id=\"e70e6e7\" data-element_type=\"container\" data-settings=\"{&quot;background_background&quot;:&quot;classic&quot;}\">\r\n\t\t\t\t\t<div class=\"e-con-inner\">\r\n\t\t<div class=\"elementor-element elementor-element-01ace81 e-con-full e-flex e-con e-child\" data-id=\"01ace81\" data-element_type=\"container\">\r\n\t\t\t\t<div class=\"elementor-element elementor-element-c3f6e44 elementor-widget elementor-widget-porto_ultimate_heading\" data-id=\"c3f6e44\" data-element_type=\"widget\" data-widget_type=\"porto_ultimate_heading.default\">\n\t\t\t\t<div class=\"elementor-widget-container\">\n\t\t\t\t\t<div class=\"porto-u-heading  porto-u-ad87e2eaf3f9c495180fe0156ddf3eb0\"><div class=\"porto-u-sub-heading\" style=\"\"><p>Barrierefreies \u00c1guilas: Natursch\u00f6nheit und Barrierefreiheit an der K\u00fcste<\/p><\/div><style>.porto-u-ad87e2eaf3f9c495180fe0156ddf3eb0.porto-u-heading{text-align:left}<\/style><\/div>\t\t\t\t<\/div>\n\t\t\t\t<\/div>\n\t\t\t\t<div class=\"elementor-element elementor-element-4425ad0 elementor-widget elementor-widget-porto_page_header\" data-id=\"4425ad0\" data-element_type=\"widget\" data-widget_type=\"porto_page_header.default\">\n\t\t\t\t<div class=\"elementor-widget-container\">\n\t\t\t\t\t<div class=\"page-top page-header-6\"><style>.page-top { background: none; border-bottom: none; } .page-top .page-title:not(.b-none):after { display: none; }<\/style><div class=\"container hide-title\">\r\n\t<div class=\"row\">\r\n\t\t<div class=\"col-lg-12 clearfix\">\r\n\t\t\t<div class=\"pt-right d-none\">\r\n\t\t\t\t\t\t\t\t<h1 class=\"page-title\"><\/h1>\r\n\t\t\t\t\t\t\t<\/div>\r\n\t\t\t\t\t\t\t<div class=\"breadcrumbs-wrap pt-left\">\r\n\t\t\t\t\t<ul class=\"breadcrumb\" itemscope itemtype=\"https:\/\/schema.org\/BreadcrumbList\"><li class=\"home\" itemprop=\"itemListElement\" itemscope itemtype=\"https:\/\/schema.org\/ListItem\"><a itemprop=\"item\" href=\"https:\/\/aguilas.es\/de\/\" title=\"Go to Home Page\"><span itemprop=\"name\">Home<\/span><\/a><meta itemprop=\"position\" content=\"1\" \/><i class=\"delimiter delimiter-2\"><\/i><\/li><\/ul>\t\t\t\t<\/div>\r\n\t\t\t\t\t\t\t\t<\/div>\r\n\t<\/div>\r\n<\/div>\r\n<\/div>\t\t\t\t<\/div>\n\t\t\t\t<\/div>\n\t\t\t\t<\/div>\n\t\t\t\t\t<\/div>\n\t\t\t\t<\/div>\n\t\t<div class=\"elementor-element elementor-element-50dbdab e-flex e-con-boxed e-con e-parent\" data-id=\"50dbdab\" data-element_type=\"container\">\r\n\t\t\t\t\t<div class=\"e-con-inner\">\r\n\t\t\t\t<div class=\"elementor-element elementor-element-a1f70f7 elementor-widget elementor-widget-text-editor\" data-id=\"a1f70f7\" data-element_type=\"widget\" data-widget_type=\"text-editor.default\">\n\t\t\t\t<div class=\"elementor-widget-container\">\n\t\t\t\t\t\t\t\t\t<h3 style=\"text-align: center;\" data-start=\"256\" data-end=\"285\"><strong data-start=\"260\" data-end=\"285\">\u00c1guilas ist f\u00fcr alle da<\/strong><\/h3><p style=\"text-align: center;\" data-start=\"287\" data-end=\"529\">Mit angepassten Str\u00e4nden, barrierefreien Stegen, Amphibienst\u00fchlen und betreuten Badebereichen ist das Meer in \u00c1guilas f\u00fcr alle da.<br data-start=\"405\" data-end=\"408\">Die Tourismuszentrale beseitigt Barrieren, und inklusive Spielpl\u00e4tze laden zum gemeinsamen Spiel ohne Unterschiede ein.<\/p><p style=\"text-align: center;\" data-start=\"531\" data-end=\"684\">Hier schlie\u00dfen Freizeit, Kultur und Erholung niemanden aus.<br data-start=\"591\" data-end=\"594\">Komm und erlebe ein Reiseziel, das f\u00fcr dich gemacht ist.<br data-start=\"632\" data-end=\"635\"><strong data-start=\"635\" data-end=\"684\">Ohne Grenzen. Ohne Barrieren. Nur Erlebnisse.<\/strong><\/p><p style=\"text-align: center;\" data-start=\"686\" data-end=\"708\"><strong data-start=\"686\" data-end=\"708\">\u00c1guilas erwartet Sie.<\/strong><\/p>\t\t\t\t\t\t\t\t<\/div>\n\t\t\t\t<\/div>\n\t\t\t\t\t<\/div>\n\t\t\t\t<\/div>\n\t\t<div class=\"elementor-element elementor-element-52aa73f e-con-full e-flex e-con e-parent\" data-id=\"52aa73f\" data-element_type=\"container\">\r\n\t\t\t\t<div class=\"elementor-element elementor-element-e41d697 elemento-titulo-con-subtitulo elementor-widget elementor-widget-porto_ultimate_heading\" data-id=\"e41d697\" data-element_type=\"widget\" data-widget_type=\"porto_ultimate_heading.default\">\n\t\t\t\t<div class=\"elementor-widget-container\">\n\t\t\t\t\t<div class=\"porto-u-heading  porto-u-55ca8359258f9a412be7e73af65d2aac\"><div class=\"porto-u-main-heading\"><h2   >BARRIEREFREIHEIT IN \u00c1GUILAS<\/h2><\/div><div class=\"porto-u-sub-heading\" style=\"\"><p>Barrierefreier Park f\u00fcr alle, ein Ort f\u00fcr jedes L\u00e4cheln<\/p><\/div><style>.porto-u-55ca8359258f9a412be7e73af65d2aac.porto-u-heading{text-align:center}<\/style><\/div>\t\t\t\t<\/div>\n\t\t\t\t<\/div>\n\t\t<div class=\"elementor-element elementor-element-fa8882e e-con-full e-flex e-con e-child\" data-id=\"fa8882e\" data-element_type=\"container\">\r\n\t\t<div class=\"elementor-element elementor-element-c631274 e-con-full contenedor-imagenes e-flex e-con e-child\" data-id=\"c631274\" data-element_type=\"container\">\r\n\t\t\t\t<div class=\"elementor-element elementor-element-5010673 imagen-1 elementor-widget elementor-widget-image\" data-id=\"5010673\" data-element_type=\"widget\" data-widget_type=\"image.default\">\n\t\t\t\t<div class=\"elementor-widget-container\">\n\t\t\t\t\t\t\t\t\t\t\t\t\t\t\t<img fetchpriority=\"high\" decoding=\"async\" width=\"450\" height=\"231\" src=\"https:\/\/aguilas.es\/wp-content\/uploads\/2025\/07\/alateasocialmedia_oficinaturismo-ciudad_000154-450x231.jpg\" class=\"attachment-related-post size-related-post wp-image-8645\" alt=\"\" \/>\t\t\t\t\t\t\t\t\t\t\t\t\t\t\t<\/div>\n\t\t\t\t<\/div>\n\t\t\t\t<div class=\"elementor-element elementor-element-f40b35b imagen-2 elementor-widget elementor-widget-image\" data-id=\"f40b35b\" data-element_type=\"widget\" data-widget_type=\"image.default\">\n\t\t\t\t<div class=\"elementor-widget-container\">\n\t\t\t\t\t\t\t\t\t\t\t\t\t\t\t<img decoding=\"async\" width=\"450\" height=\"231\" src=\"https:\/\/aguilas.es\/wp-content\/uploads\/2025\/07\/alateasocialmedia_oficinaturismo-ciudad_000141-450x231.jpg\" class=\"attachment-related-post size-related-post wp-image-8644\" alt=\"\" \/>\t\t\t\t\t\t\t\t\t\t\t\t\t\t\t<\/div>\n\t\t\t\t<\/div>\n\t\t\t\t<div class=\"elementor-element elementor-element-dcded3a imagen-3 elementor-widget elementor-widget-image\" data-id=\"dcded3a\" data-element_type=\"widget\" data-widget_type=\"image.default\">\n\t\t\t\t<div class=\"elementor-widget-container\">\n\t\t\t\t\t\t\t\t\t\t\t\t\t\t\t<img decoding=\"async\" width=\"450\" height=\"231\" src=\"https:\/\/aguilas.es\/wp-content\/uploads\/2025\/07\/alateasocialmedia_oficinaturismo-ciudad_000128-450x231.jpg\" class=\"attachment-related-post size-related-post wp-image-8648\" alt=\"\" \/>\t\t\t\t\t\t\t\t\t\t\t\t\t\t\t<\/div>\n\t\t\t\t<\/div>\n\t\t\t\t<\/div>\n\t\t\t\t<div class=\"elementor-element elementor-element-4c505bf elementor-widget__width-initial elementor-widget elementor-widget-text-editor\" data-id=\"4c505bf\" data-element_type=\"widget\" data-widget_type=\"text-editor.default\">\n\t\t\t\t<div class=\"elementor-widget-container\">\n\t\t\t\t\t\t\t\t\t<p data-start=\"89\" data-end=\"133\"><strong data-start=\"89\" data-end=\"133\">\u00c1guilas, ein barrierefreies Reiseziel f\u00fcr alle<\/strong><\/p><p data-start=\"135\" data-end=\"495\">In \u00c1guilas ist das Meer, die Kultur und die Natur f\u00fcr jeden erreichbar. Die wichtigsten Str\u00e4nde, wie Poniente, Levante oder La Colonia, verf\u00fcgen \u00fcber angepasste Zug\u00e4nge, Stege, Amphibienst\u00fchle und pers\u00f6nliche Betreuung f\u00fcr Menschen mit eingeschr\u00e4nkter Mobilit\u00e4t. Dar\u00fcber hinaus erm\u00f6glicht die innovative \u201eBadeinsel\u201c in La Colonia einen sicheren und bequemen Zugang zum Meer.  <\/p><p data-start=\"497\" data-end=\"789\">Die Stadt bietet auch barrierefreie Kulturr\u00e4ume, wie das Tourismusb\u00fcro, das f\u00fcr die Betreuung von Besuchern mit k\u00f6rperlichen oder H\u00f6rbehinderungen ausgestattet ist. Und f\u00fcr die Kleinsten garantieren mehrere integrative Spielpl\u00e4tze das Spielen ohne Barrieren. <\/p><p data-start=\"791\" data-end=\"890\" data-is-last-node=\"\" data-is-only-node=\"\"><strong data-start=\"791\" data-end=\"890\" data-is-last-node=\"\">\u00c1guilas erwartet Sie mit Str\u00e4nden, Kultur und Freizeitangeboten f\u00fcr alle. Kommen Sie und entdecken Sie es ohne Grenzen. <\/strong><\/p>\t\t\t\t\t\t\t\t<\/div>\n\t\t\t\t<\/div>\n\t\t\t\t<\/div>\n\t\t\t\t<\/div>\n\t\t<div class=\"elementor-element elementor-element-05b3c2b e-flex e-con-boxed e-con e-parent\" data-id=\"05b3c2b\" data-element_type=\"container\">\r\n\t\t\t\t\t<div class=\"e-con-inner\">\r\n\t\t\t\t<div class=\"elementor-element elementor-element-d6f54f5 elemento-titulo-con-subtitulo elementor-widget elementor-widget-porto_ultimate_heading\" data-id=\"d6f54f5\" data-element_type=\"widget\" data-widget_type=\"porto_ultimate_heading.default\">\n\t\t\t\t<div class=\"elementor-widget-container\">\n\t\t\t\t\t<div class=\"porto-u-heading  porto-u-55ca8359258f9a412be7e73af65d2aac\"><div class=\"porto-u-main-heading\"><h2   >Karte<\/h2><\/div><div class=\"porto-u-sub-heading\" style=\"\"><p>Genie\u00dfen Sie Familienaktivit\u00e4ten, die f\u00fcr alle konzipiert sind, mit barrierefreien Optionen, die Spa\u00df ohne Barrieren f\u00fcr Jung und Alt garantieren<\/p><\/div><style>.porto-u-55ca8359258f9a412be7e73af65d2aac.porto-u-heading{text-align:center}<\/style><\/div>\t\t\t\t<\/div>\n\t\t\t\t<\/div>\n\t\t\t\t<div class=\"elementor-element elementor-element-230c87e elementor-widget elementor-widget-shortcode\" data-id=\"230c87e\" data-element_type=\"widget\" data-widget_type=\"shortcode.default\">\n\t\t\t\t<div class=\"elementor-widget-container\">\n\t\t\t\t\t\t\t<div class=\"elementor-shortcode\">    <div class=\"aguilas-shortcode-loader\" id=\"aguilas-lista-web-69f273348e47f\"\r\n        data-tipo=\"lista-web\"  data-id-lista=\"48\"  data-items=\"6\"  data-filtros=\"0\" >\r\n        <div class=\"aguilas-loader\">\r\n            <div class=\"aguilas-spinner\"><\/div>\r\n            <p>Laden...<\/p>\r\n        <\/div>\r\n    <\/div>\r\n    <\/div>\n\t\t\t\t\t\t<\/div>\n\t\t\t\t<\/div>\n\t\t\t\t\t<\/div>\n\t\t\t\t<\/div>\n\t\t<div class=\"elementor-element elementor-element-e91e2f9 e-flex e-con-boxed e-con e-parent\" data-id=\"e91e2f9\" data-element_type=\"container\">\r\n\t\t\t\t\t<div class=\"e-con-inner\">\r\n\t\t\t\t<div class=\"elementor-element elementor-element-ada0da8 elemento-titulo-con-subtitulo elementor-widget elementor-widget-porto_ultimate_heading\" data-id=\"ada0da8\" data-element_type=\"widget\" data-widget_type=\"porto_ultimate_heading.default\">\n\t\t\t\t<div class=\"elementor-widget-container\">\n\t\t\t\t\t<div class=\"porto-u-heading  porto-u-55ca8359258f9a412be7e73af65d2aac\"><div class=\"porto-u-main-heading\"><h2   >HERUNTERLADEN<\/h2><\/div><div class=\"porto-u-sub-heading\" style=\"\"><p>Erg\u00e4nzen Sie Ihre Reise mit anderen interessanten Aktivit\u00e4ten<\/p><\/div><style>.porto-u-55ca8359258f9a412be7e73af65d2aac.porto-u-heading{text-align:center}<\/style><\/div>\t\t\t\t<\/div>\n\t\t\t\t<\/div>\n\t\t\t\t<div class=\"elementor-element elementor-element-599bae3 elementor-widget elementor-widget-shortcode\" data-id=\"599bae3\" data-element_type=\"widget\" data-widget_type=\"shortcode.default\">\n\t\t\t\t<div class=\"elementor-widget-container\">\n\t\t\t\t\t\t\t<div class=\"elementor-shortcode\">    <div class=\"aguilas-shortcode-loader\" id=\"aguilas-lista-web-69f273348e79e\"\r\n        data-tipo=\"lista-web\"  data-id-lista=\"58\"  data-items=\"6\"  data-filtros=\"0\" >\r\n        <div class=\"aguilas-loader\">\r\n            <div class=\"aguilas-spinner\"><\/div>\r\n            <p>Laden...<\/p>\r\n        <\/div>\r\n    <\/div>\r\n    <\/div>\n\t\t\t\t\t\t<\/div>\n\t\t\t\t<\/div>\n\t\t\t\t\t<\/div>\n\t\t\t\t<\/div>\n\t\t<div class=\"elementor-element elementor-element-fe1ffb1 e-flex e-con-boxed e-con e-parent\" data-id=\"fe1ffb1\" data-element_type=\"container\">\r\n\t\t\t\t\t<div class=\"e-con-inner\">\r\n\t\t\t\t\t<\/div>\n\t\t\t\t<\/div>\n\t\t\t\t<\/div>\n\t\t","protected":false},"excerpt":{"rendered":"<p>Barrierefreies \u00c1guilas: Natursch\u00f6nheit und Barrierefreiheit an der K\u00fcste Home \u00c1guilas ist f\u00fcr alle da Mit angepassten Str\u00e4nden, barrierefreien Stegen, Amphibienst\u00fchlen und betreuten Badebereichen ist das Meer in \u00c1guilas f\u00fcr alle da.Die Tourismuszentrale beseitigt Barrieren, und inklusive Spielpl\u00e4tze laden zum gemeinsamen Spiel ohne Unterschiede ein. Hier schlie\u00dfen Freizeit, Kultur und Erholung niemanden aus.Komm und erlebe ein [&hellip;]<\/p>\n","protected":false},"author":1,"featured_media":8647,"parent":8987,"menu_order":0,"comment_status":"closed","ping_status":"closed","template":"","meta":{"footnotes":""},"class_list":["post-8641","page","type-page","status-publish","has-post-thumbnail","hentry"],"yoast_head":"<!-- This site is optimized with the Yoast SEO plugin v26.6 - https:\/\/yoast.com\/wordpress\/plugins\/seo\/ -->\n<title>\u00c1guilas Turismo | Barrierefreier Tourismus<\/title>\n<meta name=\"description\" content=\"Entdecke in \u00c1guilas dein barrierefreies Reiseziel, mit Str\u00e4nden, Bereichen und Aktivit\u00e4ten, die an alle Bed\u00fcrfnisse angepasst sind, ohne Grenzen und Barrieren.\" \/>\n<meta name=\"robots\" content=\"index, follow, max-snippet:-1, max-image-preview:large, max-video-preview:-1\" \/>\n<link rel=\"canonical\" href=\"https:\/\/aguilas.es\/de\/erlebnisse-in-aguilas\/aguilas-entdecken\/barrierefreier-tourismus\/\" \/>\n<meta property=\"og:locale\" content=\"de_DE\" \/>\n<meta property=\"og:type\" content=\"article\" \/>\n<meta property=\"og:title\" content=\"\u00c1guilas Turismo | Barrierefreier Tourismus\" \/>\n<meta property=\"og:description\" content=\"Entdecke in \u00c1guilas dein barrierefreies Reiseziel, mit Str\u00e4nden, Bereichen und Aktivit\u00e4ten, die an alle Bed\u00fcrfnisse angepasst sind, ohne Grenzen und Barrieren.\" \/>\n<meta property=\"og:url\" content=\"https:\/\/aguilas.es\/de\/erlebnisse-in-aguilas\/aguilas-entdecken\/barrierefreier-tourismus\/\" \/>\n<meta property=\"og:site_name\" content=\"\u00c1guilas Turismo\" \/>\n<meta property=\"article:modified_time\" content=\"2026-02-23T12:10:09+00:00\" \/>\n<meta property=\"og:image\" content=\"https:\/\/aguilas.es\/wp-content\/uploads\/2025\/07\/alateasocialmedia_oficinaturismo-playas-000096.jpg\" \/>\n\t<meta property=\"og:image:width\" content=\"1920\" \/>\n\t<meta property=\"og:image:height\" content=\"1281\" \/>\n\t<meta property=\"og:image:type\" content=\"image\/jpeg\" \/>\n<meta name=\"twitter:card\" content=\"summary_large_image\" \/>\n<meta name=\"twitter:label1\" content=\"Gesch\u00e4tzte Lesezeit\" \/>\n\t<meta name=\"twitter:data1\" content=\"1\u00a0Minute\" \/>\n<script type=\"application\/ld+json\" class=\"yoast-schema-graph\">{\"@context\":\"https:\/\/schema.org\",\"@graph\":[{\"@type\":\"WebPage\",\"@id\":\"https:\/\/aguilas.es\/de\/erlebnisse-in-aguilas\/aguilas-entdecken\/barrierefreier-tourismus\/\",\"url\":\"https:\/\/aguilas.es\/de\/erlebnisse-in-aguilas\/aguilas-entdecken\/barrierefreier-tourismus\/\",\"name\":\"\u00c1guilas Turismo | Barrierefreier Tourismus\",\"isPartOf\":{\"@id\":\"https:\/\/aguilas.es\/de\/#website\"},\"primaryImageOfPage\":{\"@id\":\"https:\/\/aguilas.es\/de\/erlebnisse-in-aguilas\/aguilas-entdecken\/barrierefreier-tourismus\/#primaryimage\"},\"image\":{\"@id\":\"https:\/\/aguilas.es\/de\/erlebnisse-in-aguilas\/aguilas-entdecken\/barrierefreier-tourismus\/#primaryimage\"},\"thumbnailUrl\":\"https:\/\/aguilas.es\/wp-content\/uploads\/2025\/07\/alateasocialmedia_oficinaturismo-playas-000096.jpg\",\"datePublished\":\"2025-04-03T14:19:56+00:00\",\"dateModified\":\"2026-02-23T12:10:09+00:00\",\"description\":\"Entdecke in \u00c1guilas dein barrierefreies Reiseziel, mit Str\u00e4nden, Bereichen und Aktivit\u00e4ten, die an alle Bed\u00fcrfnisse angepasst sind, ohne Grenzen und Barrieren.\",\"breadcrumb\":{\"@id\":\"https:\/\/aguilas.es\/de\/erlebnisse-in-aguilas\/aguilas-entdecken\/barrierefreier-tourismus\/#breadcrumb\"},\"inLanguage\":\"de\",\"potentialAction\":[{\"@type\":\"ReadAction\",\"target\":[\"https:\/\/aguilas.es\/de\/erlebnisse-in-aguilas\/aguilas-entdecken\/barrierefreier-tourismus\/\"]}]},{\"@type\":\"ImageObject\",\"inLanguage\":\"de\",\"@id\":\"https:\/\/aguilas.es\/de\/erlebnisse-in-aguilas\/aguilas-entdecken\/barrierefreier-tourismus\/#primaryimage\",\"url\":\"https:\/\/aguilas.es\/wp-content\/uploads\/2025\/07\/alateasocialmedia_oficinaturismo-playas-000096.jpg\",\"contentUrl\":\"https:\/\/aguilas.es\/wp-content\/uploads\/2025\/07\/alateasocialmedia_oficinaturismo-playas-000096.jpg\",\"width\":1920,\"height\":1281},{\"@type\":\"BreadcrumbList\",\"@id\":\"https:\/\/aguilas.es\/de\/erlebnisse-in-aguilas\/aguilas-entdecken\/barrierefreier-tourismus\/#breadcrumb\",\"itemListElement\":[{\"@type\":\"ListItem\",\"position\":1,\"name\":\"Portada\",\"item\":\"https:\/\/aguilas.es\/de\/startseite\/\"},{\"@type\":\"ListItem\",\"position\":2,\"name\":\"Erlebnisse in \u00c1guilas\",\"item\":\"https:\/\/aguilas.es\/de\/erlebnisse-in-aguilas\/\"},{\"@type\":\"ListItem\",\"position\":3,\"name\":\"\u00c1guilas entdecken\",\"item\":\"https:\/\/aguilas.es\/de\/erlebnisse-in-aguilas\/aguilas-entdecken\/\"},{\"@type\":\"ListItem\",\"position\":4,\"name\":\"Barrierefreier Tourismus\"}]},{\"@type\":\"WebSite\",\"@id\":\"https:\/\/aguilas.es\/de\/#website\",\"url\":\"https:\/\/aguilas.es\/de\/\",\"name\":\"\u00c1guilas Turismo\",\"description\":\"\",\"publisher\":{\"@id\":\"https:\/\/aguilas.es\/de\/#organization\"},\"potentialAction\":[{\"@type\":\"SearchAction\",\"target\":{\"@type\":\"EntryPoint\",\"urlTemplate\":\"https:\/\/aguilas.es\/de\/?s={search_term_string}\"},\"query-input\":{\"@type\":\"PropertyValueSpecification\",\"valueRequired\":true,\"valueName\":\"search_term_string\"}}],\"inLanguage\":\"de\"},{\"@type\":\"Organization\",\"@id\":\"https:\/\/aguilas.es\/de\/#organization\",\"name\":\"\u00c1guilas Turismo\",\"url\":\"https:\/\/aguilas.es\/de\/\",\"logo\":{\"@type\":\"ImageObject\",\"inLanguage\":\"de\",\"@id\":\"https:\/\/aguilas.es\/de\/#\/schema\/logo\/image\/\",\"url\":\"https:\/\/aguilas.es\/wp-content\/uploads\/2025\/04\/Logo-Aguilas-turismo.png\",\"contentUrl\":\"https:\/\/aguilas.es\/wp-content\/uploads\/2025\/04\/Logo-Aguilas-turismo.png\",\"width\":575,\"height\":229,\"caption\":\"\u00c1guilas Turismo\"},\"image\":{\"@id\":\"https:\/\/aguilas.es\/de\/#\/schema\/logo\/image\/\"}}]}<\/script>\n<!-- \/ Yoast SEO plugin. -->","yoast_head_json":{"title":"\u00c1guilas Turismo | Barrierefreier Tourismus","description":"Entdecke in \u00c1guilas dein barrierefreies Reiseziel, mit Str\u00e4nden, Bereichen und Aktivit\u00e4ten, die an alle Bed\u00fcrfnisse angepasst sind, ohne Grenzen und Barrieren.","robots":{"index":"index","follow":"follow","max-snippet":"max-snippet:-1","max-image-preview":"max-image-preview:large","max-video-preview":"max-video-preview:-1"},"canonical":"https:\/\/aguilas.es\/de\/erlebnisse-in-aguilas\/aguilas-entdecken\/barrierefreier-tourismus\/","og_locale":"de_DE","og_type":"article","og_title":"\u00c1guilas Turismo | Barrierefreier Tourismus","og_description":"Entdecke in \u00c1guilas dein barrierefreies Reiseziel, mit Str\u00e4nden, Bereichen und Aktivit\u00e4ten, die an alle Bed\u00fcrfnisse angepasst sind, ohne Grenzen und Barrieren.","og_url":"https:\/\/aguilas.es\/de\/erlebnisse-in-aguilas\/aguilas-entdecken\/barrierefreier-tourismus\/","og_site_name":"\u00c1guilas Turismo","article_modified_time":"2026-02-23T12:10:09+00:00","og_image":[{"width":1920,"height":1281,"url":"https:\/\/aguilas.es\/wp-content\/uploads\/2025\/07\/alateasocialmedia_oficinaturismo-playas-000096.jpg","type":"image\/jpeg"}],"twitter_card":"summary_large_image","twitter_misc":{"Gesch\u00e4tzte Lesezeit":"1\u00a0Minute"},"schema":{"@context":"https:\/\/schema.org","@graph":[{"@type":"WebPage","@id":"https:\/\/aguilas.es\/de\/erlebnisse-in-aguilas\/aguilas-entdecken\/barrierefreier-tourismus\/","url":"https:\/\/aguilas.es\/de\/erlebnisse-in-aguilas\/aguilas-entdecken\/barrierefreier-tourismus\/","name":"\u00c1guilas Turismo | Barrierefreier Tourismus","isPartOf":{"@id":"https:\/\/aguilas.es\/de\/#website"},"primaryImageOfPage":{"@id":"https:\/\/aguilas.es\/de\/erlebnisse-in-aguilas\/aguilas-entdecken\/barrierefreier-tourismus\/#primaryimage"},"image":{"@id":"https:\/\/aguilas.es\/de\/erlebnisse-in-aguilas\/aguilas-entdecken\/barrierefreier-tourismus\/#primaryimage"},"thumbnailUrl":"https:\/\/aguilas.es\/wp-content\/uploads\/2025\/07\/alateasocialmedia_oficinaturismo-playas-000096.jpg","datePublished":"2025-04-03T14:19:56+00:00","dateModified":"2026-02-23T12:10:09+00:00","description":"Entdecke in \u00c1guilas dein barrierefreies Reiseziel, mit Str\u00e4nden, Bereichen und Aktivit\u00e4ten, die an alle Bed\u00fcrfnisse angepasst sind, ohne Grenzen und Barrieren.","breadcrumb":{"@id":"https:\/\/aguilas.es\/de\/erlebnisse-in-aguilas\/aguilas-entdecken\/barrierefreier-tourismus\/#breadcrumb"},"inLanguage":"de","potentialAction":[{"@type":"ReadAction","target":["https:\/\/aguilas.es\/de\/erlebnisse-in-aguilas\/aguilas-entdecken\/barrierefreier-tourismus\/"]}]},{"@type":"ImageObject","inLanguage":"de","@id":"https:\/\/aguilas.es\/de\/erlebnisse-in-aguilas\/aguilas-entdecken\/barrierefreier-tourismus\/#primaryimage","url":"https:\/\/aguilas.es\/wp-content\/uploads\/2025\/07\/alateasocialmedia_oficinaturismo-playas-000096.jpg","contentUrl":"https:\/\/aguilas.es\/wp-content\/uploads\/2025\/07\/alateasocialmedia_oficinaturismo-playas-000096.jpg","width":1920,"height":1281},{"@type":"BreadcrumbList","@id":"https:\/\/aguilas.es\/de\/erlebnisse-in-aguilas\/aguilas-entdecken\/barrierefreier-tourismus\/#breadcrumb","itemListElement":[{"@type":"ListItem","position":1,"name":"Portada","item":"https:\/\/aguilas.es\/de\/startseite\/"},{"@type":"ListItem","position":2,"name":"Erlebnisse in \u00c1guilas","item":"https:\/\/aguilas.es\/de\/erlebnisse-in-aguilas\/"},{"@type":"ListItem","position":3,"name":"\u00c1guilas entdecken","item":"https:\/\/aguilas.es\/de\/erlebnisse-in-aguilas\/aguilas-entdecken\/"},{"@type":"ListItem","position":4,"name":"Barrierefreier Tourismus"}]},{"@type":"WebSite","@id":"https:\/\/aguilas.es\/de\/#website","url":"https:\/\/aguilas.es\/de\/","name":"\u00c1guilas Turismo","description":"","publisher":{"@id":"https:\/\/aguilas.es\/de\/#organization"},"potentialAction":[{"@type":"SearchAction","target":{"@type":"EntryPoint","urlTemplate":"https:\/\/aguilas.es\/de\/?s={search_term_string}"},"query-input":{"@type":"PropertyValueSpecification","valueRequired":true,"valueName":"search_term_string"}}],"inLanguage":"de"},{"@type":"Organization","@id":"https:\/\/aguilas.es\/de\/#organization","name":"\u00c1guilas Turismo","url":"https:\/\/aguilas.es\/de\/","logo":{"@type":"ImageObject","inLanguage":"de","@id":"https:\/\/aguilas.es\/de\/#\/schema\/logo\/image\/","url":"https:\/\/aguilas.es\/wp-content\/uploads\/2025\/04\/Logo-Aguilas-turismo.png","contentUrl":"https:\/\/aguilas.es\/wp-content\/uploads\/2025\/04\/Logo-Aguilas-turismo.png","width":575,"height":229,"caption":"\u00c1guilas Turismo"},"image":{"@id":"https:\/\/aguilas.es\/de\/#\/schema\/logo\/image\/"}}]}},"_links":{"self":[{"href":"https:\/\/aguilas.es\/de\/wp-json\/wp\/v2\/pages\/8641","targetHints":{"allow":["GET"]}}],"collection":[{"href":"https:\/\/aguilas.es\/de\/wp-json\/wp\/v2\/pages"}],"about":[{"href":"https:\/\/aguilas.es\/de\/wp-json\/wp\/v2\/types\/page"}],"author":[{"embeddable":true,"href":"https:\/\/aguilas.es\/de\/wp-json\/wp\/v2\/users\/1"}],"replies":[{"embeddable":true,"href":"https:\/\/aguilas.es\/de\/wp-json\/wp\/v2\/comments?post=8641"}],"version-history":[{"count":9,"href":"https:\/\/aguilas.es\/de\/wp-json\/wp\/v2\/pages\/8641\/revisions"}],"predecessor-version":[{"id":10805,"href":"https:\/\/aguilas.es\/de\/wp-json\/wp\/v2\/pages\/8641\/revisions\/10805"}],"up":[{"embeddable":true,"href":"https:\/\/aguilas.es\/de\/wp-json\/wp\/v2\/pages\/8987"}],"wp:featuredmedia":[{"embeddable":true,"href":"https:\/\/aguilas.es\/de\/wp-json\/wp\/v2\/media\/8647"}],"wp:attachment":[{"href":"https:\/\/aguilas.es\/de\/wp-json\/wp\/v2\/media?parent=8641"}],"curies":[{"name":"wp","href":"https:\/\/api.w.org\/{rel}","templated":true}]}}