{"id":8759,"date":"2025-06-16T16:05:00","date_gmt":"2025-06-16T14:05:00","guid":{"rendered":"https:\/\/aguilas.es\/aguilas-intelligentes-reiseziel\/"},"modified":"2025-12-30T14:13:28","modified_gmt":"2025-12-30T13:13:28","slug":"aguilas-intelligentes-reiseziel","status":"publish","type":"page","link":"https:\/\/aguilas.es\/de\/aguilas-intelligentes-reiseziel\/","title":{"rendered":"\u00c1guilas \u2013 intelligentes Reiseziel"},"content":{"rendered":"\t\t<div data-elementor-type=\"wp-page\" data-elementor-id=\"8759\" class=\"elementor elementor-8759 elementor-5044\">\n\t\t\t\t<div class=\"elementor-element elementor-element-b9cccfd e-flex e-con-boxed e-con e-parent\" data-id=\"b9cccfd\" data-element_type=\"container\">\r\n\t\t\t\t\t<div class=\"e-con-inner\">\r\n\t\t<a class=\"eael-wrapper-link-3edd614 --eael-wrapper-link-tag\" href=\"https:\/\/www.destinosinteligentes.es\/\"><\/a>\t\t<div data-eael-wrapper-link=\"eael-wrapper-link-3edd614\" class=\"elementor-element elementor-element-3edd614 elementor-widget elementor-widget-image\" data-id=\"3edd614\" data-element_type=\"widget\" data-widget_type=\"image.default\">\n\t\t\t\t<div class=\"elementor-widget-container\">\n\t\t\t\t\t\t\t\t\t\t\t\t\t\t\t<img fetchpriority=\"high\" decoding=\"async\" width=\"724\" height=\"1024\" src=\"https:\/\/aguilas.es\/wp-content\/uploads\/2025\/12\/3.-Certificado_DTI_Aguilas_2025_page-0001-724x1024.jpg\" class=\"attachment-large size-large wp-image-8761\" alt=\"\" srcset=\"https:\/\/aguilas.es\/wp-content\/uploads\/2025\/12\/3.-Certificado_DTI_Aguilas_2025_page-0001-724x1024.jpg 724w, https:\/\/aguilas.es\/wp-content\/uploads\/2025\/12\/3.-Certificado_DTI_Aguilas_2025_page-0001-640x905.jpg 640w, https:\/\/aguilas.es\/wp-content\/uploads\/2025\/12\/3.-Certificado_DTI_Aguilas_2025_page-0001-400x566.jpg 400w\" sizes=\"(max-width: 724px) 100vw, 724px\" \/>\t\t\t\t\t\t\t\t\t\t\t\t\t\t\t<\/div>\n\t\t\t\t<\/div>\n\t\t\t\t<div class=\"elementor-element elementor-element-113d501 elementor-widget elementor-widget-text-editor\" data-id=\"113d501\" data-element_type=\"widget\" data-widget_type=\"text-editor.default\">\n\t\t\t\t<div class=\"elementor-widget-container\">\n\t\t\t\t\t\t\t\t\t<p style=\"text-align: center; line-height: 30px!important;\"><span style=\"font-size: 32px;\"><strong>Weitere Informationen:<\/strong> <\/span><a href=\"https:\/\/www.destinosinteligentes.es\/\" target=\"_blank\" rel=\"noopener\"><span style=\"font-size: 32px;\">Intelligentes touristisches Reiseziel<\/span><\/a><\/p>\t\t\t\t\t\t\t\t<\/div>\n\t\t\t\t<\/div>\n\t\t\t\t\t<\/div>\n\t\t\t\t<\/div>\n\t\t<div class=\"elementor-element elementor-element-71e2c45b e-flex e-con-boxed e-con e-parent\" data-id=\"71e2c45b\" data-element_type=\"container\">\r\n\t\t\t\t\t<div class=\"e-con-inner\">\r\n\t\t\t\t<div class=\"elementor-element elementor-element-39a4810e elementor-widget elementor-widget-text-editor\" data-id=\"39a4810e\" data-element_type=\"widget\" data-widget_type=\"text-editor.default\">\n\t\t\t\t<div class=\"elementor-widget-container\">\n\t\t\t\t\t\t\t\t\t<p>\u00c1guilas, ein <strong data-start=\"84\" data-end=\"117\">intelligentes touristisches Reiseziel<\/strong>, verbindet nat\u00fcrliche Sch\u00f6nheit, Kultur und Technologie, um einzigartige Erlebnisse zu bieten. Str\u00e4nde, Routen und Kulturerbe lassen sich einfach und vernetzt genie\u00dfen, was jeden Besuch unvergesslich und nachhaltig macht.<\/p>\t\t\t\t\t\t\t\t<\/div>\n\t\t\t\t<\/div>\n\t\t\t\t\t<\/div>\n\t\t\t\t<\/div>\n\t\t\t\t<\/div>\n\t\t","protected":false},"excerpt":{"rendered":"<p>Weitere Informationen: Intelligentes touristisches Reiseziel \u00c1guilas, ein intelligentes touristisches Reiseziel, verbindet nat\u00fcrliche Sch\u00f6nheit, Kultur und Technologie, um einzigartige Erlebnisse zu bieten. Str\u00e4nde, Routen und Kulturerbe lassen sich einfach und vernetzt genie\u00dfen, was jeden Besuch unvergesslich und nachhaltig macht.<\/p>\n","protected":false},"author":1,"featured_media":0,"parent":0,"menu_order":0,"comment_status":"closed","ping_status":"closed","template":"","meta":{"footnotes":""},"class_list":["post-8759","page","type-page","status-publish","hentry"],"yoast_head":"<!-- This site is optimized with the Yoast SEO plugin v26.6 - https:\/\/yoast.com\/wordpress\/plugins\/seo\/ -->\n<title>\u00c1guilas Turismo | \u00c1guilas \u2013 intelligentes Reiseziel<\/title>\n<meta name=\"robots\" content=\"index, follow, max-snippet:-1, max-image-preview:large, max-video-preview:-1\" \/>\n<link rel=\"canonical\" href=\"https:\/\/aguilas.es\/de\/aguilas-intelligentes-reiseziel\/\" \/>\n<meta property=\"og:locale\" content=\"de_DE\" \/>\n<meta property=\"og:type\" content=\"article\" \/>\n<meta property=\"og:title\" content=\"\u00c1guilas Turismo | \u00c1guilas \u2013 intelligentes Reiseziel\" \/>\n<meta property=\"og:description\" content=\"Weitere Informationen: Intelligentes touristisches Reiseziel \u00c1guilas, ein intelligentes touristisches Reiseziel, verbindet nat\u00fcrliche Sch\u00f6nheit, Kultur und Technologie, um einzigartige Erlebnisse zu bieten. Str\u00e4nde, Routen und Kulturerbe lassen sich einfach und vernetzt genie\u00dfen, was jeden Besuch unvergesslich und nachhaltig macht.\" \/>\n<meta property=\"og:url\" content=\"https:\/\/aguilas.es\/de\/aguilas-intelligentes-reiseziel\/\" \/>\n<meta property=\"og:site_name\" content=\"\u00c1guilas Turismo\" \/>\n<meta property=\"article:modified_time\" content=\"2025-12-30T13:13:28+00:00\" \/>\n<meta property=\"og:image\" content=\"https:\/\/aguilas.es\/wp-content\/uploads\/2025\/12\/3.-Certificado_DTI_Aguilas_2025_page-0001.jpg\" \/>\n\t<meta property=\"og:image:width\" content=\"1241\" \/>\n\t<meta property=\"og:image:height\" content=\"1755\" \/>\n\t<meta property=\"og:image:type\" content=\"image\/jpeg\" \/>\n<meta name=\"twitter:card\" content=\"summary_large_image\" \/>\n<script type=\"application\/ld+json\" class=\"yoast-schema-graph\">{\"@context\":\"https:\/\/schema.org\",\"@graph\":[{\"@type\":\"WebPage\",\"@id\":\"https:\/\/aguilas.es\/de\/aguilas-intelligentes-reiseziel\/\",\"url\":\"https:\/\/aguilas.es\/de\/aguilas-intelligentes-reiseziel\/\",\"name\":\"\u00c1guilas Turismo | \u00c1guilas \u2013 intelligentes Reiseziel\",\"isPartOf\":{\"@id\":\"https:\/\/aguilas.es\/de\/#website\"},\"primaryImageOfPage\":{\"@id\":\"https:\/\/aguilas.es\/de\/aguilas-intelligentes-reiseziel\/#primaryimage\"},\"image\":{\"@id\":\"https:\/\/aguilas.es\/de\/aguilas-intelligentes-reiseziel\/#primaryimage\"},\"thumbnailUrl\":\"https:\/\/aguilas.es\/wp-content\/uploads\/2025\/12\/3.-Certificado_DTI_Aguilas_2025_page-0001-724x1024.jpg\",\"datePublished\":\"2025-06-16T14:05:00+00:00\",\"dateModified\":\"2025-12-30T13:13:28+00:00\",\"breadcrumb\":{\"@id\":\"https:\/\/aguilas.es\/de\/aguilas-intelligentes-reiseziel\/#breadcrumb\"},\"inLanguage\":\"de\",\"potentialAction\":[{\"@type\":\"ReadAction\",\"target\":[\"https:\/\/aguilas.es\/de\/aguilas-intelligentes-reiseziel\/\"]}]},{\"@type\":\"ImageObject\",\"inLanguage\":\"de\",\"@id\":\"https:\/\/aguilas.es\/de\/aguilas-intelligentes-reiseziel\/#primaryimage\",\"url\":\"https:\/\/aguilas.es\/wp-content\/uploads\/2025\/12\/3.-Certificado_DTI_Aguilas_2025_page-0001-724x1024.jpg\",\"contentUrl\":\"https:\/\/aguilas.es\/wp-content\/uploads\/2025\/12\/3.-Certificado_DTI_Aguilas_2025_page-0001-724x1024.jpg\"},{\"@type\":\"BreadcrumbList\",\"@id\":\"https:\/\/aguilas.es\/de\/aguilas-intelligentes-reiseziel\/#breadcrumb\",\"itemListElement\":[{\"@type\":\"ListItem\",\"position\":1,\"name\":\"Portada\",\"item\":\"https:\/\/aguilas.es\/de\/startseite\/\"},{\"@type\":\"ListItem\",\"position\":2,\"name\":\"\u00c1guilas \u2013 intelligentes Reiseziel\"}]},{\"@type\":\"WebSite\",\"@id\":\"https:\/\/aguilas.es\/de\/#website\",\"url\":\"https:\/\/aguilas.es\/de\/\",\"name\":\"\u00c1guilas Turismo\",\"description\":\"\",\"publisher\":{\"@id\":\"https:\/\/aguilas.es\/de\/#organization\"},\"potentialAction\":[{\"@type\":\"SearchAction\",\"target\":{\"@type\":\"EntryPoint\",\"urlTemplate\":\"https:\/\/aguilas.es\/de\/?s={search_term_string}\"},\"query-input\":{\"@type\":\"PropertyValueSpecification\",\"valueRequired\":true,\"valueName\":\"search_term_string\"}}],\"inLanguage\":\"de\"},{\"@type\":\"Organization\",\"@id\":\"https:\/\/aguilas.es\/de\/#organization\",\"name\":\"\u00c1guilas Turismo\",\"url\":\"https:\/\/aguilas.es\/de\/\",\"logo\":{\"@type\":\"ImageObject\",\"inLanguage\":\"de\",\"@id\":\"https:\/\/aguilas.es\/de\/#\/schema\/logo\/image\/\",\"url\":\"https:\/\/aguilas.es\/wp-content\/uploads\/2025\/04\/Logo-Aguilas-turismo.png\",\"contentUrl\":\"https:\/\/aguilas.es\/wp-content\/uploads\/2025\/04\/Logo-Aguilas-turismo.png\",\"width\":575,\"height\":229,\"caption\":\"\u00c1guilas Turismo\"},\"image\":{\"@id\":\"https:\/\/aguilas.es\/de\/#\/schema\/logo\/image\/\"}}]}<\/script>\n<!-- \/ Yoast SEO plugin. -->","yoast_head_json":{"title":"\u00c1guilas Turismo | \u00c1guilas \u2013 intelligentes Reiseziel","robots":{"index":"index","follow":"follow","max-snippet":"max-snippet:-1","max-image-preview":"max-image-preview:large","max-video-preview":"max-video-preview:-1"},"canonical":"https:\/\/aguilas.es\/de\/aguilas-intelligentes-reiseziel\/","og_locale":"de_DE","og_type":"article","og_title":"\u00c1guilas Turismo | \u00c1guilas \u2013 intelligentes Reiseziel","og_description":"Weitere Informationen: Intelligentes touristisches Reiseziel \u00c1guilas, ein intelligentes touristisches Reiseziel, verbindet nat\u00fcrliche Sch\u00f6nheit, Kultur und Technologie, um einzigartige Erlebnisse zu bieten. Str\u00e4nde, Routen und Kulturerbe lassen sich einfach und vernetzt genie\u00dfen, was jeden Besuch unvergesslich und nachhaltig macht.","og_url":"https:\/\/aguilas.es\/de\/aguilas-intelligentes-reiseziel\/","og_site_name":"\u00c1guilas Turismo","article_modified_time":"2025-12-30T13:13:28+00:00","og_image":[{"width":1241,"height":1755,"url":"https:\/\/aguilas.es\/wp-content\/uploads\/2025\/12\/3.-Certificado_DTI_Aguilas_2025_page-0001.jpg","type":"image\/jpeg"}],"twitter_card":"summary_large_image","schema":{"@context":"https:\/\/schema.org","@graph":[{"@type":"WebPage","@id":"https:\/\/aguilas.es\/de\/aguilas-intelligentes-reiseziel\/","url":"https:\/\/aguilas.es\/de\/aguilas-intelligentes-reiseziel\/","name":"\u00c1guilas Turismo | \u00c1guilas \u2013 intelligentes Reiseziel","isPartOf":{"@id":"https:\/\/aguilas.es\/de\/#website"},"primaryImageOfPage":{"@id":"https:\/\/aguilas.es\/de\/aguilas-intelligentes-reiseziel\/#primaryimage"},"image":{"@id":"https:\/\/aguilas.es\/de\/aguilas-intelligentes-reiseziel\/#primaryimage"},"thumbnailUrl":"https:\/\/aguilas.es\/wp-content\/uploads\/2025\/12\/3.-Certificado_DTI_Aguilas_2025_page-0001-724x1024.jpg","datePublished":"2025-06-16T14:05:00+00:00","dateModified":"2025-12-30T13:13:28+00:00","breadcrumb":{"@id":"https:\/\/aguilas.es\/de\/aguilas-intelligentes-reiseziel\/#breadcrumb"},"inLanguage":"de","potentialAction":[{"@type":"ReadAction","target":["https:\/\/aguilas.es\/de\/aguilas-intelligentes-reiseziel\/"]}]},{"@type":"ImageObject","inLanguage":"de","@id":"https:\/\/aguilas.es\/de\/aguilas-intelligentes-reiseziel\/#primaryimage","url":"https:\/\/aguilas.es\/wp-content\/uploads\/2025\/12\/3.-Certificado_DTI_Aguilas_2025_page-0001-724x1024.jpg","contentUrl":"https:\/\/aguilas.es\/wp-content\/uploads\/2025\/12\/3.-Certificado_DTI_Aguilas_2025_page-0001-724x1024.jpg"},{"@type":"BreadcrumbList","@id":"https:\/\/aguilas.es\/de\/aguilas-intelligentes-reiseziel\/#breadcrumb","itemListElement":[{"@type":"ListItem","position":1,"name":"Portada","item":"https:\/\/aguilas.es\/de\/startseite\/"},{"@type":"ListItem","position":2,"name":"\u00c1guilas \u2013 intelligentes Reiseziel"}]},{"@type":"WebSite","@id":"https:\/\/aguilas.es\/de\/#website","url":"https:\/\/aguilas.es\/de\/","name":"\u00c1guilas Turismo","description":"","publisher":{"@id":"https:\/\/aguilas.es\/de\/#organization"},"potentialAction":[{"@type":"SearchAction","target":{"@type":"EntryPoint","urlTemplate":"https:\/\/aguilas.es\/de\/?s={search_term_string}"},"query-input":{"@type":"PropertyValueSpecification","valueRequired":true,"valueName":"search_term_string"}}],"inLanguage":"de"},{"@type":"Organization","@id":"https:\/\/aguilas.es\/de\/#organization","name":"\u00c1guilas Turismo","url":"https:\/\/aguilas.es\/de\/","logo":{"@type":"ImageObject","inLanguage":"de","@id":"https:\/\/aguilas.es\/de\/#\/schema\/logo\/image\/","url":"https:\/\/aguilas.es\/wp-content\/uploads\/2025\/04\/Logo-Aguilas-turismo.png","contentUrl":"https:\/\/aguilas.es\/wp-content\/uploads\/2025\/04\/Logo-Aguilas-turismo.png","width":575,"height":229,"caption":"\u00c1guilas Turismo"},"image":{"@id":"https:\/\/aguilas.es\/de\/#\/schema\/logo\/image\/"}}]}},"_links":{"self":[{"href":"https:\/\/aguilas.es\/de\/wp-json\/wp\/v2\/pages\/8759","targetHints":{"allow":["GET"]}}],"collection":[{"href":"https:\/\/aguilas.es\/de\/wp-json\/wp\/v2\/pages"}],"about":[{"href":"https:\/\/aguilas.es\/de\/wp-json\/wp\/v2\/types\/page"}],"author":[{"embeddable":true,"href":"https:\/\/aguilas.es\/de\/wp-json\/wp\/v2\/users\/1"}],"replies":[{"embeddable":true,"href":"https:\/\/aguilas.es\/de\/wp-json\/wp\/v2\/comments?post=8759"}],"version-history":[{"count":1,"href":"https:\/\/aguilas.es\/de\/wp-json\/wp\/v2\/pages\/8759\/revisions"}],"predecessor-version":[{"id":8763,"href":"https:\/\/aguilas.es\/de\/wp-json\/wp\/v2\/pages\/8759\/revisions\/8763"}],"wp:attachment":[{"href":"https:\/\/aguilas.es\/de\/wp-json\/wp\/v2\/media?parent=8759"}],"curies":[{"name":"wp","href":"https:\/\/api.w.org\/{rel}","templated":true}]}}