{"id":8786,"date":"2025-04-07T11:01:37","date_gmt":"2025-04-07T09:01:37","guid":{"rendered":"https:\/\/aguilas.es\/startseite\/"},"modified":"2025-12-30T14:14:20","modified_gmt":"2025-12-30T13:14:20","slug":"startseite","status":"publish","type":"page","link":"https:\/\/aguilas.es\/de\/","title":{"rendered":"Startseite"},"content":{"rendered":"\t\t<div data-elementor-type=\"wp-page\" data-elementor-id=\"8786\" class=\"elementor elementor-8786 elementor-3951\">\n\t\t\t\t<div class=\"porto_stretch_css stretch_row_content_css elementor-element elementor-element-148abbc e-con-full e-flex e-con e-parent\" data-id=\"148abbc\" data-element_type=\"container\">\r\n\t\t\t\t<div class=\"elementor-element elementor-element-89844ab elementor-widget elementor-widget-video\" data-id=\"89844ab\" data-element_type=\"widget\" data-settings=\"{&quot;video_type&quot;:&quot;hosted&quot;,&quot;mute&quot;:&quot;yes&quot;,&quot;loop&quot;:&quot;yes&quot;,&quot;autoplay&quot;:&quot;yes&quot;,&quot;play_on_mobile&quot;:&quot;yes&quot;}\" data-widget_type=\"video.default\">\n\t\t\t\t<div class=\"elementor-widget-container\">\n\t\t\t\t\t\t\t<div class=\"e-hosted-video elementor-wrapper elementor-open-inline\">\n\t\t\t\t\t<video class=\"elementor-video\" src=\"https:\/\/aguilas.es\/wp-content\/uploads\/2025\/08\/aguilas-header.webm\" autoplay=\"\" loop=\"\" muted=\"muted\" playsinline=\"\" controlsList=\"nodownload\"><\/video>\n\t\t\t\t<\/div>\n\t\t\t\t\t\t<\/div>\n\t\t\t\t<\/div>\n\t\t\t\t<\/div>\n\t\t<div class=\"elementor-element elementor-element-18cf297 e-flex e-con-boxed e-con e-parent\" data-id=\"18cf297\" data-element_type=\"container\">\r\n\t\t\t\t\t<div class=\"e-con-inner\">\r\n\t\t\t\t<div class=\"elementor-element elementor-element-92d3504 elementor-widget elementor-widget-porto_info_box\" data-id=\"92d3504\" data-element_type=\"widget\" data-widget_type=\"porto_info_box.default\">\n\t\t\t\t<div class=\"elementor-widget-container\">\n\t\t\t\t\t<div class=\"porto-sicon-box style_1 top-icon\"><div class=\"porto-sicon-top\"><div class=\"porto-just-icon-wrapper porto-sicon-img  porto-icon-d751713988987e9331980363e24189ce\" style=\"\"><img fetchpriority=\"high\" decoding=\"async\" class=\"img-icon\" alt=\"\" src=\"https:\/\/aguilas.es\/wp-content\/uploads\/2025\/04\/Logo-Aguilas-turismo.png\" width=\"575\" height=\"229\" \/><\/div><\/div><div class=\"porto-sicon-header\"><h3 class=\"porto-sicon-title\" style=\"\">Erkunden, tr\u00e4umen, entdecken<\/h3><\/div> <!-- header --><div class=\"porto-sicon-description\" style=\"\" ><p>Entdecken Sie \u00c1guilas, das versteckte Juwel der K\u00fcste von Murcia. Ein Paradies, in dem die Sonne \u00fcber goldenen Sandstr\u00e4nden und ruhigen Buchten mit dem kristallklaren Wasser des Mittelmeers scheint. Hier verschmelzen Geschichte und Erhabenheit am Horizont mit der imposanten Burg, die die Stadt \u00fcberragt. Ein Ort, der dazu einl\u00e4dt, mehr als nur Freizeit und Erholung zu entdecken, mit versteckten \u00dcberraschungen wie der Isla del Fraile.   <\/p><p>In \u00c1guilas wird das t\u00e4gliche Leben intensiv gelebt und bietet die perfekte Balance zwischen der Ruhe eines K\u00fcstenortes und der Modernit\u00e4t der ausgestatteten Residenzen. Wir laden Sie ein, eines der wertvollsten Juwelen der Region Murcia zu erkunden und sich darin zu verlieben. <\/p><p><span style=\"font-size: 18px;\"><strong><span style=\"color: #263689;\">\u00c1guilas, Ihr n\u00e4chstes unvergessliches Reiseziel!<\/span><\/strong><\/span><\/p><\/div> <!-- description --><\/div><!-- porto-sicon-box -->\t\t\t\t<\/div>\n\t\t\t\t<\/div>\n\t\t\t\t\t<\/div>\n\t\t\t\t<\/div>\n\t\t<div class=\"elementor-element elementor-element-5801bb9 e-flex e-con-boxed e-con e-parent\" data-id=\"5801bb9\" data-element_type=\"container\" data-settings=\"{&quot;background_background&quot;:&quot;classic&quot;}\">\r\n\t\t\t\t\t<div class=\"e-con-inner\">\r\n\t\t\t\t<div class=\"elementor-element elementor-element-d19b6e6 elemento-titulo-con-subtitulo elementor-widget elementor-widget-porto_ultimate_heading\" data-id=\"d19b6e6\" data-element_type=\"widget\" data-widget_type=\"porto_ultimate_heading.default\">\n\t\t\t\t<div class=\"elementor-widget-container\">\n\t\t\t\t\t<div class=\"porto-u-heading  porto-u-bd11424de395366805213f3c847c9ae4\"><div class=\"porto-u-main-heading\"><h2   >Erlebnisse<\/h2><\/div><div class=\"porto-u-sub-heading\" style=\"\"><p>Lassen Sie sich von \u00c1guilas \u00fcberraschen<\/p><\/div><style>.porto-u-bd11424de395366805213f3c847c9ae4.porto-u-heading{text-align:center}<\/style><\/div>\t\t\t\t<\/div>\n\t\t\t\t<\/div>\n\t\t\t\t<div class=\"elementor-element elementor-element-dc14659 elementor-widget elementor-widget-shortcode\" data-id=\"dc14659\" data-element_type=\"widget\" data-widget_type=\"shortcode.default\">\n\t\t\t\t<div class=\"elementor-widget-container\">\n\t\t\t\t\t\t\t<div class=\"elementor-shortcode\">    <div class=\"aguilas-shortcode-loader\" id=\"aguilas-lista-web-69f3e63a42a43\"\r\n        data-tipo=\"lista-web\"  data-id-lista=\"63\"  data-items=\"6\"  data-filtros=\"0\" >\r\n        <div class=\"aguilas-loader\">\r\n            <div class=\"aguilas-spinner\"><\/div>\r\n            <p>Laden...<\/p>\r\n        <\/div>\r\n    <\/div>\r\n    <\/div>\n\t\t\t\t\t\t<\/div>\n\t\t\t\t<\/div>\n\t\t\t\t\t<\/div>\n\t\t\t\t<\/div>\n\t\t<div class=\"elementor-element elementor-element-816bb41 e-flex e-con-boxed e-con e-parent\" data-id=\"816bb41\" data-element_type=\"container\">\r\n\t\t\t\t\t<div class=\"e-con-inner\">\r\n\t\t\t\t<div class=\"elementor-element elementor-element-8453fef elemento-titulo-con-subtitulo elementor-widget elementor-widget-porto_ultimate_heading\" data-id=\"8453fef\" data-element_type=\"widget\" data-widget_type=\"porto_ultimate_heading.default\">\n\t\t\t\t<div class=\"elementor-widget-container\">\n\t\t\t\t\t<div class=\"porto-u-heading  porto-u-bd11424de395366805213f3c847c9ae4\"><div class=\"porto-u-main-heading\"><h2   >IHRE GEF\u00dcHRTE TOUR<\/h2><\/div><div class=\"porto-u-sub-heading\" style=\"\"><p>Ecken, die viele Geschichten verbergen... und lassen Sie sich diese von \u00c1guilas erz\u00e4hlen<\/p><\/div><style>.porto-u-bd11424de395366805213f3c847c9ae4.porto-u-heading{text-align:center}<\/style><\/div>\t\t\t\t<\/div>\n\t\t\t\t<\/div>\n\t\t\t\t<div class=\"elementor-element elementor-element-7383e95 elementor-widget elementor-widget-shortcode\" data-id=\"7383e95\" data-element_type=\"widget\" data-widget_type=\"shortcode.default\">\n\t\t\t\t<div class=\"elementor-widget-container\">\n\t\t\t\t\t\t\t<div class=\"elementor-shortcode\">    <div class=\"aguilas-shortcode-loader\" id=\"aguilas-lista-web-69f3e63a4354a\"\r\n        data-tipo=\"lista-web\"  data-id-lista=\"82\"  data-items=\"6\"  data-filtros=\"0\" >\r\n        <div class=\"aguilas-loader\">\r\n            <div class=\"aguilas-spinner\"><\/div>\r\n            <p>Laden...<\/p>\r\n        <\/div>\r\n    <\/div>\r\n    <\/div>\n\t\t\t\t\t\t<\/div>\n\t\t\t\t<\/div>\n\t\t\t\t\t<\/div>\n\t\t\t\t<\/div>\n\t\t<div class=\"elementor-element elementor-element-ea7179a e-con-full e-flex e-con e-parent\" data-id=\"ea7179a\" data-element_type=\"container\" data-settings=\"{&quot;background_background&quot;:&quot;classic&quot;}\">\r\n\t\t\t\t<div class=\"elementor-element elementor-element-0f712fc elemento-titulo-con-subtitulo elementor-widget elementor-widget-porto_ultimate_heading\" data-id=\"0f712fc\" data-element_type=\"widget\" data-widget_type=\"porto_ultimate_heading.default\">\n\t\t\t\t<div class=\"elementor-widget-container\">\n\t\t\t\t\t<div class=\"porto-u-heading  porto-u-bd11424de395366805213f3c847c9ae4\"><div class=\"porto-u-main-heading\"><h2   >Str\u00e4nde<\/h2><\/div><div class=\"porto-u-sub-heading\" style=\"\"><p>Eine wahre Oase der Ruhe in \u00c1guilas<\/p><\/div><style>.porto-u-bd11424de395366805213f3c847c9ae4.porto-u-heading{text-align:center}<\/style><\/div>\t\t\t\t<\/div>\n\t\t\t\t<\/div>\n\t\t\t\t<div class=\"elementor-element elementor-element-60bbc0a elementor-widget elementor-widget-porto_button\" data-id=\"60bbc0a\" data-element_type=\"widget\" data-settings=\"{&quot;align&quot;:&quot;center&quot;}\" data-widget_type=\"porto_button.default\">\n\t\t\t\t<div class=\"elementor-widget-container\">\n\t\t\t\t\t<a aria-label=\"button\" class=\"btn btn-md btn-secondary\" href=\"https:\/\/aguilas.es\/de\/straende\/\"><span >Entdecken Sie alle Str\u00e4nde von \u00c1guilas<\/span><\/a>\t\t\t\t<\/div>\n\t\t\t\t<\/div>\n\t\t\t\t<\/div>\n\t\t<div class=\"elementor-element elementor-element-13aed80 e-flex e-con-boxed e-con e-parent\" data-id=\"13aed80\" data-element_type=\"container\">\r\n\t\t\t\t\t<div class=\"e-con-inner\">\r\n\t\t\t\t<div class=\"elementor-element elementor-element-1fb49bf elemento-titulo-con-subtitulo elementor-widget elementor-widget-porto_ultimate_heading\" data-id=\"1fb49bf\" data-element_type=\"widget\" data-widget_type=\"porto_ultimate_heading.default\">\n\t\t\t\t<div class=\"elementor-widget-container\">\n\t\t\t\t\t<div class=\"porto-u-heading  porto-u-bd11424de395366805213f3c847c9ae4\"><div class=\"porto-u-main-heading\"><h2   >Veranstaltungskalender<\/h2><\/div><div class=\"porto-u-sub-heading\" style=\"\"><p>Stressfrei planen<\/p><\/div><style>.porto-u-bd11424de395366805213f3c847c9ae4.porto-u-heading{text-align:center}<\/style><\/div>\t\t\t\t<\/div>\n\t\t\t\t<\/div>\n\t\t\t\t<div class=\"elementor-element elementor-element-7a9e383 elementor-widget elementor-widget-shortcode\" data-id=\"7a9e383\" data-element_type=\"widget\" data-widget_type=\"shortcode.default\">\n\t\t\t\t<div class=\"elementor-widget-container\">\n\t\t\t\t\t\t\t<div class=\"elementor-shortcode\">    <div class=\"aguilas-shortcode-loader\" id=\"aguilas-eventos-69f3e63a438ab\"\r\n        data-tipo=\"eventos\"  data-clasificacion-eventos=\"\"  data-items=\"6\"  data-pagina=\"1\"  data-filtros=\"0\"  data-vista=\"cuadricula\"  data-vista-calendario=\"mes\" >\r\n        <div class=\"aguilas-loader\">\r\n            <div class=\"aguilas-spinner\"><\/div>\r\n            <p>Laden...<\/p>\r\n        <\/div>\r\n    <\/div>\r\n    <\/div>\n\t\t\t\t\t\t<\/div>\n\t\t\t\t<\/div>\n\t\t\t\t\t<\/div>\n\t\t\t\t<\/div>\n\t\t\t\t<\/div>\n\t\t","protected":false},"excerpt":{"rendered":"<p>https:\/\/aguilas.es\/wp-content\/uploads\/2025\/08\/aguilas-header.webm Erkunden, tr\u00e4umen, entdecken Entdecken Sie \u00c1guilas, das versteckte Juwel der K\u00fcste von Murcia. Ein Paradies, in dem die Sonne \u00fcber goldenen Sandstr\u00e4nden und ruhigen Buchten mit dem kristallklaren Wasser des Mittelmeers scheint. Hier verschmelzen Geschichte und Erhabenheit am Horizont mit der imposanten Burg, die die Stadt \u00fcberragt. Ein Ort, der dazu einl\u00e4dt, mehr als [&hellip;]<\/p>\n","protected":false},"author":1,"featured_media":8788,"parent":0,"menu_order":0,"comment_status":"closed","ping_status":"closed","template":"","meta":{"footnotes":""},"class_list":["post-8786","page","type-page","status-publish","has-post-thumbnail","hentry"],"yoast_head":"<!-- This site is optimized with the Yoast SEO plugin v26.6 - https:\/\/yoast.com\/wordpress\/plugins\/seo\/ -->\n<title>\u00c1guilas Turismo | Startseite<\/title>\n<meta name=\"description\" content=\"Offizielle Tourismus-Website von \u00c1guilas (Murcia). Entdecken Sie Str\u00e4nde, Routen und Wanderwege, nautische Erlebnisse, Kulturerbe, Karneval und einen Veranstaltungskalender f\u00fcr das ganze Jahr.\" \/>\n<meta name=\"robots\" content=\"index, follow, max-snippet:-1, max-image-preview:large, max-video-preview:-1\" \/>\n<link rel=\"canonical\" href=\"https:\/\/aguilas.es\/de\/\" \/>\n<meta property=\"og:locale\" content=\"de_DE\" \/>\n<meta property=\"og:type\" content=\"article\" \/>\n<meta property=\"og:title\" content=\"\u00c1guilas Turismo | Startseite\" \/>\n<meta property=\"og:description\" content=\"Offizielle Tourismus-Website von \u00c1guilas (Murcia). Entdecken Sie Str\u00e4nde, Routen und Wanderwege, nautische Erlebnisse, Kulturerbe, Karneval und einen Veranstaltungskalender f\u00fcr das ganze Jahr.\" \/>\n<meta property=\"og:url\" content=\"https:\/\/aguilas.es\/de\/\" \/>\n<meta property=\"og:site_name\" content=\"\u00c1guilas Turismo\" \/>\n<meta property=\"article:modified_time\" content=\"2025-12-30T13:14:20+00:00\" \/>\n<meta property=\"og:image\" content=\"https:\/\/aguilas.es\/wp-content\/uploads\/2025\/07\/fmgarcia_aguilas-turismo-2019-ENVIADAS_000039.jpg\" \/>\n\t<meta property=\"og:image:width\" content=\"10368\" \/>\n\t<meta property=\"og:image:height\" content=\"7776\" \/>\n\t<meta property=\"og:image:type\" content=\"image\/jpeg\" \/>\n<meta name=\"twitter:card\" content=\"summary_large_image\" \/>\n<meta name=\"twitter:label1\" content=\"Gesch\u00e4tzte Lesezeit\" \/>\n\t<meta name=\"twitter:data1\" content=\"1\u00a0Minute\" \/>\n<script type=\"application\/ld+json\" class=\"yoast-schema-graph\">{\"@context\":\"https:\/\/schema.org\",\"@graph\":[{\"@type\":\"WebPage\",\"@id\":\"https:\/\/aguilas.es\/de\/\",\"url\":\"https:\/\/aguilas.es\/de\/\",\"name\":\"\u00c1guilas Turismo | Startseite\",\"isPartOf\":{\"@id\":\"https:\/\/aguilas.es\/de\/#website\"},\"primaryImageOfPage\":{\"@id\":\"https:\/\/aguilas.es\/de\/#primaryimage\"},\"image\":{\"@id\":\"https:\/\/aguilas.es\/de\/#primaryimage\"},\"thumbnailUrl\":\"https:\/\/aguilas.es\/wp-content\/uploads\/2025\/07\/fmgarcia_aguilas-turismo-2019-ENVIADAS_000039.jpg\",\"datePublished\":\"2025-04-07T09:01:37+00:00\",\"dateModified\":\"2025-12-30T13:14:20+00:00\",\"description\":\"Offizielle Tourismus-Website von \u00c1guilas (Murcia). Entdecken Sie Str\u00e4nde, Routen und Wanderwege, nautische Erlebnisse, Kulturerbe, Karneval und einen Veranstaltungskalender f\u00fcr das ganze Jahr.\",\"breadcrumb\":{\"@id\":\"https:\/\/aguilas.es\/de\/#breadcrumb\"},\"inLanguage\":\"de\",\"potentialAction\":[{\"@type\":\"ReadAction\",\"target\":[\"https:\/\/aguilas.es\/de\/\"]}]},{\"@type\":\"ImageObject\",\"inLanguage\":\"de\",\"@id\":\"https:\/\/aguilas.es\/de\/#primaryimage\",\"url\":\"https:\/\/aguilas.es\/wp-content\/uploads\/2025\/07\/fmgarcia_aguilas-turismo-2019-ENVIADAS_000039.jpg\",\"contentUrl\":\"https:\/\/aguilas.es\/wp-content\/uploads\/2025\/07\/fmgarcia_aguilas-turismo-2019-ENVIADAS_000039.jpg\",\"width\":10368,\"height\":7776},{\"@type\":\"BreadcrumbList\",\"@id\":\"https:\/\/aguilas.es\/de\/#breadcrumb\",\"itemListElement\":[{\"@type\":\"ListItem\",\"position\":1,\"name\":\"Portada\",\"item\":\"https:\/\/aguilas.es\/de\/startseite\/\"},{\"@type\":\"ListItem\",\"position\":2,\"name\":\"Startseite\"}]},{\"@type\":\"WebSite\",\"@id\":\"https:\/\/aguilas.es\/de\/#website\",\"url\":\"https:\/\/aguilas.es\/de\/\",\"name\":\"\u00c1guilas Turismo\",\"description\":\"\",\"publisher\":{\"@id\":\"https:\/\/aguilas.es\/de\/#organization\"},\"potentialAction\":[{\"@type\":\"SearchAction\",\"target\":{\"@type\":\"EntryPoint\",\"urlTemplate\":\"https:\/\/aguilas.es\/de\/?s={search_term_string}\"},\"query-input\":{\"@type\":\"PropertyValueSpecification\",\"valueRequired\":true,\"valueName\":\"search_term_string\"}}],\"inLanguage\":\"de\"},{\"@type\":\"Organization\",\"@id\":\"https:\/\/aguilas.es\/de\/#organization\",\"name\":\"\u00c1guilas Turismo\",\"url\":\"https:\/\/aguilas.es\/de\/\",\"logo\":{\"@type\":\"ImageObject\",\"inLanguage\":\"de\",\"@id\":\"https:\/\/aguilas.es\/de\/#\/schema\/logo\/image\/\",\"url\":\"https:\/\/aguilas.es\/wp-content\/uploads\/2025\/04\/Logo-Aguilas-turismo.png\",\"contentUrl\":\"https:\/\/aguilas.es\/wp-content\/uploads\/2025\/04\/Logo-Aguilas-turismo.png\",\"width\":575,\"height\":229,\"caption\":\"\u00c1guilas Turismo\"},\"image\":{\"@id\":\"https:\/\/aguilas.es\/de\/#\/schema\/logo\/image\/\"}}]}<\/script>\n<!-- \/ Yoast SEO plugin. -->","yoast_head_json":{"title":"\u00c1guilas Turismo | Startseite","description":"Offizielle Tourismus-Website von \u00c1guilas (Murcia). Entdecken Sie Str\u00e4nde, Routen und Wanderwege, nautische Erlebnisse, Kulturerbe, Karneval und einen Veranstaltungskalender f\u00fcr das ganze Jahr.","robots":{"index":"index","follow":"follow","max-snippet":"max-snippet:-1","max-image-preview":"max-image-preview:large","max-video-preview":"max-video-preview:-1"},"canonical":"https:\/\/aguilas.es\/de\/","og_locale":"de_DE","og_type":"article","og_title":"\u00c1guilas Turismo | Startseite","og_description":"Offizielle Tourismus-Website von \u00c1guilas (Murcia). Entdecken Sie Str\u00e4nde, Routen und Wanderwege, nautische Erlebnisse, Kulturerbe, Karneval und einen Veranstaltungskalender f\u00fcr das ganze Jahr.","og_url":"https:\/\/aguilas.es\/de\/","og_site_name":"\u00c1guilas Turismo","article_modified_time":"2025-12-30T13:14:20+00:00","og_image":[{"width":10368,"height":7776,"url":"https:\/\/aguilas.es\/wp-content\/uploads\/2025\/07\/fmgarcia_aguilas-turismo-2019-ENVIADAS_000039.jpg","type":"image\/jpeg"}],"twitter_card":"summary_large_image","twitter_misc":{"Gesch\u00e4tzte Lesezeit":"1\u00a0Minute"},"schema":{"@context":"https:\/\/schema.org","@graph":[{"@type":"WebPage","@id":"https:\/\/aguilas.es\/de\/","url":"https:\/\/aguilas.es\/de\/","name":"\u00c1guilas Turismo | Startseite","isPartOf":{"@id":"https:\/\/aguilas.es\/de\/#website"},"primaryImageOfPage":{"@id":"https:\/\/aguilas.es\/de\/#primaryimage"},"image":{"@id":"https:\/\/aguilas.es\/de\/#primaryimage"},"thumbnailUrl":"https:\/\/aguilas.es\/wp-content\/uploads\/2025\/07\/fmgarcia_aguilas-turismo-2019-ENVIADAS_000039.jpg","datePublished":"2025-04-07T09:01:37+00:00","dateModified":"2025-12-30T13:14:20+00:00","description":"Offizielle Tourismus-Website von \u00c1guilas (Murcia). Entdecken Sie Str\u00e4nde, Routen und Wanderwege, nautische Erlebnisse, Kulturerbe, Karneval und einen Veranstaltungskalender f\u00fcr das ganze Jahr.","breadcrumb":{"@id":"https:\/\/aguilas.es\/de\/#breadcrumb"},"inLanguage":"de","potentialAction":[{"@type":"ReadAction","target":["https:\/\/aguilas.es\/de\/"]}]},{"@type":"ImageObject","inLanguage":"de","@id":"https:\/\/aguilas.es\/de\/#primaryimage","url":"https:\/\/aguilas.es\/wp-content\/uploads\/2025\/07\/fmgarcia_aguilas-turismo-2019-ENVIADAS_000039.jpg","contentUrl":"https:\/\/aguilas.es\/wp-content\/uploads\/2025\/07\/fmgarcia_aguilas-turismo-2019-ENVIADAS_000039.jpg","width":10368,"height":7776},{"@type":"BreadcrumbList","@id":"https:\/\/aguilas.es\/de\/#breadcrumb","itemListElement":[{"@type":"ListItem","position":1,"name":"Portada","item":"https:\/\/aguilas.es\/de\/startseite\/"},{"@type":"ListItem","position":2,"name":"Startseite"}]},{"@type":"WebSite","@id":"https:\/\/aguilas.es\/de\/#website","url":"https:\/\/aguilas.es\/de\/","name":"\u00c1guilas Turismo","description":"","publisher":{"@id":"https:\/\/aguilas.es\/de\/#organization"},"potentialAction":[{"@type":"SearchAction","target":{"@type":"EntryPoint","urlTemplate":"https:\/\/aguilas.es\/de\/?s={search_term_string}"},"query-input":{"@type":"PropertyValueSpecification","valueRequired":true,"valueName":"search_term_string"}}],"inLanguage":"de"},{"@type":"Organization","@id":"https:\/\/aguilas.es\/de\/#organization","name":"\u00c1guilas Turismo","url":"https:\/\/aguilas.es\/de\/","logo":{"@type":"ImageObject","inLanguage":"de","@id":"https:\/\/aguilas.es\/de\/#\/schema\/logo\/image\/","url":"https:\/\/aguilas.es\/wp-content\/uploads\/2025\/04\/Logo-Aguilas-turismo.png","contentUrl":"https:\/\/aguilas.es\/wp-content\/uploads\/2025\/04\/Logo-Aguilas-turismo.png","width":575,"height":229,"caption":"\u00c1guilas Turismo"},"image":{"@id":"https:\/\/aguilas.es\/de\/#\/schema\/logo\/image\/"}}]}},"_links":{"self":[{"href":"https:\/\/aguilas.es\/de\/wp-json\/wp\/v2\/pages\/8786","targetHints":{"allow":["GET"]}}],"collection":[{"href":"https:\/\/aguilas.es\/de\/wp-json\/wp\/v2\/pages"}],"about":[{"href":"https:\/\/aguilas.es\/de\/wp-json\/wp\/v2\/types\/page"}],"author":[{"embeddable":true,"href":"https:\/\/aguilas.es\/de\/wp-json\/wp\/v2\/users\/1"}],"replies":[{"embeddable":true,"href":"https:\/\/aguilas.es\/de\/wp-json\/wp\/v2\/comments?post=8786"}],"version-history":[{"count":4,"href":"https:\/\/aguilas.es\/de\/wp-json\/wp\/v2\/pages\/8786\/revisions"}],"predecessor-version":[{"id":9091,"href":"https:\/\/aguilas.es\/de\/wp-json\/wp\/v2\/pages\/8786\/revisions\/9091"}],"wp:featuredmedia":[{"embeddable":true,"href":"https:\/\/aguilas.es\/de\/wp-json\/wp\/v2\/media\/8788"}],"wp:attachment":[{"href":"https:\/\/aguilas.es\/de\/wp-json\/wp\/v2\/media?parent=8786"}],"curies":[{"name":"wp","href":"https:\/\/api.w.org\/{rel}","templated":true}]}}