{"id":8807,"date":"2025-06-11T14:37:21","date_gmt":"2025-06-11T12:37:21","guid":{"rendered":"https:\/\/aguilas.es\/datenschutzbestimmungen\/"},"modified":"2025-12-30T14:13:53","modified_gmt":"2025-12-30T13:13:53","slug":"datenschutzbestimmungen","status":"publish","type":"page","link":"https:\/\/aguilas.es\/de\/datenschutzbestimmungen\/","title":{"rendered":"Datenschutzbestimmungen"},"content":{"rendered":"\t\t<div data-elementor-type=\"wp-page\" data-elementor-id=\"8807\" class=\"elementor elementor-8807 elementor-4703\">\n\t\t\t\t<div class=\"porto_stretch_css stretch_row_css elementor-element elementor-element-e81c1de e-flex e-con-boxed e-con e-parent\" data-id=\"e81c1de\" data-element_type=\"container\" data-settings=\"{&quot;background_background&quot;:&quot;classic&quot;}\">\r\n\t\t\t\t\t<div class=\"e-con-inner\">\r\n\t\t<div class=\"elementor-element elementor-element-609ab41 e-con-full e-flex e-con e-child\" data-id=\"609ab41\" data-element_type=\"container\">\r\n\t\t\t\t<div class=\"elementor-element elementor-element-2bd3034 elementor-widget elementor-widget-porto_ultimate_heading\" data-id=\"2bd3034\" data-element_type=\"widget\" data-widget_type=\"porto_ultimate_heading.default\">\n\t\t\t\t<div class=\"elementor-widget-container\">\n\t\t\t\t\t<div class=\"porto-u-heading  porto-u-ad87e2eaf3f9c495180fe0156ddf3eb0\"><style>.porto-u-ad87e2eaf3f9c495180fe0156ddf3eb0.porto-u-heading{text-align:left}<\/style><\/div>\t\t\t\t<\/div>\n\t\t\t\t<\/div>\n\t\t\t\t<div class=\"elementor-element elementor-element-c15da51 elementor-widget elementor-widget-porto_page_header\" data-id=\"c15da51\" data-element_type=\"widget\" data-widget_type=\"porto_page_header.default\">\n\t\t\t\t<div class=\"elementor-widget-container\">\n\t\t\t\t\t<div class=\"page-top page-header-6\"><style>.page-top { background: none; border-bottom: none; } .page-top .page-title:not(.b-none):after { display: none; }<\/style><div class=\"container hide-title\">\r\n\t<div class=\"row\">\r\n\t\t<div class=\"col-lg-12 clearfix\">\r\n\t\t\t<div class=\"pt-right d-none\">\r\n\t\t\t\t\t\t\t\t<h1 class=\"page-title\"><\/h1>\r\n\t\t\t\t\t\t\t<\/div>\r\n\t\t\t\t\t\t\t<div class=\"breadcrumbs-wrap pt-left\">\r\n\t\t\t\t\t<ul class=\"breadcrumb\" itemscope itemtype=\"https:\/\/schema.org\/BreadcrumbList\"><li class=\"home\" itemprop=\"itemListElement\" itemscope itemtype=\"https:\/\/schema.org\/ListItem\"><a itemprop=\"item\" href=\"https:\/\/aguilas.es\/de\/\" title=\"Go to Home Page\"><span itemprop=\"name\">Home<\/span><\/a><meta itemprop=\"position\" content=\"1\" \/><i class=\"delimiter delimiter-2\"><\/i><\/li><\/ul>\t\t\t\t<\/div>\r\n\t\t\t\t\t\t\t\t<\/div>\r\n\t<\/div>\r\n<\/div>\r\n<\/div>\t\t\t\t<\/div>\n\t\t\t\t<\/div>\n\t\t\t\t<\/div>\n\t\t\t\t\t<\/div>\n\t\t\t\t<\/div>\n\t\t<div class=\"elementor-element elementor-element-004d92e e-flex e-con-boxed e-con e-parent\" data-id=\"004d92e\" data-element_type=\"container\">\r\n\t\t\t\t\t<div class=\"e-con-inner\">\r\n\t\t\t\t<div class=\"elementor-element elementor-element-461b75a elementor-widget elementor-widget-text-editor\" data-id=\"461b75a\" data-element_type=\"widget\" data-widget_type=\"text-editor.default\">\n\t\t\t\t<div class=\"elementor-widget-container\">\n\t\t\t\t\t\t\t\t\t<p>Gem\u00e4\u00df den Bestimmungen der Verordnung (EU) 2016\/679 des Europ\u00e4ischen Parlaments und des Rates vom 27. April 2016 zum Schutz nat\u00fcrlicher Personen bei der Verarbeitung personenbezogener Daten und zum freien Datenverkehr (DSGVO) und dem Organgesetz 3\/2018 vom 5. Dezember \u00fcber den Schutz personenbezogener Daten und die Gew\u00e4hrleistung digitaler Rechte (LOPDGDD) werden die Nutzer der Website <a href=\"https:\/\/www.aguilas.es\/\">https:\/\/www.aguilas.es\/<\/a> \u00fcber die Richtlinie zum Schutz personenbezogener Daten informiert.<\/p><ol><li><strong> VERANTWORTLICHER F\u00dcR DIE DATENVERARBEITUNG<\/strong><\/li><\/ol><p><strong>Identit\u00e4t:<\/strong> Excmo. Ayuntamiento de \u00c1guilas <br><strong>CIF:<\/strong> P3000300H<br><strong>Adresse:<\/strong> Plaza de Espa\u00f1a, 14, 30880 \u00c1guilas, Murcia<br><strong>Telefon:<\/strong> 968 41 88 00<br><strong>Datenschutzbeauftragter (DSB):<\/strong> <a href=\"mailto:protecciondedatos@ayuntamientodeaguilas.com\">protecciondedatos@ayuntamientodeaguilas.com<\/a><\/p><ol start=\"2\"><li><strong> ZWECKE DER DATENVERARBEITUNG<\/strong><\/li><\/ol><p>Die \u00fcber das Tourismusportal erhobenen personenbezogenen Daten werden f\u00fcr die folgenden Zwecke verarbeitet:<\/p><table><thead><tr><td><p>ZWECK<\/p><\/td><td><p>VERARBEITETE DATEN<\/p><\/td><td><p>RECHTSGRUNDLAGE<\/p><\/td><td><p>AUFBEWAHRUNGSFRIST<\/p><\/td><\/tr><\/thead><tbody><tr><td><p>Verwaltung von Anfragen und Anregungen<\/p><\/td><td><p>Name, Nachname, E-Mail, Telefon, Inhalt der Anfrage<\/p><\/td><td><p>\u00d6ffentliches Interesse (Art. 6 Abs. 1 Buchst. e DSGVO)<\/p><\/td><td><p>2 Jahre<\/p><\/td><\/tr><tr><td><p>Versand von Newslettern<\/p><\/td><td><p>E-Mail, Name<\/p><\/td><td><p>Ausdr\u00fcckliche Einwilligung (Art. 6 Abs. 1 Buchst. a DSGVO)<\/p><\/td><td><p>Bis zum Widerruf der Einwilligung<\/p><\/td><\/tr><tr><td><p>Teilnahme an partizipativen Prozessen<\/p><\/td><td><p>Name, Nachname, Personalausweis, E-Mail, Adresse<\/p><\/td><td><p>\u00d6ffentliches Interesse (Art. 6 Abs. 1 Buchst. e DSGVO)<\/p><\/td><td><p>5 Jahre nach Abschluss des Prozesses<\/p><\/td><\/tr><tr><td><p>Verwaltung elektronischer Verfahren<\/p><\/td><td><p>Personalausweis, Name, Nachname, Adresse, spezifische Daten des Verfahrens<\/p><\/td><td><p>Erf\u00fcllung einer rechtlichen Verpflichtung (Art. 6 Abs. 1 Buchst. c DSGVO)<\/p><\/td><td><p>In den Verwaltungsvorschriften festgelegte Fristen<\/p><\/td><\/tr><\/tbody><\/table><p><strong> <\/strong><\/p><p>Die aktualisierte Liste der von uns durchgef\u00fchrten Verarbeitungst\u00e4tigkeiten finden Sie unter folgendem <a href=\"https:\/\/transparencia.ayuntamientodeaguilas.org\/transparencia-municipal\/inventario-de-actividades-de-tratamiento\/\">Link zum Register der Verarbeitungst\u00e4tigkeiten des Excmo. Ayuntamiento de \u00c1guilas<\/a><strong>.<\/strong><\/p><ol start=\"3\"><li><strong> EMPF\u00c4NGER DER DATEN<\/strong><\/li><\/ol><p>Die Daten k\u00f6nnen weitergegeben werden an:<\/p><ul><li><strong>Andere \u00f6ffentliche Verwaltungen:<\/strong> Wenn dies zur Erf\u00fcllung eigener Zust\u00e4ndigkeiten erforderlich ist (Gesetz 7-1985 vom 2. April zur Regelung der Grundlagen der lokalen Selbstverwaltung), wenn die Daten gem\u00e4\u00df Artikel 6 der DSGVO \u00fcber die Legitimation der Verarbeitung \u00fcbermittelt werden k\u00f6nnen, interessierte Parteien in Verfahren im Zusammenhang mit eingereichten Beschwerden und eigenen Verwaltungsverfahren des Excmo. Ayuntamiento de \u00c1guilas. <\/li><li><strong>Dienstleister:<\/strong> Unternehmen, die Dienstleistungen f\u00fcr die Stadtverwaltung erbringen, mit einem Vertrag zur Auftragsverarbeitung<\/li><\/ul><ul><li><strong>Sicherheitskr\u00e4fte:<\/strong> In Erf\u00fcllung gesetzlicher Verpflichtungen.<\/li><\/ul><p>Es werden keine internationalen Daten\u00fcbermittlungen durchgef\u00fchrt.<\/p><ol start=\"4\"><li><strong> RECHTE DER BETROFFENEN PERSONEN<\/strong><\/li><\/ol><p>Betroffene Personen haben das Recht auf:<\/p><ul><li><strong>Zugang:<\/strong> Zu erfahren, welche Daten verarbeitet werden und wie<\/li><li><strong>Berichtigung:<\/strong> Ungenaue oder unvollst\u00e4ndige Daten zu \u00e4ndern<\/li><li><strong>L\u00f6schung:<\/strong> Die L\u00f6schung ihrer Daten zu beantragen, wenn dies m\u00f6glich ist<\/li><li><strong>Einschr\u00e4nkung:<\/strong> In bestimmten F\u00e4llen die Einschr\u00e4nkung der Verarbeitung zu beantragen<\/li><li><strong>\u00dcbertragbarkeit:<\/strong> Die Daten in einem strukturierten Format zu erhalten<\/li><li><strong>Widerspruch:<\/strong> Der Verarbeitung unter bestimmten Umst\u00e4nden zu widersprechen<\/li><li><strong>Widerruf der Einwilligung:<\/strong> Jederzeit, ohne die Rechtm\u00e4\u00dfigkeit der aufgrund der Einwilligung bis zum Widerruf erfolgten Verarbeitung zu ber\u00fchren<\/li><\/ul><p> <\/p><ol start=\"5\"><li><strong> VERFAHREN ZUR AUS\u00dcBUNG DER RECHTE<\/strong><\/li><\/ol><p>Um Ihre Rechte auszu\u00fcben, k\u00f6nnen Sie:<\/p><ol><li><strong>Pers\u00f6nlich:<\/strong> Im Allgemeinen Register der Stadtverwaltung, Plaza de Espa\u00f1a, 14<\/li><li><strong>Per Post:<\/strong> Schreiben an das Excmo. Ayuntamiento de \u00c1guilas, Plaza de Espa\u00f1a, 14, 30880 \u00c1guilas <\/li><li><strong>Per E-Mail:<\/strong> Antrag an <a href=\"mailto:protecciondedatos@ayuntamientodeaguilas.com\">protecciondedatos@ayuntamientodeaguilas.com<\/a> senden<\/li><\/ol><p>Sie m\u00fcssen ein Ausweisdokument beif\u00fcgen, das Ihre Identit\u00e4t nachweist. Die Stadtverwaltung wird innerhalb eines Monats antworten. <\/p><ol start=\"6\"><li><strong> BESCHWERDEN BEI DER AUFSICHTSBEH\u00d6RDE<\/strong><\/li><\/ol><p>Wenn Sie der Ansicht sind, dass Ihre Rechte verletzt wurden, k\u00f6nnen Sie eine Beschwerde bei der spanischen Datenschutzbeh\u00f6rde (AEPD) einreichen:<\/p><p><strong>Agencia Espa\u00f1ola de Protecci\u00f3n de Datos<\/strong><br>C\/ Jorge Juan, 6, 28001 Madrid<br>Telefon: 901 100 099<br>Web: <a href=\"http:\/\/www.aepd.es\">www.aepd.es<\/a><\/p><ol start=\"7\"><li><strong> DATENSICHERHEIT<\/strong><\/li><\/ol><p>Das Excmo. Ayuntamiento de \u00c1guilas setzt die notwendigen technischen und organisatorischen Ma\u00dfnahmen ein, um die Sicherheit der personenbezogenen Daten zu gew\u00e4hrleisten und deren Ver\u00e4nderung, Verlust, Verarbeitung oder unbefugten Zugriff zu verhindern, wobei der Stand der Technik, die Art der gespeicherten Daten und die Risiken, denen sie ausgesetzt sind, ber\u00fccksichtigt werden. <\/p><ol start=\"8\"><li><strong> MINDERJ\u00c4HRIGE<\/strong><\/li><\/ol><p>Die Dienste des Portals richten sich nicht an Minderj\u00e4hrige (14 Jahre). Wenn ein Minderj\u00e4hriger personenbezogene Daten angibt, wird davon ausgegangen, dass er die Zustimmung seiner Eltern oder Erziehungsberechtigten hat, die die Rechte in seinem Namen aus\u00fcben k\u00f6nnen. <\/p><ol start=\"9\"><li><strong> AKTUALISIERUNGEN<\/strong><\/li><\/ol><p>Diese Datenschutzrichtlinie kann ge\u00e4ndert werden, um sie an Gesetzes\u00e4nderungen oder an die durchgef\u00fchrten Behandlungen anzupassen. Es wird empfohlen, sie regelm\u00e4\u00dfig zu konsultieren. <\/p><p><strong>Letzte Aktualisierung:<\/strong> 02. Dezember 2025<\/p>\t\t\t\t\t\t\t\t<\/div>\n\t\t\t\t<\/div>\n\t\t\t\t\t<\/div>\n\t\t\t\t<\/div>\n\t\t\t\t<\/div>\n\t\t","protected":false},"excerpt":{"rendered":"<p>.porto-u-7cde7bb859728a21207628191890e260.porto-u-heading{text-align:left} .page-top { background: none; border-bottom: none; } .page-top .page-title:not(.b-none):after { display: none; } Home Gem\u00e4\u00df den Bestimmungen der Verordnung (EU) 2016\/679 des Europ\u00e4ischen Parlaments und des Rates vom 27. April 2016 zum Schutz nat\u00fcrlicher Personen bei der Verarbeitung personenbezogener Daten und zum freien Datenverkehr (DSGVO) und dem Organgesetz 3\/2018 vom 5. Dezember \u00fcber den [&hellip;]<\/p>\n","protected":false},"author":1,"featured_media":8064,"parent":0,"menu_order":0,"comment_status":"closed","ping_status":"closed","template":"","meta":{"footnotes":""},"class_list":["post-8807","page","type-page","status-publish","has-post-thumbnail","hentry"],"yoast_head":"<!-- This site is optimized with the Yoast SEO plugin v26.6 - https:\/\/yoast.com\/wordpress\/plugins\/seo\/ -->\n<title>\u00c1guilas Turismo | Datenschutzbestimmungen<\/title>\n<meta name=\"robots\" content=\"index, follow, max-snippet:-1, max-image-preview:large, max-video-preview:-1\" \/>\n<link rel=\"canonical\" href=\"https:\/\/aguilas.es\/de\/datenschutzbestimmungen\/\" \/>\n<meta property=\"og:locale\" content=\"de_DE\" \/>\n<meta property=\"og:type\" content=\"article\" \/>\n<meta property=\"og:title\" content=\"\u00c1guilas Turismo | Datenschutzbestimmungen\" \/>\n<meta property=\"og:description\" content=\".porto-u-7cde7bb859728a21207628191890e260.porto-u-heading{text-align:left} .page-top { background: none; border-bottom: none; } .page-top .page-title:not(.b-none):after { display: none; } Home Gem\u00e4\u00df den Bestimmungen der Verordnung (EU) 2016\/679 des Europ\u00e4ischen Parlaments und des Rates vom 27. April 2016 zum Schutz nat\u00fcrlicher Personen bei der Verarbeitung personenbezogener Daten und zum freien Datenverkehr (DSGVO) und dem Organgesetz 3\/2018 vom 5. Dezember \u00fcber den [&hellip;]\" \/>\n<meta property=\"og:url\" content=\"https:\/\/aguilas.es\/de\/datenschutzbestimmungen\/\" \/>\n<meta property=\"og:site_name\" content=\"\u00c1guilas Turismo\" \/>\n<meta property=\"article:modified_time\" content=\"2025-12-30T13:13:53+00:00\" \/>\n<meta property=\"og:image\" content=\"https:\/\/aguilas.es\/wp-content\/uploads\/2025\/07\/alateasocialmedia_oficinaturismo-ciudad-000094-1.jpg\" \/>\n\t<meta property=\"og:image:width\" content=\"1920\" \/>\n\t<meta property=\"og:image:height\" content=\"1438\" \/>\n\t<meta property=\"og:image:type\" content=\"image\/jpeg\" \/>\n<meta name=\"twitter:card\" content=\"summary_large_image\" \/>\n<meta name=\"twitter:label1\" content=\"Gesch\u00e4tzte Lesezeit\" \/>\n\t<meta name=\"twitter:data1\" content=\"3\u00a0Minuten\" \/>\n<script type=\"application\/ld+json\" class=\"yoast-schema-graph\">{\"@context\":\"https:\/\/schema.org\",\"@graph\":[{\"@type\":\"WebPage\",\"@id\":\"https:\/\/aguilas.es\/de\/datenschutzbestimmungen\/\",\"url\":\"https:\/\/aguilas.es\/de\/datenschutzbestimmungen\/\",\"name\":\"\u00c1guilas Turismo | Datenschutzbestimmungen\",\"isPartOf\":{\"@id\":\"https:\/\/aguilas.es\/de\/#website\"},\"primaryImageOfPage\":{\"@id\":\"https:\/\/aguilas.es\/de\/datenschutzbestimmungen\/#primaryimage\"},\"image\":{\"@id\":\"https:\/\/aguilas.es\/de\/datenschutzbestimmungen\/#primaryimage\"},\"thumbnailUrl\":\"https:\/\/aguilas.es\/wp-content\/uploads\/2025\/07\/alateasocialmedia_oficinaturismo-ciudad-000094-1.jpg\",\"datePublished\":\"2025-06-11T12:37:21+00:00\",\"dateModified\":\"2025-12-30T13:13:53+00:00\",\"breadcrumb\":{\"@id\":\"https:\/\/aguilas.es\/de\/datenschutzbestimmungen\/#breadcrumb\"},\"inLanguage\":\"de\",\"potentialAction\":[{\"@type\":\"ReadAction\",\"target\":[\"https:\/\/aguilas.es\/de\/datenschutzbestimmungen\/\"]}]},{\"@type\":\"ImageObject\",\"inLanguage\":\"de\",\"@id\":\"https:\/\/aguilas.es\/de\/datenschutzbestimmungen\/#primaryimage\",\"url\":\"https:\/\/aguilas.es\/wp-content\/uploads\/2025\/07\/alateasocialmedia_oficinaturismo-ciudad-000094-1.jpg\",\"contentUrl\":\"https:\/\/aguilas.es\/wp-content\/uploads\/2025\/07\/alateasocialmedia_oficinaturismo-ciudad-000094-1.jpg\",\"width\":1920,\"height\":1438},{\"@type\":\"BreadcrumbList\",\"@id\":\"https:\/\/aguilas.es\/de\/datenschutzbestimmungen\/#breadcrumb\",\"itemListElement\":[{\"@type\":\"ListItem\",\"position\":1,\"name\":\"Portada\",\"item\":\"https:\/\/aguilas.es\/de\/startseite\/\"},{\"@type\":\"ListItem\",\"position\":2,\"name\":\"Datenschutzbestimmungen\"}]},{\"@type\":\"WebSite\",\"@id\":\"https:\/\/aguilas.es\/de\/#website\",\"url\":\"https:\/\/aguilas.es\/de\/\",\"name\":\"\u00c1guilas Turismo\",\"description\":\"\",\"publisher\":{\"@id\":\"https:\/\/aguilas.es\/de\/#organization\"},\"potentialAction\":[{\"@type\":\"SearchAction\",\"target\":{\"@type\":\"EntryPoint\",\"urlTemplate\":\"https:\/\/aguilas.es\/de\/?s={search_term_string}\"},\"query-input\":{\"@type\":\"PropertyValueSpecification\",\"valueRequired\":true,\"valueName\":\"search_term_string\"}}],\"inLanguage\":\"de\"},{\"@type\":\"Organization\",\"@id\":\"https:\/\/aguilas.es\/de\/#organization\",\"name\":\"\u00c1guilas Turismo\",\"url\":\"https:\/\/aguilas.es\/de\/\",\"logo\":{\"@type\":\"ImageObject\",\"inLanguage\":\"de\",\"@id\":\"https:\/\/aguilas.es\/de\/#\/schema\/logo\/image\/\",\"url\":\"https:\/\/aguilas.es\/wp-content\/uploads\/2025\/04\/Logo-Aguilas-turismo.png\",\"contentUrl\":\"https:\/\/aguilas.es\/wp-content\/uploads\/2025\/04\/Logo-Aguilas-turismo.png\",\"width\":575,\"height\":229,\"caption\":\"\u00c1guilas Turismo\"},\"image\":{\"@id\":\"https:\/\/aguilas.es\/de\/#\/schema\/logo\/image\/\"}}]}<\/script>\n<!-- \/ Yoast SEO plugin. -->","yoast_head_json":{"title":"\u00c1guilas Turismo | Datenschutzbestimmungen","robots":{"index":"index","follow":"follow","max-snippet":"max-snippet:-1","max-image-preview":"max-image-preview:large","max-video-preview":"max-video-preview:-1"},"canonical":"https:\/\/aguilas.es\/de\/datenschutzbestimmungen\/","og_locale":"de_DE","og_type":"article","og_title":"\u00c1guilas Turismo | Datenschutzbestimmungen","og_description":".porto-u-7cde7bb859728a21207628191890e260.porto-u-heading{text-align:left} .page-top { background: none; border-bottom: none; } .page-top .page-title:not(.b-none):after { display: none; } Home Gem\u00e4\u00df den Bestimmungen der Verordnung (EU) 2016\/679 des Europ\u00e4ischen Parlaments und des Rates vom 27. April 2016 zum Schutz nat\u00fcrlicher Personen bei der Verarbeitung personenbezogener Daten und zum freien Datenverkehr (DSGVO) und dem Organgesetz 3\/2018 vom 5. Dezember \u00fcber den [&hellip;]","og_url":"https:\/\/aguilas.es\/de\/datenschutzbestimmungen\/","og_site_name":"\u00c1guilas Turismo","article_modified_time":"2025-12-30T13:13:53+00:00","og_image":[{"width":1920,"height":1438,"url":"https:\/\/aguilas.es\/wp-content\/uploads\/2025\/07\/alateasocialmedia_oficinaturismo-ciudad-000094-1.jpg","type":"image\/jpeg"}],"twitter_card":"summary_large_image","twitter_misc":{"Gesch\u00e4tzte Lesezeit":"3\u00a0Minuten"},"schema":{"@context":"https:\/\/schema.org","@graph":[{"@type":"WebPage","@id":"https:\/\/aguilas.es\/de\/datenschutzbestimmungen\/","url":"https:\/\/aguilas.es\/de\/datenschutzbestimmungen\/","name":"\u00c1guilas Turismo | Datenschutzbestimmungen","isPartOf":{"@id":"https:\/\/aguilas.es\/de\/#website"},"primaryImageOfPage":{"@id":"https:\/\/aguilas.es\/de\/datenschutzbestimmungen\/#primaryimage"},"image":{"@id":"https:\/\/aguilas.es\/de\/datenschutzbestimmungen\/#primaryimage"},"thumbnailUrl":"https:\/\/aguilas.es\/wp-content\/uploads\/2025\/07\/alateasocialmedia_oficinaturismo-ciudad-000094-1.jpg","datePublished":"2025-06-11T12:37:21+00:00","dateModified":"2025-12-30T13:13:53+00:00","breadcrumb":{"@id":"https:\/\/aguilas.es\/de\/datenschutzbestimmungen\/#breadcrumb"},"inLanguage":"de","potentialAction":[{"@type":"ReadAction","target":["https:\/\/aguilas.es\/de\/datenschutzbestimmungen\/"]}]},{"@type":"ImageObject","inLanguage":"de","@id":"https:\/\/aguilas.es\/de\/datenschutzbestimmungen\/#primaryimage","url":"https:\/\/aguilas.es\/wp-content\/uploads\/2025\/07\/alateasocialmedia_oficinaturismo-ciudad-000094-1.jpg","contentUrl":"https:\/\/aguilas.es\/wp-content\/uploads\/2025\/07\/alateasocialmedia_oficinaturismo-ciudad-000094-1.jpg","width":1920,"height":1438},{"@type":"BreadcrumbList","@id":"https:\/\/aguilas.es\/de\/datenschutzbestimmungen\/#breadcrumb","itemListElement":[{"@type":"ListItem","position":1,"name":"Portada","item":"https:\/\/aguilas.es\/de\/startseite\/"},{"@type":"ListItem","position":2,"name":"Datenschutzbestimmungen"}]},{"@type":"WebSite","@id":"https:\/\/aguilas.es\/de\/#website","url":"https:\/\/aguilas.es\/de\/","name":"\u00c1guilas Turismo","description":"","publisher":{"@id":"https:\/\/aguilas.es\/de\/#organization"},"potentialAction":[{"@type":"SearchAction","target":{"@type":"EntryPoint","urlTemplate":"https:\/\/aguilas.es\/de\/?s={search_term_string}"},"query-input":{"@type":"PropertyValueSpecification","valueRequired":true,"valueName":"search_term_string"}}],"inLanguage":"de"},{"@type":"Organization","@id":"https:\/\/aguilas.es\/de\/#organization","name":"\u00c1guilas Turismo","url":"https:\/\/aguilas.es\/de\/","logo":{"@type":"ImageObject","inLanguage":"de","@id":"https:\/\/aguilas.es\/de\/#\/schema\/logo\/image\/","url":"https:\/\/aguilas.es\/wp-content\/uploads\/2025\/04\/Logo-Aguilas-turismo.png","contentUrl":"https:\/\/aguilas.es\/wp-content\/uploads\/2025\/04\/Logo-Aguilas-turismo.png","width":575,"height":229,"caption":"\u00c1guilas Turismo"},"image":{"@id":"https:\/\/aguilas.es\/de\/#\/schema\/logo\/image\/"}}]}},"_links":{"self":[{"href":"https:\/\/aguilas.es\/de\/wp-json\/wp\/v2\/pages\/8807","targetHints":{"allow":["GET"]}}],"collection":[{"href":"https:\/\/aguilas.es\/de\/wp-json\/wp\/v2\/pages"}],"about":[{"href":"https:\/\/aguilas.es\/de\/wp-json\/wp\/v2\/types\/page"}],"author":[{"embeddable":true,"href":"https:\/\/aguilas.es\/de\/wp-json\/wp\/v2\/users\/1"}],"replies":[{"embeddable":true,"href":"https:\/\/aguilas.es\/de\/wp-json\/wp\/v2\/comments?post=8807"}],"version-history":[{"count":2,"href":"https:\/\/aguilas.es\/de\/wp-json\/wp\/v2\/pages\/8807\/revisions"}],"predecessor-version":[{"id":8810,"href":"https:\/\/aguilas.es\/de\/wp-json\/wp\/v2\/pages\/8807\/revisions\/8810"}],"wp:featuredmedia":[{"embeddable":true,"href":"https:\/\/aguilas.es\/de\/wp-json\/wp\/v2\/media\/8064"}],"wp:attachment":[{"href":"https:\/\/aguilas.es\/de\/wp-json\/wp\/v2\/media?parent=8807"}],"curies":[{"name":"wp","href":"https:\/\/api.w.org\/{rel}","templated":true}]}}