{"id":8995,"date":"2025-04-03T16:17:51","date_gmt":"2025-04-03T14:17:51","guid":{"rendered":"https:\/\/aguilas.es\/straende\/"},"modified":"2026-02-23T13:51:07","modified_gmt":"2026-02-23T12:51:07","slug":"straende","status":"publish","type":"page","link":"https:\/\/aguilas.es\/de\/erlebnisse-in-aguilas\/straende\/","title":{"rendered":"Str\u00e4nde"},"content":{"rendered":"\t\t<div data-elementor-type=\"wp-page\" data-elementor-id=\"8995\" class=\"elementor elementor-8995 elementor-3547\">\n\t\t\t\t<div class=\"porto_stretch_css stretch_row_css elementor-element elementor-element-863702c e-flex e-con-boxed e-con e-parent\" data-id=\"863702c\" data-element_type=\"container\" data-settings=\"{&quot;background_background&quot;:&quot;classic&quot;}\">\r\n\t\t\t\t\t<div class=\"e-con-inner\">\r\n\t\t<div class=\"elementor-element elementor-element-38f3a67 e-con-full e-flex e-con e-child\" data-id=\"38f3a67\" data-element_type=\"container\">\r\n\t\t\t\t<div class=\"elementor-element elementor-element-25bef93 elementor-widget elementor-widget-porto_ultimate_heading\" data-id=\"25bef93\" data-element_type=\"widget\" data-widget_type=\"porto_ultimate_heading.default\">\n\t\t\t\t<div class=\"elementor-widget-container\">\n\t\t\t\t\t<div class=\"porto-u-heading  porto-u-ad87e2eaf3f9c495180fe0156ddf3eb0\"><div class=\"porto-u-sub-heading\" style=\"\"><p>Ein traumhaftes Urlaubsziel an der Mittelmeerk\u00fcste<\/p><\/div><style>.porto-u-ad87e2eaf3f9c495180fe0156ddf3eb0.porto-u-heading{text-align:left}<\/style><\/div>\t\t\t\t<\/div>\n\t\t\t\t<\/div>\n\t\t\t\t<div class=\"elementor-element elementor-element-3e763c4 elementor-widget elementor-widget-porto_page_header\" data-id=\"3e763c4\" data-element_type=\"widget\" data-widget_type=\"porto_page_header.default\">\n\t\t\t\t<div class=\"elementor-widget-container\">\n\t\t\t\t\t<div class=\"page-top page-header-6\"><style>.page-top { background: none; border-bottom: none; } .page-top .page-title:not(.b-none):after { display: none; }<\/style><div class=\"container hide-title\">\r\n\t<div class=\"row\">\r\n\t\t<div class=\"col-lg-12 clearfix\">\r\n\t\t\t<div class=\"pt-right d-none\">\r\n\t\t\t\t\t\t\t\t<h1 class=\"page-title\"><\/h1>\r\n\t\t\t\t\t\t\t<\/div>\r\n\t\t\t\t\t\t\t<div class=\"breadcrumbs-wrap pt-left\">\r\n\t\t\t\t\t<ul class=\"breadcrumb\" itemscope itemtype=\"https:\/\/schema.org\/BreadcrumbList\"><li class=\"home\" itemprop=\"itemListElement\" itemscope itemtype=\"https:\/\/schema.org\/ListItem\"><a itemprop=\"item\" href=\"https:\/\/aguilas.es\/de\/\" title=\"Go to Home Page\"><span itemprop=\"name\">Home<\/span><\/a><meta itemprop=\"position\" content=\"1\" \/><i class=\"delimiter delimiter-2\"><\/i><\/li><\/ul>\t\t\t\t<\/div>\r\n\t\t\t\t\t\t\t\t<\/div>\r\n\t<\/div>\r\n<\/div>\r\n<\/div>\t\t\t\t<\/div>\n\t\t\t\t<\/div>\n\t\t\t\t<\/div>\n\t\t\t\t\t<\/div>\n\t\t\t\t<\/div>\n\t\t<div class=\"elementor-element elementor-element-640beac e-flex e-con-boxed e-con e-parent\" data-id=\"640beac\" data-element_type=\"container\">\r\n\t\t\t\t\t<div class=\"e-con-inner\">\r\n\t\t\t\t<div class=\"elementor-element elementor-element-25746c5 elementor-widget elementor-widget-text-editor\" data-id=\"25746c5\" data-element_type=\"widget\" data-widget_type=\"text-editor.default\">\n\t\t\t\t<div class=\"elementor-widget-container\">\n\t\t\t\t\t\t\t\t\t<p><strong>Entdecke die Str\u00e4nde von \u00c1guilas!<\/strong><\/p><p data-start=\"64\" data-end=\"318\">Lass dich vom Charme des Mittelmeers an einem Reiseziel verf\u00fchren, wo Sonne, Meer und Natur sich vereinen, um dir ein unvergessliches Erlebnis zu bieten. Entdecke versteckte Buchten und kristallklares Wasser, perfekt zum Entspannen oder f\u00fcr Outdoor-Abenteuer. <\/p><p data-start=\"320\" data-end=\"497\" data-is-last-node=\"\" data-is-only-node=\"\">Ein idealer Ort, um abzuschalten, das gute Klima das ganze Jahr \u00fcber zu genie\u00dfen und dich von der Essenz der K\u00fcste Murcias umh\u00fcllen zu lassen. Komm und erlebe deinen n\u00e4chsten Kurzurlaub am Meer! <\/p>\t\t\t\t\t\t\t\t<\/div>\n\t\t\t\t<\/div>\n\t\t\t\t\t<\/div>\n\t\t\t\t<\/div>\n\t\t<div class=\"elementor-element elementor-element-27f382e e-flex e-con-boxed e-con e-parent\" data-id=\"27f382e\" data-element_type=\"container\">\r\n\t\t\t\t\t<div class=\"e-con-inner\">\r\n\t\t\t\t<div class=\"elementor-element elementor-element-1abe6ec elemento-titulo-con-subtitulo elementor-widget elementor-widget-porto_ultimate_heading\" data-id=\"1abe6ec\" data-element_type=\"widget\" data-widget_type=\"porto_ultimate_heading.default\">\n\t\t\t\t<div class=\"elementor-widget-container\">\n\t\t\t\t\t<div class=\"porto-u-heading  porto-u-55ca8359258f9a412be7e73af65d2aac\"><div class=\"porto-u-main-heading\"><h2   >Sonne und Strand<\/h2><\/div><div class=\"porto-u-sub-heading\" style=\"\"><p>Genie\u00dfe das kristallklare Wasser des Mittelmeers<\/p><\/div><style>.porto-u-55ca8359258f9a412be7e73af65d2aac.porto-u-heading{text-align:center}<\/style><\/div>\t\t\t\t<\/div>\n\t\t\t\t<\/div>\n\t\t\t\t<div class=\"elementor-element elementor-element-476898f elementor-widget elementor-widget-shortcode\" data-id=\"476898f\" data-element_type=\"widget\" data-widget_type=\"shortcode.default\">\n\t\t\t\t<div class=\"elementor-widget-container\">\n\t\t\t\t\t\t\t<div class=\"elementor-shortcode\">    <div class=\"aguilas-shortcode-loader\" id=\"aguilas-lista-web-69f73eb4e0403\"\r\n        data-tipo=\"lista-web\"  data-id-lista=\"85\"  data-items=\"6\"  data-filtros=\"0\" >\r\n        <div class=\"aguilas-loader\">\r\n            <div class=\"aguilas-spinner\"><\/div>\r\n            <p>Laden...<\/p>\r\n        <\/div>\r\n    <\/div>\r\n    <\/div>\n\t\t\t\t\t\t<\/div>\n\t\t\t\t<\/div>\n\t\t\t\t\t<\/div>\n\t\t\t\t<\/div>\n\t\t<div class=\"elementor-element elementor-element-31cf00b e-flex e-con-boxed e-con e-parent\" data-id=\"31cf00b\" data-element_type=\"container\">\r\n\t\t\t\t\t<div class=\"e-con-inner\">\r\n\t\t\t\t<div class=\"elementor-element elementor-element-bdfa3d6 elemento-titulo-con-subtitulo elementor-widget elementor-widget-porto_ultimate_heading\" data-id=\"bdfa3d6\" data-element_type=\"widget\" data-widget_type=\"porto_ultimate_heading.default\">\n\t\t\t\t<div class=\"elementor-widget-container\">\n\t\t\t\t\t<div class=\"porto-u-heading  porto-u-55ca8359258f9a412be7e73af65d2aac\"><div class=\"porto-u-main-heading\"><h2   >Karte<\/h2><\/div><div class=\"porto-u-sub-heading\" style=\"\"><p>Traumstr\u00e4nde mit Blauer Flagge<\/p><\/div><style>.porto-u-55ca8359258f9a412be7e73af65d2aac.porto-u-heading{text-align:center}<\/style><\/div>\t\t\t\t<\/div>\n\t\t\t\t<\/div>\n\t\t\t\t<div class=\"elementor-element elementor-element-2b39df3 elementor-widget elementor-widget-shortcode\" data-id=\"2b39df3\" data-element_type=\"widget\" data-widget_type=\"shortcode.default\">\n\t\t\t\t<div class=\"elementor-widget-container\">\n\t\t\t\t\t\t\t<div class=\"elementor-shortcode\">    <div class=\"aguilas-shortcode-loader\" id=\"aguilas-lista-web-69f73eb4e1891\"\r\n        data-tipo=\"lista-web\"  data-id-lista=\"16\"  data-items=\"6\"  data-filtros=\"0\" >\r\n        <div class=\"aguilas-loader\">\r\n            <div class=\"aguilas-spinner\"><\/div>\r\n            <p>Laden...<\/p>\r\n        <\/div>\r\n    <\/div>\r\n    <\/div>\n\t\t\t\t\t\t<\/div>\n\t\t\t\t<\/div>\n\t\t\t\t\t<\/div>\n\t\t\t\t<\/div>\n\t\t<div class=\"elementor-element elementor-element-bfa6d92 e-flex e-con-boxed e-con e-parent\" data-id=\"bfa6d92\" data-element_type=\"container\">\r\n\t\t\t\t\t<div class=\"e-con-inner\">\r\n\t\t\t\t<div class=\"elementor-element elementor-element-39d52e2 elemento-titulo-con-subtitulo elementor-widget elementor-widget-porto_ultimate_heading\" data-id=\"39d52e2\" data-element_type=\"widget\" data-widget_type=\"porto_ultimate_heading.default\">\n\t\t\t\t<div class=\"elementor-widget-container\">\n\t\t\t\t\t<div class=\"porto-u-heading  porto-u-55ca8359258f9a412be7e73af65d2aac\"><div class=\"porto-u-main-heading\"><h2   >Entdecken<\/h2><\/div><div class=\"porto-u-sub-heading\" style=\"\"><p>Erg\u00e4nzen Sie Ihre Reise mit anderen interessanten Aktivit\u00e4ten<\/p><\/div><style>.porto-u-55ca8359258f9a412be7e73af65d2aac.porto-u-heading{text-align:center}<\/style><\/div>\t\t\t\t<\/div>\n\t\t\t\t<\/div>\n\t\t\t\t<div class=\"elementor-element elementor-element-bedbe0b elementor-widget elementor-widget-shortcode\" data-id=\"bedbe0b\" data-element_type=\"widget\" data-widget_type=\"shortcode.default\">\n\t\t\t\t<div class=\"elementor-widget-container\">\n\t\t\t\t\t\t\t<div class=\"elementor-shortcode\">    <div class=\"aguilas-shortcode-loader\" id=\"aguilas-lista-web-69f73eb4e1d28\"\r\n        data-tipo=\"lista-web\"  data-id-lista=\"23\"  data-items=\"6\"  data-filtros=\"0\" >\r\n        <div class=\"aguilas-loader\">\r\n            <div class=\"aguilas-spinner\"><\/div>\r\n            <p>Laden...<\/p>\r\n        <\/div>\r\n    <\/div>\r\n    <\/div>\n\t\t\t\t\t\t<\/div>\n\t\t\t\t<\/div>\n\t\t\t\t\t<\/div>\n\t\t\t\t<\/div>\n\t\t<div class=\"elementor-element elementor-element-9473e6a e-flex e-con-boxed e-con e-parent\" data-id=\"9473e6a\" data-element_type=\"container\">\r\n\t\t\t\t\t<div class=\"e-con-inner\">\r\n\t\t\t\t<div class=\"elementor-element elementor-element-42f3d2d elemento-titulo-con-subtitulo elementor-widget elementor-widget-porto_ultimate_heading\" data-id=\"42f3d2d\" data-element_type=\"widget\" data-widget_type=\"porto_ultimate_heading.default\">\n\t\t\t\t<div class=\"elementor-widget-container\">\n\t\t\t\t\t<div class=\"porto-u-heading  porto-u-55ca8359258f9a412be7e73af65d2aac\"><div class=\"porto-u-main-heading\"><h2   >Downloads<\/h2><\/div><style>.porto-u-55ca8359258f9a412be7e73af65d2aac.porto-u-heading{text-align:center}<\/style><\/div>\t\t\t\t<\/div>\n\t\t\t\t<\/div>\n\t\t\t\t<div class=\"elementor-element elementor-element-abe54cf elementor-widget elementor-widget-shortcode\" data-id=\"abe54cf\" data-element_type=\"widget\" data-widget_type=\"shortcode.default\">\n\t\t\t\t<div class=\"elementor-widget-container\">\n\t\t\t\t\t\t\t<div class=\"elementor-shortcode\">    <div class=\"aguilas-shortcode-loader\" id=\"aguilas-lista-web-69f73eb4e2195\"\r\n        data-tipo=\"lista-web\"  data-id-lista=\"6\"  data-items=\"6\"  data-filtros=\"0\" >\r\n        <div class=\"aguilas-loader\">\r\n            <div class=\"aguilas-spinner\"><\/div>\r\n            <p>Laden...<\/p>\r\n        <\/div>\r\n    <\/div>\r\n    <\/div>\n\t\t\t\t\t\t<\/div>\n\t\t\t\t<\/div>\n\t\t\t\t\t<\/div>\n\t\t\t\t<\/div>\n\t\t\t\t<\/div>\n\t\t","protected":false},"excerpt":{"rendered":"<p>Ein traumhaftes Urlaubsziel an der Mittelmeerk\u00fcste Home Entdecke die Str\u00e4nde von \u00c1guilas! Lass dich vom Charme des Mittelmeers an einem Reiseziel verf\u00fchren, wo Sonne, Meer und Natur sich vereinen, um dir ein unvergessliches Erlebnis zu bieten. Entdecke versteckte Buchten und kristallklares Wasser, perfekt zum Entspannen oder f\u00fcr Outdoor-Abenteuer. Ein idealer Ort, um abzuschalten, das gute [&hellip;]<\/p>\n","protected":false},"author":1,"featured_media":7823,"parent":9420,"menu_order":0,"comment_status":"closed","ping_status":"closed","template":"","meta":{"footnotes":""},"class_list":["post-8995","page","type-page","status-publish","has-post-thumbnail","hentry"],"yoast_head":"<!-- This site is optimized with the Yoast SEO plugin v26.6 - https:\/\/yoast.com\/wordpress\/plugins\/seo\/ -->\n<title>\u00c1guilas Turismo | Str\u00e4nde<\/title>\n<meta name=\"description\" content=\"Genie\u00dfe deinen Traumurlaub mit den besten Str\u00e4nden von \u00c1guilas, die von der Sonne des Mittelmeers verw\u00f6hnt werden.\" \/>\n<meta name=\"robots\" content=\"index, follow, max-snippet:-1, max-image-preview:large, max-video-preview:-1\" \/>\n<link rel=\"canonical\" href=\"https:\/\/aguilas.es\/de\/erlebnisse-in-aguilas\/straende\/\" \/>\n<meta property=\"og:locale\" content=\"de_DE\" \/>\n<meta property=\"og:type\" content=\"article\" \/>\n<meta property=\"og:title\" content=\"\u00c1guilas Turismo | Str\u00e4nde\" \/>\n<meta property=\"og:description\" content=\"Genie\u00dfe deinen Traumurlaub mit den besten Str\u00e4nden von \u00c1guilas, die von der Sonne des Mittelmeers verw\u00f6hnt werden.\" \/>\n<meta property=\"og:url\" content=\"https:\/\/aguilas.es\/de\/erlebnisse-in-aguilas\/straende\/\" \/>\n<meta property=\"og:site_name\" content=\"\u00c1guilas Turismo\" \/>\n<meta property=\"article:modified_time\" content=\"2026-02-23T12:51:07+00:00\" \/>\n<meta property=\"og:image\" content=\"https:\/\/aguilas.es\/wp-content\/uploads\/2025\/04\/Aguilas-FITUR-2025-8.jpg\" \/>\n\t<meta property=\"og:image:width\" content=\"1449\" \/>\n\t<meta property=\"og:image:height\" content=\"970\" \/>\n\t<meta property=\"og:image:type\" content=\"image\/jpeg\" \/>\n<meta name=\"twitter:card\" content=\"summary_large_image\" \/>\n<meta name=\"twitter:label1\" content=\"Gesch\u00e4tzte Lesezeit\" \/>\n\t<meta name=\"twitter:data1\" content=\"1\u00a0Minute\" \/>\n<script type=\"application\/ld+json\" class=\"yoast-schema-graph\">{\"@context\":\"https:\/\/schema.org\",\"@graph\":[{\"@type\":\"WebPage\",\"@id\":\"https:\/\/aguilas.es\/de\/erlebnisse-in-aguilas\/straende\/\",\"url\":\"https:\/\/aguilas.es\/de\/erlebnisse-in-aguilas\/straende\/\",\"name\":\"\u00c1guilas Turismo | Str\u00e4nde\",\"isPartOf\":{\"@id\":\"https:\/\/aguilas.es\/de\/#website\"},\"primaryImageOfPage\":{\"@id\":\"https:\/\/aguilas.es\/de\/erlebnisse-in-aguilas\/straende\/#primaryimage\"},\"image\":{\"@id\":\"https:\/\/aguilas.es\/de\/erlebnisse-in-aguilas\/straende\/#primaryimage\"},\"thumbnailUrl\":\"https:\/\/aguilas.es\/wp-content\/uploads\/2025\/04\/Aguilas-FITUR-2025-8.jpg\",\"datePublished\":\"2025-04-03T14:17:51+00:00\",\"dateModified\":\"2026-02-23T12:51:07+00:00\",\"description\":\"Genie\u00dfe deinen Traumurlaub mit den besten Str\u00e4nden von \u00c1guilas, die von der Sonne des Mittelmeers verw\u00f6hnt werden.\",\"breadcrumb\":{\"@id\":\"https:\/\/aguilas.es\/de\/erlebnisse-in-aguilas\/straende\/#breadcrumb\"},\"inLanguage\":\"de\",\"potentialAction\":[{\"@type\":\"ReadAction\",\"target\":[\"https:\/\/aguilas.es\/de\/erlebnisse-in-aguilas\/straende\/\"]}]},{\"@type\":\"ImageObject\",\"inLanguage\":\"de\",\"@id\":\"https:\/\/aguilas.es\/de\/erlebnisse-in-aguilas\/straende\/#primaryimage\",\"url\":\"https:\/\/aguilas.es\/wp-content\/uploads\/2025\/04\/Aguilas-FITUR-2025-8.jpg\",\"contentUrl\":\"https:\/\/aguilas.es\/wp-content\/uploads\/2025\/04\/Aguilas-FITUR-2025-8.jpg\",\"width\":1449,\"height\":970},{\"@type\":\"BreadcrumbList\",\"@id\":\"https:\/\/aguilas.es\/de\/erlebnisse-in-aguilas\/straende\/#breadcrumb\",\"itemListElement\":[{\"@type\":\"ListItem\",\"position\":1,\"name\":\"Portada\",\"item\":\"https:\/\/aguilas.es\/de\/startseite\/\"},{\"@type\":\"ListItem\",\"position\":2,\"name\":\"Erlebnisse in \u00c1guilas\",\"item\":\"https:\/\/aguilas.es\/de\/erlebnisse-in-aguilas\/\"},{\"@type\":\"ListItem\",\"position\":3,\"name\":\"Str\u00e4nde\"}]},{\"@type\":\"WebSite\",\"@id\":\"https:\/\/aguilas.es\/de\/#website\",\"url\":\"https:\/\/aguilas.es\/de\/\",\"name\":\"\u00c1guilas Turismo\",\"description\":\"\",\"publisher\":{\"@id\":\"https:\/\/aguilas.es\/de\/#organization\"},\"potentialAction\":[{\"@type\":\"SearchAction\",\"target\":{\"@type\":\"EntryPoint\",\"urlTemplate\":\"https:\/\/aguilas.es\/de\/?s={search_term_string}\"},\"query-input\":{\"@type\":\"PropertyValueSpecification\",\"valueRequired\":true,\"valueName\":\"search_term_string\"}}],\"inLanguage\":\"de\"},{\"@type\":\"Organization\",\"@id\":\"https:\/\/aguilas.es\/de\/#organization\",\"name\":\"\u00c1guilas Turismo\",\"url\":\"https:\/\/aguilas.es\/de\/\",\"logo\":{\"@type\":\"ImageObject\",\"inLanguage\":\"de\",\"@id\":\"https:\/\/aguilas.es\/de\/#\/schema\/logo\/image\/\",\"url\":\"https:\/\/aguilas.es\/wp-content\/uploads\/2025\/04\/Logo-Aguilas-turismo.png\",\"contentUrl\":\"https:\/\/aguilas.es\/wp-content\/uploads\/2025\/04\/Logo-Aguilas-turismo.png\",\"width\":575,\"height\":229,\"caption\":\"\u00c1guilas Turismo\"},\"image\":{\"@id\":\"https:\/\/aguilas.es\/de\/#\/schema\/logo\/image\/\"}}]}<\/script>\n<!-- \/ Yoast SEO plugin. -->","yoast_head_json":{"title":"\u00c1guilas Turismo | Str\u00e4nde","description":"Genie\u00dfe deinen Traumurlaub mit den besten Str\u00e4nden von \u00c1guilas, die von der Sonne des Mittelmeers verw\u00f6hnt werden.","robots":{"index":"index","follow":"follow","max-snippet":"max-snippet:-1","max-image-preview":"max-image-preview:large","max-video-preview":"max-video-preview:-1"},"canonical":"https:\/\/aguilas.es\/de\/erlebnisse-in-aguilas\/straende\/","og_locale":"de_DE","og_type":"article","og_title":"\u00c1guilas Turismo | Str\u00e4nde","og_description":"Genie\u00dfe deinen Traumurlaub mit den besten Str\u00e4nden von \u00c1guilas, die von der Sonne des Mittelmeers verw\u00f6hnt werden.","og_url":"https:\/\/aguilas.es\/de\/erlebnisse-in-aguilas\/straende\/","og_site_name":"\u00c1guilas Turismo","article_modified_time":"2026-02-23T12:51:07+00:00","og_image":[{"width":1449,"height":970,"url":"https:\/\/aguilas.es\/wp-content\/uploads\/2025\/04\/Aguilas-FITUR-2025-8.jpg","type":"image\/jpeg"}],"twitter_card":"summary_large_image","twitter_misc":{"Gesch\u00e4tzte Lesezeit":"1\u00a0Minute"},"schema":{"@context":"https:\/\/schema.org","@graph":[{"@type":"WebPage","@id":"https:\/\/aguilas.es\/de\/erlebnisse-in-aguilas\/straende\/","url":"https:\/\/aguilas.es\/de\/erlebnisse-in-aguilas\/straende\/","name":"\u00c1guilas Turismo | Str\u00e4nde","isPartOf":{"@id":"https:\/\/aguilas.es\/de\/#website"},"primaryImageOfPage":{"@id":"https:\/\/aguilas.es\/de\/erlebnisse-in-aguilas\/straende\/#primaryimage"},"image":{"@id":"https:\/\/aguilas.es\/de\/erlebnisse-in-aguilas\/straende\/#primaryimage"},"thumbnailUrl":"https:\/\/aguilas.es\/wp-content\/uploads\/2025\/04\/Aguilas-FITUR-2025-8.jpg","datePublished":"2025-04-03T14:17:51+00:00","dateModified":"2026-02-23T12:51:07+00:00","description":"Genie\u00dfe deinen Traumurlaub mit den besten Str\u00e4nden von \u00c1guilas, die von der Sonne des Mittelmeers verw\u00f6hnt werden.","breadcrumb":{"@id":"https:\/\/aguilas.es\/de\/erlebnisse-in-aguilas\/straende\/#breadcrumb"},"inLanguage":"de","potentialAction":[{"@type":"ReadAction","target":["https:\/\/aguilas.es\/de\/erlebnisse-in-aguilas\/straende\/"]}]},{"@type":"ImageObject","inLanguage":"de","@id":"https:\/\/aguilas.es\/de\/erlebnisse-in-aguilas\/straende\/#primaryimage","url":"https:\/\/aguilas.es\/wp-content\/uploads\/2025\/04\/Aguilas-FITUR-2025-8.jpg","contentUrl":"https:\/\/aguilas.es\/wp-content\/uploads\/2025\/04\/Aguilas-FITUR-2025-8.jpg","width":1449,"height":970},{"@type":"BreadcrumbList","@id":"https:\/\/aguilas.es\/de\/erlebnisse-in-aguilas\/straende\/#breadcrumb","itemListElement":[{"@type":"ListItem","position":1,"name":"Portada","item":"https:\/\/aguilas.es\/de\/startseite\/"},{"@type":"ListItem","position":2,"name":"Erlebnisse in \u00c1guilas","item":"https:\/\/aguilas.es\/de\/erlebnisse-in-aguilas\/"},{"@type":"ListItem","position":3,"name":"Str\u00e4nde"}]},{"@type":"WebSite","@id":"https:\/\/aguilas.es\/de\/#website","url":"https:\/\/aguilas.es\/de\/","name":"\u00c1guilas Turismo","description":"","publisher":{"@id":"https:\/\/aguilas.es\/de\/#organization"},"potentialAction":[{"@type":"SearchAction","target":{"@type":"EntryPoint","urlTemplate":"https:\/\/aguilas.es\/de\/?s={search_term_string}"},"query-input":{"@type":"PropertyValueSpecification","valueRequired":true,"valueName":"search_term_string"}}],"inLanguage":"de"},{"@type":"Organization","@id":"https:\/\/aguilas.es\/de\/#organization","name":"\u00c1guilas Turismo","url":"https:\/\/aguilas.es\/de\/","logo":{"@type":"ImageObject","inLanguage":"de","@id":"https:\/\/aguilas.es\/de\/#\/schema\/logo\/image\/","url":"https:\/\/aguilas.es\/wp-content\/uploads\/2025\/04\/Logo-Aguilas-turismo.png","contentUrl":"https:\/\/aguilas.es\/wp-content\/uploads\/2025\/04\/Logo-Aguilas-turismo.png","width":575,"height":229,"caption":"\u00c1guilas Turismo"},"image":{"@id":"https:\/\/aguilas.es\/de\/#\/schema\/logo\/image\/"}}]}},"_links":{"self":[{"href":"https:\/\/aguilas.es\/de\/wp-json\/wp\/v2\/pages\/8995","targetHints":{"allow":["GET"]}}],"collection":[{"href":"https:\/\/aguilas.es\/de\/wp-json\/wp\/v2\/pages"}],"about":[{"href":"https:\/\/aguilas.es\/de\/wp-json\/wp\/v2\/types\/page"}],"author":[{"embeddable":true,"href":"https:\/\/aguilas.es\/de\/wp-json\/wp\/v2\/users\/1"}],"replies":[{"embeddable":true,"href":"https:\/\/aguilas.es\/de\/wp-json\/wp\/v2\/comments?post=8995"}],"version-history":[{"count":4,"href":"https:\/\/aguilas.es\/de\/wp-json\/wp\/v2\/pages\/8995\/revisions"}],"predecessor-version":[{"id":10824,"href":"https:\/\/aguilas.es\/de\/wp-json\/wp\/v2\/pages\/8995\/revisions\/10824"}],"up":[{"embeddable":true,"href":"https:\/\/aguilas.es\/de\/wp-json\/wp\/v2\/pages\/9420"}],"wp:featuredmedia":[{"embeddable":true,"href":"https:\/\/aguilas.es\/de\/wp-json\/wp\/v2\/media\/7823"}],"wp:attachment":[{"href":"https:\/\/aguilas.es\/de\/wp-json\/wp\/v2\/media?parent=8995"}],"curies":[{"name":"wp","href":"https:\/\/api.w.org\/{rel}","templated":true}]}}