{"id":9420,"date":"2025-04-03T16:17:31","date_gmt":"2025-04-03T14:17:31","guid":{"rendered":"https:\/\/aguilas.es\/erlebnisse-in-aguilas\/"},"modified":"2025-12-30T14:14:43","modified_gmt":"2025-12-30T13:14:43","slug":"erlebnisse-in-aguilas","status":"publish","type":"page","link":"https:\/\/aguilas.es\/de\/erlebnisse-in-aguilas\/","title":{"rendered":"Erlebnisse in \u00c1guilas"},"content":{"rendered":"\t\t<div data-elementor-type=\"wp-page\" data-elementor-id=\"9420\" class=\"elementor elementor-9420 elementor-3545\">\n\t\t\t\t<div class=\"porto_stretch_css stretch_row_css elementor-element elementor-element-ae921cf e-flex e-con-boxed e-con e-parent\" data-id=\"ae921cf\" data-element_type=\"container\" data-settings=\"{&quot;background_background&quot;:&quot;classic&quot;}\">\r\n\t\t\t\t\t<div class=\"e-con-inner\">\r\n\t\t<div class=\"elementor-element elementor-element-e372320 e-con-full e-flex e-con e-child\" data-id=\"e372320\" data-element_type=\"container\">\r\n\t\t\t\t<div class=\"elementor-element elementor-element-40cf781 elementor-widget elementor-widget-porto_ultimate_heading\" data-id=\"40cf781\" data-element_type=\"widget\" data-widget_type=\"porto_ultimate_heading.default\">\n\t\t\t\t<div class=\"elementor-widget-container\">\n\t\t\t\t\t<div class=\"porto-u-heading  porto-u-ad87e2eaf3f9c495180fe0156ddf3eb0\"><div class=\"porto-u-sub-heading\" style=\"\"><p>Momente zum Erinnern<\/p><\/div><style>.porto-u-ad87e2eaf3f9c495180fe0156ddf3eb0.porto-u-heading{text-align:left}<\/style><\/div>\t\t\t\t<\/div>\n\t\t\t\t<\/div>\n\t\t\t\t<div class=\"elementor-element elementor-element-30533b2 elementor-widget elementor-widget-porto_page_header\" data-id=\"30533b2\" data-element_type=\"widget\" data-widget_type=\"porto_page_header.default\">\n\t\t\t\t<div class=\"elementor-widget-container\">\n\t\t\t\t\t<div class=\"page-top page-header-6\"><style>.page-top { background: none; border-bottom: none; } .page-top .page-title:not(.b-none):after { display: none; }<\/style><div class=\"container hide-title\">\r\n\t<div class=\"row\">\r\n\t\t<div class=\"col-lg-12 clearfix\">\r\n\t\t\t<div class=\"pt-right d-none\">\r\n\t\t\t\t\t\t\t\t<h1 class=\"page-title\"><\/h1>\r\n\t\t\t\t\t\t\t<\/div>\r\n\t\t\t\t\t\t\t<div class=\"breadcrumbs-wrap pt-left\">\r\n\t\t\t\t\t<ul class=\"breadcrumb\" itemscope itemtype=\"https:\/\/schema.org\/BreadcrumbList\"><li class=\"home\" itemprop=\"itemListElement\" itemscope itemtype=\"https:\/\/schema.org\/ListItem\"><a itemprop=\"item\" href=\"https:\/\/aguilas.es\/de\/\" title=\"Go to Home Page\"><span itemprop=\"name\">Home<\/span><\/a><meta itemprop=\"position\" content=\"1\" \/><i class=\"delimiter delimiter-2\"><\/i><\/li><\/ul>\t\t\t\t<\/div>\r\n\t\t\t\t\t\t\t\t<\/div>\r\n\t<\/div>\r\n<\/div>\r\n<\/div>\t\t\t\t<\/div>\n\t\t\t\t<\/div>\n\t\t\t\t<\/div>\n\t\t\t\t\t<\/div>\n\t\t\t\t<\/div>\n\t\t<div class=\"elementor-element elementor-element-275266af e-flex e-con-boxed e-con e-parent\" data-id=\"275266af\" data-element_type=\"container\">\r\n\t\t\t\t\t<div class=\"e-con-inner\">\r\n\t\t\t\t<div class=\"elementor-element elementor-element-49a4dc81 elementor-widget elementor-widget-text-editor\" data-id=\"49a4dc81\" data-element_type=\"widget\" data-widget_type=\"text-editor.default\">\n\t\t\t\t<div class=\"elementor-widget-container\">\n\t\t\t\t\t\t\t\t\t<p data-start=\"211\" data-end=\"337\">\u00c1guilas bietet Ihnen viel mehr als nur Sonne und Strand. Hier k\u00f6nnen Sie einzigartige Erlebnisse genie\u00dfen, die sich jedem Geschmack und Rhythmus anpassen. <\/p><p data-start=\"339\" data-end=\"740\">Entspannen Sie sich im Stil von <strong data-start=\"362\" data-end=\"378\">\u00c1guilas Slow<\/strong>, schlendern Sie am Meer entlang, erkunden Sie mehr als 30 Str\u00e4nde und Buchten, tauchen Sie in kristallklares Wasser ein oder entdecken Sie die Meeresgr\u00fcnde beim Tauchen.<br data-start=\"504\" data-end=\"507\">Genie\u00dfen Sie ein <strong data-start=\"530\" data-end=\"543\">barrierefreies<\/strong> Reiseziel, ideal f\u00fcr einen Besuch mit der <strong data-start=\"565\" data-end=\"576\">Familie<\/strong>, mit kulturellen Angeboten wie dem ber\u00fchmten <strong data-start=\"619\" data-end=\"631\">Karneval<\/strong>, Routen im Freien, Sport inmitten der Natur und einer Gastronomie mit dem authentischen Geschmack des Mittelmeers.<\/p><p style=\"text-align: center;\" data-start=\"742\" data-end=\"838\"><strong data-start=\"742\" data-end=\"798\">\u00c1guilas ist Meer, Kultur, Geschmack, Sport und Wohlbefinden.<\/strong> <strong>Kommen Sie und entdecken Sie alles an einem Ort.<\/strong><\/p>\t\t\t\t\t\t\t\t<\/div>\n\t\t\t\t<\/div>\n\t\t\t\t\t<\/div>\n\t\t\t\t<\/div>\n\t\t<div class=\"elementor-element elementor-element-4fe577eb e-flex e-con-boxed e-con e-parent\" data-id=\"4fe577eb\" data-element_type=\"container\">\r\n\t\t\t\t\t<div class=\"e-con-inner\">\r\n\t\t\t\t<div class=\"elementor-element elementor-element-d2215f4 elemento-titulo-con-subtitulo elementor-widget elementor-widget-porto_ultimate_heading\" data-id=\"d2215f4\" data-element_type=\"widget\" data-widget_type=\"porto_ultimate_heading.default\">\n\t\t\t\t<div class=\"elementor-widget-container\">\n\t\t\t\t\t<div class=\"porto-u-heading  porto-u-55ca8359258f9a412be7e73af65d2aac\"><div class=\"porto-u-main-heading\"><h2   >Downloads<\/h2><\/div><style>.porto-u-55ca8359258f9a412be7e73af65d2aac.porto-u-heading{text-align:center}<\/style><\/div>\t\t\t\t<\/div>\n\t\t\t\t<\/div>\n\t\t\t\t<div class=\"elementor-element elementor-element-6d86c832 elementor-widget elementor-widget-shortcode\" data-id=\"6d86c832\" data-element_type=\"widget\" data-widget_type=\"shortcode.default\">\n\t\t\t\t<div class=\"elementor-widget-container\">\n\t\t\t\t\t\t\t<div class=\"elementor-shortcode\">    <div class=\"aguilas-shortcode-loader\" id=\"aguilas-lista-web-69f73ea83b2ec\"\r\n        data-tipo=\"lista-web\"  data-id-lista=\"6\"  data-items=\"6\"  data-filtros=\"0\" >\r\n        <div class=\"aguilas-loader\">\r\n            <div class=\"aguilas-spinner\"><\/div>\r\n            <p>Laden...<\/p>\r\n        <\/div>\r\n    <\/div>\r\n    <\/div>\n\t\t\t\t\t\t<\/div>\n\t\t\t\t<\/div>\n\t\t\t\t\t<\/div>\n\t\t\t\t<\/div>\n\t\t\t\t<\/div>\n\t\t","protected":false},"excerpt":{"rendered":"<p>Momente zum Erinnern Home \u00c1guilas bietet Ihnen viel mehr als nur Sonne und Strand. Hier k\u00f6nnen Sie einzigartige Erlebnisse genie\u00dfen, die sich jedem Geschmack und Rhythmus anpassen. Entspannen Sie sich im Stil von \u00c1guilas Slow, schlendern Sie am Meer entlang, erkunden Sie mehr als 30 Str\u00e4nde und Buchten, tauchen Sie in kristallklares Wasser ein oder [&hellip;]<\/p>\n","protected":false},"author":1,"featured_media":9683,"parent":0,"menu_order":0,"comment_status":"closed","ping_status":"closed","template":"","meta":{"footnotes":""},"class_list":["post-9420","page","type-page","status-publish","has-post-thumbnail","hentry"],"yoast_head":"<!-- This site is optimized with the Yoast SEO plugin v26.6 - https:\/\/yoast.com\/wordpress\/plugins\/seo\/ -->\n<title>\u00c1guilas Turismo | Erlebnisse in \u00c1guilas<\/title>\n<meta name=\"description\" content=\"Entdecken Sie die besten Erlebnisse in \u00c1guilas, von unseren sch\u00f6nsten Str\u00e4nden bis hin zu unseren Wanderwegen, und greifen Sie auf unseren Veranstaltungskalender zu.\" \/>\n<meta name=\"robots\" content=\"index, follow, max-snippet:-1, max-image-preview:large, max-video-preview:-1\" \/>\n<link rel=\"canonical\" href=\"https:\/\/aguilas.es\/de\/erlebnisse-in-aguilas\/\" \/>\n<meta property=\"og:locale\" content=\"de_DE\" \/>\n<meta property=\"og:type\" content=\"article\" \/>\n<meta property=\"og:title\" content=\"\u00c1guilas Turismo | Erlebnisse in \u00c1guilas\" \/>\n<meta property=\"og:description\" content=\"Entdecken Sie die besten Erlebnisse in \u00c1guilas, von unseren sch\u00f6nsten Str\u00e4nden bis hin zu unseren Wanderwegen, und greifen Sie auf unseren Veranstaltungskalender zu.\" \/>\n<meta property=\"og:url\" content=\"https:\/\/aguilas.es\/de\/erlebnisse-in-aguilas\/\" \/>\n<meta property=\"og:site_name\" content=\"\u00c1guilas Turismo\" \/>\n<meta property=\"article:modified_time\" content=\"2025-12-30T13:14:43+00:00\" \/>\n<meta property=\"og:image\" content=\"https:\/\/aguilas.es\/wp-content\/uploads\/2025\/12\/alateasocialmedia_oficinaturismo-ciudad-000034.jpg\" \/>\n\t<meta property=\"og:image:width\" content=\"1920\" \/>\n\t<meta property=\"og:image:height\" content=\"439\" \/>\n\t<meta property=\"og:image:type\" content=\"image\/jpeg\" \/>\n<meta name=\"twitter:card\" content=\"summary_large_image\" \/>\n<meta name=\"twitter:label1\" content=\"Gesch\u00e4tzte Lesezeit\" \/>\n\t<meta name=\"twitter:data1\" content=\"1\u00a0Minute\" \/>\n<script type=\"application\/ld+json\" class=\"yoast-schema-graph\">{\"@context\":\"https:\/\/schema.org\",\"@graph\":[{\"@type\":\"WebPage\",\"@id\":\"https:\/\/aguilas.es\/de\/erlebnisse-in-aguilas\/\",\"url\":\"https:\/\/aguilas.es\/de\/erlebnisse-in-aguilas\/\",\"name\":\"\u00c1guilas Turismo | Erlebnisse in \u00c1guilas\",\"isPartOf\":{\"@id\":\"https:\/\/aguilas.es\/de\/#website\"},\"primaryImageOfPage\":{\"@id\":\"https:\/\/aguilas.es\/de\/erlebnisse-in-aguilas\/#primaryimage\"},\"image\":{\"@id\":\"https:\/\/aguilas.es\/de\/erlebnisse-in-aguilas\/#primaryimage\"},\"thumbnailUrl\":\"https:\/\/aguilas.es\/wp-content\/uploads\/2025\/12\/alateasocialmedia_oficinaturismo-ciudad-000034.jpg\",\"datePublished\":\"2025-04-03T14:17:31+00:00\",\"dateModified\":\"2025-12-30T13:14:43+00:00\",\"description\":\"Entdecken Sie die besten Erlebnisse in \u00c1guilas, von unseren sch\u00f6nsten Str\u00e4nden bis hin zu unseren Wanderwegen, und greifen Sie auf unseren Veranstaltungskalender zu.\",\"breadcrumb\":{\"@id\":\"https:\/\/aguilas.es\/de\/erlebnisse-in-aguilas\/#breadcrumb\"},\"inLanguage\":\"de\",\"potentialAction\":[{\"@type\":\"ReadAction\",\"target\":[\"https:\/\/aguilas.es\/de\/erlebnisse-in-aguilas\/\"]}]},{\"@type\":\"ImageObject\",\"inLanguage\":\"de\",\"@id\":\"https:\/\/aguilas.es\/de\/erlebnisse-in-aguilas\/#primaryimage\",\"url\":\"https:\/\/aguilas.es\/wp-content\/uploads\/2025\/12\/alateasocialmedia_oficinaturismo-ciudad-000034.jpg\",\"contentUrl\":\"https:\/\/aguilas.es\/wp-content\/uploads\/2025\/12\/alateasocialmedia_oficinaturismo-ciudad-000034.jpg\",\"width\":1920,\"height\":439},{\"@type\":\"BreadcrumbList\",\"@id\":\"https:\/\/aguilas.es\/de\/erlebnisse-in-aguilas\/#breadcrumb\",\"itemListElement\":[{\"@type\":\"ListItem\",\"position\":1,\"name\":\"Portada\",\"item\":\"https:\/\/aguilas.es\/de\/startseite\/\"},{\"@type\":\"ListItem\",\"position\":2,\"name\":\"Erlebnisse in \u00c1guilas\"}]},{\"@type\":\"WebSite\",\"@id\":\"https:\/\/aguilas.es\/de\/#website\",\"url\":\"https:\/\/aguilas.es\/de\/\",\"name\":\"\u00c1guilas Turismo\",\"description\":\"\",\"publisher\":{\"@id\":\"https:\/\/aguilas.es\/de\/#organization\"},\"potentialAction\":[{\"@type\":\"SearchAction\",\"target\":{\"@type\":\"EntryPoint\",\"urlTemplate\":\"https:\/\/aguilas.es\/de\/?s={search_term_string}\"},\"query-input\":{\"@type\":\"PropertyValueSpecification\",\"valueRequired\":true,\"valueName\":\"search_term_string\"}}],\"inLanguage\":\"de\"},{\"@type\":\"Organization\",\"@id\":\"https:\/\/aguilas.es\/de\/#organization\",\"name\":\"\u00c1guilas Turismo\",\"url\":\"https:\/\/aguilas.es\/de\/\",\"logo\":{\"@type\":\"ImageObject\",\"inLanguage\":\"de\",\"@id\":\"https:\/\/aguilas.es\/de\/#\/schema\/logo\/image\/\",\"url\":\"https:\/\/aguilas.es\/wp-content\/uploads\/2025\/04\/Logo-Aguilas-turismo.png\",\"contentUrl\":\"https:\/\/aguilas.es\/wp-content\/uploads\/2025\/04\/Logo-Aguilas-turismo.png\",\"width\":575,\"height\":229,\"caption\":\"\u00c1guilas Turismo\"},\"image\":{\"@id\":\"https:\/\/aguilas.es\/de\/#\/schema\/logo\/image\/\"}}]}<\/script>\n<!-- \/ Yoast SEO plugin. -->","yoast_head_json":{"title":"\u00c1guilas Turismo | Erlebnisse in \u00c1guilas","description":"Entdecken Sie die besten Erlebnisse in \u00c1guilas, von unseren sch\u00f6nsten Str\u00e4nden bis hin zu unseren Wanderwegen, und greifen Sie auf unseren Veranstaltungskalender zu.","robots":{"index":"index","follow":"follow","max-snippet":"max-snippet:-1","max-image-preview":"max-image-preview:large","max-video-preview":"max-video-preview:-1"},"canonical":"https:\/\/aguilas.es\/de\/erlebnisse-in-aguilas\/","og_locale":"de_DE","og_type":"article","og_title":"\u00c1guilas Turismo | Erlebnisse in \u00c1guilas","og_description":"Entdecken Sie die besten Erlebnisse in \u00c1guilas, von unseren sch\u00f6nsten Str\u00e4nden bis hin zu unseren Wanderwegen, und greifen Sie auf unseren Veranstaltungskalender zu.","og_url":"https:\/\/aguilas.es\/de\/erlebnisse-in-aguilas\/","og_site_name":"\u00c1guilas Turismo","article_modified_time":"2025-12-30T13:14:43+00:00","og_image":[{"width":1920,"height":439,"url":"https:\/\/aguilas.es\/wp-content\/uploads\/2025\/12\/alateasocialmedia_oficinaturismo-ciudad-000034.jpg","type":"image\/jpeg"}],"twitter_card":"summary_large_image","twitter_misc":{"Gesch\u00e4tzte Lesezeit":"1\u00a0Minute"},"schema":{"@context":"https:\/\/schema.org","@graph":[{"@type":"WebPage","@id":"https:\/\/aguilas.es\/de\/erlebnisse-in-aguilas\/","url":"https:\/\/aguilas.es\/de\/erlebnisse-in-aguilas\/","name":"\u00c1guilas Turismo | Erlebnisse in \u00c1guilas","isPartOf":{"@id":"https:\/\/aguilas.es\/de\/#website"},"primaryImageOfPage":{"@id":"https:\/\/aguilas.es\/de\/erlebnisse-in-aguilas\/#primaryimage"},"image":{"@id":"https:\/\/aguilas.es\/de\/erlebnisse-in-aguilas\/#primaryimage"},"thumbnailUrl":"https:\/\/aguilas.es\/wp-content\/uploads\/2025\/12\/alateasocialmedia_oficinaturismo-ciudad-000034.jpg","datePublished":"2025-04-03T14:17:31+00:00","dateModified":"2025-12-30T13:14:43+00:00","description":"Entdecken Sie die besten Erlebnisse in \u00c1guilas, von unseren sch\u00f6nsten Str\u00e4nden bis hin zu unseren Wanderwegen, und greifen Sie auf unseren Veranstaltungskalender zu.","breadcrumb":{"@id":"https:\/\/aguilas.es\/de\/erlebnisse-in-aguilas\/#breadcrumb"},"inLanguage":"de","potentialAction":[{"@type":"ReadAction","target":["https:\/\/aguilas.es\/de\/erlebnisse-in-aguilas\/"]}]},{"@type":"ImageObject","inLanguage":"de","@id":"https:\/\/aguilas.es\/de\/erlebnisse-in-aguilas\/#primaryimage","url":"https:\/\/aguilas.es\/wp-content\/uploads\/2025\/12\/alateasocialmedia_oficinaturismo-ciudad-000034.jpg","contentUrl":"https:\/\/aguilas.es\/wp-content\/uploads\/2025\/12\/alateasocialmedia_oficinaturismo-ciudad-000034.jpg","width":1920,"height":439},{"@type":"BreadcrumbList","@id":"https:\/\/aguilas.es\/de\/erlebnisse-in-aguilas\/#breadcrumb","itemListElement":[{"@type":"ListItem","position":1,"name":"Portada","item":"https:\/\/aguilas.es\/de\/startseite\/"},{"@type":"ListItem","position":2,"name":"Erlebnisse in \u00c1guilas"}]},{"@type":"WebSite","@id":"https:\/\/aguilas.es\/de\/#website","url":"https:\/\/aguilas.es\/de\/","name":"\u00c1guilas Turismo","description":"","publisher":{"@id":"https:\/\/aguilas.es\/de\/#organization"},"potentialAction":[{"@type":"SearchAction","target":{"@type":"EntryPoint","urlTemplate":"https:\/\/aguilas.es\/de\/?s={search_term_string}"},"query-input":{"@type":"PropertyValueSpecification","valueRequired":true,"valueName":"search_term_string"}}],"inLanguage":"de"},{"@type":"Organization","@id":"https:\/\/aguilas.es\/de\/#organization","name":"\u00c1guilas Turismo","url":"https:\/\/aguilas.es\/de\/","logo":{"@type":"ImageObject","inLanguage":"de","@id":"https:\/\/aguilas.es\/de\/#\/schema\/logo\/image\/","url":"https:\/\/aguilas.es\/wp-content\/uploads\/2025\/04\/Logo-Aguilas-turismo.png","contentUrl":"https:\/\/aguilas.es\/wp-content\/uploads\/2025\/04\/Logo-Aguilas-turismo.png","width":575,"height":229,"caption":"\u00c1guilas Turismo"},"image":{"@id":"https:\/\/aguilas.es\/de\/#\/schema\/logo\/image\/"}}]}},"_links":{"self":[{"href":"https:\/\/aguilas.es\/de\/wp-json\/wp\/v2\/pages\/9420","targetHints":{"allow":["GET"]}}],"collection":[{"href":"https:\/\/aguilas.es\/de\/wp-json\/wp\/v2\/pages"}],"about":[{"href":"https:\/\/aguilas.es\/de\/wp-json\/wp\/v2\/types\/page"}],"author":[{"embeddable":true,"href":"https:\/\/aguilas.es\/de\/wp-json\/wp\/v2\/users\/1"}],"replies":[{"embeddable":true,"href":"https:\/\/aguilas.es\/de\/wp-json\/wp\/v2\/comments?post=9420"}],"version-history":[{"count":7,"href":"https:\/\/aguilas.es\/de\/wp-json\/wp\/v2\/pages\/9420\/revisions"}],"predecessor-version":[{"id":9693,"href":"https:\/\/aguilas.es\/de\/wp-json\/wp\/v2\/pages\/9420\/revisions\/9693"}],"wp:featuredmedia":[{"embeddable":true,"href":"https:\/\/aguilas.es\/de\/wp-json\/wp\/v2\/media\/9683"}],"wp:attachment":[{"href":"https:\/\/aguilas.es\/de\/wp-json\/wp\/v2\/media?parent=9420"}],"curies":[{"name":"wp","href":"https:\/\/api.w.org\/{rel}","templated":true}]}}