{"id":10706,"date":"2026-02-18T09:41:37","date_gmt":"2026-02-18T08:41:37","guid":{"rendered":"https:\/\/aguilas.es\/experiences-in-aguilas\/explore-aguilas\/aguilas-golf-destination\/"},"modified":"2026-02-23T11:22:47","modified_gmt":"2026-02-23T10:22:47","slug":"aguilas-golf-destination","status":"publish","type":"page","link":"https:\/\/aguilas.es\/en\/experiences-in-aguilas\/explore-aguilas\/aguilas-golf-destination\/","title":{"rendered":"\u00c1guilas Golf Destination"},"content":{"rendered":"\t\t<div data-elementor-type=\"wp-page\" data-elementor-id=\"10706\" class=\"elementor elementor-10706 elementor-10562\">\n\t\t\t\t<div class=\"elementor-element elementor-element-8f3b8db e-flex e-con-boxed e-con e-parent\" data-id=\"8f3b8db\" data-element_type=\"container\">\r\n\t\t\t\t\t<div class=\"e-con-inner\">\r\n\t\t\t\t<div class=\"elementor-element elementor-element-73c23d37 elementor-widget elementor-widget-text-editor\" data-id=\"73c23d37\" data-element_type=\"widget\" data-widget_type=\"text-editor.default\">\n\t\t\t\t<div class=\"elementor-widget-container\">\n\t\t\t\t\t\t\t\t\t\n<p>Discover<\/p>\n\t\t\t\t\t\t\t\t<\/div>\n\t\t\t\t<\/div>\n\t\t\t\t\t<\/div>\n\t\t\t\t<\/div>\n\t\t<div class=\"porto_stretch_css stretch_row_css elementor-element elementor-element-19905955 e-flex e-con-boxed e-con e-parent\" data-id=\"19905955\" data-element_type=\"container\" data-settings=\"{&quot;background_background&quot;:&quot;classic&quot;}\">\r\n\t\t\t\t\t<div class=\"e-con-inner\">\r\n\t\t<div class=\"elementor-element elementor-element-6d4c21c1 e-con-full e-flex e-con e-child\" data-id=\"6d4c21c1\" data-element_type=\"container\">\r\n\t\t\t\t<div class=\"elementor-element elementor-element-232a14d elementor-widget elementor-widget-porto_ultimate_heading\" data-id=\"232a14d\" data-element_type=\"widget\" data-widget_type=\"porto_ultimate_heading.default\">\n\t\t\t\t<div class=\"elementor-widget-container\">\n\t\t\t\t\t<div class=\"porto-u-heading  porto-u-ad87e2eaf3f9c495180fe0156ddf3eb0\"><div class=\"porto-u-sub-heading\" style=\"\"><article class=\"text-token-text-primary w-full focus:outline-none [--shadow-height:45px] has-data-writing-block:pointer-events-none has-data-writing-block:-mt-(--shadow-height) has-data-writing-block:pt-(--shadow-height) [&amp;:has([data-writing-block])&gt;*]:pointer-events-auto scroll-mt-(--header-height)\" dir=\"auto\" tabindex=\"-1\" data-turn-id=\"87bc316f-c0c3-421b-b7f9-b91a7fb85929\" data-testid=\"conversation-turn-9\" data-scroll-anchor=\"false\" data-turn=\"user\"><div class=\"text-base my-auto mx-auto pt-12 [--thread-content-margin:--spacing(4)] @w-sm\/main:[--thread-content-margin:--spacing(6)] @w-lg\/main:[--thread-content-margin:--spacing(16)] px-(--thread-content-margin)\"><div class=\"[--thread-content-max-width:40rem] @w-lg\/main:[--thread-content-max-width:48rem] mx-auto max-w-(--thread-content-max-width) flex-1 group\/turn-messages focus-visible:outline-hidden relative flex w-full min-w-0 flex-col\" tabindex=\"-1\"><div class=\"z-0 flex justify-end\"><div class=\"text-base my-auto mx-auto pb-10 [--thread-content-margin:--spacing(4)] @w-sm\/main:[--thread-content-margin:--spacing(6)] @w-lg\/main:[--thread-content-margin:--spacing(16)] px-(--thread-content-margin)\"><div class=\"[--thread-content-max-width:40rem] @w-lg\/main:[--thread-content-max-width:48rem] mx-auto max-w-(--thread-content-max-width) flex-1 group\/turn-messages focus-visible:outline-hidden relative flex w-full min-w-0 flex-col agent-turn\" tabindex=\"-1\"><div class=\"flex max-w-full flex-col grow\"><div class=\"min-h-8 text-message relative flex w-full flex-col items-end gap-2 text-start break-words whitespace-normal [.text-message+&amp;]:mt-1\" dir=\"auto\" data-message-author-role=\"assistant\" data-message-id=\"7f5028ca-e792-4f80-8355-656313b010d8\" data-message-model-slug=\"gpt-5-mini\"><div class=\"flex w-full flex-col gap-1 empty:hidden first:pt-[1px]\"><div class=\"markdown prose dark:prose-invert w-full wrap-break-word light markdown-new-styling\"><p data-start=\"0\" data-end=\"108\" data-is-last-node=\"\" data-is-only-node=\"\">Enjoy golf all year round in <span class=\"hover:entity-accent entity-underline inline cursor-pointer align-baseline\"><span class=\"whitespace-normal\">\u00c1guilas<\/span><\/span>, where sea, sun, and nature come together.<\/p><\/div><\/div><\/div><\/div><\/div><\/div><\/div><\/div><\/div><\/article><\/div><style>.porto-u-ad87e2eaf3f9c495180fe0156ddf3eb0.porto-u-heading{text-align:left}<\/style><\/div>\t\t\t\t<\/div>\n\t\t\t\t<\/div>\n\t\t\t\t<div class=\"elementor-element elementor-element-6281251 elementor-widget elementor-widget-porto_page_header\" data-id=\"6281251\" data-element_type=\"widget\" data-widget_type=\"porto_page_header.default\">\n\t\t\t\t<div class=\"elementor-widget-container\">\n\t\t\t\t\t<div class=\"page-top page-header-6\"><style>.page-top { background: none; border-bottom: none; } .page-top .page-title:not(.b-none):after { display: none; }<\/style><div class=\"container hide-title\">\r\n\t<div class=\"row\">\r\n\t\t<div class=\"col-lg-12 clearfix\">\r\n\t\t\t<div class=\"pt-right d-none\">\r\n\t\t\t\t\t\t\t\t<h1 class=\"page-title\"><\/h1>\r\n\t\t\t\t\t\t\t<\/div>\r\n\t\t\t\t\t\t\t<div class=\"breadcrumbs-wrap pt-left\">\r\n\t\t\t\t\t<ul class=\"breadcrumb\" itemscope itemtype=\"https:\/\/schema.org\/BreadcrumbList\"><li class=\"home\" itemprop=\"itemListElement\" itemscope itemtype=\"https:\/\/schema.org\/ListItem\"><a itemprop=\"item\" href=\"https:\/\/aguilas.es\/en\/\" title=\"Go to Home Page\"><span itemprop=\"name\">Home<\/span><\/a><meta itemprop=\"position\" content=\"1\" \/><i class=\"delimiter delimiter-2\"><\/i><\/li><\/ul>\t\t\t\t<\/div>\r\n\t\t\t\t\t\t\t\t<\/div>\r\n\t<\/div>\r\n<\/div>\r\n<\/div>\t\t\t\t<\/div>\n\t\t\t\t<\/div>\n\t\t\t\t<\/div>\n\t\t\t\t\t<\/div>\n\t\t\t\t<\/div>\n\t\t<div class=\"elementor-element elementor-element-779e6b41 e-flex e-con-boxed e-con e-parent\" data-id=\"779e6b41\" data-element_type=\"container\">\r\n\t\t\t\t\t<div class=\"e-con-inner\">\r\n\t\t\t\t<div class=\"elementor-element elementor-element-44fceeb9 elementor-widget elementor-widget-text-editor\" data-id=\"44fceeb9\" data-element_type=\"widget\" data-widget_type=\"text-editor.default\">\n\t\t\t\t<div class=\"elementor-widget-container\">\n\t\t\t\t\t\t\t\t\t<p>\u00c1guilas has established itself as an attractive destination for golf thanks to its privileged climate, with over 300 days of sunshine per year, and its natural setting by the Mediterranean Sea. Located in the Region of Murcia, it offers ideal conditions for playing all year round, especially in autumn and winter, when temperatures are mild and pleasant. <\/p><p>In addition to its golf courses, \u00c1guilas stands out for its complementary offerings: high-quality beaches, protected natural areas, and varied cuisine based on seafood. This combination of sport, nature, and leisure makes \u00c1guilas a perfect destination for both experienced golfers and those looking to take up the sport in a peaceful setting with excellent tourist services. <\/p>\t\t\t\t\t\t\t\t<\/div>\n\t\t\t\t<\/div>\n\t\t\t\t\t<\/div>\n\t\t\t\t<\/div>\n\t\t<div class=\"elementor-element elementor-element-12d88c12 e-flex e-con-boxed e-con e-parent\" data-id=\"12d88c12\" data-element_type=\"container\">\r\n\t\t\t\t\t<div class=\"e-con-inner\">\r\n\t\t\t\t<div class=\"elementor-element elementor-element-26b739a5 elemento-titulo-con-subtitulo elementor-widget elementor-widget-porto_ultimate_heading\" data-id=\"26b739a5\" data-element_type=\"widget\" data-widget_type=\"porto_ultimate_heading.default\">\n\t\t\t\t<div class=\"elementor-widget-container\">\n\t\t\t\t\t<div class=\"porto-u-heading  porto-u-55ca8359258f9a412be7e73af65d2aac\"><div class=\"porto-u-main-heading\"><h2   >\u00c1guilas Golf<\/h2><\/div><div class=\"porto-u-sub-heading\" style=\"\"><p>Sun, sea, and golf: discover \u00c1guilas all year round<\/p><\/div><style>.porto-u-55ca8359258f9a412be7e73af65d2aac.porto-u-heading{text-align:center}<\/style><\/div>\t\t\t\t<\/div>\n\t\t\t\t<\/div>\n\t\t\t\t<div class=\"elementor-element elementor-element-42f9acb0 elementor-widget elementor-widget-shortcode\" data-id=\"42f9acb0\" data-element_type=\"widget\" data-widget_type=\"shortcode.default\">\n\t\t\t\t<div class=\"elementor-widget-container\">\n\t\t\t\t\t\t\t<div class=\"elementor-shortcode\">    <div class=\"aguilas-shortcode-loader\" id=\"aguilas-lista-web-69e73560af67e\"\r\n        data-tipo=\"lista-web\"  data-id-lista=\"87\"  data-items=\"6\"  data-filtros=\"0\" >\r\n        <div class=\"aguilas-loader\">\r\n            <div class=\"aguilas-spinner\"><\/div>\r\n            <p>Loading...<\/p>\r\n        <\/div>\r\n    <\/div>\r\n    <\/div>\n\t\t\t\t\t\t<\/div>\n\t\t\t\t<\/div>\n\t\t\t\t\t<\/div>\n\t\t\t\t<\/div>\n\t\t\t\t<\/div>\n\t\t","protected":false},"excerpt":{"rendered":"<p>Discover Enjoy golf all year round in \u00c1guilas, where sea, sun, and nature come together. Home \u00c1guilas has established itself as an attractive destination for golf thanks to its privileged climate, with over 300 days of sunshine per year, and its natural setting by the Mediterranean Sea. Located in the Region of Murcia, it offers [&hellip;]<\/p>\n","protected":false},"author":3,"featured_media":10705,"parent":8715,"menu_order":0,"comment_status":"closed","ping_status":"closed","template":"","meta":{"footnotes":""},"class_list":["post-10706","page","type-page","status-publish","has-post-thumbnail","hentry"],"yoast_head":"<!-- This site is optimized with the Yoast SEO plugin v26.6 - https:\/\/yoast.com\/wordpress\/plugins\/seo\/ -->\n<title>\u00c1guilas Turismo | \u00c1guilas Golf Destination<\/title>\n<meta name=\"robots\" content=\"index, follow, max-snippet:-1, max-image-preview:large, max-video-preview:-1\" \/>\n<link rel=\"canonical\" href=\"https:\/\/aguilas.es\/en\/experiences-in-aguilas\/explore-aguilas\/aguilas-golf-destination\/\" \/>\n<meta property=\"og:locale\" content=\"en_US\" \/>\n<meta property=\"og:type\" content=\"article\" \/>\n<meta property=\"og:title\" content=\"\u00c1guilas Turismo | \u00c1guilas Golf Destination\" \/>\n<meta property=\"og:description\" content=\"Discover Enjoy golf all year round in \u00c1guilas, where sea, sun, and nature come together. Home \u00c1guilas has established itself as an attractive destination for golf thanks to its privileged climate, with over 300 days of sunshine per year, and its natural setting by the Mediterranean Sea. Located in the Region of Murcia, it offers [&hellip;]\" \/>\n<meta property=\"og:url\" content=\"https:\/\/aguilas.es\/en\/experiences-in-aguilas\/explore-aguilas\/aguilas-golf-destination\/\" \/>\n<meta property=\"og:site_name\" content=\"\u00c1guilas Turismo\" \/>\n<meta property=\"article:modified_time\" content=\"2026-02-23T10:22:47+00:00\" \/>\n<meta property=\"og:image\" content=\"https:\/\/aguilas.es\/wp-content\/uploads\/2026\/02\/alateasocialmedia_oficinaturismo-deporte-000097.jpg\" \/>\n\t<meta property=\"og:image:width\" content=\"1920\" \/>\n\t<meta property=\"og:image:height\" content=\"1280\" \/>\n\t<meta property=\"og:image:type\" content=\"image\/jpeg\" \/>\n<meta name=\"twitter:card\" content=\"summary_large_image\" \/>\n<meta name=\"twitter:label1\" content=\"Est. reading time\" \/>\n\t<meta name=\"twitter:data1\" content=\"1 minute\" \/>\n<script type=\"application\/ld+json\" class=\"yoast-schema-graph\">{\"@context\":\"https:\/\/schema.org\",\"@graph\":[{\"@type\":\"WebPage\",\"@id\":\"https:\/\/aguilas.es\/en\/experiences-in-aguilas\/explore-aguilas\/aguilas-golf-destination\/\",\"url\":\"https:\/\/aguilas.es\/en\/experiences-in-aguilas\/explore-aguilas\/aguilas-golf-destination\/\",\"name\":\"\u00c1guilas Turismo | \u00c1guilas Golf Destination\",\"isPartOf\":{\"@id\":\"https:\/\/aguilas.es\/en\/#website\"},\"primaryImageOfPage\":{\"@id\":\"https:\/\/aguilas.es\/en\/experiences-in-aguilas\/explore-aguilas\/aguilas-golf-destination\/#primaryimage\"},\"image\":{\"@id\":\"https:\/\/aguilas.es\/en\/experiences-in-aguilas\/explore-aguilas\/aguilas-golf-destination\/#primaryimage\"},\"thumbnailUrl\":\"https:\/\/aguilas.es\/wp-content\/uploads\/2026\/02\/alateasocialmedia_oficinaturismo-deporte-000097.jpg\",\"datePublished\":\"2026-02-18T08:41:37+00:00\",\"dateModified\":\"2026-02-23T10:22:47+00:00\",\"breadcrumb\":{\"@id\":\"https:\/\/aguilas.es\/en\/experiences-in-aguilas\/explore-aguilas\/aguilas-golf-destination\/#breadcrumb\"},\"inLanguage\":\"en-US\",\"potentialAction\":[{\"@type\":\"ReadAction\",\"target\":[\"https:\/\/aguilas.es\/en\/experiences-in-aguilas\/explore-aguilas\/aguilas-golf-destination\/\"]}]},{\"@type\":\"ImageObject\",\"inLanguage\":\"en-US\",\"@id\":\"https:\/\/aguilas.es\/en\/experiences-in-aguilas\/explore-aguilas\/aguilas-golf-destination\/#primaryimage\",\"url\":\"https:\/\/aguilas.es\/wp-content\/uploads\/2026\/02\/alateasocialmedia_oficinaturismo-deporte-000097.jpg\",\"contentUrl\":\"https:\/\/aguilas.es\/wp-content\/uploads\/2026\/02\/alateasocialmedia_oficinaturismo-deporte-000097.jpg\",\"width\":1920,\"height\":1280},{\"@type\":\"BreadcrumbList\",\"@id\":\"https:\/\/aguilas.es\/en\/experiences-in-aguilas\/explore-aguilas\/aguilas-golf-destination\/#breadcrumb\",\"itemListElement\":[{\"@type\":\"ListItem\",\"position\":1,\"name\":\"Portada\",\"item\":\"https:\/\/aguilas.es\/en\/home\/\"},{\"@type\":\"ListItem\",\"position\":2,\"name\":\"Experiences in \u00c1guilas\",\"item\":\"https:\/\/aguilas.es\/en\/experiences-in-aguilas\/\"},{\"@type\":\"ListItem\",\"position\":3,\"name\":\"Explore \u00c1guilas\",\"item\":\"https:\/\/aguilas.es\/en\/experiences-in-aguilas\/explore-aguilas\/\"},{\"@type\":\"ListItem\",\"position\":4,\"name\":\"\u00c1guilas Golf Destination\"}]},{\"@type\":\"WebSite\",\"@id\":\"https:\/\/aguilas.es\/en\/#website\",\"url\":\"https:\/\/aguilas.es\/en\/\",\"name\":\"\u00c1guilas Turismo\",\"description\":\"\",\"publisher\":{\"@id\":\"https:\/\/aguilas.es\/en\/#organization\"},\"potentialAction\":[{\"@type\":\"SearchAction\",\"target\":{\"@type\":\"EntryPoint\",\"urlTemplate\":\"https:\/\/aguilas.es\/en\/?s={search_term_string}\"},\"query-input\":{\"@type\":\"PropertyValueSpecification\",\"valueRequired\":true,\"valueName\":\"search_term_string\"}}],\"inLanguage\":\"en-US\"},{\"@type\":\"Organization\",\"@id\":\"https:\/\/aguilas.es\/en\/#organization\",\"name\":\"\u00c1guilas Turismo\",\"url\":\"https:\/\/aguilas.es\/en\/\",\"logo\":{\"@type\":\"ImageObject\",\"inLanguage\":\"en-US\",\"@id\":\"https:\/\/aguilas.es\/en\/#\/schema\/logo\/image\/\",\"url\":\"https:\/\/aguilas.es\/wp-content\/uploads\/2025\/04\/Logo-Aguilas-turismo.png\",\"contentUrl\":\"https:\/\/aguilas.es\/wp-content\/uploads\/2025\/04\/Logo-Aguilas-turismo.png\",\"width\":575,\"height\":229,\"caption\":\"\u00c1guilas Turismo\"},\"image\":{\"@id\":\"https:\/\/aguilas.es\/en\/#\/schema\/logo\/image\/\"}}]}<\/script>\n<!-- \/ Yoast SEO plugin. -->","yoast_head_json":{"title":"\u00c1guilas Turismo | \u00c1guilas Golf Destination","robots":{"index":"index","follow":"follow","max-snippet":"max-snippet:-1","max-image-preview":"max-image-preview:large","max-video-preview":"max-video-preview:-1"},"canonical":"https:\/\/aguilas.es\/en\/experiences-in-aguilas\/explore-aguilas\/aguilas-golf-destination\/","og_locale":"en_US","og_type":"article","og_title":"\u00c1guilas Turismo | \u00c1guilas Golf Destination","og_description":"Discover Enjoy golf all year round in \u00c1guilas, where sea, sun, and nature come together. Home \u00c1guilas has established itself as an attractive destination for golf thanks to its privileged climate, with over 300 days of sunshine per year, and its natural setting by the Mediterranean Sea. Located in the Region of Murcia, it offers [&hellip;]","og_url":"https:\/\/aguilas.es\/en\/experiences-in-aguilas\/explore-aguilas\/aguilas-golf-destination\/","og_site_name":"\u00c1guilas Turismo","article_modified_time":"2026-02-23T10:22:47+00:00","og_image":[{"width":1920,"height":1280,"url":"https:\/\/aguilas.es\/wp-content\/uploads\/2026\/02\/alateasocialmedia_oficinaturismo-deporte-000097.jpg","type":"image\/jpeg"}],"twitter_card":"summary_large_image","twitter_misc":{"Est. reading time":"1 minute"},"schema":{"@context":"https:\/\/schema.org","@graph":[{"@type":"WebPage","@id":"https:\/\/aguilas.es\/en\/experiences-in-aguilas\/explore-aguilas\/aguilas-golf-destination\/","url":"https:\/\/aguilas.es\/en\/experiences-in-aguilas\/explore-aguilas\/aguilas-golf-destination\/","name":"\u00c1guilas Turismo | \u00c1guilas Golf Destination","isPartOf":{"@id":"https:\/\/aguilas.es\/en\/#website"},"primaryImageOfPage":{"@id":"https:\/\/aguilas.es\/en\/experiences-in-aguilas\/explore-aguilas\/aguilas-golf-destination\/#primaryimage"},"image":{"@id":"https:\/\/aguilas.es\/en\/experiences-in-aguilas\/explore-aguilas\/aguilas-golf-destination\/#primaryimage"},"thumbnailUrl":"https:\/\/aguilas.es\/wp-content\/uploads\/2026\/02\/alateasocialmedia_oficinaturismo-deporte-000097.jpg","datePublished":"2026-02-18T08:41:37+00:00","dateModified":"2026-02-23T10:22:47+00:00","breadcrumb":{"@id":"https:\/\/aguilas.es\/en\/experiences-in-aguilas\/explore-aguilas\/aguilas-golf-destination\/#breadcrumb"},"inLanguage":"en-US","potentialAction":[{"@type":"ReadAction","target":["https:\/\/aguilas.es\/en\/experiences-in-aguilas\/explore-aguilas\/aguilas-golf-destination\/"]}]},{"@type":"ImageObject","inLanguage":"en-US","@id":"https:\/\/aguilas.es\/en\/experiences-in-aguilas\/explore-aguilas\/aguilas-golf-destination\/#primaryimage","url":"https:\/\/aguilas.es\/wp-content\/uploads\/2026\/02\/alateasocialmedia_oficinaturismo-deporte-000097.jpg","contentUrl":"https:\/\/aguilas.es\/wp-content\/uploads\/2026\/02\/alateasocialmedia_oficinaturismo-deporte-000097.jpg","width":1920,"height":1280},{"@type":"BreadcrumbList","@id":"https:\/\/aguilas.es\/en\/experiences-in-aguilas\/explore-aguilas\/aguilas-golf-destination\/#breadcrumb","itemListElement":[{"@type":"ListItem","position":1,"name":"Portada","item":"https:\/\/aguilas.es\/en\/home\/"},{"@type":"ListItem","position":2,"name":"Experiences in \u00c1guilas","item":"https:\/\/aguilas.es\/en\/experiences-in-aguilas\/"},{"@type":"ListItem","position":3,"name":"Explore \u00c1guilas","item":"https:\/\/aguilas.es\/en\/experiences-in-aguilas\/explore-aguilas\/"},{"@type":"ListItem","position":4,"name":"\u00c1guilas Golf Destination"}]},{"@type":"WebSite","@id":"https:\/\/aguilas.es\/en\/#website","url":"https:\/\/aguilas.es\/en\/","name":"\u00c1guilas Turismo","description":"","publisher":{"@id":"https:\/\/aguilas.es\/en\/#organization"},"potentialAction":[{"@type":"SearchAction","target":{"@type":"EntryPoint","urlTemplate":"https:\/\/aguilas.es\/en\/?s={search_term_string}"},"query-input":{"@type":"PropertyValueSpecification","valueRequired":true,"valueName":"search_term_string"}}],"inLanguage":"en-US"},{"@type":"Organization","@id":"https:\/\/aguilas.es\/en\/#organization","name":"\u00c1guilas Turismo","url":"https:\/\/aguilas.es\/en\/","logo":{"@type":"ImageObject","inLanguage":"en-US","@id":"https:\/\/aguilas.es\/en\/#\/schema\/logo\/image\/","url":"https:\/\/aguilas.es\/wp-content\/uploads\/2025\/04\/Logo-Aguilas-turismo.png","contentUrl":"https:\/\/aguilas.es\/wp-content\/uploads\/2025\/04\/Logo-Aguilas-turismo.png","width":575,"height":229,"caption":"\u00c1guilas Turismo"},"image":{"@id":"https:\/\/aguilas.es\/en\/#\/schema\/logo\/image\/"}}]}},"_links":{"self":[{"href":"https:\/\/aguilas.es\/en\/wp-json\/wp\/v2\/pages\/10706","targetHints":{"allow":["GET"]}}],"collection":[{"href":"https:\/\/aguilas.es\/en\/wp-json\/wp\/v2\/pages"}],"about":[{"href":"https:\/\/aguilas.es\/en\/wp-json\/wp\/v2\/types\/page"}],"author":[{"embeddable":true,"href":"https:\/\/aguilas.es\/en\/wp-json\/wp\/v2\/users\/3"}],"replies":[{"embeddable":true,"href":"https:\/\/aguilas.es\/en\/wp-json\/wp\/v2\/comments?post=10706"}],"version-history":[{"count":2,"href":"https:\/\/aguilas.es\/en\/wp-json\/wp\/v2\/pages\/10706\/revisions"}],"predecessor-version":[{"id":10709,"href":"https:\/\/aguilas.es\/en\/wp-json\/wp\/v2\/pages\/10706\/revisions\/10709"}],"up":[{"embeddable":true,"href":"https:\/\/aguilas.es\/en\/wp-json\/wp\/v2\/pages\/8715"}],"wp:featuredmedia":[{"embeddable":true,"href":"https:\/\/aguilas.es\/en\/wp-json\/wp\/v2\/media\/10705"}],"wp:attachment":[{"href":"https:\/\/aguilas.es\/en\/wp-json\/wp\/v2\/media?parent=10706"}],"curies":[{"name":"wp","href":"https:\/\/api.w.org\/{rel}","templated":true}]}}