{"id":8131,"date":"2025-04-03T16:23:52","date_gmt":"2025-04-03T14:23:52","guid":{"rendered":"https:\/\/aguilas.es\/water-sports-and-diving\/"},"modified":"2026-02-23T11:46:40","modified_gmt":"2026-02-23T10:46:40","slug":"water-sports-and-diving","status":"publish","type":"page","link":"https:\/\/aguilas.es\/en\/experiences-in-aguilas\/explore-aguilas\/water-sports-and-diving\/","title":{"rendered":"Water sports and diving"},"content":{"rendered":"\t\t<div data-elementor-type=\"wp-page\" data-elementor-id=\"8131\" class=\"elementor elementor-8131 elementor-3579\">\n\t\t\t\t<div class=\"porto_stretch_css stretch_row_css elementor-element elementor-element-9d32f47 e-flex e-con-boxed e-con e-parent\" data-id=\"9d32f47\" data-element_type=\"container\" data-settings=\"{&quot;background_background&quot;:&quot;classic&quot;}\">\r\n\t\t\t\t\t<div class=\"e-con-inner\">\r\n\t\t<div class=\"elementor-element elementor-element-b8d2b03 e-con-full e-flex e-con e-child\" data-id=\"b8d2b03\" data-element_type=\"container\">\r\n\t\t\t\t<div class=\"elementor-element elementor-element-b3522d2 elementor-widget elementor-widget-porto_ultimate_heading\" data-id=\"b3522d2\" data-element_type=\"widget\" data-widget_type=\"porto_ultimate_heading.default\">\n\t\t\t\t<div class=\"elementor-widget-container\">\n\t\t\t\t\t<div class=\"porto-u-heading  porto-u-ad87e2eaf3f9c495180fe0156ddf3eb0\"><div class=\"porto-u-main-heading\"><h2    style=\"margin-bottom: 10px;\">Nautical activities, diving, and snorkeling<\/h2><\/div><div class=\"porto-u-sub-heading\" style=\"\"><p>\u00c1guilas: Immerse yourself in adventure<\/p><\/div><style>.porto-u-ad87e2eaf3f9c495180fe0156ddf3eb0.porto-u-heading{text-align:left}<\/style><\/div>\t\t\t\t<\/div>\n\t\t\t\t<\/div>\n\t\t\t\t<div class=\"elementor-element elementor-element-150fee3 elementor-widget elementor-widget-porto_page_header\" data-id=\"150fee3\" data-element_type=\"widget\" data-widget_type=\"porto_page_header.default\">\n\t\t\t\t<div class=\"elementor-widget-container\">\n\t\t\t\t\t<div class=\"page-top page-header-6\"><style>.page-top { background: none; border-bottom: none; } .page-top .page-title:not(.b-none):after { display: none; }<\/style><div class=\"container hide-title\">\r\n\t<div class=\"row\">\r\n\t\t<div class=\"col-lg-12 clearfix\">\r\n\t\t\t<div class=\"pt-right d-none\">\r\n\t\t\t\t\t\t\t\t<h1 class=\"page-title\"><\/h1>\r\n\t\t\t\t\t\t\t<\/div>\r\n\t\t\t\t\t\t\t<div class=\"breadcrumbs-wrap pt-left\">\r\n\t\t\t\t\t<ul class=\"breadcrumb\" itemscope itemtype=\"https:\/\/schema.org\/BreadcrumbList\"><li class=\"home\" itemprop=\"itemListElement\" itemscope itemtype=\"https:\/\/schema.org\/ListItem\"><a itemprop=\"item\" href=\"https:\/\/aguilas.es\/en\/\" title=\"Go to Home Page\"><span itemprop=\"name\">Home<\/span><\/a><meta itemprop=\"position\" content=\"1\" \/><i class=\"delimiter delimiter-2\"><\/i><\/li><\/ul>\t\t\t\t<\/div>\r\n\t\t\t\t\t\t\t\t<\/div>\r\n\t<\/div>\r\n<\/div>\r\n<\/div>\t\t\t\t<\/div>\n\t\t\t\t<\/div>\n\t\t\t\t<\/div>\n\t\t\t\t\t<\/div>\n\t\t\t\t<\/div>\n\t\t<div class=\"elementor-element elementor-element-a06727f e-flex e-con-boxed e-con e-parent\" data-id=\"a06727f\" data-element_type=\"container\">\r\n\t\t\t\t\t<div class=\"e-con-inner\">\r\n\t\t<div class=\"elementor-element elementor-element-1149825 e-con-full e-flex e-con e-child\" data-id=\"1149825\" data-element_type=\"container\">\r\n\t\t\t\t<div class=\"elementor-element elementor-element-64ca31a elementor-widget elementor-widget-video\" data-id=\"64ca31a\" data-element_type=\"widget\" data-settings=\"{&quot;youtube_url&quot;:&quot;https:\\\/\\\/www.youtube.com\\\/watch?v=DS-dI_Ow2tQ&quot;,&quot;video_type&quot;:&quot;youtube&quot;,&quot;controls&quot;:&quot;yes&quot;}\" data-widget_type=\"video.default\">\n\t\t\t\t<div class=\"elementor-widget-container\">\n\t\t\t\t\t\t\t<div class=\"elementor-wrapper elementor-open-inline\">\n\t\t\t<div class=\"elementor-video\"><\/div>\t\t<\/div>\n\t\t\t\t\t\t<\/div>\n\t\t\t\t<\/div>\n\t\t\t\t<\/div>\n\t\t<div class=\"elementor-element elementor-element-9fe823d e-con-full e-flex e-con e-child\" data-id=\"9fe823d\" data-element_type=\"container\">\r\n\t\t\t\t<div class=\"elementor-element elementor-element-2a10bfa elementor-widget elementor-widget-text-editor\" data-id=\"2a10bfa\" data-element_type=\"widget\" data-widget_type=\"text-editor.default\">\n\t\t\t\t<div class=\"elementor-widget-container\">\n\t\t\t\t\t\t\t\t\t<p data-start=\"149\" data-end=\"402\">When you try diving or snorkeling, you fall in love with the sea. Fish play hide-and-seek before your eyes, while algae and corals float around you in the vastness of the seabed. Each dive is different, and you always want to go further.  <\/p><p data-start=\"404\" data-end=\"730\">In \u00c1guilas, you can give free rein to your desires for adventure. A huge underwater region stretches from Pe\u00f1\u00f3n de la Cueva de Los Lobos to Punta Parda. Sheltered by majestic cliffs and beautiful beaches, there are many dive sites with all the guarantees to enjoy the experience safely.  <\/p><p data-start=\"732\" data-end=\"979\">In addition to diving and snorkeling, \u00c1guilas offers a wide variety of <strong data-start=\"803\" data-end=\"827\">nautical activities<\/strong>: sailing, kayaking, paddle surfing, windsurfing, or boat trips, so you can experience the sea from all angles. Here, every wave is an invitation to adventure. <\/p>\t\t\t\t\t\t\t\t<\/div>\n\t\t\t\t<\/div>\n\t\t\t\t<\/div>\n\t\t\t\t\t<\/div>\n\t\t\t\t<\/div>\n\t\t<div class=\"elementor-element elementor-element-76644f5 e-flex e-con-boxed e-con e-parent\" data-id=\"76644f5\" data-element_type=\"container\">\r\n\t\t\t\t\t<div class=\"e-con-inner\">\r\n\t\t\t\t<div class=\"elementor-element elementor-element-4f9ba62 elemento-titulo-con-subtitulo elementor-widget elementor-widget-porto_ultimate_heading\" data-id=\"4f9ba62\" data-element_type=\"widget\" data-widget_type=\"porto_ultimate_heading.default\">\n\t\t\t\t<div class=\"elementor-widget-container\">\n\t\t\t\t\t<div class=\"porto-u-heading  porto-u-55ca8359258f9a412be7e73af65d2aac\"><div class=\"porto-u-main-heading\"><h2   >WATER SPORTS<\/h2><\/div><div class=\"porto-u-sub-heading\" style=\"\"><p>Unique experience for water sports lovers<\/p><\/div><style>.porto-u-55ca8359258f9a412be7e73af65d2aac.porto-u-heading{text-align:center}<\/style><\/div>\t\t\t\t<\/div>\n\t\t\t\t<\/div>\n\t\t\t\t<div class=\"elementor-element elementor-element-cb06ade elementor-widget elementor-widget-shortcode\" data-id=\"cb06ade\" data-element_type=\"widget\" data-widget_type=\"shortcode.default\">\n\t\t\t\t<div class=\"elementor-widget-container\">\n\t\t\t\t\t\t\t<div class=\"elementor-shortcode\">    <div class=\"aguilas-shortcode-loader\" id=\"aguilas-lista-web-69f3389218b8b\"\r\n        data-tipo=\"lista-web\"  data-id-lista=\"47\"  data-items=\"6\"  data-filtros=\"0\" >\r\n        <div class=\"aguilas-loader\">\r\n            <div class=\"aguilas-spinner\"><\/div>\r\n            <p>Loading...<\/p>\r\n        <\/div>\r\n    <\/div>\r\n    <\/div>\n\t\t\t\t\t\t<\/div>\n\t\t\t\t<\/div>\n\t\t\t\t\t<\/div>\n\t\t\t\t<\/div>\n\t\t<div class=\"elementor-element elementor-element-86546f3 e-flex e-con-boxed e-con e-parent\" data-id=\"86546f3\" data-element_type=\"container\">\r\n\t\t\t\t\t<div class=\"e-con-inner\">\r\n\t\t\t\t<div class=\"elementor-element elementor-element-5e86c21 elemento-titulo-con-subtitulo elementor-widget elementor-widget-porto_ultimate_heading\" data-id=\"5e86c21\" data-element_type=\"widget\" data-widget_type=\"porto_ultimate_heading.default\">\n\t\t\t\t<div class=\"elementor-widget-container\">\n\t\t\t\t\t<div class=\"porto-u-heading  porto-u-55ca8359258f9a412be7e73af65d2aac\"><div class=\"porto-u-main-heading\"><h2   >Map<\/h2><\/div><div class=\"porto-u-sub-heading\" style=\"\"><p>Snorkeling in \u00c1guilas: discover a paradise under the waves<\/p><\/div><style>.porto-u-55ca8359258f9a412be7e73af65d2aac.porto-u-heading{text-align:center}<\/style><\/div>\t\t\t\t<\/div>\n\t\t\t\t<\/div>\n\t\t\t\t<div class=\"elementor-element elementor-element-49fc852 elementor-widget elementor-widget-shortcode\" data-id=\"49fc852\" data-element_type=\"widget\" data-widget_type=\"shortcode.default\">\n\t\t\t\t<div class=\"elementor-widget-container\">\n\t\t\t\t\t\t\t<div class=\"elementor-shortcode\">    <div class=\"aguilas-shortcode-loader\" id=\"aguilas-lista-web-69f3389218e83\"\r\n        data-tipo=\"lista-web\"  data-id-lista=\"67\"  data-items=\"6\"  data-filtros=\"0\" >\r\n        <div class=\"aguilas-loader\">\r\n            <div class=\"aguilas-spinner\"><\/div>\r\n            <p>Loading...<\/p>\r\n        <\/div>\r\n    <\/div>\r\n    <\/div>\n\t\t\t\t\t\t<\/div>\n\t\t\t\t<\/div>\n\t\t\t\t\t<\/div>\n\t\t\t\t<\/div>\n\t\t<div class=\"elementor-element elementor-element-8aa0d04 e-flex e-con-boxed e-con e-parent\" data-id=\"8aa0d04\" data-element_type=\"container\">\r\n\t\t\t\t\t<div class=\"e-con-inner\">\r\n\t\t\t\t<div class=\"elementor-element elementor-element-6cb3020 elemento-titulo-con-subtitulo elementor-widget elementor-widget-porto_ultimate_heading\" data-id=\"6cb3020\" data-element_type=\"widget\" data-widget_type=\"porto_ultimate_heading.default\">\n\t\t\t\t<div class=\"elementor-widget-container\">\n\t\t\t\t\t<div class=\"porto-u-heading  porto-u-55ca8359258f9a412be7e73af65d2aac\"><div class=\"porto-u-main-heading\"><h2   >where diving becomes emotion<\/h2><\/div><div class=\"porto-u-sub-heading\" style=\"\"><p>Diving in \u00c1guilas is discovering another world, full of color and life<\/p><\/div><style>.porto-u-55ca8359258f9a412be7e73af65d2aac.porto-u-heading{text-align:center}<\/style><\/div>\t\t\t\t<\/div>\n\t\t\t\t<\/div>\n\t\t\t\t<div class=\"elementor-element elementor-element-2beaf19 elementor-widget elementor-widget-shortcode\" data-id=\"2beaf19\" data-element_type=\"widget\" data-widget_type=\"shortcode.default\">\n\t\t\t\t<div class=\"elementor-widget-container\">\n\t\t\t\t\t\t\t<div class=\"elementor-shortcode\">    <div class=\"aguilas-shortcode-loader\" id=\"aguilas-lista-web-69f338921919f\"\r\n        data-tipo=\"lista-web\"  data-id-lista=\"66\"  data-items=\"6\"  data-filtros=\"1\" >\r\n        <div class=\"aguilas-loader\">\r\n            <div class=\"aguilas-spinner\"><\/div>\r\n            <p>Loading...<\/p>\r\n        <\/div>\r\n    <\/div>\r\n    <\/div>\n\t\t\t\t\t\t<\/div>\n\t\t\t\t<\/div>\n\t\t\t\t\t<\/div>\n\t\t\t\t<\/div>\n\t\t<div class=\"elementor-element elementor-element-2891f4a e-flex e-con-boxed e-con e-parent\" data-id=\"2891f4a\" data-element_type=\"container\">\r\n\t\t\t\t\t<div class=\"e-con-inner\">\r\n\t\t\t\t<div class=\"elementor-element elementor-element-8764ce3 elemento-titulo-con-subtitulo elementor-widget elementor-widget-porto_ultimate_heading\" data-id=\"8764ce3\" data-element_type=\"widget\" data-widget_type=\"porto_ultimate_heading.default\">\n\t\t\t\t<div class=\"elementor-widget-container\">\n\t\t\t\t\t<div class=\"porto-u-heading  porto-u-55ca8359258f9a412be7e73af65d2aac\"><div class=\"porto-u-main-heading\"><h2   >Downloads<\/h2><\/div><div class=\"porto-u-sub-heading\" style=\"\"><p>Ready to dive? Your essential guide is just a click away <\/p><\/div><style>.porto-u-55ca8359258f9a412be7e73af65d2aac.porto-u-heading{text-align:center}<\/style><\/div>\t\t\t\t<\/div>\n\t\t\t\t<\/div>\n\t\t\t\t<div class=\"elementor-element elementor-element-c2ec02d elementor-widget elementor-widget-shortcode\" data-id=\"c2ec02d\" data-element_type=\"widget\" data-widget_type=\"shortcode.default\">\n\t\t\t\t<div class=\"elementor-widget-container\">\n\t\t\t\t\t\t\t<div class=\"elementor-shortcode\">    <div class=\"aguilas-shortcode-loader\" id=\"aguilas-lista-web-69f33892194ab\"\r\n        data-tipo=\"lista-web\"  data-id-lista=\"45\"  data-items=\"6\"  data-filtros=\"0\" >\r\n        <div class=\"aguilas-loader\">\r\n            <div class=\"aguilas-spinner\"><\/div>\r\n            <p>Loading...<\/p>\r\n        <\/div>\r\n    <\/div>\r\n    <\/div>\n\t\t\t\t\t\t<\/div>\n\t\t\t\t<\/div>\n\t\t\t\t\t<\/div>\n\t\t\t\t<\/div>\n\t\t\t\t<\/div>\n\t\t","protected":false},"excerpt":{"rendered":"<p>Nautical activities, diving, and snorkeling \u00c1guilas: Immerse yourself in adventure Home https:\/\/www.youtube.com\/watch?v=DS-dI_Ow2tQ When you try diving or snorkeling, you fall in love with the sea. Fish play hide-and-seek before your eyes, while algae and corals float around you in the vastness of the seabed. Each dive is different, and you always want to go further. [&hellip;]<\/p>\n","protected":false},"author":1,"featured_media":8132,"parent":8715,"menu_order":0,"comment_status":"closed","ping_status":"closed","template":"","meta":{"footnotes":""},"class_list":["post-8131","page","type-page","status-publish","has-post-thumbnail","hentry"],"yoast_head":"<!-- This site is optimized with the Yoast SEO plugin v26.6 - https:\/\/yoast.com\/wordpress\/plugins\/seo\/ -->\n<title>\u00c1guilas Turismo | Water sports and diving<\/title>\n<meta name=\"description\" content=\"Enjoy both water sports and diving and snorkeling in \u00c1guilas, where you can give free rein to your desire for adventure and excitement.\" \/>\n<meta name=\"robots\" content=\"index, follow, max-snippet:-1, max-image-preview:large, max-video-preview:-1\" \/>\n<link rel=\"canonical\" href=\"https:\/\/aguilas.es\/en\/experiences-in-aguilas\/explore-aguilas\/water-sports-and-diving\/\" \/>\n<meta property=\"og:locale\" content=\"en_US\" \/>\n<meta property=\"og:type\" content=\"article\" \/>\n<meta property=\"og:title\" content=\"\u00c1guilas Turismo | Water sports and diving\" \/>\n<meta property=\"og:description\" content=\"Enjoy both water sports and diving and snorkeling in \u00c1guilas, where you can give free rein to your desire for adventure and excitement.\" \/>\n<meta property=\"og:url\" content=\"https:\/\/aguilas.es\/en\/experiences-in-aguilas\/explore-aguilas\/water-sports-and-diving\/\" \/>\n<meta property=\"og:site_name\" content=\"\u00c1guilas Turismo\" \/>\n<meta property=\"article:modified_time\" content=\"2026-02-23T10:46:40+00:00\" \/>\n<meta property=\"og:image\" content=\"https:\/\/aguilas.es\/wp-content\/uploads\/2025\/07\/alateasocialmedia_oficinaturismo-playas-000059.jpg\" \/>\n\t<meta property=\"og:image:width\" content=\"1920\" \/>\n\t<meta property=\"og:image:height\" content=\"1367\" \/>\n\t<meta property=\"og:image:type\" content=\"image\/jpeg\" \/>\n<meta name=\"twitter:card\" content=\"summary_large_image\" \/>\n<meta name=\"twitter:label1\" content=\"Est. reading time\" \/>\n\t<meta name=\"twitter:data1\" content=\"1 minute\" \/>\n<script type=\"application\/ld+json\" class=\"yoast-schema-graph\">{\"@context\":\"https:\/\/schema.org\",\"@graph\":[{\"@type\":\"WebPage\",\"@id\":\"https:\/\/aguilas.es\/en\/experiences-in-aguilas\/explore-aguilas\/water-sports-and-diving\/\",\"url\":\"https:\/\/aguilas.es\/en\/experiences-in-aguilas\/explore-aguilas\/water-sports-and-diving\/\",\"name\":\"\u00c1guilas Turismo | Water sports and diving\",\"isPartOf\":{\"@id\":\"https:\/\/aguilas.es\/en\/#website\"},\"primaryImageOfPage\":{\"@id\":\"https:\/\/aguilas.es\/en\/experiences-in-aguilas\/explore-aguilas\/water-sports-and-diving\/#primaryimage\"},\"image\":{\"@id\":\"https:\/\/aguilas.es\/en\/experiences-in-aguilas\/explore-aguilas\/water-sports-and-diving\/#primaryimage\"},\"thumbnailUrl\":\"https:\/\/aguilas.es\/wp-content\/uploads\/2025\/07\/alateasocialmedia_oficinaturismo-playas-000059.jpg\",\"datePublished\":\"2025-04-03T14:23:52+00:00\",\"dateModified\":\"2026-02-23T10:46:40+00:00\",\"description\":\"Enjoy both water sports and diving and snorkeling in \u00c1guilas, where you can give free rein to your desire for adventure and excitement.\",\"breadcrumb\":{\"@id\":\"https:\/\/aguilas.es\/en\/experiences-in-aguilas\/explore-aguilas\/water-sports-and-diving\/#breadcrumb\"},\"inLanguage\":\"en-US\",\"potentialAction\":[{\"@type\":\"ReadAction\",\"target\":[\"https:\/\/aguilas.es\/en\/experiences-in-aguilas\/explore-aguilas\/water-sports-and-diving\/\"]}]},{\"@type\":\"ImageObject\",\"inLanguage\":\"en-US\",\"@id\":\"https:\/\/aguilas.es\/en\/experiences-in-aguilas\/explore-aguilas\/water-sports-and-diving\/#primaryimage\",\"url\":\"https:\/\/aguilas.es\/wp-content\/uploads\/2025\/07\/alateasocialmedia_oficinaturismo-playas-000059.jpg\",\"contentUrl\":\"https:\/\/aguilas.es\/wp-content\/uploads\/2025\/07\/alateasocialmedia_oficinaturismo-playas-000059.jpg\",\"width\":1920,\"height\":1367},{\"@type\":\"BreadcrumbList\",\"@id\":\"https:\/\/aguilas.es\/en\/experiences-in-aguilas\/explore-aguilas\/water-sports-and-diving\/#breadcrumb\",\"itemListElement\":[{\"@type\":\"ListItem\",\"position\":1,\"name\":\"Portada\",\"item\":\"https:\/\/aguilas.es\/en\/home\/\"},{\"@type\":\"ListItem\",\"position\":2,\"name\":\"Experiences in \u00c1guilas\",\"item\":\"https:\/\/aguilas.es\/en\/experiences-in-aguilas\/\"},{\"@type\":\"ListItem\",\"position\":3,\"name\":\"Explore \u00c1guilas\",\"item\":\"https:\/\/aguilas.es\/en\/experiences-in-aguilas\/explore-aguilas\/\"},{\"@type\":\"ListItem\",\"position\":4,\"name\":\"Water sports and diving\"}]},{\"@type\":\"WebSite\",\"@id\":\"https:\/\/aguilas.es\/en\/#website\",\"url\":\"https:\/\/aguilas.es\/en\/\",\"name\":\"\u00c1guilas Turismo\",\"description\":\"\",\"publisher\":{\"@id\":\"https:\/\/aguilas.es\/en\/#organization\"},\"potentialAction\":[{\"@type\":\"SearchAction\",\"target\":{\"@type\":\"EntryPoint\",\"urlTemplate\":\"https:\/\/aguilas.es\/en\/?s={search_term_string}\"},\"query-input\":{\"@type\":\"PropertyValueSpecification\",\"valueRequired\":true,\"valueName\":\"search_term_string\"}}],\"inLanguage\":\"en-US\"},{\"@type\":\"Organization\",\"@id\":\"https:\/\/aguilas.es\/en\/#organization\",\"name\":\"\u00c1guilas Turismo\",\"url\":\"https:\/\/aguilas.es\/en\/\",\"logo\":{\"@type\":\"ImageObject\",\"inLanguage\":\"en-US\",\"@id\":\"https:\/\/aguilas.es\/en\/#\/schema\/logo\/image\/\",\"url\":\"https:\/\/aguilas.es\/wp-content\/uploads\/2025\/04\/Logo-Aguilas-turismo.png\",\"contentUrl\":\"https:\/\/aguilas.es\/wp-content\/uploads\/2025\/04\/Logo-Aguilas-turismo.png\",\"width\":575,\"height\":229,\"caption\":\"\u00c1guilas Turismo\"},\"image\":{\"@id\":\"https:\/\/aguilas.es\/en\/#\/schema\/logo\/image\/\"}}]}<\/script>\n<!-- \/ Yoast SEO plugin. -->","yoast_head_json":{"title":"\u00c1guilas Turismo | Water sports and diving","description":"Enjoy both water sports and diving and snorkeling in \u00c1guilas, where you can give free rein to your desire for adventure and excitement.","robots":{"index":"index","follow":"follow","max-snippet":"max-snippet:-1","max-image-preview":"max-image-preview:large","max-video-preview":"max-video-preview:-1"},"canonical":"https:\/\/aguilas.es\/en\/experiences-in-aguilas\/explore-aguilas\/water-sports-and-diving\/","og_locale":"en_US","og_type":"article","og_title":"\u00c1guilas Turismo | Water sports and diving","og_description":"Enjoy both water sports and diving and snorkeling in \u00c1guilas, where you can give free rein to your desire for adventure and excitement.","og_url":"https:\/\/aguilas.es\/en\/experiences-in-aguilas\/explore-aguilas\/water-sports-and-diving\/","og_site_name":"\u00c1guilas Turismo","article_modified_time":"2026-02-23T10:46:40+00:00","og_image":[{"width":1920,"height":1367,"url":"https:\/\/aguilas.es\/wp-content\/uploads\/2025\/07\/alateasocialmedia_oficinaturismo-playas-000059.jpg","type":"image\/jpeg"}],"twitter_card":"summary_large_image","twitter_misc":{"Est. reading time":"1 minute"},"schema":{"@context":"https:\/\/schema.org","@graph":[{"@type":"WebPage","@id":"https:\/\/aguilas.es\/en\/experiences-in-aguilas\/explore-aguilas\/water-sports-and-diving\/","url":"https:\/\/aguilas.es\/en\/experiences-in-aguilas\/explore-aguilas\/water-sports-and-diving\/","name":"\u00c1guilas Turismo | Water sports and diving","isPartOf":{"@id":"https:\/\/aguilas.es\/en\/#website"},"primaryImageOfPage":{"@id":"https:\/\/aguilas.es\/en\/experiences-in-aguilas\/explore-aguilas\/water-sports-and-diving\/#primaryimage"},"image":{"@id":"https:\/\/aguilas.es\/en\/experiences-in-aguilas\/explore-aguilas\/water-sports-and-diving\/#primaryimage"},"thumbnailUrl":"https:\/\/aguilas.es\/wp-content\/uploads\/2025\/07\/alateasocialmedia_oficinaturismo-playas-000059.jpg","datePublished":"2025-04-03T14:23:52+00:00","dateModified":"2026-02-23T10:46:40+00:00","description":"Enjoy both water sports and diving and snorkeling in \u00c1guilas, where you can give free rein to your desire for adventure and excitement.","breadcrumb":{"@id":"https:\/\/aguilas.es\/en\/experiences-in-aguilas\/explore-aguilas\/water-sports-and-diving\/#breadcrumb"},"inLanguage":"en-US","potentialAction":[{"@type":"ReadAction","target":["https:\/\/aguilas.es\/en\/experiences-in-aguilas\/explore-aguilas\/water-sports-and-diving\/"]}]},{"@type":"ImageObject","inLanguage":"en-US","@id":"https:\/\/aguilas.es\/en\/experiences-in-aguilas\/explore-aguilas\/water-sports-and-diving\/#primaryimage","url":"https:\/\/aguilas.es\/wp-content\/uploads\/2025\/07\/alateasocialmedia_oficinaturismo-playas-000059.jpg","contentUrl":"https:\/\/aguilas.es\/wp-content\/uploads\/2025\/07\/alateasocialmedia_oficinaturismo-playas-000059.jpg","width":1920,"height":1367},{"@type":"BreadcrumbList","@id":"https:\/\/aguilas.es\/en\/experiences-in-aguilas\/explore-aguilas\/water-sports-and-diving\/#breadcrumb","itemListElement":[{"@type":"ListItem","position":1,"name":"Portada","item":"https:\/\/aguilas.es\/en\/home\/"},{"@type":"ListItem","position":2,"name":"Experiences in \u00c1guilas","item":"https:\/\/aguilas.es\/en\/experiences-in-aguilas\/"},{"@type":"ListItem","position":3,"name":"Explore \u00c1guilas","item":"https:\/\/aguilas.es\/en\/experiences-in-aguilas\/explore-aguilas\/"},{"@type":"ListItem","position":4,"name":"Water sports and diving"}]},{"@type":"WebSite","@id":"https:\/\/aguilas.es\/en\/#website","url":"https:\/\/aguilas.es\/en\/","name":"\u00c1guilas Turismo","description":"","publisher":{"@id":"https:\/\/aguilas.es\/en\/#organization"},"potentialAction":[{"@type":"SearchAction","target":{"@type":"EntryPoint","urlTemplate":"https:\/\/aguilas.es\/en\/?s={search_term_string}"},"query-input":{"@type":"PropertyValueSpecification","valueRequired":true,"valueName":"search_term_string"}}],"inLanguage":"en-US"},{"@type":"Organization","@id":"https:\/\/aguilas.es\/en\/#organization","name":"\u00c1guilas Turismo","url":"https:\/\/aguilas.es\/en\/","logo":{"@type":"ImageObject","inLanguage":"en-US","@id":"https:\/\/aguilas.es\/en\/#\/schema\/logo\/image\/","url":"https:\/\/aguilas.es\/wp-content\/uploads\/2025\/04\/Logo-Aguilas-turismo.png","contentUrl":"https:\/\/aguilas.es\/wp-content\/uploads\/2025\/04\/Logo-Aguilas-turismo.png","width":575,"height":229,"caption":"\u00c1guilas Turismo"},"image":{"@id":"https:\/\/aguilas.es\/en\/#\/schema\/logo\/image\/"}}]}},"_links":{"self":[{"href":"https:\/\/aguilas.es\/en\/wp-json\/wp\/v2\/pages\/8131","targetHints":{"allow":["GET"]}}],"collection":[{"href":"https:\/\/aguilas.es\/en\/wp-json\/wp\/v2\/pages"}],"about":[{"href":"https:\/\/aguilas.es\/en\/wp-json\/wp\/v2\/types\/page"}],"author":[{"embeddable":true,"href":"https:\/\/aguilas.es\/en\/wp-json\/wp\/v2\/users\/1"}],"replies":[{"embeddable":true,"href":"https:\/\/aguilas.es\/en\/wp-json\/wp\/v2\/comments?post=8131"}],"version-history":[{"count":13,"href":"https:\/\/aguilas.es\/en\/wp-json\/wp\/v2\/pages\/8131\/revisions"}],"predecessor-version":[{"id":10774,"href":"https:\/\/aguilas.es\/en\/wp-json\/wp\/v2\/pages\/8131\/revisions\/10774"}],"up":[{"embeddable":true,"href":"https:\/\/aguilas.es\/en\/wp-json\/wp\/v2\/pages\/8715"}],"wp:featuredmedia":[{"embeddable":true,"href":"https:\/\/aguilas.es\/en\/wp-json\/wp\/v2\/media\/8132"}],"wp:attachment":[{"href":"https:\/\/aguilas.es\/en\/wp-json\/wp\/v2\/media?parent=8131"}],"curies":[{"name":"wp","href":"https:\/\/api.w.org\/{rel}","templated":true}]}}