{"id":8148,"date":"2025-04-03T16:24:09","date_gmt":"2025-04-03T14:24:09","guid":{"rendered":"https:\/\/aguilas.es\/gastronomic-tourism\/"},"modified":"2026-02-23T11:26:49","modified_gmt":"2026-02-23T10:26:49","slug":"gastronomic-tourism","status":"publish","type":"page","link":"https:\/\/aguilas.es\/en\/experiences-in-aguilas\/explore-aguilas\/gastronomic-tourism\/","title":{"rendered":"\u00c1guilas to Savor"},"content":{"rendered":"\t\t<div data-elementor-type=\"wp-page\" data-elementor-id=\"8148\" class=\"elementor elementor-8148 elementor-3581\">\n\t\t\t\t<div class=\"porto_stretch_css stretch_row_css elementor-element elementor-element-b0cbf3d e-flex e-con-boxed e-con e-parent\" data-id=\"b0cbf3d\" data-element_type=\"container\" data-settings=\"{&quot;background_background&quot;:&quot;classic&quot;}\">\r\n\t\t\t\t\t<div class=\"e-con-inner\">\r\n\t\t<div class=\"elementor-element elementor-element-a840b3e e-con-full e-flex e-con e-child\" data-id=\"a840b3e\" data-element_type=\"container\">\r\n\t\t\t\t<div class=\"elementor-element elementor-element-ef2ac3e elementor-widget elementor-widget-porto_ultimate_heading\" data-id=\"ef2ac3e\" data-element_type=\"widget\" data-widget_type=\"porto_ultimate_heading.default\">\n\t\t\t\t<div class=\"elementor-widget-container\">\n\t\t\t\t\t<div class=\"porto-u-heading  porto-u-ad87e2eaf3f9c495180fe0156ddf3eb0\"><div class=\"porto-u-main-heading\"><h2    style=\"margin-bottom: 10px;\">Flavor discoveries<\/h2><\/div><div class=\"porto-u-sub-heading\" style=\"\"><p>Fall in love with our culinary tradition<\/p><\/div><style>.porto-u-ad87e2eaf3f9c495180fe0156ddf3eb0.porto-u-heading{text-align:left}<\/style><\/div>\t\t\t\t<\/div>\n\t\t\t\t<\/div>\n\t\t\t\t<div class=\"elementor-element elementor-element-92aaa5a elementor-widget elementor-widget-porto_page_header\" data-id=\"92aaa5a\" data-element_type=\"widget\" data-widget_type=\"porto_page_header.default\">\n\t\t\t\t<div class=\"elementor-widget-container\">\n\t\t\t\t\t<div class=\"page-top page-header-6\"><style>.page-top { background: none; border-bottom: none; } .page-top .page-title:not(.b-none):after { display: none; }<\/style><div class=\"container hide-title\">\r\n\t<div class=\"row\">\r\n\t\t<div class=\"col-lg-12 clearfix\">\r\n\t\t\t<div class=\"pt-right d-none\">\r\n\t\t\t\t\t\t\t\t<h1 class=\"page-title\"><\/h1>\r\n\t\t\t\t\t\t\t<\/div>\r\n\t\t\t\t\t\t\t<div class=\"breadcrumbs-wrap pt-left\">\r\n\t\t\t\t\t<ul class=\"breadcrumb\" itemscope itemtype=\"https:\/\/schema.org\/BreadcrumbList\"><li class=\"home\" itemprop=\"itemListElement\" itemscope itemtype=\"https:\/\/schema.org\/ListItem\"><a itemprop=\"item\" href=\"https:\/\/aguilas.es\/en\/\" title=\"Go to Home Page\"><span itemprop=\"name\">Home<\/span><\/a><meta itemprop=\"position\" content=\"1\" \/><i class=\"delimiter delimiter-2\"><\/i><\/li><\/ul>\t\t\t\t<\/div>\r\n\t\t\t\t\t\t\t\t<\/div>\r\n\t<\/div>\r\n<\/div>\r\n<\/div>\t\t\t\t<\/div>\n\t\t\t\t<\/div>\n\t\t\t\t<\/div>\n\t\t\t\t\t<\/div>\n\t\t\t\t<\/div>\n\t\t<div class=\"elementor-element elementor-element-6fc720d e-flex e-con-boxed e-con e-parent\" data-id=\"6fc720d\" data-element_type=\"container\">\r\n\t\t\t\t\t<div class=\"e-con-inner\">\r\n\t\t<div class=\"elementor-element elementor-element-407f3e4 e-con-full e-flex e-con e-child\" data-id=\"407f3e4\" data-element_type=\"container\">\r\n\t\t\t\t<div class=\"elementor-element elementor-element-99c3a13 elementor-widget elementor-widget-video\" data-id=\"99c3a13\" data-element_type=\"widget\" data-settings=\"{&quot;youtube_url&quot;:&quot;https:\\\/\\\/www.youtube.com\\\/watch?v=h92JWpAlWqI&quot;,&quot;video_type&quot;:&quot;youtube&quot;,&quot;controls&quot;:&quot;yes&quot;}\" data-widget_type=\"video.default\">\n\t\t\t\t<div class=\"elementor-widget-container\">\n\t\t\t\t\t\t\t<div class=\"elementor-wrapper elementor-open-inline\">\n\t\t\t<div class=\"elementor-video\"><\/div>\t\t<\/div>\n\t\t\t\t\t\t<\/div>\n\t\t\t\t<\/div>\n\t\t\t\t<\/div>\n\t\t<div class=\"elementor-element elementor-element-daceb5e e-con-full e-flex e-con e-child\" data-id=\"daceb5e\" data-element_type=\"container\">\r\n\t\t\t\t<div class=\"elementor-element elementor-element-538c44f elementor-widget elementor-widget-text-editor\" data-id=\"538c44f\" data-element_type=\"widget\" data-widget_type=\"text-editor.default\">\n\t\t\t\t<div class=\"elementor-widget-container\">\n\t\t\t\t\t\t\t\t\t<h3 data-start=\"130\" data-end=\"166\">\u00c1guilas, your gastronomic destination<\/h3><p data-start=\"168\" data-end=\"480\">Let yourself be seduced by the flavors of the Mediterranean in \u00c1guilas. Here, the seafaring tradition and local cuisine come together to offer you a unique culinary experience. From the freshest fish to rice dishes with history and tapas full of flavor, every corner of \u00c1guilas invites you to enjoy with all five senses.  <\/p><p data-start=\"484\" data-end=\"532\"><strong data-start=\"484\" data-end=\"532\">Discover why \u00c1guilas is also savored.<\/strong><\/p>\t\t\t\t\t\t\t\t<\/div>\n\t\t\t\t<\/div>\n\t\t\t\t<\/div>\n\t\t\t\t\t<\/div>\n\t\t\t\t<\/div>\n\t\t<div class=\"elementor-element elementor-element-8346eb5 e-flex e-con-boxed e-con e-parent\" data-id=\"8346eb5\" data-element_type=\"container\">\r\n\t\t\t\t\t<div class=\"e-con-inner\">\r\n\t\t\t\t<div class=\"elementor-element elementor-element-d276070 elemento-titulo-con-subtitulo elementor-widget elementor-widget-porto_ultimate_heading\" data-id=\"d276070\" data-element_type=\"widget\" data-widget_type=\"porto_ultimate_heading.default\">\n\t\t\t\t<div class=\"elementor-widget-container\">\n\t\t\t\t\t<div class=\"porto-u-heading  porto-u-55ca8359258f9a412be7e73af65d2aac\"><div class=\"porto-u-main-heading\"><h2   >Map<\/h2><\/div><div class=\"porto-u-sub-heading\" style=\"\"><p>Taste \u00c1guilas. Experience the flavor. <\/p><\/div><style>.porto-u-55ca8359258f9a412be7e73af65d2aac.porto-u-heading{text-align:center}<\/style><\/div>\t\t\t\t<\/div>\n\t\t\t\t<\/div>\n\t\t\t\t<div class=\"elementor-element elementor-element-f8a6235 elementor-widget elementor-widget-shortcode\" data-id=\"f8a6235\" data-element_type=\"widget\" data-widget_type=\"shortcode.default\">\n\t\t\t\t<div class=\"elementor-widget-container\">\n\t\t\t\t\t\t\t<div class=\"elementor-shortcode\">    <div class=\"aguilas-shortcode-loader\" id=\"aguilas-lista-web-69eb980b0d19b\"\r\n        data-tipo=\"lista-web\"  data-id-lista=\"53\"  data-items=\"6\"  data-filtros=\"0\" >\r\n        <div class=\"aguilas-loader\">\r\n            <div class=\"aguilas-spinner\"><\/div>\r\n            <p>Loading...<\/p>\r\n        <\/div>\r\n    <\/div>\r\n    <\/div>\n\t\t\t\t\t\t<\/div>\n\t\t\t\t<\/div>\n\t\t\t\t\t<\/div>\n\t\t\t\t<\/div>\n\t\t<div class=\"porto_stretch_css stretch_row_css elementor-element elementor-element-7f85f38 e-con-full e-flex e-con e-parent\" data-id=\"7f85f38\" data-element_type=\"container\" data-settings=\"{&quot;background_background&quot;:&quot;classic&quot;}\">\r\n\t\t\t\t<div class=\"elementor-element elementor-element-8b04f45 elemento-titulo-con-subtitulo elementor-widget elementor-widget-porto_ultimate_heading\" data-id=\"8b04f45\" data-element_type=\"widget\" data-widget_type=\"porto_ultimate_heading.default\">\n\t\t\t\t<div class=\"elementor-widget-container\">\n\t\t\t\t\t<div class=\"porto-u-heading  porto-u-55ca8359258f9a412be7e73af65d2aac\"><div class=\"porto-u-main-heading\"><h2   >Beaches<\/h2><\/div><div class=\"porto-u-sub-heading\" style=\"\"><p>Sea, sun, and gastronomy that awaken all your senses<\/p><\/div><style>.porto-u-55ca8359258f9a412be7e73af65d2aac.porto-u-heading{text-align:center}<\/style><\/div>\t\t\t\t<\/div>\n\t\t\t\t<\/div>\n\t\t\t\t<div class=\"elementor-element elementor-element-5a4e475 elementor-widget elementor-widget-porto_button\" data-id=\"5a4e475\" data-element_type=\"widget\" data-settings=\"{&quot;align&quot;:&quot;center&quot;}\" data-widget_type=\"porto_button.default\">\n\t\t\t\t<div class=\"elementor-widget-container\">\n\t\t\t\t\t<a aria-label=\"button\" class=\"btn btn-md btn-secondary\" href=\"https:\/\/aguilas.es\/en\/experiences-in-aguilas\/beaches\/\"><span >Discover all the beaches of \u00c1guilas<\/span><\/a>\t\t\t\t<\/div>\n\t\t\t\t<\/div>\n\t\t\t\t<\/div>\n\t\t<div class=\"elementor-element elementor-element-450ee4f2 e-flex e-con-boxed e-con e-parent\" data-id=\"450ee4f2\" data-element_type=\"container\">\r\n\t\t\t\t\t<div class=\"e-con-inner\">\r\n\t\t\t\t<div class=\"elementor-element elementor-element-1acffe5f elemento-titulo-con-subtitulo elementor-widget elementor-widget-porto_ultimate_heading\" data-id=\"1acffe5f\" data-element_type=\"widget\" data-widget_type=\"porto_ultimate_heading.default\">\n\t\t\t\t<div class=\"elementor-widget-container\">\n\t\t\t\t\t<div class=\"porto-u-heading  porto-u-55ca8359258f9a412be7e73af65d2aac\"><div class=\"porto-u-main-heading\"><h2   >Explore our gastronomy<\/h2><\/div><div class=\"porto-u-sub-heading\" style=\"\"><p>Taverns, restaurants, or bars to enjoy authentic flavors<\/p><\/div><style>.porto-u-55ca8359258f9a412be7e73af65d2aac.porto-u-heading{text-align:center}<\/style><\/div>\t\t\t\t<\/div>\n\t\t\t\t<\/div>\n\t\t\t\t<div class=\"elementor-element elementor-element-314b237e elementor-widget elementor-widget-shortcode\" data-id=\"314b237e\" data-element_type=\"widget\" data-widget_type=\"shortcode.default\">\n\t\t\t\t<div class=\"elementor-widget-container\">\n\t\t\t\t\t\t\t<div class=\"elementor-shortcode\">    <div class=\"aguilas-shortcode-loader\" id=\"aguilas-lista-web-69eb980b0dadb\"\r\n        data-tipo=\"lista-web\"  data-id-lista=\"37\"  data-items=\"6\"  data-filtros=\"1\" >\r\n        <div class=\"aguilas-loader\">\r\n            <div class=\"aguilas-spinner\"><\/div>\r\n            <p>Loading...<\/p>\r\n        <\/div>\r\n    <\/div>\r\n    <\/div>\n\t\t\t\t\t\t<\/div>\n\t\t\t\t<\/div>\n\t\t\t\t\t<\/div>\n\t\t\t\t<\/div>\n\t\t\t\t<\/div>\n\t\t","protected":false},"excerpt":{"rendered":"<p>Flavor discoveries Fall in love with our culinary tradition Home https:\/\/www.youtube.com\/watch?v=h92JWpAlWqI \u00c1guilas, your gastronomic destination Let yourself be seduced by the flavors of the Mediterranean in \u00c1guilas. Here, the seafaring tradition and local cuisine come together to offer you a unique culinary experience. From the freshest fish to rice dishes with history and tapas full [&hellip;]<\/p>\n","protected":false},"author":1,"featured_media":7586,"parent":8715,"menu_order":0,"comment_status":"closed","ping_status":"closed","template":"","meta":{"footnotes":""},"class_list":["post-8148","page","type-page","status-publish","has-post-thumbnail","hentry"],"yoast_head":"<!-- This site is optimized with the Yoast SEO plugin v26.6 - https:\/\/yoast.com\/wordpress\/plugins\/seo\/ -->\n<title>\u00c1guilas Turismo | \u00c1guilas to Savor<\/title>\n<meta name=\"description\" content=\"Enjoy Mediterranean cuisine in \u00c1guilas with a unique and history-rich culinary experience.\" \/>\n<meta name=\"robots\" content=\"index, follow, max-snippet:-1, max-image-preview:large, max-video-preview:-1\" \/>\n<link rel=\"canonical\" href=\"https:\/\/aguilas.es\/en\/experiences-in-aguilas\/explore-aguilas\/gastronomic-tourism\/\" \/>\n<meta property=\"og:locale\" content=\"en_US\" \/>\n<meta property=\"og:type\" content=\"article\" \/>\n<meta property=\"og:title\" content=\"\u00c1guilas Turismo | \u00c1guilas to Savor\" \/>\n<meta property=\"og:description\" content=\"Enjoy Mediterranean cuisine in \u00c1guilas with a unique and history-rich culinary experience.\" \/>\n<meta property=\"og:url\" content=\"https:\/\/aguilas.es\/en\/experiences-in-aguilas\/explore-aguilas\/gastronomic-tourism\/\" \/>\n<meta property=\"og:site_name\" content=\"\u00c1guilas Turismo\" \/>\n<meta property=\"article:modified_time\" content=\"2026-02-23T10:26:49+00:00\" \/>\n<meta property=\"og:image\" content=\"https:\/\/aguilas.es\/wp-content\/uploads\/2025\/04\/alatesocialmedia_oficinadeturismo-12-2024_000041.jpg\" \/>\n\t<meta property=\"og:image:width\" content=\"1000\" \/>\n\t<meta property=\"og:image:height\" content=\"725\" \/>\n\t<meta property=\"og:image:type\" content=\"image\/jpeg\" \/>\n<meta name=\"twitter:card\" content=\"summary_large_image\" \/>\n<meta name=\"twitter:label1\" content=\"Est. reading time\" \/>\n\t<meta name=\"twitter:data1\" content=\"1 minute\" \/>\n<script type=\"application\/ld+json\" class=\"yoast-schema-graph\">{\"@context\":\"https:\/\/schema.org\",\"@graph\":[{\"@type\":\"WebPage\",\"@id\":\"https:\/\/aguilas.es\/en\/experiences-in-aguilas\/explore-aguilas\/gastronomic-tourism\/\",\"url\":\"https:\/\/aguilas.es\/en\/experiences-in-aguilas\/explore-aguilas\/gastronomic-tourism\/\",\"name\":\"\u00c1guilas Turismo | \u00c1guilas to Savor\",\"isPartOf\":{\"@id\":\"https:\/\/aguilas.es\/en\/#website\"},\"primaryImageOfPage\":{\"@id\":\"https:\/\/aguilas.es\/en\/experiences-in-aguilas\/explore-aguilas\/gastronomic-tourism\/#primaryimage\"},\"image\":{\"@id\":\"https:\/\/aguilas.es\/en\/experiences-in-aguilas\/explore-aguilas\/gastronomic-tourism\/#primaryimage\"},\"thumbnailUrl\":\"https:\/\/aguilas.es\/wp-content\/uploads\/2025\/04\/alatesocialmedia_oficinadeturismo-12-2024_000041.jpg\",\"datePublished\":\"2025-04-03T14:24:09+00:00\",\"dateModified\":\"2026-02-23T10:26:49+00:00\",\"description\":\"Enjoy Mediterranean cuisine in \u00c1guilas with a unique and history-rich culinary experience.\",\"breadcrumb\":{\"@id\":\"https:\/\/aguilas.es\/en\/experiences-in-aguilas\/explore-aguilas\/gastronomic-tourism\/#breadcrumb\"},\"inLanguage\":\"en-US\",\"potentialAction\":[{\"@type\":\"ReadAction\",\"target\":[\"https:\/\/aguilas.es\/en\/experiences-in-aguilas\/explore-aguilas\/gastronomic-tourism\/\"]}]},{\"@type\":\"ImageObject\",\"inLanguage\":\"en-US\",\"@id\":\"https:\/\/aguilas.es\/en\/experiences-in-aguilas\/explore-aguilas\/gastronomic-tourism\/#primaryimage\",\"url\":\"https:\/\/aguilas.es\/wp-content\/uploads\/2025\/04\/alatesocialmedia_oficinadeturismo-12-2024_000041.jpg\",\"contentUrl\":\"https:\/\/aguilas.es\/wp-content\/uploads\/2025\/04\/alatesocialmedia_oficinadeturismo-12-2024_000041.jpg\",\"width\":1000,\"height\":725,\"caption\":\"Gastronomic tourism\"},{\"@type\":\"BreadcrumbList\",\"@id\":\"https:\/\/aguilas.es\/en\/experiences-in-aguilas\/explore-aguilas\/gastronomic-tourism\/#breadcrumb\",\"itemListElement\":[{\"@type\":\"ListItem\",\"position\":1,\"name\":\"Portada\",\"item\":\"https:\/\/aguilas.es\/en\/home\/\"},{\"@type\":\"ListItem\",\"position\":2,\"name\":\"Experiences in \u00c1guilas\",\"item\":\"https:\/\/aguilas.es\/en\/experiences-in-aguilas\/\"},{\"@type\":\"ListItem\",\"position\":3,\"name\":\"Explore \u00c1guilas\",\"item\":\"https:\/\/aguilas.es\/en\/experiences-in-aguilas\/explore-aguilas\/\"},{\"@type\":\"ListItem\",\"position\":4,\"name\":\"\u00c1guilas to Savor\"}]},{\"@type\":\"WebSite\",\"@id\":\"https:\/\/aguilas.es\/en\/#website\",\"url\":\"https:\/\/aguilas.es\/en\/\",\"name\":\"\u00c1guilas Turismo\",\"description\":\"\",\"publisher\":{\"@id\":\"https:\/\/aguilas.es\/en\/#organization\"},\"potentialAction\":[{\"@type\":\"SearchAction\",\"target\":{\"@type\":\"EntryPoint\",\"urlTemplate\":\"https:\/\/aguilas.es\/en\/?s={search_term_string}\"},\"query-input\":{\"@type\":\"PropertyValueSpecification\",\"valueRequired\":true,\"valueName\":\"search_term_string\"}}],\"inLanguage\":\"en-US\"},{\"@type\":\"Organization\",\"@id\":\"https:\/\/aguilas.es\/en\/#organization\",\"name\":\"\u00c1guilas Turismo\",\"url\":\"https:\/\/aguilas.es\/en\/\",\"logo\":{\"@type\":\"ImageObject\",\"inLanguage\":\"en-US\",\"@id\":\"https:\/\/aguilas.es\/en\/#\/schema\/logo\/image\/\",\"url\":\"https:\/\/aguilas.es\/wp-content\/uploads\/2025\/04\/Logo-Aguilas-turismo.png\",\"contentUrl\":\"https:\/\/aguilas.es\/wp-content\/uploads\/2025\/04\/Logo-Aguilas-turismo.png\",\"width\":575,\"height\":229,\"caption\":\"\u00c1guilas Turismo\"},\"image\":{\"@id\":\"https:\/\/aguilas.es\/en\/#\/schema\/logo\/image\/\"}}]}<\/script>\n<!-- \/ Yoast SEO plugin. -->","yoast_head_json":{"title":"\u00c1guilas Turismo | \u00c1guilas to Savor","description":"Enjoy Mediterranean cuisine in \u00c1guilas with a unique and history-rich culinary experience.","robots":{"index":"index","follow":"follow","max-snippet":"max-snippet:-1","max-image-preview":"max-image-preview:large","max-video-preview":"max-video-preview:-1"},"canonical":"https:\/\/aguilas.es\/en\/experiences-in-aguilas\/explore-aguilas\/gastronomic-tourism\/","og_locale":"en_US","og_type":"article","og_title":"\u00c1guilas Turismo | \u00c1guilas to Savor","og_description":"Enjoy Mediterranean cuisine in \u00c1guilas with a unique and history-rich culinary experience.","og_url":"https:\/\/aguilas.es\/en\/experiences-in-aguilas\/explore-aguilas\/gastronomic-tourism\/","og_site_name":"\u00c1guilas Turismo","article_modified_time":"2026-02-23T10:26:49+00:00","og_image":[{"width":1000,"height":725,"url":"https:\/\/aguilas.es\/wp-content\/uploads\/2025\/04\/alatesocialmedia_oficinadeturismo-12-2024_000041.jpg","type":"image\/jpeg"}],"twitter_card":"summary_large_image","twitter_misc":{"Est. reading time":"1 minute"},"schema":{"@context":"https:\/\/schema.org","@graph":[{"@type":"WebPage","@id":"https:\/\/aguilas.es\/en\/experiences-in-aguilas\/explore-aguilas\/gastronomic-tourism\/","url":"https:\/\/aguilas.es\/en\/experiences-in-aguilas\/explore-aguilas\/gastronomic-tourism\/","name":"\u00c1guilas Turismo | \u00c1guilas to Savor","isPartOf":{"@id":"https:\/\/aguilas.es\/en\/#website"},"primaryImageOfPage":{"@id":"https:\/\/aguilas.es\/en\/experiences-in-aguilas\/explore-aguilas\/gastronomic-tourism\/#primaryimage"},"image":{"@id":"https:\/\/aguilas.es\/en\/experiences-in-aguilas\/explore-aguilas\/gastronomic-tourism\/#primaryimage"},"thumbnailUrl":"https:\/\/aguilas.es\/wp-content\/uploads\/2025\/04\/alatesocialmedia_oficinadeturismo-12-2024_000041.jpg","datePublished":"2025-04-03T14:24:09+00:00","dateModified":"2026-02-23T10:26:49+00:00","description":"Enjoy Mediterranean cuisine in \u00c1guilas with a unique and history-rich culinary experience.","breadcrumb":{"@id":"https:\/\/aguilas.es\/en\/experiences-in-aguilas\/explore-aguilas\/gastronomic-tourism\/#breadcrumb"},"inLanguage":"en-US","potentialAction":[{"@type":"ReadAction","target":["https:\/\/aguilas.es\/en\/experiences-in-aguilas\/explore-aguilas\/gastronomic-tourism\/"]}]},{"@type":"ImageObject","inLanguage":"en-US","@id":"https:\/\/aguilas.es\/en\/experiences-in-aguilas\/explore-aguilas\/gastronomic-tourism\/#primaryimage","url":"https:\/\/aguilas.es\/wp-content\/uploads\/2025\/04\/alatesocialmedia_oficinadeturismo-12-2024_000041.jpg","contentUrl":"https:\/\/aguilas.es\/wp-content\/uploads\/2025\/04\/alatesocialmedia_oficinadeturismo-12-2024_000041.jpg","width":1000,"height":725,"caption":"Gastronomic tourism"},{"@type":"BreadcrumbList","@id":"https:\/\/aguilas.es\/en\/experiences-in-aguilas\/explore-aguilas\/gastronomic-tourism\/#breadcrumb","itemListElement":[{"@type":"ListItem","position":1,"name":"Portada","item":"https:\/\/aguilas.es\/en\/home\/"},{"@type":"ListItem","position":2,"name":"Experiences in \u00c1guilas","item":"https:\/\/aguilas.es\/en\/experiences-in-aguilas\/"},{"@type":"ListItem","position":3,"name":"Explore \u00c1guilas","item":"https:\/\/aguilas.es\/en\/experiences-in-aguilas\/explore-aguilas\/"},{"@type":"ListItem","position":4,"name":"\u00c1guilas to Savor"}]},{"@type":"WebSite","@id":"https:\/\/aguilas.es\/en\/#website","url":"https:\/\/aguilas.es\/en\/","name":"\u00c1guilas Turismo","description":"","publisher":{"@id":"https:\/\/aguilas.es\/en\/#organization"},"potentialAction":[{"@type":"SearchAction","target":{"@type":"EntryPoint","urlTemplate":"https:\/\/aguilas.es\/en\/?s={search_term_string}"},"query-input":{"@type":"PropertyValueSpecification","valueRequired":true,"valueName":"search_term_string"}}],"inLanguage":"en-US"},{"@type":"Organization","@id":"https:\/\/aguilas.es\/en\/#organization","name":"\u00c1guilas Turismo","url":"https:\/\/aguilas.es\/en\/","logo":{"@type":"ImageObject","inLanguage":"en-US","@id":"https:\/\/aguilas.es\/en\/#\/schema\/logo\/image\/","url":"https:\/\/aguilas.es\/wp-content\/uploads\/2025\/04\/Logo-Aguilas-turismo.png","contentUrl":"https:\/\/aguilas.es\/wp-content\/uploads\/2025\/04\/Logo-Aguilas-turismo.png","width":575,"height":229,"caption":"\u00c1guilas Turismo"},"image":{"@id":"https:\/\/aguilas.es\/en\/#\/schema\/logo\/image\/"}}]}},"_links":{"self":[{"href":"https:\/\/aguilas.es\/en\/wp-json\/wp\/v2\/pages\/8148","targetHints":{"allow":["GET"]}}],"collection":[{"href":"https:\/\/aguilas.es\/en\/wp-json\/wp\/v2\/pages"}],"about":[{"href":"https:\/\/aguilas.es\/en\/wp-json\/wp\/v2\/types\/page"}],"author":[{"embeddable":true,"href":"https:\/\/aguilas.es\/en\/wp-json\/wp\/v2\/users\/1"}],"replies":[{"embeddable":true,"href":"https:\/\/aguilas.es\/en\/wp-json\/wp\/v2\/comments?post=8148"}],"version-history":[{"count":7,"href":"https:\/\/aguilas.es\/en\/wp-json\/wp\/v2\/pages\/8148\/revisions"}],"predecessor-version":[{"id":10724,"href":"https:\/\/aguilas.es\/en\/wp-json\/wp\/v2\/pages\/8148\/revisions\/10724"}],"up":[{"embeddable":true,"href":"https:\/\/aguilas.es\/en\/wp-json\/wp\/v2\/pages\/8715"}],"wp:featuredmedia":[{"embeddable":true,"href":"https:\/\/aguilas.es\/en\/wp-json\/wp\/v2\/media\/7586"}],"wp:attachment":[{"href":"https:\/\/aguilas.es\/en\/wp-json\/wp\/v2\/media?parent=8148"}],"curies":[{"name":"wp","href":"https:\/\/api.w.org\/{rel}","templated":true}]}}