{"id":8156,"date":"2025-04-03T16:22:09","date_gmt":"2025-04-03T14:22:09","guid":{"rendered":"https:\/\/aguilas.es\/sports-tourism\/"},"modified":"2026-02-23T11:34:00","modified_gmt":"2026-02-23T10:34:00","slug":"sports-tourism","status":"publish","type":"page","link":"https:\/\/aguilas.es\/en\/experiences-in-aguilas\/explore-aguilas\/sports-tourism\/","title":{"rendered":"Sports and Activities in \u00c1guilas"},"content":{"rendered":"\t\t<div data-elementor-type=\"wp-page\" data-elementor-id=\"8156\" class=\"elementor elementor-8156 elementor-3561\">\n\t\t\t\t<div class=\"porto_stretch_css stretch_row_css elementor-element elementor-element-78dd121 e-flex e-con-boxed e-con e-parent\" data-id=\"78dd121\" data-element_type=\"container\" data-settings=\"{&quot;background_background&quot;:&quot;classic&quot;}\">\r\n\t\t\t\t\t<div class=\"e-con-inner\">\r\n\t\t<div class=\"elementor-element elementor-element-174196f e-con-full e-flex e-con e-child\" data-id=\"174196f\" data-element_type=\"container\">\r\n\t\t\t\t<div class=\"elementor-element elementor-element-319926b elementor-widget elementor-widget-porto_ultimate_heading\" data-id=\"319926b\" data-element_type=\"widget\" data-widget_type=\"porto_ultimate_heading.default\">\n\t\t\t\t<div class=\"elementor-widget-container\">\n\t\t\t\t\t<div class=\"porto-u-heading  porto-u-ad87e2eaf3f9c495180fe0156ddf3eb0\"><div class=\"porto-u-sub-heading\" style=\"\"><p>\u00c1guilas sports city<\/p><\/div><style>.porto-u-ad87e2eaf3f9c495180fe0156ddf3eb0.porto-u-heading{text-align:left}<\/style><\/div>\t\t\t\t<\/div>\n\t\t\t\t<\/div>\n\t\t\t\t<div class=\"elementor-element elementor-element-ccbb65d elementor-widget elementor-widget-porto_page_header\" data-id=\"ccbb65d\" data-element_type=\"widget\" data-widget_type=\"porto_page_header.default\">\n\t\t\t\t<div class=\"elementor-widget-container\">\n\t\t\t\t\t<div class=\"page-top page-header-6\"><style>.page-top { background: none; border-bottom: none; } .page-top .page-title:not(.b-none):after { display: none; }<\/style><div class=\"container hide-title\">\r\n\t<div class=\"row\">\r\n\t\t<div class=\"col-lg-12 clearfix\">\r\n\t\t\t<div class=\"pt-right d-none\">\r\n\t\t\t\t\t\t\t\t<h1 class=\"page-title\"><\/h1>\r\n\t\t\t\t\t\t\t<\/div>\r\n\t\t\t\t\t\t\t<div class=\"breadcrumbs-wrap pt-left\">\r\n\t\t\t\t\t<ul class=\"breadcrumb\" itemscope itemtype=\"https:\/\/schema.org\/BreadcrumbList\"><li class=\"home\" itemprop=\"itemListElement\" itemscope itemtype=\"https:\/\/schema.org\/ListItem\"><a itemprop=\"item\" href=\"https:\/\/aguilas.es\/en\/\" title=\"Go to Home Page\"><span itemprop=\"name\">Home<\/span><\/a><meta itemprop=\"position\" content=\"1\" \/><i class=\"delimiter delimiter-2\"><\/i><\/li><\/ul>\t\t\t\t<\/div>\r\n\t\t\t\t\t\t\t\t<\/div>\r\n\t<\/div>\r\n<\/div>\r\n<\/div>\t\t\t\t<\/div>\n\t\t\t\t<\/div>\n\t\t\t\t<\/div>\n\t\t\t\t\t<\/div>\n\t\t\t\t<\/div>\n\t\t<div class=\"elementor-element elementor-element-2fd6229 e-flex e-con-boxed e-con e-parent\" data-id=\"2fd6229\" data-element_type=\"container\">\r\n\t\t\t\t\t<div class=\"e-con-inner\">\r\n\t\t\t\t<div class=\"elementor-element elementor-element-bb69f87 elementor-widget elementor-widget-text-editor\" data-id=\"bb69f87\" data-element_type=\"widget\" data-widget_type=\"text-editor.default\">\n\t\t\t\t<div class=\"elementor-widget-container\">\n\t\t\t\t\t\t\t\t\t<h2 style=\"text-align: center;\"><strong>\u00c1guilas: where sport is experienced by the sea<\/strong><\/h2><p>Located on the Murcian coast, \u00c1guilas combines sea and nature, making it perfect for sports enthusiasts. Its beaches offer a variety of water activities, while its natural surroundings are ideal for hiking and cycling, all complemented by pleasant weather year-round. <\/p>\t\t\t\t\t\t\t\t<\/div>\n\t\t\t\t<\/div>\n\t\t<div class=\"elementor-element elementor-element-a233d72 e-con-full e-flex e-con e-child\" data-id=\"a233d72\" data-element_type=\"container\">\r\n\t\t<div class=\"elementor-element elementor-element-2c44296 e-con-full e-flex e-con e-child\" data-id=\"2c44296\" data-element_type=\"container\">\r\n\t\t\t\t<div class=\"elementor-element elementor-element-3d4d739 elementor-widget elementor-widget-video\" data-id=\"3d4d739\" data-element_type=\"widget\" data-settings=\"{&quot;youtube_url&quot;:&quot;https:\\\/\\\/www.youtube.com\\\/watch?v=fgx-p86-VOI&quot;,&quot;video_type&quot;:&quot;youtube&quot;,&quot;controls&quot;:&quot;yes&quot;}\" data-widget_type=\"video.default\">\n\t\t\t\t<div class=\"elementor-widget-container\">\n\t\t\t\t\t\t\t<div class=\"elementor-wrapper elementor-open-inline\">\n\t\t\t<div class=\"elementor-video\"><\/div>\t\t<\/div>\n\t\t\t\t\t\t<\/div>\n\t\t\t\t<\/div>\n\t\t\t\t<\/div>\n\t\t<div class=\"elementor-element elementor-element-c48de36 e-con-full e-flex e-con e-child\" data-id=\"c48de36\" data-element_type=\"container\">\r\n\t\t\t\t<div class=\"elementor-element elementor-element-4144f65 elementor-widget elementor-widget-text-editor\" data-id=\"4144f65\" data-element_type=\"widget\" data-widget_type=\"text-editor.default\">\n\t\t\t\t<div class=\"elementor-widget-container\">\n\t\t\t\t\t\t\t\t\t<p>Visitors can enjoy water sports such as sailing, diving, kayaking, or paddleboarding in its crystal-clear waters. Additionally, the town offers hiking and cycling routes through the Sierra de Almenara and along the coast, perfect for experiencing the Mediterranean landscape. \u00c1guilas also hosts renowned sporting events, including triathlons and athletics competitions, attracting both professional and amateur athletes.  <\/p>\t\t\t\t\t\t\t\t<\/div>\n\t\t\t\t<\/div>\n\t\t\t\t<\/div>\n\t\t\t\t<\/div>\n\t\t\t\t\t<\/div>\n\t\t\t\t<\/div>\n\t\t<div class=\"elementor-element elementor-element-52aa6ef e-flex e-con-boxed e-con e-parent\" data-id=\"52aa6ef\" data-element_type=\"container\">\r\n\t\t\t\t\t<div class=\"e-con-inner\">\r\n\t\t\t\t<div class=\"elementor-element elementor-element-0a03759 elemento-titulo-con-subtitulo elementor-widget elementor-widget-porto_ultimate_heading\" data-id=\"0a03759\" data-element_type=\"widget\" data-widget_type=\"porto_ultimate_heading.default\">\n\t\t\t\t<div class=\"elementor-widget-container\">\n\t\t\t\t\t<div class=\"porto-u-heading  porto-u-55ca8359258f9a412be7e73af65d2aac\"><div class=\"porto-u-main-heading\"><h2   >AGENDA<\/h2><\/div><div class=\"porto-u-sub-heading\" style=\"\"><p>Everything you're passionate about: sports, culture and much more<\/p><\/div><style>.porto-u-55ca8359258f9a412be7e73af65d2aac.porto-u-heading{text-align:center}<\/style><\/div>\t\t\t\t<\/div>\n\t\t\t\t<\/div>\n\t\t\t\t<div class=\"elementor-element elementor-element-99536d8 elementor-widget elementor-widget-shortcode\" data-id=\"99536d8\" data-element_type=\"widget\" data-widget_type=\"shortcode.default\">\n\t\t\t\t<div class=\"elementor-widget-container\">\n\t\t\t\t\t\t\t<div class=\"elementor-shortcode\">    <div class=\"aguilas-shortcode-loader\" id=\"aguilas-lista-web-69f62feff2f32\"\r\n        data-tipo=\"lista-web\"  data-id-lista=\"76\"  data-items=\"6\"  data-filtros=\"0\" >\r\n        <div class=\"aguilas-loader\">\r\n            <div class=\"aguilas-spinner\"><\/div>\r\n            <p>Loading...<\/p>\r\n        <\/div>\r\n    <\/div>\r\n    <\/div>\n\t\t\t\t\t\t<\/div>\n\t\t\t\t<\/div>\n\t\t\t\t\t<\/div>\n\t\t\t\t<\/div>\n\t\t<div class=\"elementor-element elementor-element-450d751 e-flex e-con-boxed e-con e-parent\" data-id=\"450d751\" data-element_type=\"container\">\r\n\t\t\t\t\t<div class=\"e-con-inner\">\r\n\t\t\t\t<div class=\"elementor-element elementor-element-c3ee3ba elemento-titulo-con-subtitulo elementor-widget elementor-widget-porto_ultimate_heading\" data-id=\"c3ee3ba\" data-element_type=\"widget\" data-widget_type=\"porto_ultimate_heading.default\">\n\t\t\t\t<div class=\"elementor-widget-container\">\n\t\t\t\t\t<div class=\"porto-u-heading  porto-u-55ca8359258f9a412be7e73af65d2aac\"><div class=\"porto-u-main-heading\"><h2   >SPORTS FACILITIES<\/h2><\/div><div class=\"porto-u-sub-heading\" style=\"\"><p>Athletes welcome: here the movement never stops<\/p><\/div><style>.porto-u-55ca8359258f9a412be7e73af65d2aac.porto-u-heading{text-align:center}<\/style><\/div>\t\t\t\t<\/div>\n\t\t\t\t<\/div>\n\t\t\t\t<div class=\"elementor-element elementor-element-442f4f8 elementor-widget elementor-widget-shortcode\" data-id=\"442f4f8\" data-element_type=\"widget\" data-widget_type=\"shortcode.default\">\n\t\t\t\t<div class=\"elementor-widget-container\">\n\t\t\t\t\t\t\t<div class=\"elementor-shortcode\">    <div class=\"aguilas-shortcode-loader\" id=\"aguilas-lista-web-69f62feff323d\"\r\n        data-tipo=\"lista-web\"  data-id-lista=\"41\"  data-items=\"6\"  data-filtros=\"0\" >\r\n        <div class=\"aguilas-loader\">\r\n            <div class=\"aguilas-spinner\"><\/div>\r\n            <p>Loading...<\/p>\r\n        <\/div>\r\n    <\/div>\r\n    <\/div>\n\t\t\t\t\t\t<\/div>\n\t\t\t\t<\/div>\n\t\t\t\t\t<\/div>\n\t\t\t\t<\/div>\n\t\t<div class=\"elementor-element elementor-element-eee491d e-flex e-con-boxed e-con e-parent\" data-id=\"eee491d\" data-element_type=\"container\">\r\n\t\t\t\t\t<div class=\"e-con-inner\">\r\n\t\t\t\t<div class=\"elementor-element elementor-element-d753c6f elemento-titulo-con-subtitulo elementor-widget elementor-widget-porto_ultimate_heading\" data-id=\"d753c6f\" data-element_type=\"widget\" data-widget_type=\"porto_ultimate_heading.default\">\n\t\t\t\t<div class=\"elementor-widget-container\">\n\t\t\t\t\t<div class=\"porto-u-heading  porto-u-55ca8359258f9a412be7e73af65d2aac\"><div class=\"porto-u-main-heading\"><h2   >Nature trails<\/h2><\/div><div class=\"porto-u-sub-heading\" style=\"\"><p>Hiking and orienteering for adventure lovers<\/p><\/div><style>.porto-u-55ca8359258f9a412be7e73af65d2aac.porto-u-heading{text-align:center}<\/style><\/div>\t\t\t\t<\/div>\n\t\t\t\t<\/div>\n\t\t\t\t<div class=\"elementor-element elementor-element-bff05d0 elementor-widget elementor-widget-shortcode\" data-id=\"bff05d0\" data-element_type=\"widget\" data-widget_type=\"shortcode.default\">\n\t\t\t\t<div class=\"elementor-widget-container\">\n\t\t\t\t\t\t\t<div class=\"elementor-shortcode\">    <div class=\"aguilas-shortcode-loader\" id=\"aguilas-lista-web-69f62feff3525\"\r\n        data-tipo=\"lista-web\"  data-id-lista=\"23\"  data-items=\"6\"  data-filtros=\"0\" >\r\n        <div class=\"aguilas-loader\">\r\n            <div class=\"aguilas-spinner\"><\/div>\r\n            <p>Loading...<\/p>\r\n        <\/div>\r\n    <\/div>\r\n    <\/div>\n\t\t\t\t\t\t<\/div>\n\t\t\t\t<\/div>\n\t\t\t\t\t<\/div>\n\t\t\t\t<\/div>\n\t\t<div class=\"elementor-element elementor-element-9d2307e e-flex e-con-boxed e-con e-parent\" data-id=\"9d2307e\" data-element_type=\"container\">\r\n\t\t\t\t\t<div class=\"e-con-inner\">\r\n\t\t\t\t<div class=\"elementor-element elementor-element-117c5cb elemento-titulo-con-subtitulo elementor-widget elementor-widget-porto_ultimate_heading\" data-id=\"117c5cb\" data-element_type=\"widget\" data-widget_type=\"porto_ultimate_heading.default\">\n\t\t\t\t<div class=\"elementor-widget-container\">\n\t\t\t\t\t<div class=\"porto-u-heading  porto-u-55ca8359258f9a412be7e73af65d2aac\"><div class=\"porto-u-main-heading\"><h2   >Cycle touring spaces<\/h2><\/div><div class=\"porto-u-sub-heading\" style=\"\"><p>Unique experience for cyclists of all levels<\/p><\/div><style>.porto-u-55ca8359258f9a412be7e73af65d2aac.porto-u-heading{text-align:center}<\/style><\/div>\t\t\t\t<\/div>\n\t\t\t\t<\/div>\n\t\t\t\t<div class=\"elementor-element elementor-element-414d1b9 elementor-widget elementor-widget-shortcode\" data-id=\"414d1b9\" data-element_type=\"widget\" data-widget_type=\"shortcode.default\">\n\t\t\t\t<div class=\"elementor-widget-container\">\n\t\t\t\t\t\t\t<div class=\"elementor-shortcode\">    <div class=\"aguilas-shortcode-loader\" id=\"aguilas-lista-web-69f62feff37f4\"\r\n        data-tipo=\"lista-web\"  data-id-lista=\"18\"  data-items=\"6\"  data-filtros=\"0\" >\r\n        <div class=\"aguilas-loader\">\r\n            <div class=\"aguilas-spinner\"><\/div>\r\n            <p>Loading...<\/p>\r\n        <\/div>\r\n    <\/div>\r\n    <\/div>\n\t\t\t\t\t\t<\/div>\n\t\t\t\t<\/div>\n\t\t\t\t\t<\/div>\n\t\t\t\t<\/div>\n\t\t\t\t<\/div>\n\t\t","protected":false},"excerpt":{"rendered":"<p>\u00c1guilas sports city Home \u00c1guilas: where sport is experienced by the sea Located on the Murcian coast, \u00c1guilas combines sea and nature, making it perfect for sports enthusiasts. Its beaches offer a variety of water activities, while its natural surroundings are ideal for hiking and cycling, all complemented by pleasant weather year-round. https:\/\/www.youtube.com\/watch?v=fgx-p86-VOI Visitors can [&hellip;]<\/p>\n","protected":false},"author":1,"featured_media":7584,"parent":8715,"menu_order":0,"comment_status":"closed","ping_status":"closed","template":"","meta":{"footnotes":""},"class_list":["post-8156","page","type-page","status-publish","has-post-thumbnail","hentry"],"yoast_head":"<!-- This site is optimized with the Yoast SEO plugin v26.6 - https:\/\/yoast.com\/wordpress\/plugins\/seo\/ -->\n<title>\u00c1guilas Turismo | Sports and Activities in \u00c1guilas<\/title>\n<meta name=\"description\" content=\"Explore \u00c1guilas&#039; sports routes and facilities, where you can enjoy various sports and the best hiking and cycling trails.\" \/>\n<meta name=\"robots\" content=\"index, follow, max-snippet:-1, max-image-preview:large, max-video-preview:-1\" \/>\n<link rel=\"canonical\" href=\"https:\/\/aguilas.es\/en\/experiences-in-aguilas\/explore-aguilas\/sports-tourism\/\" \/>\n<meta property=\"og:locale\" content=\"en_US\" \/>\n<meta property=\"og:type\" content=\"article\" \/>\n<meta property=\"og:title\" content=\"\u00c1guilas Turismo | Sports and Activities in \u00c1guilas\" \/>\n<meta property=\"og:description\" content=\"Explore \u00c1guilas&#039; sports routes and facilities, where you can enjoy various sports and the best hiking and cycling trails.\" \/>\n<meta property=\"og:url\" content=\"https:\/\/aguilas.es\/en\/experiences-in-aguilas\/explore-aguilas\/sports-tourism\/\" \/>\n<meta property=\"og:site_name\" content=\"\u00c1guilas Turismo\" \/>\n<meta property=\"article:modified_time\" content=\"2026-02-23T10:34:00+00:00\" \/>\n<meta property=\"og:image\" content=\"https:\/\/aguilas.es\/wp-content\/uploads\/2025\/04\/alatesocialmedia_oficinadeturismo-12-2024_000084.jpg\" \/>\n\t<meta property=\"og:image:width\" content=\"1900\" \/>\n\t<meta property=\"og:image:height\" content=\"1243\" \/>\n\t<meta property=\"og:image:type\" content=\"image\/jpeg\" \/>\n<meta name=\"twitter:card\" content=\"summary_large_image\" \/>\n<meta name=\"twitter:label1\" content=\"Est. reading time\" \/>\n\t<meta name=\"twitter:data1\" content=\"1 minute\" \/>\n<script type=\"application\/ld+json\" class=\"yoast-schema-graph\">{\"@context\":\"https:\/\/schema.org\",\"@graph\":[{\"@type\":\"WebPage\",\"@id\":\"https:\/\/aguilas.es\/en\/experiences-in-aguilas\/explore-aguilas\/sports-tourism\/\",\"url\":\"https:\/\/aguilas.es\/en\/experiences-in-aguilas\/explore-aguilas\/sports-tourism\/\",\"name\":\"\u00c1guilas Turismo | Sports and Activities in \u00c1guilas\",\"isPartOf\":{\"@id\":\"https:\/\/aguilas.es\/en\/#website\"},\"primaryImageOfPage\":{\"@id\":\"https:\/\/aguilas.es\/en\/experiences-in-aguilas\/explore-aguilas\/sports-tourism\/#primaryimage\"},\"image\":{\"@id\":\"https:\/\/aguilas.es\/en\/experiences-in-aguilas\/explore-aguilas\/sports-tourism\/#primaryimage\"},\"thumbnailUrl\":\"https:\/\/aguilas.es\/wp-content\/uploads\/2025\/04\/alatesocialmedia_oficinadeturismo-12-2024_000084.jpg\",\"datePublished\":\"2025-04-03T14:22:09+00:00\",\"dateModified\":\"2026-02-23T10:34:00+00:00\",\"description\":\"Explore \u00c1guilas' sports routes and facilities, where you can enjoy various sports and the best hiking and cycling trails.\",\"breadcrumb\":{\"@id\":\"https:\/\/aguilas.es\/en\/experiences-in-aguilas\/explore-aguilas\/sports-tourism\/#breadcrumb\"},\"inLanguage\":\"en-US\",\"potentialAction\":[{\"@type\":\"ReadAction\",\"target\":[\"https:\/\/aguilas.es\/en\/experiences-in-aguilas\/explore-aguilas\/sports-tourism\/\"]}]},{\"@type\":\"ImageObject\",\"inLanguage\":\"en-US\",\"@id\":\"https:\/\/aguilas.es\/en\/experiences-in-aguilas\/explore-aguilas\/sports-tourism\/#primaryimage\",\"url\":\"https:\/\/aguilas.es\/wp-content\/uploads\/2025\/04\/alatesocialmedia_oficinadeturismo-12-2024_000084.jpg\",\"contentUrl\":\"https:\/\/aguilas.es\/wp-content\/uploads\/2025\/04\/alatesocialmedia_oficinadeturismo-12-2024_000084.jpg\",\"width\":1900,\"height\":1243},{\"@type\":\"BreadcrumbList\",\"@id\":\"https:\/\/aguilas.es\/en\/experiences-in-aguilas\/explore-aguilas\/sports-tourism\/#breadcrumb\",\"itemListElement\":[{\"@type\":\"ListItem\",\"position\":1,\"name\":\"Portada\",\"item\":\"https:\/\/aguilas.es\/en\/home\/\"},{\"@type\":\"ListItem\",\"position\":2,\"name\":\"Experiences in \u00c1guilas\",\"item\":\"https:\/\/aguilas.es\/en\/experiences-in-aguilas\/\"},{\"@type\":\"ListItem\",\"position\":3,\"name\":\"Explore \u00c1guilas\",\"item\":\"https:\/\/aguilas.es\/en\/experiences-in-aguilas\/explore-aguilas\/\"},{\"@type\":\"ListItem\",\"position\":4,\"name\":\"Sports and Activities in \u00c1guilas\"}]},{\"@type\":\"WebSite\",\"@id\":\"https:\/\/aguilas.es\/en\/#website\",\"url\":\"https:\/\/aguilas.es\/en\/\",\"name\":\"\u00c1guilas Turismo\",\"description\":\"\",\"publisher\":{\"@id\":\"https:\/\/aguilas.es\/en\/#organization\"},\"potentialAction\":[{\"@type\":\"SearchAction\",\"target\":{\"@type\":\"EntryPoint\",\"urlTemplate\":\"https:\/\/aguilas.es\/en\/?s={search_term_string}\"},\"query-input\":{\"@type\":\"PropertyValueSpecification\",\"valueRequired\":true,\"valueName\":\"search_term_string\"}}],\"inLanguage\":\"en-US\"},{\"@type\":\"Organization\",\"@id\":\"https:\/\/aguilas.es\/en\/#organization\",\"name\":\"\u00c1guilas Turismo\",\"url\":\"https:\/\/aguilas.es\/en\/\",\"logo\":{\"@type\":\"ImageObject\",\"inLanguage\":\"en-US\",\"@id\":\"https:\/\/aguilas.es\/en\/#\/schema\/logo\/image\/\",\"url\":\"https:\/\/aguilas.es\/wp-content\/uploads\/2025\/04\/Logo-Aguilas-turismo.png\",\"contentUrl\":\"https:\/\/aguilas.es\/wp-content\/uploads\/2025\/04\/Logo-Aguilas-turismo.png\",\"width\":575,\"height\":229,\"caption\":\"\u00c1guilas Turismo\"},\"image\":{\"@id\":\"https:\/\/aguilas.es\/en\/#\/schema\/logo\/image\/\"}}]}<\/script>\n<!-- \/ Yoast SEO plugin. -->","yoast_head_json":{"title":"\u00c1guilas Turismo | Sports and Activities in \u00c1guilas","description":"Explore \u00c1guilas' sports routes and facilities, where you can enjoy various sports and the best hiking and cycling trails.","robots":{"index":"index","follow":"follow","max-snippet":"max-snippet:-1","max-image-preview":"max-image-preview:large","max-video-preview":"max-video-preview:-1"},"canonical":"https:\/\/aguilas.es\/en\/experiences-in-aguilas\/explore-aguilas\/sports-tourism\/","og_locale":"en_US","og_type":"article","og_title":"\u00c1guilas Turismo | Sports and Activities in \u00c1guilas","og_description":"Explore \u00c1guilas' sports routes and facilities, where you can enjoy various sports and the best hiking and cycling trails.","og_url":"https:\/\/aguilas.es\/en\/experiences-in-aguilas\/explore-aguilas\/sports-tourism\/","og_site_name":"\u00c1guilas Turismo","article_modified_time":"2026-02-23T10:34:00+00:00","og_image":[{"width":1900,"height":1243,"url":"https:\/\/aguilas.es\/wp-content\/uploads\/2025\/04\/alatesocialmedia_oficinadeturismo-12-2024_000084.jpg","type":"image\/jpeg"}],"twitter_card":"summary_large_image","twitter_misc":{"Est. reading time":"1 minute"},"schema":{"@context":"https:\/\/schema.org","@graph":[{"@type":"WebPage","@id":"https:\/\/aguilas.es\/en\/experiences-in-aguilas\/explore-aguilas\/sports-tourism\/","url":"https:\/\/aguilas.es\/en\/experiences-in-aguilas\/explore-aguilas\/sports-tourism\/","name":"\u00c1guilas Turismo | Sports and Activities in \u00c1guilas","isPartOf":{"@id":"https:\/\/aguilas.es\/en\/#website"},"primaryImageOfPage":{"@id":"https:\/\/aguilas.es\/en\/experiences-in-aguilas\/explore-aguilas\/sports-tourism\/#primaryimage"},"image":{"@id":"https:\/\/aguilas.es\/en\/experiences-in-aguilas\/explore-aguilas\/sports-tourism\/#primaryimage"},"thumbnailUrl":"https:\/\/aguilas.es\/wp-content\/uploads\/2025\/04\/alatesocialmedia_oficinadeturismo-12-2024_000084.jpg","datePublished":"2025-04-03T14:22:09+00:00","dateModified":"2026-02-23T10:34:00+00:00","description":"Explore \u00c1guilas' sports routes and facilities, where you can enjoy various sports and the best hiking and cycling trails.","breadcrumb":{"@id":"https:\/\/aguilas.es\/en\/experiences-in-aguilas\/explore-aguilas\/sports-tourism\/#breadcrumb"},"inLanguage":"en-US","potentialAction":[{"@type":"ReadAction","target":["https:\/\/aguilas.es\/en\/experiences-in-aguilas\/explore-aguilas\/sports-tourism\/"]}]},{"@type":"ImageObject","inLanguage":"en-US","@id":"https:\/\/aguilas.es\/en\/experiences-in-aguilas\/explore-aguilas\/sports-tourism\/#primaryimage","url":"https:\/\/aguilas.es\/wp-content\/uploads\/2025\/04\/alatesocialmedia_oficinadeturismo-12-2024_000084.jpg","contentUrl":"https:\/\/aguilas.es\/wp-content\/uploads\/2025\/04\/alatesocialmedia_oficinadeturismo-12-2024_000084.jpg","width":1900,"height":1243},{"@type":"BreadcrumbList","@id":"https:\/\/aguilas.es\/en\/experiences-in-aguilas\/explore-aguilas\/sports-tourism\/#breadcrumb","itemListElement":[{"@type":"ListItem","position":1,"name":"Portada","item":"https:\/\/aguilas.es\/en\/home\/"},{"@type":"ListItem","position":2,"name":"Experiences in \u00c1guilas","item":"https:\/\/aguilas.es\/en\/experiences-in-aguilas\/"},{"@type":"ListItem","position":3,"name":"Explore \u00c1guilas","item":"https:\/\/aguilas.es\/en\/experiences-in-aguilas\/explore-aguilas\/"},{"@type":"ListItem","position":4,"name":"Sports and Activities in \u00c1guilas"}]},{"@type":"WebSite","@id":"https:\/\/aguilas.es\/en\/#website","url":"https:\/\/aguilas.es\/en\/","name":"\u00c1guilas Turismo","description":"","publisher":{"@id":"https:\/\/aguilas.es\/en\/#organization"},"potentialAction":[{"@type":"SearchAction","target":{"@type":"EntryPoint","urlTemplate":"https:\/\/aguilas.es\/en\/?s={search_term_string}"},"query-input":{"@type":"PropertyValueSpecification","valueRequired":true,"valueName":"search_term_string"}}],"inLanguage":"en-US"},{"@type":"Organization","@id":"https:\/\/aguilas.es\/en\/#organization","name":"\u00c1guilas Turismo","url":"https:\/\/aguilas.es\/en\/","logo":{"@type":"ImageObject","inLanguage":"en-US","@id":"https:\/\/aguilas.es\/en\/#\/schema\/logo\/image\/","url":"https:\/\/aguilas.es\/wp-content\/uploads\/2025\/04\/Logo-Aguilas-turismo.png","contentUrl":"https:\/\/aguilas.es\/wp-content\/uploads\/2025\/04\/Logo-Aguilas-turismo.png","width":575,"height":229,"caption":"\u00c1guilas Turismo"},"image":{"@id":"https:\/\/aguilas.es\/en\/#\/schema\/logo\/image\/"}}]}},"_links":{"self":[{"href":"https:\/\/aguilas.es\/en\/wp-json\/wp\/v2\/pages\/8156","targetHints":{"allow":["GET"]}}],"collection":[{"href":"https:\/\/aguilas.es\/en\/wp-json\/wp\/v2\/pages"}],"about":[{"href":"https:\/\/aguilas.es\/en\/wp-json\/wp\/v2\/types\/page"}],"author":[{"embeddable":true,"href":"https:\/\/aguilas.es\/en\/wp-json\/wp\/v2\/users\/1"}],"replies":[{"embeddable":true,"href":"https:\/\/aguilas.es\/en\/wp-json\/wp\/v2\/comments?post=8156"}],"version-history":[{"count":4,"href":"https:\/\/aguilas.es\/en\/wp-json\/wp\/v2\/pages\/8156\/revisions"}],"predecessor-version":[{"id":10752,"href":"https:\/\/aguilas.es\/en\/wp-json\/wp\/v2\/pages\/8156\/revisions\/10752"}],"up":[{"embeddable":true,"href":"https:\/\/aguilas.es\/en\/wp-json\/wp\/v2\/pages\/8715"}],"wp:featuredmedia":[{"embeddable":true,"href":"https:\/\/aguilas.es\/en\/wp-json\/wp\/v2\/media\/7584"}],"wp:attachment":[{"href":"https:\/\/aguilas.es\/en\/wp-json\/wp\/v2\/media?parent=8156"}],"curies":[{"name":"wp","href":"https:\/\/api.w.org\/{rel}","templated":true}]}}