{"id":8197,"date":"2025-04-03T16:19:27","date_gmt":"2025-04-03T14:19:27","guid":{"rendered":"https:\/\/aguilas.es\/family-tourism\/"},"modified":"2026-02-23T11:21:11","modified_gmt":"2026-02-23T10:21:11","slug":"family-tourism","status":"publish","type":"page","link":"https:\/\/aguilas.es\/en\/experiences-in-aguilas\/explore-aguilas\/family-tourism\/","title":{"rendered":"\u00c1guilas for Families"},"content":{"rendered":"\t\t<div data-elementor-type=\"wp-page\" data-elementor-id=\"8197\" class=\"elementor elementor-8197 elementor-3557\">\n\t\t\t\t<div class=\"porto_stretch_css stretch_row_css elementor-element elementor-element-b972551 e-flex e-con-boxed e-con e-parent\" data-id=\"b972551\" data-element_type=\"container\" data-settings=\"{&quot;background_background&quot;:&quot;classic&quot;}\">\r\n\t\t\t\t\t<div class=\"e-con-inner\">\r\n\t\t<div class=\"elementor-element elementor-element-c04f5b9 e-con-full e-flex e-con e-child\" data-id=\"c04f5b9\" data-element_type=\"container\">\r\n\t\t\t\t<div class=\"elementor-element elementor-element-877ff5f elementor-widget elementor-widget-porto_ultimate_heading\" data-id=\"877ff5f\" data-element_type=\"widget\" data-widget_type=\"porto_ultimate_heading.default\">\n\t\t\t\t<div class=\"elementor-widget-container\">\n\t\t\t\t\t<div class=\"porto-u-heading  porto-u-ad87e2eaf3f9c495180fe0156ddf3eb0\"><div class=\"porto-u-sub-heading\" style=\"\"><p>\u00c1guilas for families: sun, fun, and adventure<\/p><\/div><style>.porto-u-ad87e2eaf3f9c495180fe0156ddf3eb0.porto-u-heading{text-align:left}<\/style><\/div>\t\t\t\t<\/div>\n\t\t\t\t<\/div>\n\t\t\t\t<div class=\"elementor-element elementor-element-ed2cc95 elementor-widget elementor-widget-porto_page_header\" data-id=\"ed2cc95\" data-element_type=\"widget\" data-widget_type=\"porto_page_header.default\">\n\t\t\t\t<div class=\"elementor-widget-container\">\n\t\t\t\t\t<div class=\"page-top page-header-6\"><style>.page-top { background: none; border-bottom: none; } .page-top .page-title:not(.b-none):after { display: none; }<\/style><div class=\"container hide-title\">\r\n\t<div class=\"row\">\r\n\t\t<div class=\"col-lg-12 clearfix\">\r\n\t\t\t<div class=\"pt-right d-none\">\r\n\t\t\t\t\t\t\t\t<h1 class=\"page-title\"><\/h1>\r\n\t\t\t\t\t\t\t<\/div>\r\n\t\t\t\t\t\t\t<div class=\"breadcrumbs-wrap pt-left\">\r\n\t\t\t\t\t<ul class=\"breadcrumb\" itemscope itemtype=\"https:\/\/schema.org\/BreadcrumbList\"><li class=\"home\" itemprop=\"itemListElement\" itemscope itemtype=\"https:\/\/schema.org\/ListItem\"><a itemprop=\"item\" href=\"https:\/\/aguilas.es\/en\/\" title=\"Go to Home Page\"><span itemprop=\"name\">Home<\/span><\/a><meta itemprop=\"position\" content=\"1\" \/><i class=\"delimiter delimiter-2\"><\/i><\/li><\/ul>\t\t\t\t<\/div>\r\n\t\t\t\t\t\t\t\t<\/div>\r\n\t<\/div>\r\n<\/div>\r\n<\/div>\t\t\t\t<\/div>\n\t\t\t\t<\/div>\n\t\t\t\t<\/div>\n\t\t\t\t\t<\/div>\n\t\t\t\t<\/div>\n\t\t<div class=\"elementor-element elementor-element-8a57d34 e-flex e-con-boxed e-con e-parent\" data-id=\"8a57d34\" data-element_type=\"container\">\r\n\t\t\t\t\t<div class=\"e-con-inner\">\r\n\t\t\t\t<div class=\"elementor-element elementor-element-d449173 elementor-widget elementor-widget-text-editor\" data-id=\"d449173\" data-element_type=\"widget\" data-widget_type=\"text-editor.default\">\n\t\t\t\t<div class=\"elementor-widget-container\">\n\t\t\t\t\t\t\t\t\t<p style=\"text-align: center;\" data-start=\"145\" data-end=\"605\"><strong data-start=\"145\" data-end=\"265\">If you\u2019re looking for a fun, peaceful destination full of possibilities to enjoy as a family, \u00c1guilas has it all.<\/strong><br data-start=\"265\" data-end=\"268\">This charming corner of the Region of Murcia is perfect for those who want to combine relaxation, nature, and leisure for all ages. Its crystal-clear beaches\u2014of fine sand or pebbles\u2014offer a safe, pleasant setting where children can play while adults relax in the sun or enjoy a refreshing swim. <\/p><p style=\"text-align: center;\" data-start=\"607\" data-end=\"956\">For the more adventurous, there are plenty of exciting options: kayak routes, snorkeling among fish, trails by the sea, or even boat trips to discover hidden coves. And if you fancy something more cultural, the Castle of San Juan de las \u00c1guilas, with its panoramic views, is a must-see that will appeal to young and old alike. Afterwards, there&#8217;s nothing like taking a stroll along the promenade, enjoying an ice cream with the family, or sitting on a terrace to savor the exquisite local cuisine, with fresh seafood and traditional recipes that will conquer any palate.  <\/p><p style=\"text-align: center;\" data-start=\"1198\" data-end=\"1385\">In \u00c1guilas, every day is an opportunity to create unforgettable family memories. Because here, time together is experienced in a different way: calmly, joyfully, and always close to the sea. <\/p>\t\t\t\t\t\t\t\t<\/div>\n\t\t\t\t<\/div>\n\t\t\t\t\t<\/div>\n\t\t\t\t<\/div>\n\t\t<div class=\"elementor-element elementor-element-bc73b42 e-flex e-con-boxed e-con e-parent\" data-id=\"bc73b42\" data-element_type=\"container\">\r\n\t\t\t\t\t<div class=\"e-con-inner\">\r\n\t\t\t\t<div class=\"elementor-element elementor-element-f99d807 elemento-titulo-con-subtitulo elementor-widget elementor-widget-porto_ultimate_heading\" data-id=\"f99d807\" data-element_type=\"widget\" data-widget_type=\"porto_ultimate_heading.default\">\n\t\t\t\t<div class=\"elementor-widget-container\">\n\t\t\t\t\t<div class=\"porto-u-heading  porto-u-55ca8359258f9a412be7e73af65d2aac\"><div class=\"porto-u-main-heading\"><h2   >FAMILY ACTIVITIES<\/h2><\/div><div class=\"porto-u-sub-heading\" style=\"\"><p>Enjoy family activities<\/p><\/div><style>.porto-u-55ca8359258f9a412be7e73af65d2aac.porto-u-heading{text-align:center}<\/style><\/div>\t\t\t\t<\/div>\n\t\t\t\t<\/div>\n\t\t\t\t<div class=\"elementor-element elementor-element-e1c9e14 elementor-widget elementor-widget-shortcode\" data-id=\"e1c9e14\" data-element_type=\"widget\" data-widget_type=\"shortcode.default\">\n\t\t\t\t<div class=\"elementor-widget-container\">\n\t\t\t\t\t\t\t<div class=\"elementor-shortcode\">    <div class=\"aguilas-shortcode-loader\" id=\"aguilas-lista-web-69f559860b35c\"\r\n        data-tipo=\"lista-web\"  data-id-lista=\"60\"  data-items=\"6\"  data-filtros=\"0\" >\r\n        <div class=\"aguilas-loader\">\r\n            <div class=\"aguilas-spinner\"><\/div>\r\n            <p>Loading...<\/p>\r\n        <\/div>\r\n    <\/div>\r\n    <\/div>\n\t\t\t\t\t\t<\/div>\n\t\t\t\t<\/div>\n\t\t\t\t\t<\/div>\n\t\t\t\t<\/div>\n\t\t<div class=\"elementor-element elementor-element-9a31ce6 e-flex e-con-boxed e-con e-parent\" data-id=\"9a31ce6\" data-element_type=\"container\">\r\n\t\t\t\t\t<div class=\"e-con-inner\">\r\n\t\t\t\t<div class=\"elementor-element elementor-element-322b9fc elemento-titulo-con-subtitulo elementor-widget elementor-widget-porto_ultimate_heading\" data-id=\"322b9fc\" data-element_type=\"widget\" data-widget_type=\"porto_ultimate_heading.default\">\n\t\t\t\t<div class=\"elementor-widget-container\">\n\t\t\t\t\t<div class=\"porto-u-heading  porto-u-55ca8359258f9a412be7e73af65d2aac\"><div class=\"porto-u-main-heading\"><h2   >Map<\/h2><\/div><div class=\"porto-u-sub-heading\" style=\"\"><p>Search for activities to enjoy with your family<\/p><\/div><style>.porto-u-55ca8359258f9a412be7e73af65d2aac.porto-u-heading{text-align:center}<\/style><\/div>\t\t\t\t<\/div>\n\t\t\t\t<\/div>\n\t\t\t\t<div class=\"elementor-element elementor-element-edec1c8 elementor-widget elementor-widget-shortcode\" data-id=\"edec1c8\" data-element_type=\"widget\" data-widget_type=\"shortcode.default\">\n\t\t\t\t<div class=\"elementor-widget-container\">\n\t\t\t\t\t\t\t<div class=\"elementor-shortcode\">    <div class=\"aguilas-shortcode-loader\" id=\"aguilas-lista-web-69f559860b67b\"\r\n        data-tipo=\"lista-web\"  data-id-lista=\"61\"  data-items=\"6\"  data-filtros=\"0\" >\r\n        <div class=\"aguilas-loader\">\r\n            <div class=\"aguilas-spinner\"><\/div>\r\n            <p>Loading...<\/p>\r\n        <\/div>\r\n    <\/div>\r\n    <\/div>\n\t\t\t\t\t\t<\/div>\n\t\t\t\t<\/div>\n\t\t\t\t\t<\/div>\n\t\t\t\t<\/div>\n\t\t<div class=\"elementor-element elementor-element-ea2e1f7 e-flex e-con-boxed e-con e-parent\" data-id=\"ea2e1f7\" data-element_type=\"container\">\r\n\t\t\t\t\t<div class=\"e-con-inner\">\r\n\t\t\t\t<div class=\"elementor-element elementor-element-3aabb4d elemento-titulo-con-subtitulo elementor-widget elementor-widget-porto_ultimate_heading\" data-id=\"3aabb4d\" data-element_type=\"widget\" data-widget_type=\"porto_ultimate_heading.default\">\n\t\t\t\t<div class=\"elementor-widget-container\">\n\t\t\t\t\t<div class=\"porto-u-heading  porto-u-55ca8359258f9a412be7e73af65d2aac\"><div class=\"porto-u-main-heading\"><h2   >AGENDA<\/h2><\/div><div class=\"porto-u-sub-heading\" style=\"\"><p>\u00c1guilas in ON mode: upcoming top events!<\/p><\/div><style>.porto-u-55ca8359258f9a412be7e73af65d2aac.porto-u-heading{text-align:center}<\/style><\/div>\t\t\t\t<\/div>\n\t\t\t\t<\/div>\n\t\t\t\t<div class=\"elementor-element elementor-element-e5f3a66 elementor-widget elementor-widget-shortcode\" data-id=\"e5f3a66\" data-element_type=\"widget\" data-widget_type=\"shortcode.default\">\n\t\t\t\t<div class=\"elementor-widget-container\">\n\t\t\t\t\t\t\t<div class=\"elementor-shortcode\">    <div class=\"aguilas-shortcode-loader\" id=\"aguilas-lista-web-69f559860b966\"\r\n        data-tipo=\"lista-web\"  data-id-lista=\"75\"  data-items=\"6\"  data-filtros=\"0\" >\r\n        <div class=\"aguilas-loader\">\r\n            <div class=\"aguilas-spinner\"><\/div>\r\n            <p>Loading...<\/p>\r\n        <\/div>\r\n    <\/div>\r\n    <\/div>\n\t\t\t\t\t\t<\/div>\n\t\t\t\t<\/div>\n\t\t\t\t\t<\/div>\n\t\t\t\t<\/div>\n\t\t\t\t<\/div>\n\t\t","protected":false},"excerpt":{"rendered":"<p>\u00c1guilas for families: sun, fun, and adventure Home If you\u2019re looking for a fun, peaceful destination full of possibilities to enjoy as a family, \u00c1guilas has it all.This charming corner of the Region of Murcia is perfect for those who want to combine relaxation, nature, and leisure for all ages. Its crystal-clear beaches\u2014of fine sand [&hellip;]<\/p>\n","protected":false},"author":1,"featured_media":8198,"parent":8715,"menu_order":0,"comment_status":"closed","ping_status":"closed","template":"","meta":{"footnotes":""},"class_list":["post-8197","page","type-page","status-publish","has-post-thumbnail","hentry"],"yoast_head":"<!-- This site is optimized with the Yoast SEO plugin v26.6 - https:\/\/yoast.com\/wordpress\/plugins\/seo\/ -->\n<title>\u00c1guilas Turismo | \u00c1guilas for Families<\/title>\n<meta name=\"description\" content=\"Find in \u00c1guilas a pleasant, fun, and peaceful place full of possibilities to enjoy the most as a family.\" \/>\n<meta name=\"robots\" content=\"index, follow, max-snippet:-1, max-image-preview:large, max-video-preview:-1\" \/>\n<link rel=\"canonical\" href=\"https:\/\/aguilas.es\/en\/experiences-in-aguilas\/explore-aguilas\/family-tourism\/\" \/>\n<meta property=\"og:locale\" content=\"en_US\" \/>\n<meta property=\"og:type\" content=\"article\" \/>\n<meta property=\"og:title\" content=\"\u00c1guilas Turismo | \u00c1guilas for Families\" \/>\n<meta property=\"og:description\" content=\"Find in \u00c1guilas a pleasant, fun, and peaceful place full of possibilities to enjoy the most as a family.\" \/>\n<meta property=\"og:url\" content=\"https:\/\/aguilas.es\/en\/experiences-in-aguilas\/explore-aguilas\/family-tourism\/\" \/>\n<meta property=\"og:site_name\" content=\"\u00c1guilas Turismo\" \/>\n<meta property=\"article:modified_time\" content=\"2026-02-23T10:21:11+00:00\" \/>\n<meta property=\"og:image\" content=\"https:\/\/aguilas.es\/wp-content\/uploads\/2025\/07\/fmgarcia_aguilas-turismo-2019-ENVIADAS_000046.jpg\" \/>\n\t<meta property=\"og:image:width\" content=\"5457\" \/>\n\t<meta property=\"og:image:height\" content=\"8186\" \/>\n\t<meta property=\"og:image:type\" content=\"image\/jpeg\" \/>\n<meta name=\"twitter:card\" content=\"summary_large_image\" \/>\n<meta name=\"twitter:label1\" content=\"Est. reading time\" \/>\n\t<meta name=\"twitter:data1\" content=\"1 minute\" \/>\n<script type=\"application\/ld+json\" class=\"yoast-schema-graph\">{\"@context\":\"https:\/\/schema.org\",\"@graph\":[{\"@type\":\"WebPage\",\"@id\":\"https:\/\/aguilas.es\/en\/experiences-in-aguilas\/explore-aguilas\/family-tourism\/\",\"url\":\"https:\/\/aguilas.es\/en\/experiences-in-aguilas\/explore-aguilas\/family-tourism\/\",\"name\":\"\u00c1guilas Turismo | \u00c1guilas for Families\",\"isPartOf\":{\"@id\":\"https:\/\/aguilas.es\/en\/#website\"},\"primaryImageOfPage\":{\"@id\":\"https:\/\/aguilas.es\/en\/experiences-in-aguilas\/explore-aguilas\/family-tourism\/#primaryimage\"},\"image\":{\"@id\":\"https:\/\/aguilas.es\/en\/experiences-in-aguilas\/explore-aguilas\/family-tourism\/#primaryimage\"},\"thumbnailUrl\":\"https:\/\/aguilas.es\/wp-content\/uploads\/2025\/07\/fmgarcia_aguilas-turismo-2019-ENVIADAS_000046.jpg\",\"datePublished\":\"2025-04-03T14:19:27+00:00\",\"dateModified\":\"2026-02-23T10:21:11+00:00\",\"description\":\"Find in \u00c1guilas a pleasant, fun, and peaceful place full of possibilities to enjoy the most as a family.\",\"breadcrumb\":{\"@id\":\"https:\/\/aguilas.es\/en\/experiences-in-aguilas\/explore-aguilas\/family-tourism\/#breadcrumb\"},\"inLanguage\":\"en-US\",\"potentialAction\":[{\"@type\":\"ReadAction\",\"target\":[\"https:\/\/aguilas.es\/en\/experiences-in-aguilas\/explore-aguilas\/family-tourism\/\"]}]},{\"@type\":\"ImageObject\",\"inLanguage\":\"en-US\",\"@id\":\"https:\/\/aguilas.es\/en\/experiences-in-aguilas\/explore-aguilas\/family-tourism\/#primaryimage\",\"url\":\"https:\/\/aguilas.es\/wp-content\/uploads\/2025\/07\/fmgarcia_aguilas-turismo-2019-ENVIADAS_000046.jpg\",\"contentUrl\":\"https:\/\/aguilas.es\/wp-content\/uploads\/2025\/07\/fmgarcia_aguilas-turismo-2019-ENVIADAS_000046.jpg\",\"width\":5457,\"height\":8186},{\"@type\":\"BreadcrumbList\",\"@id\":\"https:\/\/aguilas.es\/en\/experiences-in-aguilas\/explore-aguilas\/family-tourism\/#breadcrumb\",\"itemListElement\":[{\"@type\":\"ListItem\",\"position\":1,\"name\":\"Portada\",\"item\":\"https:\/\/aguilas.es\/en\/home\/\"},{\"@type\":\"ListItem\",\"position\":2,\"name\":\"Experiences in \u00c1guilas\",\"item\":\"https:\/\/aguilas.es\/en\/experiences-in-aguilas\/\"},{\"@type\":\"ListItem\",\"position\":3,\"name\":\"Explore \u00c1guilas\",\"item\":\"https:\/\/aguilas.es\/en\/experiences-in-aguilas\/explore-aguilas\/\"},{\"@type\":\"ListItem\",\"position\":4,\"name\":\"\u00c1guilas for Families\"}]},{\"@type\":\"WebSite\",\"@id\":\"https:\/\/aguilas.es\/en\/#website\",\"url\":\"https:\/\/aguilas.es\/en\/\",\"name\":\"\u00c1guilas Turismo\",\"description\":\"\",\"publisher\":{\"@id\":\"https:\/\/aguilas.es\/en\/#organization\"},\"potentialAction\":[{\"@type\":\"SearchAction\",\"target\":{\"@type\":\"EntryPoint\",\"urlTemplate\":\"https:\/\/aguilas.es\/en\/?s={search_term_string}\"},\"query-input\":{\"@type\":\"PropertyValueSpecification\",\"valueRequired\":true,\"valueName\":\"search_term_string\"}}],\"inLanguage\":\"en-US\"},{\"@type\":\"Organization\",\"@id\":\"https:\/\/aguilas.es\/en\/#organization\",\"name\":\"\u00c1guilas Turismo\",\"url\":\"https:\/\/aguilas.es\/en\/\",\"logo\":{\"@type\":\"ImageObject\",\"inLanguage\":\"en-US\",\"@id\":\"https:\/\/aguilas.es\/en\/#\/schema\/logo\/image\/\",\"url\":\"https:\/\/aguilas.es\/wp-content\/uploads\/2025\/04\/Logo-Aguilas-turismo.png\",\"contentUrl\":\"https:\/\/aguilas.es\/wp-content\/uploads\/2025\/04\/Logo-Aguilas-turismo.png\",\"width\":575,\"height\":229,\"caption\":\"\u00c1guilas Turismo\"},\"image\":{\"@id\":\"https:\/\/aguilas.es\/en\/#\/schema\/logo\/image\/\"}}]}<\/script>\n<!-- \/ Yoast SEO plugin. -->","yoast_head_json":{"title":"\u00c1guilas Turismo | \u00c1guilas for Families","description":"Find in \u00c1guilas a pleasant, fun, and peaceful place full of possibilities to enjoy the most as a family.","robots":{"index":"index","follow":"follow","max-snippet":"max-snippet:-1","max-image-preview":"max-image-preview:large","max-video-preview":"max-video-preview:-1"},"canonical":"https:\/\/aguilas.es\/en\/experiences-in-aguilas\/explore-aguilas\/family-tourism\/","og_locale":"en_US","og_type":"article","og_title":"\u00c1guilas Turismo | \u00c1guilas for Families","og_description":"Find in \u00c1guilas a pleasant, fun, and peaceful place full of possibilities to enjoy the most as a family.","og_url":"https:\/\/aguilas.es\/en\/experiences-in-aguilas\/explore-aguilas\/family-tourism\/","og_site_name":"\u00c1guilas Turismo","article_modified_time":"2026-02-23T10:21:11+00:00","og_image":[{"width":5457,"height":8186,"url":"https:\/\/aguilas.es\/wp-content\/uploads\/2025\/07\/fmgarcia_aguilas-turismo-2019-ENVIADAS_000046.jpg","type":"image\/jpeg"}],"twitter_card":"summary_large_image","twitter_misc":{"Est. reading time":"1 minute"},"schema":{"@context":"https:\/\/schema.org","@graph":[{"@type":"WebPage","@id":"https:\/\/aguilas.es\/en\/experiences-in-aguilas\/explore-aguilas\/family-tourism\/","url":"https:\/\/aguilas.es\/en\/experiences-in-aguilas\/explore-aguilas\/family-tourism\/","name":"\u00c1guilas Turismo | \u00c1guilas for Families","isPartOf":{"@id":"https:\/\/aguilas.es\/en\/#website"},"primaryImageOfPage":{"@id":"https:\/\/aguilas.es\/en\/experiences-in-aguilas\/explore-aguilas\/family-tourism\/#primaryimage"},"image":{"@id":"https:\/\/aguilas.es\/en\/experiences-in-aguilas\/explore-aguilas\/family-tourism\/#primaryimage"},"thumbnailUrl":"https:\/\/aguilas.es\/wp-content\/uploads\/2025\/07\/fmgarcia_aguilas-turismo-2019-ENVIADAS_000046.jpg","datePublished":"2025-04-03T14:19:27+00:00","dateModified":"2026-02-23T10:21:11+00:00","description":"Find in \u00c1guilas a pleasant, fun, and peaceful place full of possibilities to enjoy the most as a family.","breadcrumb":{"@id":"https:\/\/aguilas.es\/en\/experiences-in-aguilas\/explore-aguilas\/family-tourism\/#breadcrumb"},"inLanguage":"en-US","potentialAction":[{"@type":"ReadAction","target":["https:\/\/aguilas.es\/en\/experiences-in-aguilas\/explore-aguilas\/family-tourism\/"]}]},{"@type":"ImageObject","inLanguage":"en-US","@id":"https:\/\/aguilas.es\/en\/experiences-in-aguilas\/explore-aguilas\/family-tourism\/#primaryimage","url":"https:\/\/aguilas.es\/wp-content\/uploads\/2025\/07\/fmgarcia_aguilas-turismo-2019-ENVIADAS_000046.jpg","contentUrl":"https:\/\/aguilas.es\/wp-content\/uploads\/2025\/07\/fmgarcia_aguilas-turismo-2019-ENVIADAS_000046.jpg","width":5457,"height":8186},{"@type":"BreadcrumbList","@id":"https:\/\/aguilas.es\/en\/experiences-in-aguilas\/explore-aguilas\/family-tourism\/#breadcrumb","itemListElement":[{"@type":"ListItem","position":1,"name":"Portada","item":"https:\/\/aguilas.es\/en\/home\/"},{"@type":"ListItem","position":2,"name":"Experiences in \u00c1guilas","item":"https:\/\/aguilas.es\/en\/experiences-in-aguilas\/"},{"@type":"ListItem","position":3,"name":"Explore \u00c1guilas","item":"https:\/\/aguilas.es\/en\/experiences-in-aguilas\/explore-aguilas\/"},{"@type":"ListItem","position":4,"name":"\u00c1guilas for Families"}]},{"@type":"WebSite","@id":"https:\/\/aguilas.es\/en\/#website","url":"https:\/\/aguilas.es\/en\/","name":"\u00c1guilas Turismo","description":"","publisher":{"@id":"https:\/\/aguilas.es\/en\/#organization"},"potentialAction":[{"@type":"SearchAction","target":{"@type":"EntryPoint","urlTemplate":"https:\/\/aguilas.es\/en\/?s={search_term_string}"},"query-input":{"@type":"PropertyValueSpecification","valueRequired":true,"valueName":"search_term_string"}}],"inLanguage":"en-US"},{"@type":"Organization","@id":"https:\/\/aguilas.es\/en\/#organization","name":"\u00c1guilas Turismo","url":"https:\/\/aguilas.es\/en\/","logo":{"@type":"ImageObject","inLanguage":"en-US","@id":"https:\/\/aguilas.es\/en\/#\/schema\/logo\/image\/","url":"https:\/\/aguilas.es\/wp-content\/uploads\/2025\/04\/Logo-Aguilas-turismo.png","contentUrl":"https:\/\/aguilas.es\/wp-content\/uploads\/2025\/04\/Logo-Aguilas-turismo.png","width":575,"height":229,"caption":"\u00c1guilas Turismo"},"image":{"@id":"https:\/\/aguilas.es\/en\/#\/schema\/logo\/image\/"}}]}},"_links":{"self":[{"href":"https:\/\/aguilas.es\/en\/wp-json\/wp\/v2\/pages\/8197","targetHints":{"allow":["GET"]}}],"collection":[{"href":"https:\/\/aguilas.es\/en\/wp-json\/wp\/v2\/pages"}],"about":[{"href":"https:\/\/aguilas.es\/en\/wp-json\/wp\/v2\/types\/page"}],"author":[{"embeddable":true,"href":"https:\/\/aguilas.es\/en\/wp-json\/wp\/v2\/users\/1"}],"replies":[{"embeddable":true,"href":"https:\/\/aguilas.es\/en\/wp-json\/wp\/v2\/comments?post=8197"}],"version-history":[{"count":4,"href":"https:\/\/aguilas.es\/en\/wp-json\/wp\/v2\/pages\/8197\/revisions"}],"predecessor-version":[{"id":10704,"href":"https:\/\/aguilas.es\/en\/wp-json\/wp\/v2\/pages\/8197\/revisions\/10704"}],"up":[{"embeddable":true,"href":"https:\/\/aguilas.es\/en\/wp-json\/wp\/v2\/pages\/8715"}],"wp:featuredmedia":[{"embeddable":true,"href":"https:\/\/aguilas.es\/en\/wp-json\/wp\/v2\/media\/8198"}],"wp:attachment":[{"href":"https:\/\/aguilas.es\/en\/wp-json\/wp\/v2\/media?parent=8197"}],"curies":[{"name":"wp","href":"https:\/\/api.w.org\/{rel}","templated":true}]}}