{"id":10998,"date":"2026-03-26T09:51:45","date_gmt":"2026-03-26T08:51:45","guid":{"rendered":"https:\/\/aguilas.es\/experiences-a-aguilas\/explorez-aguilas\/jardin-botanique-miniature\/"},"modified":"2026-03-26T14:23:05","modified_gmt":"2026-03-26T13:23:05","slug":"jardin-botanique-miniature","status":"publish","type":"page","link":"https:\/\/aguilas.es\/fr\/experiences-a-aguilas\/explorez-aguilas\/jardin-botanique-miniature\/","title":{"rendered":"Jardin botanique miniature"},"content":{"rendered":"\t\t<div data-elementor-type=\"wp-page\" data-elementor-id=\"10998\" class=\"elementor elementor-10998 elementor-10981\">\n\t\t\t\t<div class=\"elementor-element elementor-element-8f3b8db e-flex e-con-boxed e-con e-parent\" data-id=\"8f3b8db\" data-element_type=\"container\">\r\n\t\t\t\t\t<div class=\"e-con-inner\">\r\n\t\t\t\t<div class=\"elementor-element elementor-element-73c23d37 elementor-widget elementor-widget-text-editor\" data-id=\"73c23d37\" data-element_type=\"widget\" data-widget_type=\"text-editor.default\">\n\t\t\t\t<div class=\"elementor-widget-container\">\n\t\t\t\t\t\t\t\t\t\n<p>D\u00e9couvre<\/p>\n\t\t\t\t\t\t\t\t<\/div>\n\t\t\t\t<\/div>\n\t\t\t\t\t<\/div>\n\t\t\t\t<\/div>\n\t\t<div class=\"porto_stretch_css stretch_row_css elementor-element elementor-element-19905955 e-flex e-con-boxed e-con e-parent\" data-id=\"19905955\" data-element_type=\"container\" data-settings=\"{&quot;background_background&quot;:&quot;classic&quot;}\">\r\n\t\t\t\t\t<div class=\"e-con-inner\">\r\n\t\t<div class=\"elementor-element elementor-element-6d4c21c1 e-con-full e-flex e-con e-child\" data-id=\"6d4c21c1\" data-element_type=\"container\">\r\n\t\t\t\t<div class=\"elementor-element elementor-element-232a14d elementor-widget elementor-widget-porto_ultimate_heading\" data-id=\"232a14d\" data-element_type=\"widget\" data-widget_type=\"porto_ultimate_heading.default\">\n\t\t\t\t<div class=\"elementor-widget-container\">\n\t\t\t\t\t<div class=\"porto-u-heading  porto-u-ad87e2eaf3f9c495180fe0156ddf3eb0\"><div class=\"porto-u-sub-heading\" style=\"\"><article class=\"text-token-text-primary w-full focus:outline-none [--shadow-height:45px] has-data-writing-block:pointer-events-none has-data-writing-block:-mt-(--shadow-height) has-data-writing-block:pt-(--shadow-height) [&amp;:has([data-writing-block])&gt;*]:pointer-events-auto scroll-mt-(--header-height)\" dir=\"auto\" tabindex=\"-1\" data-turn-id=\"87bc316f-c0c3-421b-b7f9-b91a7fb85929\" data-testid=\"conversation-turn-9\" data-scroll-anchor=\"false\" data-turn=\"user\"><div class=\"text-base my-auto mx-auto pt-12 [--thread-content-margin:--spacing(4)] @w-sm\/main:[--thread-content-margin:--spacing(6)] @w-lg\/main:[--thread-content-margin:--spacing(16)] px-(--thread-content-margin)\"><div class=\"[--thread-content-max-width:40rem] @w-lg\/main:[--thread-content-max-width:48rem] mx-auto max-w-(--thread-content-max-width) flex-1 group\/turn-messages focus-visible:outline-hidden relative flex w-full min-w-0 flex-col\" tabindex=\"-1\"><div class=\"z-0 flex justify-end\"><div class=\"text-base my-auto mx-auto pb-10 [--thread-content-margin:--spacing(4)] @w-sm\/main:[--thread-content-margin:--spacing(6)] @w-lg\/main:[--thread-content-margin:--spacing(16)] px-(--thread-content-margin)\"><div class=\"[--thread-content-max-width:40rem] @w-lg\/main:[--thread-content-max-width:48rem] mx-auto max-w-(--thread-content-max-width) flex-1 group\/turn-messages focus-visible:outline-hidden relative flex w-full min-w-0 flex-col agent-turn\" tabindex=\"-1\"><div class=\"flex max-w-full flex-col grow\"><div class=\"min-h-8 text-message relative flex w-full flex-col items-end gap-2 text-start break-words whitespace-normal [.text-message+&amp;]:mt-1\" dir=\"auto\" data-message-author-role=\"assistant\" data-message-id=\"7f5028ca-e792-4f80-8355-656313b010d8\" data-message-model-slug=\"gpt-5-mini\"><div class=\"flex w-full flex-col gap-1 empty:hidden first:pt-[1px]\"><div class=\"markdown prose dark:prose-invert w-full wrap-break-word light markdown-new-styling\"><p data-start=\"0\" data-end=\"108\" data-is-last-node=\"\" data-is-only-node=\"\">Un petit monde vert en miniature<\/p><\/div><\/div><\/div><\/div><\/div><\/div><\/div><\/div><\/div><\/article><\/div><style>.porto-u-ad87e2eaf3f9c495180fe0156ddf3eb0.porto-u-heading{text-align:left}<\/style><\/div>\t\t\t\t<\/div>\n\t\t\t\t<\/div>\n\t\t\t\t<div class=\"elementor-element elementor-element-6281251 elementor-widget elementor-widget-porto_page_header\" data-id=\"6281251\" data-element_type=\"widget\" data-widget_type=\"porto_page_header.default\">\n\t\t\t\t<div class=\"elementor-widget-container\">\n\t\t\t\t\t<div class=\"page-top page-header-6\"><style>.page-top { background: none; border-bottom: none; } .page-top .page-title:not(.b-none):after { display: none; }<\/style><div class=\"container hide-title\">\r\n\t<div class=\"row\">\r\n\t\t<div class=\"col-lg-12 clearfix\">\r\n\t\t\t<div class=\"pt-right d-none\">\r\n\t\t\t\t\t\t\t\t<h1 class=\"page-title\"><\/h1>\r\n\t\t\t\t\t\t\t<\/div>\r\n\t\t\t\t\t\t\t<div class=\"breadcrumbs-wrap pt-left\">\r\n\t\t\t\t\t<ul class=\"breadcrumb\" itemscope itemtype=\"https:\/\/schema.org\/BreadcrumbList\"><li class=\"home\" itemprop=\"itemListElement\" itemscope itemtype=\"https:\/\/schema.org\/ListItem\"><a itemprop=\"item\" href=\"https:\/\/aguilas.es\/fr\/\" title=\"Go to Home Page\"><span itemprop=\"name\">Home<\/span><\/a><meta itemprop=\"position\" content=\"1\" \/><i class=\"delimiter delimiter-2\"><\/i><\/li><\/ul>\t\t\t\t<\/div>\r\n\t\t\t\t\t\t\t\t<\/div>\r\n\t<\/div>\r\n<\/div>\r\n<\/div>\t\t\t\t<\/div>\n\t\t\t\t<\/div>\n\t\t\t\t<\/div>\n\t\t\t\t\t<\/div>\n\t\t\t\t<\/div>\n\t\t<div class=\"elementor-element elementor-element-779e6b41 e-flex e-con-boxed e-con e-parent\" data-id=\"779e6b41\" data-element_type=\"container\">\r\n\t\t\t\t\t<div class=\"e-con-inner\">\r\n\t\t\t\t<div class=\"elementor-element elementor-element-44fceeb9 elementor-widget elementor-widget-text-editor\" data-id=\"44fceeb9\" data-element_type=\"widget\" data-widget_type=\"text-editor.default\">\n\t\t\t\t<div class=\"elementor-widget-container\">\n\t\t\t\t\t\t\t\t\t<p>Le jardin botanique miniature de la Plaza de Espa\u00f1a est l\u2019un de ces coins qui invitent \u00e0 s\u2019arr\u00eater et \u00e0 observer tranquillement. \u00c0 premi\u00e8re vue, il peut sembler n\u2019\u00eatre qu\u2019un simple \u00e9l\u00e9ment d\u00e9coratif, mais en s\u2019approchant, on d\u00e9couvre un petit univers soigneusement con\u00e7u, o\u00f9 la nature est repr\u00e9sent\u00e9e \u00e0 l\u2019\u00e9chelle avec un niveau de d\u00e9tail surprenant. <\/p><p>Cet espace recr\u00e9e un jardin botanique en version r\u00e9duite, en combinant de petites plantes, des sentiers minuscules et des \u00e9l\u00e9ments paysagers qui \u00e9voquent l\u2019harmonie des grands jardins, mais dans un format intimiste. Chaque recoin est pens\u00e9 pour transmettre de la tranquillit\u00e9 et \u00e9veiller la curiosit\u00e9, autant chez les enfants que chez les adultes, qui y trouvent une fa\u00e7on diff\u00e9rente de se connecter \u00e0 l\u2019environnement naturel. <\/p><p>Situ\u00e9 en plein c\u0153ur d\u2019\u00c1guilas, ce jardin miniature ajoute une touche particuli\u00e8re au caract\u00e8re accueillant de la place. C\u2019est un exemple de la mani\u00e8re dont les espaces urbains peuvent int\u00e9grer des d\u00e9tails cr\u00e9atifs qui enrichissent l\u2019exp\u00e9rience de celles et ceux qui les visitent, en offrant un moment de pause au milieu de l\u2019agitation du quotidien. <\/p><p>Au-del\u00e0 de sa taille, sa valeur r\u00e9side dans la d\u00e9licatesse de son design et dans la sensation de calme qu\u2019il transmet. C\u2019est, en d\u00e9finitive, un petit hommage \u00e0 la nature qui montre que la beaut\u00e9 ne d\u00e9pend pas de l\u2019\u00e9chelle, mais de l\u2019attention et du soin avec lesquels elle est cr\u00e9\u00e9e. <\/p>\t\t\t\t\t\t\t\t<\/div>\n\t\t\t\t<\/div>\n\t\t\t\t\t<\/div>\n\t\t\t\t<\/div>\n\t\t<div class=\"elementor-element elementor-element-12d88c12 e-flex e-con-boxed e-con e-parent\" data-id=\"12d88c12\" data-element_type=\"container\">\r\n\t\t\t\t\t<div class=\"e-con-inner\">\r\n\t\t\t\t<div class=\"elementor-element elementor-element-26b739a5 elemento-titulo-con-subtitulo elementor-widget elementor-widget-porto_ultimate_heading\" data-id=\"26b739a5\" data-element_type=\"widget\" data-widget_type=\"porto_ultimate_heading.default\">\n\t\t\t\t<div class=\"elementor-widget-container\">\n\t\t\t\t\t<div class=\"porto-u-heading  porto-u-bd11424de395366805213f3c847c9ae4\"><div class=\"porto-u-main-heading\"><h2   >Jardin botanique miniature<\/h2><\/div><style>.porto-u-bd11424de395366805213f3c847c9ae4.porto-u-heading{text-align:center}<\/style><\/div>\t\t\t\t<\/div>\n\t\t\t\t<\/div>\n\t\t\t\t<div class=\"elementor-element elementor-element-42f9acb0 elementor-widget elementor-widget-shortcode\" data-id=\"42f9acb0\" data-element_type=\"widget\" data-widget_type=\"shortcode.default\">\n\t\t\t\t<div class=\"elementor-widget-container\">\n\t\t\t\t\t\t\t<div class=\"elementor-shortcode\">    <div class=\"aguilas-shortcode-loader\" id=\"aguilas-lista-web-69f48981e8048\"\r\n        data-tipo=\"lista-web\"  data-id-lista=\"88\"  data-items=\"6\"  data-filtros=\"0\" >\r\n        <div class=\"aguilas-loader\">\r\n            <div class=\"aguilas-spinner\"><\/div>\r\n            <p>Chargement...<\/p>\r\n        <\/div>\r\n    <\/div>\r\n    <\/div>\n\t\t\t\t\t\t<\/div>\n\t\t\t\t<\/div>\n\t\t\t\t\t<\/div>\n\t\t\t\t<\/div>\n\t\t\t\t<\/div>\n\t\t","protected":false},"excerpt":{"rendered":"<p>D\u00e9couvre Un petit monde vert en miniature Home Le jardin botanique miniature de la Plaza de Espa\u00f1a est l\u2019un de ces coins qui invitent \u00e0 s\u2019arr\u00eater et \u00e0 observer tranquillement. \u00c0 premi\u00e8re vue, il peut sembler n\u2019\u00eatre qu\u2019un simple \u00e9l\u00e9ment d\u00e9coratif, mais en s\u2019approchant, on d\u00e9couvre un petit univers soigneusement con\u00e7u, o\u00f9 la nature est [&hellip;]<\/p>\n","protected":false},"author":3,"featured_media":10997,"parent":8615,"menu_order":0,"comment_status":"closed","ping_status":"closed","template":"","meta":{"footnotes":""},"class_list":["post-10998","page","type-page","status-publish","has-post-thumbnail","hentry"],"yoast_head":"<!-- This site is optimized with the Yoast SEO plugin v26.6 - https:\/\/yoast.com\/wordpress\/plugins\/seo\/ -->\n<title>\u00c1guilas Turismo | Jardin botanique miniature<\/title>\n<meta name=\"robots\" content=\"index, follow, max-snippet:-1, max-image-preview:large, max-video-preview:-1\" \/>\n<link rel=\"canonical\" href=\"https:\/\/aguilas.es\/fr\/experiences-a-aguilas\/explorez-aguilas\/jardin-botanique-miniature\/\" \/>\n<meta property=\"og:locale\" content=\"fr_FR\" \/>\n<meta property=\"og:type\" content=\"article\" \/>\n<meta property=\"og:title\" content=\"\u00c1guilas Turismo | Jardin botanique miniature\" \/>\n<meta property=\"og:description\" content=\"D\u00e9couvre Un petit monde vert en miniature Home Le jardin botanique miniature de la Plaza de Espa\u00f1a est l\u2019un de ces coins qui invitent \u00e0 s\u2019arr\u00eater et \u00e0 observer tranquillement. \u00c0 premi\u00e8re vue, il peut sembler n\u2019\u00eatre qu\u2019un simple \u00e9l\u00e9ment d\u00e9coratif, mais en s\u2019approchant, on d\u00e9couvre un petit univers soigneusement con\u00e7u, o\u00f9 la nature est [&hellip;]\" \/>\n<meta property=\"og:url\" content=\"https:\/\/aguilas.es\/fr\/experiences-a-aguilas\/explorez-aguilas\/jardin-botanique-miniature\/\" \/>\n<meta property=\"og:site_name\" content=\"\u00c1guilas Turismo\" \/>\n<meta property=\"article:modified_time\" content=\"2026-03-26T13:23:05+00:00\" \/>\n<meta property=\"og:image\" content=\"https:\/\/aguilas.es\/wp-content\/uploads\/2026\/03\/alateasocialmedia_oficinaturismo-ciudad-000051.jpg\" \/>\n\t<meta property=\"og:image:width\" content=\"1920\" \/>\n\t<meta property=\"og:image:height\" content=\"1440\" \/>\n\t<meta property=\"og:image:type\" content=\"image\/jpeg\" \/>\n<meta name=\"twitter:card\" content=\"summary_large_image\" \/>\n<meta name=\"twitter:label1\" content=\"Dur\u00e9e de lecture estim\u00e9e\" \/>\n\t<meta name=\"twitter:data1\" content=\"1 minute\" \/>\n<script type=\"application\/ld+json\" class=\"yoast-schema-graph\">{\"@context\":\"https:\/\/schema.org\",\"@graph\":[{\"@type\":\"WebPage\",\"@id\":\"https:\/\/aguilas.es\/fr\/experiences-a-aguilas\/explorez-aguilas\/jardin-botanique-miniature\/\",\"url\":\"https:\/\/aguilas.es\/fr\/experiences-a-aguilas\/explorez-aguilas\/jardin-botanique-miniature\/\",\"name\":\"\u00c1guilas Turismo | Jardin botanique miniature\",\"isPartOf\":{\"@id\":\"https:\/\/aguilas.es\/fr\/#website\"},\"primaryImageOfPage\":{\"@id\":\"https:\/\/aguilas.es\/fr\/experiences-a-aguilas\/explorez-aguilas\/jardin-botanique-miniature\/#primaryimage\"},\"image\":{\"@id\":\"https:\/\/aguilas.es\/fr\/experiences-a-aguilas\/explorez-aguilas\/jardin-botanique-miniature\/#primaryimage\"},\"thumbnailUrl\":\"https:\/\/aguilas.es\/wp-content\/uploads\/2026\/03\/alateasocialmedia_oficinaturismo-ciudad-000051.jpg\",\"datePublished\":\"2026-03-26T08:51:45+00:00\",\"dateModified\":\"2026-03-26T13:23:05+00:00\",\"breadcrumb\":{\"@id\":\"https:\/\/aguilas.es\/fr\/experiences-a-aguilas\/explorez-aguilas\/jardin-botanique-miniature\/#breadcrumb\"},\"inLanguage\":\"fr-FR\",\"potentialAction\":[{\"@type\":\"ReadAction\",\"target\":[\"https:\/\/aguilas.es\/fr\/experiences-a-aguilas\/explorez-aguilas\/jardin-botanique-miniature\/\"]}]},{\"@type\":\"ImageObject\",\"inLanguage\":\"fr-FR\",\"@id\":\"https:\/\/aguilas.es\/fr\/experiences-a-aguilas\/explorez-aguilas\/jardin-botanique-miniature\/#primaryimage\",\"url\":\"https:\/\/aguilas.es\/wp-content\/uploads\/2026\/03\/alateasocialmedia_oficinaturismo-ciudad-000051.jpg\",\"contentUrl\":\"https:\/\/aguilas.es\/wp-content\/uploads\/2026\/03\/alateasocialmedia_oficinaturismo-ciudad-000051.jpg\",\"width\":1920,\"height\":1440},{\"@type\":\"BreadcrumbList\",\"@id\":\"https:\/\/aguilas.es\/fr\/experiences-a-aguilas\/explorez-aguilas\/jardin-botanique-miniature\/#breadcrumb\",\"itemListElement\":[{\"@type\":\"ListItem\",\"position\":1,\"name\":\"Portada\",\"item\":\"https:\/\/aguilas.es\/fr\/accueil\/\"},{\"@type\":\"ListItem\",\"position\":2,\"name\":\"Exp\u00e9riences \u00e0 \u00c1guilas\",\"item\":\"https:\/\/aguilas.es\/fr\/experiences-a-aguilas\/\"},{\"@type\":\"ListItem\",\"position\":3,\"name\":\"Explorez \u00c1guilas\",\"item\":\"https:\/\/aguilas.es\/fr\/experiences-a-aguilas\/explorez-aguilas\/\"},{\"@type\":\"ListItem\",\"position\":4,\"name\":\"Jardin botanique miniature\"}]},{\"@type\":\"WebSite\",\"@id\":\"https:\/\/aguilas.es\/fr\/#website\",\"url\":\"https:\/\/aguilas.es\/fr\/\",\"name\":\"\u00c1guilas Turismo\",\"description\":\"\",\"publisher\":{\"@id\":\"https:\/\/aguilas.es\/fr\/#organization\"},\"potentialAction\":[{\"@type\":\"SearchAction\",\"target\":{\"@type\":\"EntryPoint\",\"urlTemplate\":\"https:\/\/aguilas.es\/fr\/?s={search_term_string}\"},\"query-input\":{\"@type\":\"PropertyValueSpecification\",\"valueRequired\":true,\"valueName\":\"search_term_string\"}}],\"inLanguage\":\"fr-FR\"},{\"@type\":\"Organization\",\"@id\":\"https:\/\/aguilas.es\/fr\/#organization\",\"name\":\"\u00c1guilas Turismo\",\"url\":\"https:\/\/aguilas.es\/fr\/\",\"logo\":{\"@type\":\"ImageObject\",\"inLanguage\":\"fr-FR\",\"@id\":\"https:\/\/aguilas.es\/fr\/#\/schema\/logo\/image\/\",\"url\":\"https:\/\/aguilas.es\/wp-content\/uploads\/2025\/04\/Logo-Aguilas-turismo.png\",\"contentUrl\":\"https:\/\/aguilas.es\/wp-content\/uploads\/2025\/04\/Logo-Aguilas-turismo.png\",\"width\":575,\"height\":229,\"caption\":\"\u00c1guilas Turismo\"},\"image\":{\"@id\":\"https:\/\/aguilas.es\/fr\/#\/schema\/logo\/image\/\"}}]}<\/script>\n<!-- \/ Yoast SEO plugin. -->","yoast_head_json":{"title":"\u00c1guilas Turismo | Jardin botanique miniature","robots":{"index":"index","follow":"follow","max-snippet":"max-snippet:-1","max-image-preview":"max-image-preview:large","max-video-preview":"max-video-preview:-1"},"canonical":"https:\/\/aguilas.es\/fr\/experiences-a-aguilas\/explorez-aguilas\/jardin-botanique-miniature\/","og_locale":"fr_FR","og_type":"article","og_title":"\u00c1guilas Turismo | Jardin botanique miniature","og_description":"D\u00e9couvre Un petit monde vert en miniature Home Le jardin botanique miniature de la Plaza de Espa\u00f1a est l\u2019un de ces coins qui invitent \u00e0 s\u2019arr\u00eater et \u00e0 observer tranquillement. \u00c0 premi\u00e8re vue, il peut sembler n\u2019\u00eatre qu\u2019un simple \u00e9l\u00e9ment d\u00e9coratif, mais en s\u2019approchant, on d\u00e9couvre un petit univers soigneusement con\u00e7u, o\u00f9 la nature est [&hellip;]","og_url":"https:\/\/aguilas.es\/fr\/experiences-a-aguilas\/explorez-aguilas\/jardin-botanique-miniature\/","og_site_name":"\u00c1guilas Turismo","article_modified_time":"2026-03-26T13:23:05+00:00","og_image":[{"width":1920,"height":1440,"url":"https:\/\/aguilas.es\/wp-content\/uploads\/2026\/03\/alateasocialmedia_oficinaturismo-ciudad-000051.jpg","type":"image\/jpeg"}],"twitter_card":"summary_large_image","twitter_misc":{"Dur\u00e9e de lecture estim\u00e9e":"1 minute"},"schema":{"@context":"https:\/\/schema.org","@graph":[{"@type":"WebPage","@id":"https:\/\/aguilas.es\/fr\/experiences-a-aguilas\/explorez-aguilas\/jardin-botanique-miniature\/","url":"https:\/\/aguilas.es\/fr\/experiences-a-aguilas\/explorez-aguilas\/jardin-botanique-miniature\/","name":"\u00c1guilas Turismo | Jardin botanique miniature","isPartOf":{"@id":"https:\/\/aguilas.es\/fr\/#website"},"primaryImageOfPage":{"@id":"https:\/\/aguilas.es\/fr\/experiences-a-aguilas\/explorez-aguilas\/jardin-botanique-miniature\/#primaryimage"},"image":{"@id":"https:\/\/aguilas.es\/fr\/experiences-a-aguilas\/explorez-aguilas\/jardin-botanique-miniature\/#primaryimage"},"thumbnailUrl":"https:\/\/aguilas.es\/wp-content\/uploads\/2026\/03\/alateasocialmedia_oficinaturismo-ciudad-000051.jpg","datePublished":"2026-03-26T08:51:45+00:00","dateModified":"2026-03-26T13:23:05+00:00","breadcrumb":{"@id":"https:\/\/aguilas.es\/fr\/experiences-a-aguilas\/explorez-aguilas\/jardin-botanique-miniature\/#breadcrumb"},"inLanguage":"fr-FR","potentialAction":[{"@type":"ReadAction","target":["https:\/\/aguilas.es\/fr\/experiences-a-aguilas\/explorez-aguilas\/jardin-botanique-miniature\/"]}]},{"@type":"ImageObject","inLanguage":"fr-FR","@id":"https:\/\/aguilas.es\/fr\/experiences-a-aguilas\/explorez-aguilas\/jardin-botanique-miniature\/#primaryimage","url":"https:\/\/aguilas.es\/wp-content\/uploads\/2026\/03\/alateasocialmedia_oficinaturismo-ciudad-000051.jpg","contentUrl":"https:\/\/aguilas.es\/wp-content\/uploads\/2026\/03\/alateasocialmedia_oficinaturismo-ciudad-000051.jpg","width":1920,"height":1440},{"@type":"BreadcrumbList","@id":"https:\/\/aguilas.es\/fr\/experiences-a-aguilas\/explorez-aguilas\/jardin-botanique-miniature\/#breadcrumb","itemListElement":[{"@type":"ListItem","position":1,"name":"Portada","item":"https:\/\/aguilas.es\/fr\/accueil\/"},{"@type":"ListItem","position":2,"name":"Exp\u00e9riences \u00e0 \u00c1guilas","item":"https:\/\/aguilas.es\/fr\/experiences-a-aguilas\/"},{"@type":"ListItem","position":3,"name":"Explorez \u00c1guilas","item":"https:\/\/aguilas.es\/fr\/experiences-a-aguilas\/explorez-aguilas\/"},{"@type":"ListItem","position":4,"name":"Jardin botanique miniature"}]},{"@type":"WebSite","@id":"https:\/\/aguilas.es\/fr\/#website","url":"https:\/\/aguilas.es\/fr\/","name":"\u00c1guilas Turismo","description":"","publisher":{"@id":"https:\/\/aguilas.es\/fr\/#organization"},"potentialAction":[{"@type":"SearchAction","target":{"@type":"EntryPoint","urlTemplate":"https:\/\/aguilas.es\/fr\/?s={search_term_string}"},"query-input":{"@type":"PropertyValueSpecification","valueRequired":true,"valueName":"search_term_string"}}],"inLanguage":"fr-FR"},{"@type":"Organization","@id":"https:\/\/aguilas.es\/fr\/#organization","name":"\u00c1guilas Turismo","url":"https:\/\/aguilas.es\/fr\/","logo":{"@type":"ImageObject","inLanguage":"fr-FR","@id":"https:\/\/aguilas.es\/fr\/#\/schema\/logo\/image\/","url":"https:\/\/aguilas.es\/wp-content\/uploads\/2025\/04\/Logo-Aguilas-turismo.png","contentUrl":"https:\/\/aguilas.es\/wp-content\/uploads\/2025\/04\/Logo-Aguilas-turismo.png","width":575,"height":229,"caption":"\u00c1guilas Turismo"},"image":{"@id":"https:\/\/aguilas.es\/fr\/#\/schema\/logo\/image\/"}}]}},"_links":{"self":[{"href":"https:\/\/aguilas.es\/fr\/wp-json\/wp\/v2\/pages\/10998","targetHints":{"allow":["GET"]}}],"collection":[{"href":"https:\/\/aguilas.es\/fr\/wp-json\/wp\/v2\/pages"}],"about":[{"href":"https:\/\/aguilas.es\/fr\/wp-json\/wp\/v2\/types\/page"}],"author":[{"embeddable":true,"href":"https:\/\/aguilas.es\/fr\/wp-json\/wp\/v2\/users\/3"}],"replies":[{"embeddable":true,"href":"https:\/\/aguilas.es\/fr\/wp-json\/wp\/v2\/comments?post=10998"}],"version-history":[{"count":1,"href":"https:\/\/aguilas.es\/fr\/wp-json\/wp\/v2\/pages\/10998\/revisions"}],"predecessor-version":[{"id":10999,"href":"https:\/\/aguilas.es\/fr\/wp-json\/wp\/v2\/pages\/10998\/revisions\/10999"}],"up":[{"embeddable":true,"href":"https:\/\/aguilas.es\/fr\/wp-json\/wp\/v2\/pages\/8615"}],"wp:featuredmedia":[{"embeddable":true,"href":"https:\/\/aguilas.es\/fr\/wp-json\/wp\/v2\/media\/10997"}],"wp:attachment":[{"href":"https:\/\/aguilas.es\/fr\/wp-json\/wp\/v2\/media?parent=10998"}],"curies":[{"name":"wp","href":"https:\/\/api.w.org\/{rel}","templated":true}]}}