{"id":8124,"date":"2025-04-03T16:25:15","date_gmt":"2025-04-03T14:25:15","guid":{"rendered":"https:\/\/aguilas.es\/fetes\/"},"modified":"2026-02-23T13:48:28","modified_gmt":"2026-02-23T12:48:28","slug":"fetes","status":"publish","type":"page","link":"https:\/\/aguilas.es\/fr\/experiences-a-aguilas\/fetes\/","title":{"rendered":"F\u00eates"},"content":{"rendered":"\t\t<div data-elementor-type=\"wp-page\" data-elementor-id=\"8124\" class=\"elementor elementor-8124 elementor-3589\">\n\t\t\t\t<div class=\"porto_stretch_css stretch_row_css elementor-element elementor-element-347634f e-flex e-con-boxed e-con e-parent\" data-id=\"347634f\" data-element_type=\"container\" data-settings=\"{&quot;background_background&quot;:&quot;classic&quot;}\">\r\n\t\t\t\t\t<div class=\"e-con-inner\">\r\n\t\t<div class=\"elementor-element elementor-element-a8f83d2 e-con-full e-flex e-con e-child\" data-id=\"a8f83d2\" data-element_type=\"container\">\r\n\t\t\t\t<div class=\"elementor-element elementor-element-1efe390 elementor-widget elementor-widget-porto_ultimate_heading\" data-id=\"1efe390\" data-element_type=\"widget\" data-widget_type=\"porto_ultimate_heading.default\">\n\t\t\t\t<div class=\"elementor-widget-container\">\n\t\t\t\t\t<div class=\"porto-u-heading  porto-u-ad87e2eaf3f9c495180fe0156ddf3eb0\"><div class=\"porto-u-sub-heading\" style=\"\"><p>Les f\u00eates \u00e0 ne pas manquer si vous venez \u00e0 \u00c1guilas<\/p><\/div><style>.porto-u-ad87e2eaf3f9c495180fe0156ddf3eb0.porto-u-heading{text-align:left}<\/style><\/div>\t\t\t\t<\/div>\n\t\t\t\t<\/div>\n\t\t\t\t<div class=\"elementor-element elementor-element-d4cba2c elementor-widget elementor-widget-porto_page_header\" data-id=\"d4cba2c\" data-element_type=\"widget\" data-widget_type=\"porto_page_header.default\">\n\t\t\t\t<div class=\"elementor-widget-container\">\n\t\t\t\t\t<div class=\"page-top page-header-6\"><style>.page-top { background: none; border-bottom: none; } .page-top .page-title:not(.b-none):after { display: none; }<\/style><div class=\"container hide-title\">\r\n\t<div class=\"row\">\r\n\t\t<div class=\"col-lg-12 clearfix\">\r\n\t\t\t<div class=\"pt-right d-none\">\r\n\t\t\t\t\t\t\t\t<h1 class=\"page-title\"><\/h1>\r\n\t\t\t\t\t\t\t<\/div>\r\n\t\t\t\t\t\t\t<div class=\"breadcrumbs-wrap pt-left\">\r\n\t\t\t\t\t<ul class=\"breadcrumb\" itemscope itemtype=\"https:\/\/schema.org\/BreadcrumbList\"><li class=\"home\" itemprop=\"itemListElement\" itemscope itemtype=\"https:\/\/schema.org\/ListItem\"><a itemprop=\"item\" href=\"https:\/\/aguilas.es\/fr\/\" title=\"Go to Home Page\"><span itemprop=\"name\">Home<\/span><\/a><meta itemprop=\"position\" content=\"1\" \/><i class=\"delimiter delimiter-2\"><\/i><\/li><\/ul>\t\t\t\t<\/div>\r\n\t\t\t\t\t\t\t\t<\/div>\r\n\t<\/div>\r\n<\/div>\r\n<\/div>\t\t\t\t<\/div>\n\t\t\t\t<\/div>\n\t\t\t\t<\/div>\n\t\t\t\t\t<\/div>\n\t\t\t\t<\/div>\n\t\t<div class=\"elementor-element elementor-element-3c69bb3 e-flex e-con-boxed e-con e-parent\" data-id=\"3c69bb3\" data-element_type=\"container\">\r\n\t\t\t\t\t<div class=\"e-con-inner\">\r\n\t\t<div class=\"elementor-element elementor-element-6c76111 e-con-full e-flex e-con e-child\" data-id=\"6c76111\" data-element_type=\"container\">\r\n\t\t<div class=\"elementor-element elementor-element-685752d e-con-full e-flex e-con e-child\" data-id=\"685752d\" data-element_type=\"container\">\r\n\t\t<div class=\"elementor-element elementor-element-2d3d582 e-con-full e-flex e-con e-child\" data-id=\"2d3d582\" data-element_type=\"container\">\r\n\t\t\t\t<div class=\"elementor-element elementor-element-30e70e3 elementor-widget elementor-widget-video\" data-id=\"30e70e3\" data-element_type=\"widget\" data-settings=\"{&quot;youtube_url&quot;:&quot;https:\\\/\\\/www.youtube.com\\\/watch?v=FSXguW5rBgM&quot;,&quot;video_type&quot;:&quot;youtube&quot;,&quot;controls&quot;:&quot;yes&quot;}\" data-widget_type=\"video.default\">\n\t\t\t\t<div class=\"elementor-widget-container\">\n\t\t\t\t\t\t\t<div class=\"elementor-wrapper elementor-open-inline\">\n\t\t\t<div class=\"elementor-video\"><\/div>\t\t<\/div>\n\t\t\t\t\t\t<\/div>\n\t\t\t\t<\/div>\n\t\t\t\t<\/div>\n\t\t<div class=\"elementor-element elementor-element-cd51426 e-con-full e-flex e-con e-child\" data-id=\"cd51426\" data-element_type=\"container\">\r\n\t\t\t\t<div class=\"elementor-element elementor-element-a4cb23a elementor-widget elementor-widget-text-editor\" data-id=\"a4cb23a\" data-element_type=\"widget\" data-widget_type=\"text-editor.default\">\n\t\t\t\t<div class=\"elementor-widget-container\">\n\t\t\t\t\t\t\t\t\t<p style=\"text-align: center;\" data-start=\"265\" data-end=\"327\"><span style=\"font-size: 18px;\"><strong>F\u00eates \u00e0 \u00c1guilas&nbsp;: tradition, joie et couleurs toute l\u2019ann\u00e9e<\/strong><\/span><\/p><p style=\"text-align: center;\" data-start=\"265\" data-end=\"327\">\u00c1guilas est synonyme de f\u00eate. De son c\u00e9l\u00e8bre carnaval, d\u00e9clar\u00e9 d&rsquo;<strong>int\u00e9r\u00eat touristique international<\/strong>, \u00e0 ses f\u00eates de village estivales, ses p\u00e8lerinages et ses f\u00eates patronales, cette ville c\u00f4ti\u00e8re se remplit de musique, de d\u00e9guisements, de gastronomie et d\u2019\u00e9motion. Que ce soit en dansant sur la plage, en d\u00e9filant dans les rues ou en profitant de feux d\u2019artifice au bord de la mer, chaque c\u00e9l\u00e9bration \u00e0 \u00c1guilas est une exp\u00e9rience inoubliable.  <br data-start=\"735\" data-end=\"738\"><strong>Venez vivre la joie de ses f\u00eates comme un habitant d\u2019\u00c1guilas de plus&nbsp;!<\/strong><\/p>\t\t\t\t\t\t\t\t<\/div>\n\t\t\t\t<\/div>\n\t\t\t\t<\/div>\n\t\t\t\t<\/div>\n\t\t\t\t<\/div>\n\t\t<div class=\"elementor-element elementor-element-d0ec4ed e-con-full e-flex e-con e-child\" data-id=\"d0ec4ed\" data-element_type=\"container\">\r\n\t\t\t\t<\/div>\n\t\t\t\t\t<\/div>\n\t\t\t\t<\/div>\n\t\t<div class=\"elementor-element elementor-element-9cacbac e-flex e-con-boxed e-con e-parent\" data-id=\"9cacbac\" data-element_type=\"container\">\r\n\t\t\t\t\t<div class=\"e-con-inner\">\r\n\t\t\t\t<div class=\"elementor-element elementor-element-146064a elemento-titulo-con-subtitulo elementor-widget elementor-widget-porto_ultimate_heading\" data-id=\"146064a\" data-element_type=\"widget\" data-widget_type=\"porto_ultimate_heading.default\">\n\t\t\t\t<div class=\"elementor-widget-container\">\n\t\t\t\t\t<div class=\"porto-u-heading  porto-u-55ca8359258f9a412be7e73af65d2aac\"><div class=\"porto-u-main-heading\"><h2   >F\u00eates importantes<\/h2><\/div><div class=\"porto-u-sub-heading\" style=\"\"><p>Ne manquez pas les f\u00eates les plus importantes d\u2019\u00c1guilas<\/p><\/div><style>.porto-u-55ca8359258f9a412be7e73af65d2aac.porto-u-heading{text-align:center}<\/style><\/div>\t\t\t\t<\/div>\n\t\t\t\t<\/div>\n\t\t\t\t<div class=\"elementor-element elementor-element-44e8c99 elementor-widget elementor-widget-shortcode\" data-id=\"44e8c99\" data-element_type=\"widget\" data-widget_type=\"shortcode.default\">\n\t\t\t\t<div class=\"elementor-widget-container\">\n\t\t\t\t\t\t\t<div class=\"elementor-shortcode\">    <div class=\"aguilas-shortcode-loader\" id=\"aguilas-lista-web-69f2569862229\"\r\n        data-tipo=\"lista-web\"  data-id-lista=\"38\"  data-items=\"6\"  data-filtros=\"0\" >\r\n        <div class=\"aguilas-loader\">\r\n            <div class=\"aguilas-spinner\"><\/div>\r\n            <p>Chargement...<\/p>\r\n        <\/div>\r\n    <\/div>\r\n    <\/div>\n\t\t\t\t\t\t<\/div>\n\t\t\t\t<\/div>\n\t\t\t\t\t<\/div>\n\t\t\t\t<\/div>\n\t\t<div class=\"elementor-element elementor-element-62d0ee1 e-flex e-con-boxed e-con e-parent\" data-id=\"62d0ee1\" data-element_type=\"container\">\r\n\t\t\t\t\t<div class=\"e-con-inner\">\r\n\t\t\t\t<div class=\"elementor-element elementor-element-699f0c4 elemento-titulo-con-subtitulo elementor-widget elementor-widget-porto_ultimate_heading\" data-id=\"699f0c4\" data-element_type=\"widget\" data-widget_type=\"porto_ultimate_heading.default\">\n\t\t\t\t<div class=\"elementor-widget-container\">\n\t\t\t\t\t<div class=\"porto-u-heading  porto-u-55ca8359258f9a412be7e73af65d2aac\"><div class=\"porto-u-main-heading\"><h2   >Agenda<\/h2><\/div><div class=\"porto-u-sub-heading\" style=\"\"><p>Prochains \u00e9v\u00e9nements \u00e0 \u00c1guilas<\/p><\/div><style>.porto-u-55ca8359258f9a412be7e73af65d2aac.porto-u-heading{text-align:center}<\/style><\/div>\t\t\t\t<\/div>\n\t\t\t\t<\/div>\n\t\t\t\t<div class=\"elementor-element elementor-element-bccbe96 elementor-widget elementor-widget-shortcode\" data-id=\"bccbe96\" data-element_type=\"widget\" data-widget_type=\"shortcode.default\">\n\t\t\t\t<div class=\"elementor-widget-container\">\n\t\t\t\t\t\t\t<div class=\"elementor-shortcode\">    <div class=\"aguilas-shortcode-loader\" id=\"aguilas-lista-web-69f2569862539\"\r\n        data-tipo=\"lista-web\"  data-id-lista=\"75\"  data-items=\"6\"  data-filtros=\"0\" >\r\n        <div class=\"aguilas-loader\">\r\n            <div class=\"aguilas-spinner\"><\/div>\r\n            <p>Chargement...<\/p>\r\n        <\/div>\r\n    <\/div>\r\n    <\/div>\n\t\t\t\t\t\t<\/div>\n\t\t\t\t<\/div>\n\t\t\t\t\t<\/div>\n\t\t\t\t<\/div>\n\t\t<div class=\"elementor-element elementor-element-7cfa52c e-flex e-con-boxed e-con e-parent\" data-id=\"7cfa52c\" data-element_type=\"container\">\r\n\t\t\t\t\t<div class=\"e-con-inner\">\r\n\t\t\t\t<div class=\"elementor-element elementor-element-285281e elemento-titulo-con-subtitulo elementor-widget elementor-widget-porto_ultimate_heading\" data-id=\"285281e\" data-element_type=\"widget\" data-widget_type=\"porto_ultimate_heading.default\">\n\t\t\t\t<div class=\"elementor-widget-container\">\n\t\t\t\t\t<div class=\"porto-u-heading  porto-u-55ca8359258f9a412be7e73af65d2aac\"><div class=\"porto-u-main-heading\"><h2   >Explorez<\/h2><\/div><div class=\"porto-u-sub-heading\" style=\"\"><p>Compl\u00e9tez votre voyage avec d\u2019autres activit\u00e9s int\u00e9ressantes<\/p><\/div><style>.porto-u-55ca8359258f9a412be7e73af65d2aac.porto-u-heading{text-align:center}<\/style><\/div>\t\t\t\t<\/div>\n\t\t\t\t<\/div>\n\t\t\t\t<div class=\"elementor-element elementor-element-4e38bc3 elementor-widget elementor-widget-shortcode\" data-id=\"4e38bc3\" data-element_type=\"widget\" data-widget_type=\"shortcode.default\">\n\t\t\t\t<div class=\"elementor-widget-container\">\n\t\t\t\t\t\t\t<div class=\"elementor-shortcode\">    <div class=\"aguilas-shortcode-loader\" id=\"aguilas-lista-web-69f256986284f\"\r\n        data-tipo=\"lista-web\"  data-id-lista=\"28\"  data-items=\"6\"  data-filtros=\"0\" >\r\n        <div class=\"aguilas-loader\">\r\n            <div class=\"aguilas-spinner\"><\/div>\r\n            <p>Chargement...<\/p>\r\n        <\/div>\r\n    <\/div>\r\n    <\/div>\n\t\t\t\t\t\t<\/div>\n\t\t\t\t<\/div>\n\t\t\t\t\t<\/div>\n\t\t\t\t<\/div>\n\t\t<div class=\"elementor-element elementor-element-b1c0601 e-flex e-con-boxed e-con e-parent\" data-id=\"b1c0601\" data-element_type=\"container\">\r\n\t\t\t\t\t<div class=\"e-con-inner\">\r\n\t\t\t\t<div class=\"elementor-element elementor-element-a14f6dc elemento-titulo-con-subtitulo elementor-widget elementor-widget-porto_ultimate_heading\" data-id=\"a14f6dc\" data-element_type=\"widget\" data-widget_type=\"porto_ultimate_heading.default\">\n\t\t\t\t<div class=\"elementor-widget-container\">\n\t\t\t\t\t<div class=\"porto-u-heading  porto-u-55ca8359258f9a412be7e73af65d2aac\"><div class=\"porto-u-main-heading\"><h2   >T\u00e9l\u00e9chargements<\/h2><\/div><style>.porto-u-55ca8359258f9a412be7e73af65d2aac.porto-u-heading{text-align:center}<\/style><\/div>\t\t\t\t<\/div>\n\t\t\t\t<\/div>\n\t\t\t\t<div class=\"elementor-element elementor-element-39752a5 elementor-widget elementor-widget-shortcode\" data-id=\"39752a5\" data-element_type=\"widget\" data-widget_type=\"shortcode.default\">\n\t\t\t\t<div class=\"elementor-widget-container\">\n\t\t\t\t\t\t\t<div class=\"elementor-shortcode\">    <div class=\"aguilas-shortcode-loader\" id=\"aguilas-lista-web-69f2569862b30\"\r\n        data-tipo=\"lista-web\"  data-id-lista=\"6\"  data-items=\"6\"  data-filtros=\"0\" >\r\n        <div class=\"aguilas-loader\">\r\n            <div class=\"aguilas-spinner\"><\/div>\r\n            <p>Chargement...<\/p>\r\n        <\/div>\r\n    <\/div>\r\n    <\/div>\n\t\t\t\t\t\t<\/div>\n\t\t\t\t<\/div>\n\t\t\t\t\t<\/div>\n\t\t\t\t<\/div>\n\t\t\t\t<\/div>\n\t\t","protected":false},"excerpt":{"rendered":"<p>Les f\u00eates \u00e0 ne pas manquer si vous venez \u00e0 \u00c1guilas Home https:\/\/www.youtube.com\/watch?v=FSXguW5rBgM F\u00eates \u00e0 \u00c1guilas&nbsp;: tradition, joie et couleurs toute l\u2019ann\u00e9e \u00c1guilas est synonyme de f\u00eate. De son c\u00e9l\u00e8bre carnaval, d\u00e9clar\u00e9 d&rsquo;int\u00e9r\u00eat touristique international, \u00e0 ses f\u00eates de village estivales, ses p\u00e8lerinages et ses f\u00eates patronales, cette ville c\u00f4ti\u00e8re se remplit de musique, de [&hellip;]<\/p>\n","protected":false},"author":1,"featured_media":8126,"parent":8997,"menu_order":0,"comment_status":"closed","ping_status":"closed","template":"","meta":{"footnotes":""},"class_list":["post-8124","page","type-page","status-publish","has-post-thumbnail","hentry"],"yoast_head":"<!-- This site is optimized with the Yoast SEO plugin v26.6 - https:\/\/yoast.com\/wordpress\/plugins\/seo\/ -->\n<title>\u00c1guilas Turismo | F\u00eates<\/title>\n<meta name=\"description\" content=\"Profite des f\u00eates d\u2019\u00c1guilas, o\u00f9 tu pourras vivre toute la joie et l\u2019\u00e9motion comme si tu \u00e9tais un Aguile\u00f1o de plus.\" \/>\n<meta name=\"robots\" content=\"index, follow, max-snippet:-1, max-image-preview:large, max-video-preview:-1\" \/>\n<link rel=\"canonical\" href=\"https:\/\/aguilas.es\/fr\/experiences-a-aguilas\/fetes\/\" \/>\n<meta property=\"og:locale\" content=\"fr_FR\" \/>\n<meta property=\"og:type\" content=\"article\" \/>\n<meta property=\"og:title\" content=\"\u00c1guilas Turismo | F\u00eates\" \/>\n<meta property=\"og:description\" content=\"Profite des f\u00eates d\u2019\u00c1guilas, o\u00f9 tu pourras vivre toute la joie et l\u2019\u00e9motion comme si tu \u00e9tais un Aguile\u00f1o de plus.\" \/>\n<meta property=\"og:url\" content=\"https:\/\/aguilas.es\/fr\/experiences-a-aguilas\/fetes\/\" \/>\n<meta property=\"og:site_name\" content=\"\u00c1guilas Turismo\" \/>\n<meta property=\"article:modified_time\" content=\"2026-02-23T12:48:28+00:00\" \/>\n<meta property=\"og:image\" content=\"https:\/\/aguilas.es\/wp-content\/uploads\/2025\/07\/alateasocialmedia_oficinaturismo-carnaval2025-000059-1.jpg\" \/>\n\t<meta property=\"og:image:width\" content=\"1920\" \/>\n\t<meta property=\"og:image:height\" content=\"1292\" \/>\n\t<meta property=\"og:image:type\" content=\"image\/jpeg\" \/>\n<meta name=\"twitter:card\" content=\"summary_large_image\" \/>\n<meta name=\"twitter:label1\" content=\"Dur\u00e9e de lecture estim\u00e9e\" \/>\n\t<meta name=\"twitter:data1\" content=\"1 minute\" \/>\n<script type=\"application\/ld+json\" class=\"yoast-schema-graph\">{\"@context\":\"https:\/\/schema.org\",\"@graph\":[{\"@type\":\"WebPage\",\"@id\":\"https:\/\/aguilas.es\/fr\/experiences-a-aguilas\/fetes\/\",\"url\":\"https:\/\/aguilas.es\/fr\/experiences-a-aguilas\/fetes\/\",\"name\":\"\u00c1guilas Turismo | F\u00eates\",\"isPartOf\":{\"@id\":\"https:\/\/aguilas.es\/fr\/#website\"},\"primaryImageOfPage\":{\"@id\":\"https:\/\/aguilas.es\/fr\/experiences-a-aguilas\/fetes\/#primaryimage\"},\"image\":{\"@id\":\"https:\/\/aguilas.es\/fr\/experiences-a-aguilas\/fetes\/#primaryimage\"},\"thumbnailUrl\":\"https:\/\/aguilas.es\/wp-content\/uploads\/2025\/07\/alateasocialmedia_oficinaturismo-carnaval2025-000059-1.jpg\",\"datePublished\":\"2025-04-03T14:25:15+00:00\",\"dateModified\":\"2026-02-23T12:48:28+00:00\",\"description\":\"Profite des f\u00eates d\u2019\u00c1guilas, o\u00f9 tu pourras vivre toute la joie et l\u2019\u00e9motion comme si tu \u00e9tais un Aguile\u00f1o de plus.\",\"breadcrumb\":{\"@id\":\"https:\/\/aguilas.es\/fr\/experiences-a-aguilas\/fetes\/#breadcrumb\"},\"inLanguage\":\"fr-FR\",\"potentialAction\":[{\"@type\":\"ReadAction\",\"target\":[\"https:\/\/aguilas.es\/fr\/experiences-a-aguilas\/fetes\/\"]}]},{\"@type\":\"ImageObject\",\"inLanguage\":\"fr-FR\",\"@id\":\"https:\/\/aguilas.es\/fr\/experiences-a-aguilas\/fetes\/#primaryimage\",\"url\":\"https:\/\/aguilas.es\/wp-content\/uploads\/2025\/07\/alateasocialmedia_oficinaturismo-carnaval2025-000059-1.jpg\",\"contentUrl\":\"https:\/\/aguilas.es\/wp-content\/uploads\/2025\/07\/alateasocialmedia_oficinaturismo-carnaval2025-000059-1.jpg\",\"width\":1920,\"height\":1292},{\"@type\":\"BreadcrumbList\",\"@id\":\"https:\/\/aguilas.es\/fr\/experiences-a-aguilas\/fetes\/#breadcrumb\",\"itemListElement\":[{\"@type\":\"ListItem\",\"position\":1,\"name\":\"Portada\",\"item\":\"https:\/\/aguilas.es\/fr\/accueil\/\"},{\"@type\":\"ListItem\",\"position\":2,\"name\":\"Exp\u00e9riences \u00e0 \u00c1guilas\",\"item\":\"https:\/\/aguilas.es\/fr\/experiences-a-aguilas\/\"},{\"@type\":\"ListItem\",\"position\":3,\"name\":\"F\u00eates\"}]},{\"@type\":\"WebSite\",\"@id\":\"https:\/\/aguilas.es\/fr\/#website\",\"url\":\"https:\/\/aguilas.es\/fr\/\",\"name\":\"\u00c1guilas Turismo\",\"description\":\"\",\"publisher\":{\"@id\":\"https:\/\/aguilas.es\/fr\/#organization\"},\"potentialAction\":[{\"@type\":\"SearchAction\",\"target\":{\"@type\":\"EntryPoint\",\"urlTemplate\":\"https:\/\/aguilas.es\/fr\/?s={search_term_string}\"},\"query-input\":{\"@type\":\"PropertyValueSpecification\",\"valueRequired\":true,\"valueName\":\"search_term_string\"}}],\"inLanguage\":\"fr-FR\"},{\"@type\":\"Organization\",\"@id\":\"https:\/\/aguilas.es\/fr\/#organization\",\"name\":\"\u00c1guilas Turismo\",\"url\":\"https:\/\/aguilas.es\/fr\/\",\"logo\":{\"@type\":\"ImageObject\",\"inLanguage\":\"fr-FR\",\"@id\":\"https:\/\/aguilas.es\/fr\/#\/schema\/logo\/image\/\",\"url\":\"https:\/\/aguilas.es\/wp-content\/uploads\/2025\/04\/Logo-Aguilas-turismo.png\",\"contentUrl\":\"https:\/\/aguilas.es\/wp-content\/uploads\/2025\/04\/Logo-Aguilas-turismo.png\",\"width\":575,\"height\":229,\"caption\":\"\u00c1guilas Turismo\"},\"image\":{\"@id\":\"https:\/\/aguilas.es\/fr\/#\/schema\/logo\/image\/\"}}]}<\/script>\n<!-- \/ Yoast SEO plugin. -->","yoast_head_json":{"title":"\u00c1guilas Turismo | F\u00eates","description":"Profite des f\u00eates d\u2019\u00c1guilas, o\u00f9 tu pourras vivre toute la joie et l\u2019\u00e9motion comme si tu \u00e9tais un Aguile\u00f1o de plus.","robots":{"index":"index","follow":"follow","max-snippet":"max-snippet:-1","max-image-preview":"max-image-preview:large","max-video-preview":"max-video-preview:-1"},"canonical":"https:\/\/aguilas.es\/fr\/experiences-a-aguilas\/fetes\/","og_locale":"fr_FR","og_type":"article","og_title":"\u00c1guilas Turismo | F\u00eates","og_description":"Profite des f\u00eates d\u2019\u00c1guilas, o\u00f9 tu pourras vivre toute la joie et l\u2019\u00e9motion comme si tu \u00e9tais un Aguile\u00f1o de plus.","og_url":"https:\/\/aguilas.es\/fr\/experiences-a-aguilas\/fetes\/","og_site_name":"\u00c1guilas Turismo","article_modified_time":"2026-02-23T12:48:28+00:00","og_image":[{"width":1920,"height":1292,"url":"https:\/\/aguilas.es\/wp-content\/uploads\/2025\/07\/alateasocialmedia_oficinaturismo-carnaval2025-000059-1.jpg","type":"image\/jpeg"}],"twitter_card":"summary_large_image","twitter_misc":{"Dur\u00e9e de lecture estim\u00e9e":"1 minute"},"schema":{"@context":"https:\/\/schema.org","@graph":[{"@type":"WebPage","@id":"https:\/\/aguilas.es\/fr\/experiences-a-aguilas\/fetes\/","url":"https:\/\/aguilas.es\/fr\/experiences-a-aguilas\/fetes\/","name":"\u00c1guilas Turismo | F\u00eates","isPartOf":{"@id":"https:\/\/aguilas.es\/fr\/#website"},"primaryImageOfPage":{"@id":"https:\/\/aguilas.es\/fr\/experiences-a-aguilas\/fetes\/#primaryimage"},"image":{"@id":"https:\/\/aguilas.es\/fr\/experiences-a-aguilas\/fetes\/#primaryimage"},"thumbnailUrl":"https:\/\/aguilas.es\/wp-content\/uploads\/2025\/07\/alateasocialmedia_oficinaturismo-carnaval2025-000059-1.jpg","datePublished":"2025-04-03T14:25:15+00:00","dateModified":"2026-02-23T12:48:28+00:00","description":"Profite des f\u00eates d\u2019\u00c1guilas, o\u00f9 tu pourras vivre toute la joie et l\u2019\u00e9motion comme si tu \u00e9tais un Aguile\u00f1o de plus.","breadcrumb":{"@id":"https:\/\/aguilas.es\/fr\/experiences-a-aguilas\/fetes\/#breadcrumb"},"inLanguage":"fr-FR","potentialAction":[{"@type":"ReadAction","target":["https:\/\/aguilas.es\/fr\/experiences-a-aguilas\/fetes\/"]}]},{"@type":"ImageObject","inLanguage":"fr-FR","@id":"https:\/\/aguilas.es\/fr\/experiences-a-aguilas\/fetes\/#primaryimage","url":"https:\/\/aguilas.es\/wp-content\/uploads\/2025\/07\/alateasocialmedia_oficinaturismo-carnaval2025-000059-1.jpg","contentUrl":"https:\/\/aguilas.es\/wp-content\/uploads\/2025\/07\/alateasocialmedia_oficinaturismo-carnaval2025-000059-1.jpg","width":1920,"height":1292},{"@type":"BreadcrumbList","@id":"https:\/\/aguilas.es\/fr\/experiences-a-aguilas\/fetes\/#breadcrumb","itemListElement":[{"@type":"ListItem","position":1,"name":"Portada","item":"https:\/\/aguilas.es\/fr\/accueil\/"},{"@type":"ListItem","position":2,"name":"Exp\u00e9riences \u00e0 \u00c1guilas","item":"https:\/\/aguilas.es\/fr\/experiences-a-aguilas\/"},{"@type":"ListItem","position":3,"name":"F\u00eates"}]},{"@type":"WebSite","@id":"https:\/\/aguilas.es\/fr\/#website","url":"https:\/\/aguilas.es\/fr\/","name":"\u00c1guilas Turismo","description":"","publisher":{"@id":"https:\/\/aguilas.es\/fr\/#organization"},"potentialAction":[{"@type":"SearchAction","target":{"@type":"EntryPoint","urlTemplate":"https:\/\/aguilas.es\/fr\/?s={search_term_string}"},"query-input":{"@type":"PropertyValueSpecification","valueRequired":true,"valueName":"search_term_string"}}],"inLanguage":"fr-FR"},{"@type":"Organization","@id":"https:\/\/aguilas.es\/fr\/#organization","name":"\u00c1guilas Turismo","url":"https:\/\/aguilas.es\/fr\/","logo":{"@type":"ImageObject","inLanguage":"fr-FR","@id":"https:\/\/aguilas.es\/fr\/#\/schema\/logo\/image\/","url":"https:\/\/aguilas.es\/wp-content\/uploads\/2025\/04\/Logo-Aguilas-turismo.png","contentUrl":"https:\/\/aguilas.es\/wp-content\/uploads\/2025\/04\/Logo-Aguilas-turismo.png","width":575,"height":229,"caption":"\u00c1guilas Turismo"},"image":{"@id":"https:\/\/aguilas.es\/fr\/#\/schema\/logo\/image\/"}}]}},"_links":{"self":[{"href":"https:\/\/aguilas.es\/fr\/wp-json\/wp\/v2\/pages\/8124","targetHints":{"allow":["GET"]}}],"collection":[{"href":"https:\/\/aguilas.es\/fr\/wp-json\/wp\/v2\/pages"}],"about":[{"href":"https:\/\/aguilas.es\/fr\/wp-json\/wp\/v2\/types\/page"}],"author":[{"embeddable":true,"href":"https:\/\/aguilas.es\/fr\/wp-json\/wp\/v2\/users\/1"}],"replies":[{"embeddable":true,"href":"https:\/\/aguilas.es\/fr\/wp-json\/wp\/v2\/comments?post=8124"}],"version-history":[{"count":3,"href":"https:\/\/aguilas.es\/fr\/wp-json\/wp\/v2\/pages\/8124\/revisions"}],"predecessor-version":[{"id":10821,"href":"https:\/\/aguilas.es\/fr\/wp-json\/wp\/v2\/pages\/8124\/revisions\/10821"}],"up":[{"embeddable":true,"href":"https:\/\/aguilas.es\/fr\/wp-json\/wp\/v2\/pages\/8997"}],"wp:featuredmedia":[{"embeddable":true,"href":"https:\/\/aguilas.es\/fr\/wp-json\/wp\/v2\/media\/8126"}],"wp:attachment":[{"href":"https:\/\/aguilas.es\/fr\/wp-json\/wp\/v2\/media?parent=8124"}],"curies":[{"name":"wp","href":"https:\/\/api.w.org\/{rel}","templated":true}]}}