{"id":8195,"date":"2025-04-03T16:25:01","date_gmt":"2025-04-03T14:25:01","guid":{"rendered":"https:\/\/aguilas.es\/agenda\/"},"modified":"2026-02-23T11:19:41","modified_gmt":"2026-02-23T10:19:41","slug":"agenda","status":"publish","type":"page","link":"https:\/\/aguilas.es\/fr\/experiences-a-aguilas\/agenda\/","title":{"rendered":"Agenda"},"content":{"rendered":"\t\t<div data-elementor-type=\"wp-page\" data-elementor-id=\"8195\" class=\"elementor elementor-8195 elementor-3587\">\n\t\t\t\t<div class=\"porto_stretch_css stretch_row_css elementor-element elementor-element-ed3efc0 e-flex e-con-boxed e-con e-parent\" data-id=\"ed3efc0\" data-element_type=\"container\" data-settings=\"{&quot;background_background&quot;:&quot;classic&quot;}\">\r\n\t\t\t\t\t<div class=\"e-con-inner\">\r\n\t\t<div class=\"elementor-element elementor-element-387dc26 e-con-full e-flex e-con e-child\" data-id=\"387dc26\" data-element_type=\"container\">\r\n\t\t\t\t<div class=\"elementor-element elementor-element-7469114 elementor-widget elementor-widget-porto_ultimate_heading\" data-id=\"7469114\" data-element_type=\"widget\" data-widget_type=\"porto_ultimate_heading.default\">\n\t\t\t\t<div class=\"elementor-widget-container\">\n\t\t\t\t\t<div class=\"porto-u-heading  porto-u-ad87e2eaf3f9c495180fe0156ddf3eb0\"><div class=\"porto-u-sub-heading\" style=\"\"><p>\u00c9v\u00e9nements, culture et plus encore... seulement \u00e0 \u00c1guilas<\/p><\/div><style>.porto-u-ad87e2eaf3f9c495180fe0156ddf3eb0.porto-u-heading{text-align:left}<\/style><\/div>\t\t\t\t<\/div>\n\t\t\t\t<\/div>\n\t\t\t\t<div class=\"elementor-element elementor-element-96cdbfb elementor-widget elementor-widget-porto_page_header\" data-id=\"96cdbfb\" data-element_type=\"widget\" data-widget_type=\"porto_page_header.default\">\n\t\t\t\t<div class=\"elementor-widget-container\">\n\t\t\t\t\t<div class=\"page-top page-header-6\"><style>.page-top { background: none; border-bottom: none; } .page-top .page-title:not(.b-none):after { display: none; }<\/style><div class=\"container hide-title\">\r\n\t<div class=\"row\">\r\n\t\t<div class=\"col-lg-12 clearfix\">\r\n\t\t\t<div class=\"pt-right d-none\">\r\n\t\t\t\t\t\t\t\t<h1 class=\"page-title\"><\/h1>\r\n\t\t\t\t\t\t\t<\/div>\r\n\t\t\t\t\t\t\t<div class=\"breadcrumbs-wrap pt-left\">\r\n\t\t\t\t\t<ul class=\"breadcrumb\" itemscope itemtype=\"https:\/\/schema.org\/BreadcrumbList\"><li class=\"home\" itemprop=\"itemListElement\" itemscope itemtype=\"https:\/\/schema.org\/ListItem\"><a itemprop=\"item\" href=\"https:\/\/aguilas.es\/fr\/\" title=\"Go to Home Page\"><span itemprop=\"name\">Home<\/span><\/a><meta itemprop=\"position\" content=\"1\" \/><i class=\"delimiter delimiter-2\"><\/i><\/li><\/ul>\t\t\t\t<\/div>\r\n\t\t\t\t\t\t\t\t<\/div>\r\n\t<\/div>\r\n<\/div>\r\n<\/div>\t\t\t\t<\/div>\n\t\t\t\t<\/div>\n\t\t\t\t<\/div>\n\t\t\t\t\t<\/div>\n\t\t\t\t<\/div>\n\t\t<div class=\"elementor-element elementor-element-237425d e-flex e-con-boxed e-con e-parent\" data-id=\"237425d\" data-element_type=\"container\">\r\n\t\t\t\t\t<div class=\"e-con-inner\">\r\n\t\t\t\t<div class=\"elementor-element elementor-element-12b06ad elementor-widget elementor-widget-text-editor\" data-id=\"12b06ad\" data-element_type=\"widget\" data-widget_type=\"text-editor.default\">\n\t\t\t\t<div class=\"elementor-widget-container\">\n\t\t\t\t\t\t\t\t\t<p data-start=\"170\" data-end=\"374\"><span style=\"font-size: 15px;\">Entre le bleu de la M\u00e9diterran\u00e9e et la lumi\u00e8re du sud de Murcie, <strong data-start=\"229\" data-end=\"240\">\u00c1guilas<\/strong> vibre douze mois par an. Culture, loisirs, nature et tradition s\u2019unissent pour vous offrir des exp\u00e9riences uniques en toute saison. <\/span><\/p><p data-start=\"376\" data-end=\"604\"><span style=\"font-size: 15px;\"><strong data-start=\"376\" data-end=\"409\">Des \u00e9v\u00e9nements pour tous les go\u00fbts<\/strong><\/span><br data-start=\"409\" data-end=\"412\"><span style=\"font-size: 15px;\">Concerts, th\u00e9\u00e2tre, festivals, foires gastronomiques et f\u00eates hautes en couleur. <\/span> <\/p><p data-start=\"606\" data-end=\"820\"><span style=\"font-size: 15px;\"><strong data-start=\"606\" data-end=\"637\">Une culture vivante dans chaque recoin<\/strong><\/span><br data-start=\"637\" data-end=\"640\"><span style=\"font-size: 15px;\">L\u2019histoire, l\u2019art et la tradition maritime vous accompagnent \u00e0 chaque promenade&nbsp;: le <strong data-start=\"707\" data-end=\"731\">ch\u00e2teau de San Juan<\/strong>, l\u2019<strong data-start=\"736\" data-end=\"764\">embarcad\u00e8re del Hornillo<\/strong> ou son centre historique vous raconteront l\u2019essence d\u2019\u00c1guilas. <\/span><span style=\"font-size: 15px;\"><strong data-start=\"822\" data-end=\"853\">Mer, nature et bien-\u00eatre. <\/strong><\/span><span style=\"font-size: 15px;\">Plus de 30&nbsp;plages et criques, des itin\u00e9raires le long des falaises et des paysages qui changent au fil des saisons. Ici, chaque jour est une invitation \u00e0 profiter du soleil et de la M\u00e9diterran\u00e9e.<\/span><\/p><p data-start=\"1024\" data-end=\"1173\"><span style=\"font-size: 15px;\"><strong data-start=\"1024\" data-end=\"1062\">Vivez \u00c1guilas. Ressentez chaque instant.<\/strong><\/span><br data-start=\"1062\" data-end=\"1065\"><span style=\"font-size: 15px;\">Gastronomie, habitants accueillants et exp\u00e9riences inoubliables. Parce qu\u2019<strong data-start=\"1139\" data-end=\"1173\">\u00c1guilas ne se visite pas, elle se vit<\/strong><\/span><\/p>\t\t\t\t\t\t\t\t<\/div>\n\t\t\t\t<\/div>\n\t\t\t\t\t<\/div>\n\t\t\t\t<\/div>\n\t\t<div class=\"elementor-element elementor-element-699cde1 e-flex e-con-boxed e-con e-parent\" data-id=\"699cde1\" data-element_type=\"container\">\r\n\t\t\t\t\t<div class=\"e-con-inner\">\r\n\t\t\t\t<div class=\"elementor-element elementor-element-48417aa elemento-titulo-con-subtitulo elementor-widget elementor-widget-porto_ultimate_heading\" data-id=\"48417aa\" data-element_type=\"widget\" data-widget_type=\"porto_ultimate_heading.default\">\n\t\t\t\t<div class=\"elementor-widget-container\">\n\t\t\t\t\t<div class=\"porto-u-heading  porto-u-55ca8359258f9a412be7e73af65d2aac\"><div class=\"porto-u-main-heading\"><h2   >Votre agenda culturel a un nom&nbsp;: \u00c1guilas<\/h2><\/div><div class=\"porto-u-sub-heading\" style=\"\"><p>Art, f\u00eate et tradition<\/p><\/div><style>.porto-u-55ca8359258f9a412be7e73af65d2aac.porto-u-heading{text-align:center}<\/style><\/div>\t\t\t\t<\/div>\n\t\t\t\t<\/div>\n\t\t\t\t<div class=\"elementor-element elementor-element-7c2164b elementor-widget elementor-widget-shortcode\" data-id=\"7c2164b\" data-element_type=\"widget\" data-widget_type=\"shortcode.default\">\n\t\t\t\t<div class=\"elementor-widget-container\">\n\t\t\t\t\t\t\t<div class=\"elementor-shortcode\">    <div class=\"aguilas-shortcode-loader\" id=\"aguilas-lista-web-69f73f215417e\"\r\n        data-tipo=\"lista-web\"  data-id-lista=\"75\"  data-items=\"6\"  data-filtros=\"0\" >\r\n        <div class=\"aguilas-loader\">\r\n            <div class=\"aguilas-spinner\"><\/div>\r\n            <p>Chargement...<\/p>\r\n        <\/div>\r\n    <\/div>\r\n    <\/div>\n\t\t\t\t\t\t<\/div>\n\t\t\t\t<\/div>\n\t\t\t\t\t<\/div>\n\t\t\t\t<\/div>\n\t\t<div class=\"elementor-element elementor-element-e928a2a e-flex e-con-boxed e-con e-parent\" data-id=\"e928a2a\" data-element_type=\"container\">\r\n\t\t\t\t\t<div class=\"e-con-inner\">\r\n\t\t\t\t<div class=\"elementor-element elementor-element-bd603bb elemento-titulo-con-subtitulo elementor-widget elementor-widget-porto_ultimate_heading\" data-id=\"bd603bb\" data-element_type=\"widget\" data-widget_type=\"porto_ultimate_heading.default\">\n\t\t\t\t<div class=\"elementor-widget-container\">\n\t\t\t\t\t<div class=\"porto-u-heading  porto-u-55ca8359258f9a412be7e73af65d2aac\"><div class=\"porto-u-main-heading\"><h2   >\u00c1guilas, une beaut\u00e9 surprenante<\/h2><\/div><div class=\"porto-u-sub-heading\" style=\"\"><p><strong data-start=\"192\" data-end=\"223\">Cet hiver, ressens \u00c1guilas<\/strong><\/p><\/div><style>.porto-u-55ca8359258f9a412be7e73af65d2aac.porto-u-heading{text-align:center}<\/style><\/div>\t\t\t\t<\/div>\n\t\t\t\t<\/div>\n\t\t\t\t<div class=\"elementor-element elementor-element-6665b26 elementor-widget elementor-widget-shortcode\" data-id=\"6665b26\" data-element_type=\"widget\" data-widget_type=\"shortcode.default\">\n\t\t\t\t<div class=\"elementor-widget-container\">\n\t\t\t\t\t\t\t<div class=\"elementor-shortcode\">    <div class=\"aguilas-shortcode-loader\" id=\"aguilas-lista-web-69f73f21544da\"\r\n        data-tipo=\"lista-web\"  data-id-lista=\"24\"  data-items=\"6\"  data-filtros=\"0\" >\r\n        <div class=\"aguilas-loader\">\r\n            <div class=\"aguilas-spinner\"><\/div>\r\n            <p>Chargement...<\/p>\r\n        <\/div>\r\n    <\/div>\r\n    <\/div>\n\t\t\t\t\t\t<\/div>\n\t\t\t\t<\/div>\n\t\t\t\t\t<\/div>\n\t\t\t\t<\/div>\n\t\t<div class=\"elementor-element elementor-element-84b973a e-flex e-con-boxed e-con e-parent\" data-id=\"84b973a\" data-element_type=\"container\">\r\n\t\t\t\t\t<div class=\"e-con-inner\">\r\n\t\t\t\t<div class=\"elementor-element elementor-element-8c46196 elemento-titulo-con-subtitulo elementor-widget elementor-widget-porto_ultimate_heading\" data-id=\"8c46196\" data-element_type=\"widget\" data-widget_type=\"porto_ultimate_heading.default\">\n\t\t\t\t<div class=\"elementor-widget-container\">\n\t\t\t\t\t<div class=\"porto-u-heading  porto-u-55ca8359258f9a412be7e73af65d2aac\"><div class=\"porto-u-main-heading\"><h2   >Plan Top<\/h2><\/div><div class=\"porto-u-sub-heading\" style=\"\"><p>L\u00e0 o\u00f9 chaque plan unit la famille<\/p><\/div><style>.porto-u-55ca8359258f9a412be7e73af65d2aac.porto-u-heading{text-align:center}<\/style><\/div>\t\t\t\t<\/div>\n\t\t\t\t<\/div>\n\t\t\t\t<div class=\"elementor-element elementor-element-f4eda9f elementor-widget elementor-widget-shortcode\" data-id=\"f4eda9f\" data-element_type=\"widget\" data-widget_type=\"shortcode.default\">\n\t\t\t\t<div class=\"elementor-widget-container\">\n\t\t\t\t\t\t\t<div class=\"elementor-shortcode\">    <div class=\"aguilas-shortcode-loader\" id=\"aguilas-lista-web-69f73f2154803\"\r\n        data-tipo=\"lista-web\"  data-id-lista=\"48\"  data-items=\"6\"  data-filtros=\"0\" >\r\n        <div class=\"aguilas-loader\">\r\n            <div class=\"aguilas-spinner\"><\/div>\r\n            <p>Chargement...<\/p>\r\n        <\/div>\r\n    <\/div>\r\n    <\/div>\n\t\t\t\t\t\t<\/div>\n\t\t\t\t<\/div>\n\t\t\t\t\t<\/div>\n\t\t\t\t<\/div>\n\t\t\t\t<\/div>\n\t\t","protected":false},"excerpt":{"rendered":"<p>\u00c9v\u00e9nements, culture et plus encore&#8230; seulement \u00e0 \u00c1guilas Home Entre le bleu de la M\u00e9diterran\u00e9e et la lumi\u00e8re du sud de Murcie, \u00c1guilas vibre douze mois par an. Culture, loisirs, nature et tradition s\u2019unissent pour vous offrir des exp\u00e9riences uniques en toute saison. Des \u00e9v\u00e9nements pour tous les go\u00fbtsConcerts, th\u00e9\u00e2tre, festivals, foires gastronomiques et f\u00eates [&hellip;]<\/p>\n","protected":false},"author":1,"featured_media":8196,"parent":8997,"menu_order":0,"comment_status":"closed","ping_status":"closed","template":"","meta":{"footnotes":""},"class_list":["post-8195","page","type-page","status-publish","has-post-thumbnail","hentry"],"yoast_head":"<!-- This site is optimized with the Yoast SEO plugin v26.6 - https:\/\/yoast.com\/wordpress\/plugins\/seo\/ -->\n<title>\u00c1guilas Turismo | Agenda<\/title>\n<meta name=\"description\" content=\"Acc\u00e9dez \u00e0 l\u2019agenda culturel d\u2019\u00c1guilas, o\u00f9 vous pourrez consulter les \u00e9v\u00e9nements pour tous les go\u00fbts et d\u00e9couvrir notre culture vivante dans chaque recoin.\" \/>\n<meta name=\"robots\" content=\"index, follow, max-snippet:-1, max-image-preview:large, max-video-preview:-1\" \/>\n<link rel=\"canonical\" href=\"https:\/\/aguilas.es\/fr\/experiences-a-aguilas\/agenda\/\" \/>\n<meta property=\"og:locale\" content=\"fr_FR\" \/>\n<meta property=\"og:type\" content=\"article\" \/>\n<meta property=\"og:title\" content=\"\u00c1guilas Turismo | Agenda\" \/>\n<meta property=\"og:description\" content=\"Acc\u00e9dez \u00e0 l\u2019agenda culturel d\u2019\u00c1guilas, o\u00f9 vous pourrez consulter les \u00e9v\u00e9nements pour tous les go\u00fbts et d\u00e9couvrir notre culture vivante dans chaque recoin.\" \/>\n<meta property=\"og:url\" content=\"https:\/\/aguilas.es\/fr\/experiences-a-aguilas\/agenda\/\" \/>\n<meta property=\"og:site_name\" content=\"\u00c1guilas Turismo\" \/>\n<meta property=\"article:modified_time\" content=\"2026-02-23T10:19:41+00:00\" \/>\n<meta property=\"og:image\" content=\"https:\/\/aguilas.es\/wp-content\/uploads\/2025\/07\/alateasocialmedia_oficinaturismo-ciudad-000088.jpg\" \/>\n\t<meta property=\"og:image:width\" content=\"1920\" \/>\n\t<meta property=\"og:image:height\" content=\"1044\" \/>\n\t<meta property=\"og:image:type\" content=\"image\/jpeg\" \/>\n<meta name=\"twitter:card\" content=\"summary_large_image\" \/>\n<meta name=\"twitter:label1\" content=\"Dur\u00e9e de lecture estim\u00e9e\" \/>\n\t<meta name=\"twitter:data1\" content=\"1 minute\" \/>\n<script type=\"application\/ld+json\" class=\"yoast-schema-graph\">{\"@context\":\"https:\/\/schema.org\",\"@graph\":[{\"@type\":\"WebPage\",\"@id\":\"https:\/\/aguilas.es\/fr\/experiences-a-aguilas\/agenda\/\",\"url\":\"https:\/\/aguilas.es\/fr\/experiences-a-aguilas\/agenda\/\",\"name\":\"\u00c1guilas Turismo | Agenda\",\"isPartOf\":{\"@id\":\"https:\/\/aguilas.es\/fr\/#website\"},\"primaryImageOfPage\":{\"@id\":\"https:\/\/aguilas.es\/fr\/experiences-a-aguilas\/agenda\/#primaryimage\"},\"image\":{\"@id\":\"https:\/\/aguilas.es\/fr\/experiences-a-aguilas\/agenda\/#primaryimage\"},\"thumbnailUrl\":\"https:\/\/aguilas.es\/wp-content\/uploads\/2025\/07\/alateasocialmedia_oficinaturismo-ciudad-000088.jpg\",\"datePublished\":\"2025-04-03T14:25:01+00:00\",\"dateModified\":\"2026-02-23T10:19:41+00:00\",\"description\":\"Acc\u00e9dez \u00e0 l\u2019agenda culturel d\u2019\u00c1guilas, o\u00f9 vous pourrez consulter les \u00e9v\u00e9nements pour tous les go\u00fbts et d\u00e9couvrir notre culture vivante dans chaque recoin.\",\"breadcrumb\":{\"@id\":\"https:\/\/aguilas.es\/fr\/experiences-a-aguilas\/agenda\/#breadcrumb\"},\"inLanguage\":\"fr-FR\",\"potentialAction\":[{\"@type\":\"ReadAction\",\"target\":[\"https:\/\/aguilas.es\/fr\/experiences-a-aguilas\/agenda\/\"]}]},{\"@type\":\"ImageObject\",\"inLanguage\":\"fr-FR\",\"@id\":\"https:\/\/aguilas.es\/fr\/experiences-a-aguilas\/agenda\/#primaryimage\",\"url\":\"https:\/\/aguilas.es\/wp-content\/uploads\/2025\/07\/alateasocialmedia_oficinaturismo-ciudad-000088.jpg\",\"contentUrl\":\"https:\/\/aguilas.es\/wp-content\/uploads\/2025\/07\/alateasocialmedia_oficinaturismo-ciudad-000088.jpg\",\"width\":1920,\"height\":1044},{\"@type\":\"BreadcrumbList\",\"@id\":\"https:\/\/aguilas.es\/fr\/experiences-a-aguilas\/agenda\/#breadcrumb\",\"itemListElement\":[{\"@type\":\"ListItem\",\"position\":1,\"name\":\"Portada\",\"item\":\"https:\/\/aguilas.es\/fr\/accueil\/\"},{\"@type\":\"ListItem\",\"position\":2,\"name\":\"Exp\u00e9riences \u00e0 \u00c1guilas\",\"item\":\"https:\/\/aguilas.es\/fr\/experiences-a-aguilas\/\"},{\"@type\":\"ListItem\",\"position\":3,\"name\":\"Agenda\"}]},{\"@type\":\"WebSite\",\"@id\":\"https:\/\/aguilas.es\/fr\/#website\",\"url\":\"https:\/\/aguilas.es\/fr\/\",\"name\":\"\u00c1guilas Turismo\",\"description\":\"\",\"publisher\":{\"@id\":\"https:\/\/aguilas.es\/fr\/#organization\"},\"potentialAction\":[{\"@type\":\"SearchAction\",\"target\":{\"@type\":\"EntryPoint\",\"urlTemplate\":\"https:\/\/aguilas.es\/fr\/?s={search_term_string}\"},\"query-input\":{\"@type\":\"PropertyValueSpecification\",\"valueRequired\":true,\"valueName\":\"search_term_string\"}}],\"inLanguage\":\"fr-FR\"},{\"@type\":\"Organization\",\"@id\":\"https:\/\/aguilas.es\/fr\/#organization\",\"name\":\"\u00c1guilas Turismo\",\"url\":\"https:\/\/aguilas.es\/fr\/\",\"logo\":{\"@type\":\"ImageObject\",\"inLanguage\":\"fr-FR\",\"@id\":\"https:\/\/aguilas.es\/fr\/#\/schema\/logo\/image\/\",\"url\":\"https:\/\/aguilas.es\/wp-content\/uploads\/2025\/04\/Logo-Aguilas-turismo.png\",\"contentUrl\":\"https:\/\/aguilas.es\/wp-content\/uploads\/2025\/04\/Logo-Aguilas-turismo.png\",\"width\":575,\"height\":229,\"caption\":\"\u00c1guilas Turismo\"},\"image\":{\"@id\":\"https:\/\/aguilas.es\/fr\/#\/schema\/logo\/image\/\"}}]}<\/script>\n<!-- \/ Yoast SEO plugin. -->","yoast_head_json":{"title":"\u00c1guilas Turismo | Agenda","description":"Acc\u00e9dez \u00e0 l\u2019agenda culturel d\u2019\u00c1guilas, o\u00f9 vous pourrez consulter les \u00e9v\u00e9nements pour tous les go\u00fbts et d\u00e9couvrir notre culture vivante dans chaque recoin.","robots":{"index":"index","follow":"follow","max-snippet":"max-snippet:-1","max-image-preview":"max-image-preview:large","max-video-preview":"max-video-preview:-1"},"canonical":"https:\/\/aguilas.es\/fr\/experiences-a-aguilas\/agenda\/","og_locale":"fr_FR","og_type":"article","og_title":"\u00c1guilas Turismo | Agenda","og_description":"Acc\u00e9dez \u00e0 l\u2019agenda culturel d\u2019\u00c1guilas, o\u00f9 vous pourrez consulter les \u00e9v\u00e9nements pour tous les go\u00fbts et d\u00e9couvrir notre culture vivante dans chaque recoin.","og_url":"https:\/\/aguilas.es\/fr\/experiences-a-aguilas\/agenda\/","og_site_name":"\u00c1guilas Turismo","article_modified_time":"2026-02-23T10:19:41+00:00","og_image":[{"width":1920,"height":1044,"url":"https:\/\/aguilas.es\/wp-content\/uploads\/2025\/07\/alateasocialmedia_oficinaturismo-ciudad-000088.jpg","type":"image\/jpeg"}],"twitter_card":"summary_large_image","twitter_misc":{"Dur\u00e9e de lecture estim\u00e9e":"1 minute"},"schema":{"@context":"https:\/\/schema.org","@graph":[{"@type":"WebPage","@id":"https:\/\/aguilas.es\/fr\/experiences-a-aguilas\/agenda\/","url":"https:\/\/aguilas.es\/fr\/experiences-a-aguilas\/agenda\/","name":"\u00c1guilas Turismo | Agenda","isPartOf":{"@id":"https:\/\/aguilas.es\/fr\/#website"},"primaryImageOfPage":{"@id":"https:\/\/aguilas.es\/fr\/experiences-a-aguilas\/agenda\/#primaryimage"},"image":{"@id":"https:\/\/aguilas.es\/fr\/experiences-a-aguilas\/agenda\/#primaryimage"},"thumbnailUrl":"https:\/\/aguilas.es\/wp-content\/uploads\/2025\/07\/alateasocialmedia_oficinaturismo-ciudad-000088.jpg","datePublished":"2025-04-03T14:25:01+00:00","dateModified":"2026-02-23T10:19:41+00:00","description":"Acc\u00e9dez \u00e0 l\u2019agenda culturel d\u2019\u00c1guilas, o\u00f9 vous pourrez consulter les \u00e9v\u00e9nements pour tous les go\u00fbts et d\u00e9couvrir notre culture vivante dans chaque recoin.","breadcrumb":{"@id":"https:\/\/aguilas.es\/fr\/experiences-a-aguilas\/agenda\/#breadcrumb"},"inLanguage":"fr-FR","potentialAction":[{"@type":"ReadAction","target":["https:\/\/aguilas.es\/fr\/experiences-a-aguilas\/agenda\/"]}]},{"@type":"ImageObject","inLanguage":"fr-FR","@id":"https:\/\/aguilas.es\/fr\/experiences-a-aguilas\/agenda\/#primaryimage","url":"https:\/\/aguilas.es\/wp-content\/uploads\/2025\/07\/alateasocialmedia_oficinaturismo-ciudad-000088.jpg","contentUrl":"https:\/\/aguilas.es\/wp-content\/uploads\/2025\/07\/alateasocialmedia_oficinaturismo-ciudad-000088.jpg","width":1920,"height":1044},{"@type":"BreadcrumbList","@id":"https:\/\/aguilas.es\/fr\/experiences-a-aguilas\/agenda\/#breadcrumb","itemListElement":[{"@type":"ListItem","position":1,"name":"Portada","item":"https:\/\/aguilas.es\/fr\/accueil\/"},{"@type":"ListItem","position":2,"name":"Exp\u00e9riences \u00e0 \u00c1guilas","item":"https:\/\/aguilas.es\/fr\/experiences-a-aguilas\/"},{"@type":"ListItem","position":3,"name":"Agenda"}]},{"@type":"WebSite","@id":"https:\/\/aguilas.es\/fr\/#website","url":"https:\/\/aguilas.es\/fr\/","name":"\u00c1guilas Turismo","description":"","publisher":{"@id":"https:\/\/aguilas.es\/fr\/#organization"},"potentialAction":[{"@type":"SearchAction","target":{"@type":"EntryPoint","urlTemplate":"https:\/\/aguilas.es\/fr\/?s={search_term_string}"},"query-input":{"@type":"PropertyValueSpecification","valueRequired":true,"valueName":"search_term_string"}}],"inLanguage":"fr-FR"},{"@type":"Organization","@id":"https:\/\/aguilas.es\/fr\/#organization","name":"\u00c1guilas Turismo","url":"https:\/\/aguilas.es\/fr\/","logo":{"@type":"ImageObject","inLanguage":"fr-FR","@id":"https:\/\/aguilas.es\/fr\/#\/schema\/logo\/image\/","url":"https:\/\/aguilas.es\/wp-content\/uploads\/2025\/04\/Logo-Aguilas-turismo.png","contentUrl":"https:\/\/aguilas.es\/wp-content\/uploads\/2025\/04\/Logo-Aguilas-turismo.png","width":575,"height":229,"caption":"\u00c1guilas Turismo"},"image":{"@id":"https:\/\/aguilas.es\/fr\/#\/schema\/logo\/image\/"}}]}},"_links":{"self":[{"href":"https:\/\/aguilas.es\/fr\/wp-json\/wp\/v2\/pages\/8195","targetHints":{"allow":["GET"]}}],"collection":[{"href":"https:\/\/aguilas.es\/fr\/wp-json\/wp\/v2\/pages"}],"about":[{"href":"https:\/\/aguilas.es\/fr\/wp-json\/wp\/v2\/types\/page"}],"author":[{"embeddable":true,"href":"https:\/\/aguilas.es\/fr\/wp-json\/wp\/v2\/users\/1"}],"replies":[{"embeddable":true,"href":"https:\/\/aguilas.es\/fr\/wp-json\/wp\/v2\/comments?post=8195"}],"version-history":[{"count":5,"href":"https:\/\/aguilas.es\/fr\/wp-json\/wp\/v2\/pages\/8195\/revisions"}],"predecessor-version":[{"id":10702,"href":"https:\/\/aguilas.es\/fr\/wp-json\/wp\/v2\/pages\/8195\/revisions\/10702"}],"up":[{"embeddable":true,"href":"https:\/\/aguilas.es\/fr\/wp-json\/wp\/v2\/pages\/8997"}],"wp:featuredmedia":[{"embeddable":true,"href":"https:\/\/aguilas.es\/fr\/wp-json\/wp\/v2\/media\/8196"}],"wp:attachment":[{"href":"https:\/\/aguilas.es\/fr\/wp-json\/wp\/v2\/media?parent=8195"}],"curies":[{"name":"wp","href":"https:\/\/api.w.org\/{rel}","templated":true}]}}