{"id":8212,"date":"2025-04-03T16:16:35","date_gmt":"2025-04-03T14:16:35","guid":{"rendered":"https:\/\/aguilas.es\/telechargements\/"},"modified":"2025-12-30T14:12:51","modified_gmt":"2025-12-30T13:12:51","slug":"telechargements","status":"publish","type":"page","link":"https:\/\/aguilas.es\/fr\/decouvrez-aguilas\/telechargements\/","title":{"rendered":"T\u00e9l\u00e9chargements"},"content":{"rendered":"\t\t<div data-elementor-type=\"wp-page\" data-elementor-id=\"8212\" class=\"elementor elementor-8212 elementor-3540\">\n\t\t\t\t<div class=\"porto_stretch_css stretch_row_css elementor-element elementor-element-cdd8fd1 e-flex e-con-boxed e-con e-parent\" data-id=\"cdd8fd1\" data-element_type=\"container\" data-settings=\"{&quot;background_background&quot;:&quot;classic&quot;}\">\r\n\t\t\t\t\t<div class=\"e-con-inner\">\r\n\t\t<div class=\"elementor-element elementor-element-577f952 e-con-full e-flex e-con e-child\" data-id=\"577f952\" data-element_type=\"container\">\r\n\t\t\t\t<div class=\"elementor-element elementor-element-a7bcb27 elementor-widget elementor-widget-porto_ultimate_heading\" data-id=\"a7bcb27\" data-element_type=\"widget\" data-widget_type=\"porto_ultimate_heading.default\">\n\t\t\t\t<div class=\"elementor-widget-container\">\n\t\t\t\t\t<div class=\"porto-u-heading  porto-u-ad87e2eaf3f9c495180fe0156ddf3eb0\"><div class=\"porto-u-sub-heading\" style=\"\"><p>T\u00e9l\u00e9charge des d\u00e9pliants contenant des informations compl\u00e8tes sur \u00c1guilas<\/p><\/div><style>.porto-u-ad87e2eaf3f9c495180fe0156ddf3eb0.porto-u-heading{text-align:left}<\/style><\/div>\t\t\t\t<\/div>\n\t\t\t\t<\/div>\n\t\t\t\t<div class=\"elementor-element elementor-element-45972b6 elementor-widget elementor-widget-porto_page_header\" data-id=\"45972b6\" data-element_type=\"widget\" data-widget_type=\"porto_page_header.default\">\n\t\t\t\t<div class=\"elementor-widget-container\">\n\t\t\t\t\t<div class=\"page-top page-header-6\"><style>.page-top { background: none; border-bottom: none; } .page-top .page-title:not(.b-none):after { display: none; }<\/style><div class=\"container hide-title\">\r\n\t<div class=\"row\">\r\n\t\t<div class=\"col-lg-12 clearfix\">\r\n\t\t\t<div class=\"pt-right d-none\">\r\n\t\t\t\t\t\t\t\t<h1 class=\"page-title\"><\/h1>\r\n\t\t\t\t\t\t\t<\/div>\r\n\t\t\t\t\t\t\t<div class=\"breadcrumbs-wrap pt-left\">\r\n\t\t\t\t\t<ul class=\"breadcrumb\" itemscope itemtype=\"https:\/\/schema.org\/BreadcrumbList\"><li class=\"home\" itemprop=\"itemListElement\" itemscope itemtype=\"https:\/\/schema.org\/ListItem\"><a itemprop=\"item\" href=\"https:\/\/aguilas.es\/fr\/\" title=\"Go to Home Page\"><span itemprop=\"name\">Home<\/span><\/a><meta itemprop=\"position\" content=\"1\" \/><i class=\"delimiter delimiter-2\"><\/i><\/li><\/ul>\t\t\t\t<\/div>\r\n\t\t\t\t\t\t\t\t<\/div>\r\n\t<\/div>\r\n<\/div>\r\n<\/div>\t\t\t\t<\/div>\n\t\t\t\t<\/div>\n\t\t\t\t<\/div>\n\t\t\t\t\t<\/div>\n\t\t\t\t<\/div>\n\t\t<div class=\"elementor-element elementor-element-6092bdf e-flex e-con-boxed e-con e-parent\" data-id=\"6092bdf\" data-element_type=\"container\">\r\n\t\t\t\t\t<div class=\"e-con-inner\">\r\n\t\t\t\t<div class=\"elementor-element elementor-element-97e5e7a elemento-titulo-con-subtitulo elementor-widget elementor-widget-porto_ultimate_heading\" data-id=\"97e5e7a\" data-element_type=\"widget\" data-widget_type=\"porto_ultimate_heading.default\">\n\t\t\t\t<div class=\"elementor-widget-container\">\n\t\t\t\t\t<div class=\"porto-u-heading  porto-u-55ca8359258f9a412be7e73af65d2aac\"><div class=\"porto-u-main-heading\"><h2   >T\u00e9l\u00e9chargements<\/h2><\/div><div class=\"porto-u-sub-heading\" style=\"\"><p>Itin\u00e9raires, visites, plans et bien plus encore pour profiter d\u2019\u00c1guilas<\/p><\/div><style>.porto-u-55ca8359258f9a412be7e73af65d2aac.porto-u-heading{text-align:center}<\/style><\/div>\t\t\t\t<\/div>\n\t\t\t\t<\/div>\n\t\t\t\t<div class=\"elementor-element elementor-element-0a9ba9b elementor-widget elementor-widget-shortcode\" data-id=\"0a9ba9b\" data-element_type=\"widget\" data-widget_type=\"shortcode.default\">\n\t\t\t\t<div class=\"elementor-widget-container\">\n\t\t\t\t\t\t\t<div class=\"elementor-shortcode\">    <div class=\"aguilas-shortcode-loader\" id=\"aguilas-lista-web-69f2aca423101\"\r\n        data-tipo=\"lista-web\"  data-id-lista=\"6\"  data-items=\"12\"  data-filtros=\"0\" >\r\n        <div class=\"aguilas-loader\">\r\n            <div class=\"aguilas-spinner\"><\/div>\r\n            <p>Chargement...<\/p>\r\n        <\/div>\r\n    <\/div>\r\n    <\/div>\n\t\t\t\t\t\t<\/div>\n\t\t\t\t<\/div>\n\t\t\t\t\t<\/div>\n\t\t\t\t<\/div>\n\t\t<div class=\"elementor-element elementor-element-93423e3 e-flex e-con-boxed e-con e-parent\" data-id=\"93423e3\" data-element_type=\"container\">\r\n\t\t\t\t\t<div class=\"e-con-inner\">\r\n\t\t\t\t\t<\/div>\n\t\t\t\t<\/div>\n\t\t<div class=\"elementor-element elementor-element-7cd5ccb e-flex e-con-boxed e-con e-parent\" data-id=\"7cd5ccb\" data-element_type=\"container\">\r\n\t\t\t\t\t<div class=\"e-con-inner\">\r\n\t\t\t\t<div class=\"elementor-element elementor-element-46f9a4f elementor-widget elementor-widget-text-editor\" data-id=\"46f9a4f\" data-element_type=\"widget\" data-widget_type=\"text-editor.default\">\n\t\t\t\t<div class=\"elementor-widget-container\">\n\t\t\t\t\t\t\t\t\t<h2 style=\"text-align: center;\"><strong>Ta prochaine aventure commence ici : t\u00e9l\u00e9charge les d\u00e9pliants d\u2019\u00c1guilas<\/strong><\/h2><p data-start=\"159\" data-end=\"485\">Pr\u00e9pare-toi \u00e0 d\u00e9couvrir tout ce qu\u2019\u00c1guilas a \u00e0 offrir. De ses <strong data-start=\"297\" data-end=\"336\">plages et criques aux eaux cristallines<\/strong> \u00e0 sa <strong data-start=\"347\" data-end=\"391\">richesse culturelle, gastronomique et naturelle<\/strong>, nos d\u00e9pliants rassemblent les informations essentielles pour profiter au maximum de ta visite. <\/p><p data-start=\"487\" data-end=\"770\">Avec des guides pratiques, des cartes, des recommandations et des d\u00e9tails sur les \u00e9v\u00e9nements, les h\u00e9bergements et les itin\u00e9raires, tu auras entre les mains le meilleur outil pour planifier ton exp\u00e9rience. T\u00e9l\u00e9charge-les maintenant et commence \u00e0 r\u00eaver d\u2019\u00c1guilas : une destination unique o\u00f9 la mer, le soleil et l\u2019histoire se rencontrent. <\/p>\t\t\t\t\t\t\t\t<\/div>\n\t\t\t\t<\/div>\n\t\t\t\t\t<\/div>\n\t\t\t\t<\/div>\n\t\t\t\t<\/div>\n\t\t","protected":false},"excerpt":{"rendered":"<p>T\u00e9l\u00e9charge des d\u00e9pliants contenant des informations compl\u00e8tes sur \u00c1guilas Home T\u00e9l\u00e9chargements Itin\u00e9raires, visites, plans et bien plus encore pour profiter d\u2019\u00c1guilas Ta prochaine aventure commence ici : t\u00e9l\u00e9charge les d\u00e9pliants d\u2019\u00c1guilas Pr\u00e9pare-toi \u00e0 d\u00e9couvrir tout ce qu\u2019\u00c1guilas a \u00e0 offrir. De ses plages et criques aux eaux cristallines \u00e0 sa richesse culturelle, gastronomique et naturelle, [&hellip;]<\/p>\n","protected":false},"author":1,"featured_media":8213,"parent":8468,"menu_order":0,"comment_status":"closed","ping_status":"closed","template":"","meta":{"footnotes":""},"class_list":["post-8212","page","type-page","status-publish","has-post-thumbnail","hentry"],"yoast_head":"<!-- This site is optimized with the Yoast SEO plugin v26.6 - https:\/\/yoast.com\/wordpress\/plugins\/seo\/ -->\n<title>\u00c1guilas Turismo | T\u00e9l\u00e9chargements<\/title>\n<meta name=\"description\" content=\"Acc\u00e8de \u00e0 tous nos d\u00e9pliants contenant des informations compl\u00e8tes sur \u00c1guilas, ainsi que sur nos itin\u00e9raires, nos plans et les \u00e9v\u00e9nements \u00e0 venir pour profiter au maximum de ta visite.\" \/>\n<meta name=\"robots\" content=\"index, follow, max-snippet:-1, max-image-preview:large, max-video-preview:-1\" \/>\n<link rel=\"canonical\" href=\"https:\/\/aguilas.es\/fr\/decouvrez-aguilas\/telechargements\/\" \/>\n<meta property=\"og:locale\" content=\"fr_FR\" \/>\n<meta property=\"og:type\" content=\"article\" \/>\n<meta property=\"og:title\" content=\"\u00c1guilas Turismo | T\u00e9l\u00e9chargements\" \/>\n<meta property=\"og:description\" content=\"Acc\u00e8de \u00e0 tous nos d\u00e9pliants contenant des informations compl\u00e8tes sur \u00c1guilas, ainsi que sur nos itin\u00e9raires, nos plans et les \u00e9v\u00e9nements \u00e0 venir pour profiter au maximum de ta visite.\" \/>\n<meta property=\"og:url\" content=\"https:\/\/aguilas.es\/fr\/decouvrez-aguilas\/telechargements\/\" \/>\n<meta property=\"og:site_name\" content=\"\u00c1guilas Turismo\" \/>\n<meta property=\"article:modified_time\" content=\"2025-12-30T13:12:51+00:00\" \/>\n<meta property=\"og:image\" content=\"https:\/\/aguilas.es\/wp-content\/uploads\/2025\/07\/alateasocialmedia_oficinaturismo-ciudad-000077.jpg\" \/>\n\t<meta property=\"og:image:width\" content=\"1920\" \/>\n\t<meta property=\"og:image:height\" content=\"1079\" \/>\n\t<meta property=\"og:image:type\" content=\"image\/jpeg\" \/>\n<meta name=\"twitter:card\" content=\"summary_large_image\" \/>\n<meta name=\"twitter:label1\" content=\"Dur\u00e9e de lecture estim\u00e9e\" \/>\n\t<meta name=\"twitter:data1\" content=\"1 minute\" \/>\n<script type=\"application\/ld+json\" class=\"yoast-schema-graph\">{\"@context\":\"https:\/\/schema.org\",\"@graph\":[{\"@type\":\"WebPage\",\"@id\":\"https:\/\/aguilas.es\/fr\/decouvrez-aguilas\/telechargements\/\",\"url\":\"https:\/\/aguilas.es\/fr\/decouvrez-aguilas\/telechargements\/\",\"name\":\"\u00c1guilas Turismo | T\u00e9l\u00e9chargements\",\"isPartOf\":{\"@id\":\"https:\/\/aguilas.es\/fr\/#website\"},\"primaryImageOfPage\":{\"@id\":\"https:\/\/aguilas.es\/fr\/decouvrez-aguilas\/telechargements\/#primaryimage\"},\"image\":{\"@id\":\"https:\/\/aguilas.es\/fr\/decouvrez-aguilas\/telechargements\/#primaryimage\"},\"thumbnailUrl\":\"https:\/\/aguilas.es\/wp-content\/uploads\/2025\/07\/alateasocialmedia_oficinaturismo-ciudad-000077.jpg\",\"datePublished\":\"2025-04-03T14:16:35+00:00\",\"dateModified\":\"2025-12-30T13:12:51+00:00\",\"description\":\"Acc\u00e8de \u00e0 tous nos d\u00e9pliants contenant des informations compl\u00e8tes sur \u00c1guilas, ainsi que sur nos itin\u00e9raires, nos plans et les \u00e9v\u00e9nements \u00e0 venir pour profiter au maximum de ta visite.\",\"breadcrumb\":{\"@id\":\"https:\/\/aguilas.es\/fr\/decouvrez-aguilas\/telechargements\/#breadcrumb\"},\"inLanguage\":\"fr-FR\",\"potentialAction\":[{\"@type\":\"ReadAction\",\"target\":[\"https:\/\/aguilas.es\/fr\/decouvrez-aguilas\/telechargements\/\"]}]},{\"@type\":\"ImageObject\",\"inLanguage\":\"fr-FR\",\"@id\":\"https:\/\/aguilas.es\/fr\/decouvrez-aguilas\/telechargements\/#primaryimage\",\"url\":\"https:\/\/aguilas.es\/wp-content\/uploads\/2025\/07\/alateasocialmedia_oficinaturismo-ciudad-000077.jpg\",\"contentUrl\":\"https:\/\/aguilas.es\/wp-content\/uploads\/2025\/07\/alateasocialmedia_oficinaturismo-ciudad-000077.jpg\",\"width\":1920,\"height\":1079},{\"@type\":\"BreadcrumbList\",\"@id\":\"https:\/\/aguilas.es\/fr\/decouvrez-aguilas\/telechargements\/#breadcrumb\",\"itemListElement\":[{\"@type\":\"ListItem\",\"position\":1,\"name\":\"Portada\",\"item\":\"https:\/\/aguilas.es\/fr\/accueil\/\"},{\"@type\":\"ListItem\",\"position\":2,\"name\":\"D\u00e9couvrez \u00c1guilas\",\"item\":\"https:\/\/aguilas.es\/fr\/decouvrez-aguilas\/\"},{\"@type\":\"ListItem\",\"position\":3,\"name\":\"T\u00e9l\u00e9chargements\"}]},{\"@type\":\"WebSite\",\"@id\":\"https:\/\/aguilas.es\/fr\/#website\",\"url\":\"https:\/\/aguilas.es\/fr\/\",\"name\":\"\u00c1guilas Turismo\",\"description\":\"\",\"publisher\":{\"@id\":\"https:\/\/aguilas.es\/fr\/#organization\"},\"potentialAction\":[{\"@type\":\"SearchAction\",\"target\":{\"@type\":\"EntryPoint\",\"urlTemplate\":\"https:\/\/aguilas.es\/fr\/?s={search_term_string}\"},\"query-input\":{\"@type\":\"PropertyValueSpecification\",\"valueRequired\":true,\"valueName\":\"search_term_string\"}}],\"inLanguage\":\"fr-FR\"},{\"@type\":\"Organization\",\"@id\":\"https:\/\/aguilas.es\/fr\/#organization\",\"name\":\"\u00c1guilas Turismo\",\"url\":\"https:\/\/aguilas.es\/fr\/\",\"logo\":{\"@type\":\"ImageObject\",\"inLanguage\":\"fr-FR\",\"@id\":\"https:\/\/aguilas.es\/fr\/#\/schema\/logo\/image\/\",\"url\":\"https:\/\/aguilas.es\/wp-content\/uploads\/2025\/04\/Logo-Aguilas-turismo.png\",\"contentUrl\":\"https:\/\/aguilas.es\/wp-content\/uploads\/2025\/04\/Logo-Aguilas-turismo.png\",\"width\":575,\"height\":229,\"caption\":\"\u00c1guilas Turismo\"},\"image\":{\"@id\":\"https:\/\/aguilas.es\/fr\/#\/schema\/logo\/image\/\"}}]}<\/script>\n<!-- \/ Yoast SEO plugin. -->","yoast_head_json":{"title":"\u00c1guilas Turismo | T\u00e9l\u00e9chargements","description":"Acc\u00e8de \u00e0 tous nos d\u00e9pliants contenant des informations compl\u00e8tes sur \u00c1guilas, ainsi que sur nos itin\u00e9raires, nos plans et les \u00e9v\u00e9nements \u00e0 venir pour profiter au maximum de ta visite.","robots":{"index":"index","follow":"follow","max-snippet":"max-snippet:-1","max-image-preview":"max-image-preview:large","max-video-preview":"max-video-preview:-1"},"canonical":"https:\/\/aguilas.es\/fr\/decouvrez-aguilas\/telechargements\/","og_locale":"fr_FR","og_type":"article","og_title":"\u00c1guilas Turismo | T\u00e9l\u00e9chargements","og_description":"Acc\u00e8de \u00e0 tous nos d\u00e9pliants contenant des informations compl\u00e8tes sur \u00c1guilas, ainsi que sur nos itin\u00e9raires, nos plans et les \u00e9v\u00e9nements \u00e0 venir pour profiter au maximum de ta visite.","og_url":"https:\/\/aguilas.es\/fr\/decouvrez-aguilas\/telechargements\/","og_site_name":"\u00c1guilas Turismo","article_modified_time":"2025-12-30T13:12:51+00:00","og_image":[{"width":1920,"height":1079,"url":"https:\/\/aguilas.es\/wp-content\/uploads\/2025\/07\/alateasocialmedia_oficinaturismo-ciudad-000077.jpg","type":"image\/jpeg"}],"twitter_card":"summary_large_image","twitter_misc":{"Dur\u00e9e de lecture estim\u00e9e":"1 minute"},"schema":{"@context":"https:\/\/schema.org","@graph":[{"@type":"WebPage","@id":"https:\/\/aguilas.es\/fr\/decouvrez-aguilas\/telechargements\/","url":"https:\/\/aguilas.es\/fr\/decouvrez-aguilas\/telechargements\/","name":"\u00c1guilas Turismo | T\u00e9l\u00e9chargements","isPartOf":{"@id":"https:\/\/aguilas.es\/fr\/#website"},"primaryImageOfPage":{"@id":"https:\/\/aguilas.es\/fr\/decouvrez-aguilas\/telechargements\/#primaryimage"},"image":{"@id":"https:\/\/aguilas.es\/fr\/decouvrez-aguilas\/telechargements\/#primaryimage"},"thumbnailUrl":"https:\/\/aguilas.es\/wp-content\/uploads\/2025\/07\/alateasocialmedia_oficinaturismo-ciudad-000077.jpg","datePublished":"2025-04-03T14:16:35+00:00","dateModified":"2025-12-30T13:12:51+00:00","description":"Acc\u00e8de \u00e0 tous nos d\u00e9pliants contenant des informations compl\u00e8tes sur \u00c1guilas, ainsi que sur nos itin\u00e9raires, nos plans et les \u00e9v\u00e9nements \u00e0 venir pour profiter au maximum de ta visite.","breadcrumb":{"@id":"https:\/\/aguilas.es\/fr\/decouvrez-aguilas\/telechargements\/#breadcrumb"},"inLanguage":"fr-FR","potentialAction":[{"@type":"ReadAction","target":["https:\/\/aguilas.es\/fr\/decouvrez-aguilas\/telechargements\/"]}]},{"@type":"ImageObject","inLanguage":"fr-FR","@id":"https:\/\/aguilas.es\/fr\/decouvrez-aguilas\/telechargements\/#primaryimage","url":"https:\/\/aguilas.es\/wp-content\/uploads\/2025\/07\/alateasocialmedia_oficinaturismo-ciudad-000077.jpg","contentUrl":"https:\/\/aguilas.es\/wp-content\/uploads\/2025\/07\/alateasocialmedia_oficinaturismo-ciudad-000077.jpg","width":1920,"height":1079},{"@type":"BreadcrumbList","@id":"https:\/\/aguilas.es\/fr\/decouvrez-aguilas\/telechargements\/#breadcrumb","itemListElement":[{"@type":"ListItem","position":1,"name":"Portada","item":"https:\/\/aguilas.es\/fr\/accueil\/"},{"@type":"ListItem","position":2,"name":"D\u00e9couvrez \u00c1guilas","item":"https:\/\/aguilas.es\/fr\/decouvrez-aguilas\/"},{"@type":"ListItem","position":3,"name":"T\u00e9l\u00e9chargements"}]},{"@type":"WebSite","@id":"https:\/\/aguilas.es\/fr\/#website","url":"https:\/\/aguilas.es\/fr\/","name":"\u00c1guilas Turismo","description":"","publisher":{"@id":"https:\/\/aguilas.es\/fr\/#organization"},"potentialAction":[{"@type":"SearchAction","target":{"@type":"EntryPoint","urlTemplate":"https:\/\/aguilas.es\/fr\/?s={search_term_string}"},"query-input":{"@type":"PropertyValueSpecification","valueRequired":true,"valueName":"search_term_string"}}],"inLanguage":"fr-FR"},{"@type":"Organization","@id":"https:\/\/aguilas.es\/fr\/#organization","name":"\u00c1guilas Turismo","url":"https:\/\/aguilas.es\/fr\/","logo":{"@type":"ImageObject","inLanguage":"fr-FR","@id":"https:\/\/aguilas.es\/fr\/#\/schema\/logo\/image\/","url":"https:\/\/aguilas.es\/wp-content\/uploads\/2025\/04\/Logo-Aguilas-turismo.png","contentUrl":"https:\/\/aguilas.es\/wp-content\/uploads\/2025\/04\/Logo-Aguilas-turismo.png","width":575,"height":229,"caption":"\u00c1guilas Turismo"},"image":{"@id":"https:\/\/aguilas.es\/fr\/#\/schema\/logo\/image\/"}}]}},"_links":{"self":[{"href":"https:\/\/aguilas.es\/fr\/wp-json\/wp\/v2\/pages\/8212","targetHints":{"allow":["GET"]}}],"collection":[{"href":"https:\/\/aguilas.es\/fr\/wp-json\/wp\/v2\/pages"}],"about":[{"href":"https:\/\/aguilas.es\/fr\/wp-json\/wp\/v2\/types\/page"}],"author":[{"embeddable":true,"href":"https:\/\/aguilas.es\/fr\/wp-json\/wp\/v2\/users\/1"}],"replies":[{"embeddable":true,"href":"https:\/\/aguilas.es\/fr\/wp-json\/wp\/v2\/comments?post=8212"}],"version-history":[{"count":2,"href":"https:\/\/aguilas.es\/fr\/wp-json\/wp\/v2\/pages\/8212\/revisions"}],"predecessor-version":[{"id":8471,"href":"https:\/\/aguilas.es\/fr\/wp-json\/wp\/v2\/pages\/8212\/revisions\/8471"}],"up":[{"embeddable":true,"href":"https:\/\/aguilas.es\/fr\/wp-json\/wp\/v2\/pages\/8468"}],"wp:featuredmedia":[{"embeddable":true,"href":"https:\/\/aguilas.es\/fr\/wp-json\/wp\/v2\/media\/8213"}],"wp:attachment":[{"href":"https:\/\/aguilas.es\/fr\/wp-json\/wp\/v2\/media?parent=8212"}],"curies":[{"name":"wp","href":"https:\/\/api.w.org\/{rel}","templated":true}]}}