{"id":8343,"date":"2025-04-03T16:16:13","date_gmt":"2025-04-03T14:16:13","guid":{"rendered":"https:\/\/aguilas.es\/informations-utiles\/"},"modified":"2026-02-23T14:18:53","modified_gmt":"2026-02-23T13:18:53","slug":"informations-utiles","status":"publish","type":"page","link":"https:\/\/aguilas.es\/fr\/decouvrez-aguilas\/informations-utiles\/","title":{"rendered":"Informations utiles"},"content":{"rendered":"\t\t<div data-elementor-type=\"wp-page\" data-elementor-id=\"8343\" class=\"elementor elementor-8343 elementor-3538\">\n\t\t\t\t<div class=\"porto_stretch_css stretch_row_css elementor-element elementor-element-7aafe5d e-flex e-con-boxed e-con e-parent\" data-id=\"7aafe5d\" data-element_type=\"container\" data-settings=\"{&quot;background_background&quot;:&quot;classic&quot;}\">\r\n\t\t\t\t\t<div class=\"e-con-inner\">\r\n\t\t<div class=\"elementor-element elementor-element-85fe170 e-con-full e-flex e-con e-child\" data-id=\"85fe170\" data-element_type=\"container\">\r\n\t\t\t\t<div class=\"elementor-element elementor-element-ffbec20 elementor-widget elementor-widget-porto_ultimate_heading\" data-id=\"ffbec20\" data-element_type=\"widget\" data-widget_type=\"porto_ultimate_heading.default\">\n\t\t\t\t<div class=\"elementor-widget-container\">\n\t\t\t\t\t<div class=\"porto-u-heading  porto-u-ad87e2eaf3f9c495180fe0156ddf3eb0\"><div class=\"porto-u-sub-heading\" style=\"\"><p>Informations cl\u00e9s pour d\u00e9couvrir \u00c1guilas&nbsp;: climat, emplacement et attraits essentiels.<\/p><\/div><style>.porto-u-ad87e2eaf3f9c495180fe0156ddf3eb0.porto-u-heading{text-align:left}<\/style><\/div>\t\t\t\t<\/div>\n\t\t\t\t<\/div>\n\t\t\t\t<div class=\"elementor-element elementor-element-94ab29d elementor-widget elementor-widget-porto_page_header\" data-id=\"94ab29d\" data-element_type=\"widget\" data-widget_type=\"porto_page_header.default\">\n\t\t\t\t<div class=\"elementor-widget-container\">\n\t\t\t\t\t<div class=\"page-top page-header-6\"><style>.page-top { background: none; border-bottom: none; } .page-top .page-title:not(.b-none):after { display: none; }<\/style><div class=\"container hide-title\">\r\n\t<div class=\"row\">\r\n\t\t<div class=\"col-lg-12 clearfix\">\r\n\t\t\t<div class=\"pt-right d-none\">\r\n\t\t\t\t\t\t\t\t<h1 class=\"page-title\"><\/h1>\r\n\t\t\t\t\t\t\t<\/div>\r\n\t\t\t\t\t\t\t<div class=\"breadcrumbs-wrap pt-left\">\r\n\t\t\t\t\t<ul class=\"breadcrumb\" itemscope itemtype=\"https:\/\/schema.org\/BreadcrumbList\"><li class=\"home\" itemprop=\"itemListElement\" itemscope itemtype=\"https:\/\/schema.org\/ListItem\"><a itemprop=\"item\" href=\"https:\/\/aguilas.es\/fr\/\" title=\"Go to Home Page\"><span itemprop=\"name\">Home<\/span><\/a><meta itemprop=\"position\" content=\"1\" \/><i class=\"delimiter delimiter-2\"><\/i><\/li><\/ul>\t\t\t\t<\/div>\r\n\t\t\t\t\t\t\t\t<\/div>\r\n\t<\/div>\r\n<\/div>\r\n<\/div>\t\t\t\t<\/div>\n\t\t\t\t<\/div>\n\t\t\t\t<\/div>\n\t\t\t\t\t<\/div>\n\t\t\t\t<\/div>\n\t\t<div class=\"elementor-element elementor-element-ba36fe7 e-flex e-con-boxed e-con e-parent\" data-id=\"ba36fe7\" data-element_type=\"container\">\r\n\t\t\t\t\t<div class=\"e-con-inner\">\r\n\t\t\t\t<div class=\"elementor-element elementor-element-45806cb elementor-widget elementor-widget-text-editor\" data-id=\"45806cb\" data-element_type=\"widget\" data-widget_type=\"text-editor.default\">\n\t\t\t\t<div class=\"elementor-widget-container\">\n\t\t\t\t\t\t\t\t\t<h2 data-start=\"209\" data-end=\"259\">\u00c1guilas, une destination qui brille toute l\u2019ann\u00e9e<\/h2><p data-start=\"261\" data-end=\"545\"><strong data-start=\"261\" data-end=\"275\">Population&nbsp;:<\/strong> 37&nbsp;417&nbsp;habitants (+&nbsp;population flottante) \u00b7 <strong data-start=\"319\" data-end=\"334\">Superficie&nbsp;:<\/strong> 251,80&nbsp;km\u00b2 \u00b7 <strong data-start=\"348\" data-end=\"361\">Densit\u00e9&nbsp;:<\/strong> 148,6&nbsp;hab.\/km\u00b2<br data-start=\"375\" data-end=\"378\"><strong data-start=\"378\" data-end=\"406\">Temp\u00e9rature annuelle moyenne&nbsp;:<\/strong> 18&nbsp;\u00baC \u00b7 <strong data-start=\"415\" data-end=\"445\">Temp\u00e9rature moyenne de la mer&nbsp;:<\/strong> 20&nbsp;\u00baC \u00b7 <strong data-start=\"454\" data-end=\"478\">Heures d\u2019ensoleillement par an&nbsp;:<\/strong> 3&nbsp;200<br data-start=\"484\" data-end=\"487\"><strong data-start=\"487\" data-end=\"497\">Climat&nbsp;:<\/strong> Sec et temp\u00e9r\u00e9, avec de faibles pr\u00e9cipitations.<\/p><p data-start=\"547\" data-end=\"833\">\u00c1guilas profite d\u2019un <strong data-start=\"570\" data-end=\"591\">climat exceptionnel<\/strong>, doux et ensoleill\u00e9 la majeure partie de l\u2019ann\u00e9e, parfait pour celles et ceux qui recherchent <strong data-start=\"662\" data-end=\"693\">bien-\u00eatre, nature et mer<\/strong>. Ses <strong data-start=\"699\" data-end=\"741\">36 criques et plages aux eaux cristallines<\/strong> offrent le cadre id\u00e9al pour se d\u00e9tendre ou pratiquer toutes sortes de <strong data-start=\"809\" data-end=\"830\">sports nautiques<\/strong>. <\/p><p data-start=\"835\" data-end=\"1028\">De plus, la ville maintient son <strong data-start=\"865\" data-end=\"898\">activit\u00e9 tout au long de l\u2019ann\u00e9e<\/strong>&nbsp;: les commerces, les restaurants et les services restent ouverts en toute saison, garantissant une exp\u00e9rience confortable et compl\u00e8te.<\/p><h3 data-start=\"1030\" data-end=\"1069\">Distances vers les villes proches<\/h3><ul data-start=\"1070\" data-end=\"1297\"><li data-start=\"1070\" data-end=\"1102\"><p data-start=\"1072\" data-end=\"1102\"><strong data-start=\"1072\" data-end=\"1083\">Murcie&nbsp;:<\/strong> 103&nbsp;km (autoroute)<\/p><\/li><li data-start=\"1103\" data-end=\"1139\"><p data-start=\"1105\" data-end=\"1139\"><strong data-start=\"1105\" data-end=\"1119\">Carthag\u00e8ne&nbsp;:<\/strong> 80&nbsp;km (autoroute)<\/p><\/li><li data-start=\"1140\" data-end=\"1160\"><p data-start=\"1142\" data-end=\"1160\"><strong data-start=\"1142\" data-end=\"1152\">Lorca&nbsp;:<\/strong> 37&nbsp;km<\/p><\/li><li data-start=\"1161\" data-end=\"1206\"><p data-start=\"1163\" data-end=\"1206\"><strong data-start=\"1163\" data-end=\"1186\">Puerto de Mazarr\u00f3n&nbsp;:<\/strong> 40&nbsp;km (autoroute)<\/p><\/li><li data-start=\"1207\" data-end=\"1250\"><p data-start=\"1209\" data-end=\"1250\"><strong data-start=\"1209\" data-end=\"1221\">Almer\u00eda&nbsp;:<\/strong> 127&nbsp;km (autoroute-voie rapide)<\/p><\/li><li data-start=\"1251\" data-end=\"1273\"><p data-start=\"1253\" data-end=\"1273\"><strong data-start=\"1253\" data-end=\"1265\">Moj\u00e1car&nbsp;:<\/strong> 48&nbsp;km<\/p><\/li><li data-start=\"1274\" data-end=\"1297\"><p data-start=\"1276\" data-end=\"1297\"><strong data-start=\"1276\" data-end=\"1288\">Grenade&nbsp;:<\/strong> 250&nbsp;km<\/p><\/li><\/ul><h3 data-start=\"1299\" data-end=\"1332\">A\u00e9roports les plus proches<\/h3><ul data-start=\"1333\" data-end=\"1454\"><li data-start=\"1333\" data-end=\"1381\"><p data-start=\"1335\" data-end=\"1381\"><strong data-start=\"1335\" data-end=\"1366\">R\u00e9gion de Murcie (Corvera)&nbsp;:<\/strong> 80&nbsp;km (AP-7)<\/p><\/li><li data-start=\"1382\" data-end=\"1408\"><p data-start=\"1384\" data-end=\"1408\"><strong data-start=\"1384\" data-end=\"1397\">Alicante&nbsp;:<\/strong> 188,9&nbsp;km<\/p><\/li><li data-start=\"1409\" data-end=\"1454\"><p data-start=\"1411\" data-end=\"1454\"><strong data-start=\"1411\" data-end=\"1423\">Almer\u00eda&nbsp;:<\/strong> 119,4&nbsp;km (autoroute-voie rapide)<\/p><\/li><\/ul><p data-start=\"1456\" data-end=\"1682\">Avec son <strong data-start=\"1463\" data-end=\"1505\">paysage d\u2019une grande richesse environnementale<\/strong>, sa <strong data-start=\"1510\" data-end=\"1538\">gastronomie m\u00e9diterran\u00e9enne<\/strong> et son <strong data-start=\"1544\" data-end=\"1565\">ambiance chaleureuse<\/strong>, \u00c1guilas est bien plus qu\u2019une destination touristique&nbsp;:<br data-start=\"1613\" data-end=\"1616\">c\u2019est un lieu o\u00f9 <strong data-start=\"1634\" data-end=\"1679\">vivre, sentir et profiter de la M\u00e9diterran\u00e9e<\/strong>.<\/p><h6 style=\"text-align: right;\"><strong>Derni\u00e8re mise \u00e0 jour&nbsp;: Octobre&nbsp;2025<\/strong><\/h6>\t\t\t\t\t\t\t\t<\/div>\n\t\t\t\t<\/div>\n\t\t\t\t\t<\/div>\n\t\t\t\t<\/div>\n\t\t\t\t<\/div>\n\t\t","protected":false},"excerpt":{"rendered":"<p>Informations cl\u00e9s pour d\u00e9couvrir \u00c1guilas&nbsp;: climat, emplacement et attraits essentiels. Home \u00c1guilas, une destination qui brille toute l\u2019ann\u00e9e Population&nbsp;: 37&nbsp;417&nbsp;habitants (+&nbsp;population flottante) \u00b7 Superficie&nbsp;: 251,80&nbsp;km\u00b2 \u00b7 Densit\u00e9&nbsp;: 148,6&nbsp;hab.\/km\u00b2Temp\u00e9rature annuelle moyenne&nbsp;: 18&nbsp;\u00baC \u00b7 Temp\u00e9rature moyenne de la mer&nbsp;: 20&nbsp;\u00baC \u00b7 Heures d\u2019ensoleillement par an&nbsp;: 3&nbsp;200Climat&nbsp;: Sec et temp\u00e9r\u00e9, avec de faibles pr\u00e9cipitations. \u00c1guilas profite d\u2019un climat [&hellip;]<\/p>\n","protected":false},"author":1,"featured_media":8346,"parent":8468,"menu_order":0,"comment_status":"closed","ping_status":"closed","template":"","meta":{"footnotes":""},"class_list":["post-8343","page","type-page","status-publish","has-post-thumbnail","hentry"],"yoast_head":"<!-- This site is optimized with the Yoast SEO plugin v26.6 - https:\/\/yoast.com\/wordpress\/plugins\/seo\/ -->\n<title>\u00c1guilas Turismo | Informations utiles<\/title>\n<meta name=\"description\" content=\"Trouvez des informations int\u00e9ressantes sur la municipalit\u00e9 d&#039;\u00c1guilas, de son climat exceptionnel aux villes et a\u00e9roports les plus proches.\" \/>\n<meta name=\"robots\" content=\"index, follow, max-snippet:-1, max-image-preview:large, max-video-preview:-1\" \/>\n<link rel=\"canonical\" href=\"https:\/\/aguilas.es\/fr\/decouvrez-aguilas\/informations-utiles\/\" \/>\n<meta property=\"og:locale\" content=\"fr_FR\" \/>\n<meta property=\"og:type\" content=\"article\" \/>\n<meta property=\"og:title\" content=\"\u00c1guilas Turismo | Informations utiles\" \/>\n<meta property=\"og:description\" content=\"Trouvez des informations int\u00e9ressantes sur la municipalit\u00e9 d&#039;\u00c1guilas, de son climat exceptionnel aux villes et a\u00e9roports les plus proches.\" \/>\n<meta property=\"og:url\" content=\"https:\/\/aguilas.es\/fr\/decouvrez-aguilas\/informations-utiles\/\" \/>\n<meta property=\"og:site_name\" content=\"\u00c1guilas Turismo\" \/>\n<meta property=\"article:modified_time\" content=\"2026-02-23T13:18:53+00:00\" \/>\n<meta property=\"og:image\" content=\"https:\/\/aguilas.es\/wp-content\/uploads\/2025\/07\/alateasocialmedia_oficinaturismo-monumentos-000032.jpg\" \/>\n\t<meta property=\"og:image:width\" content=\"1920\" \/>\n\t<meta property=\"og:image:height\" content=\"1280\" \/>\n\t<meta property=\"og:image:type\" content=\"image\/jpeg\" \/>\n<meta name=\"twitter:card\" content=\"summary_large_image\" \/>\n<meta name=\"twitter:label1\" content=\"Dur\u00e9e de lecture estim\u00e9e\" \/>\n\t<meta name=\"twitter:data1\" content=\"1 minute\" \/>\n<script type=\"application\/ld+json\" class=\"yoast-schema-graph\">{\"@context\":\"https:\/\/schema.org\",\"@graph\":[{\"@type\":\"WebPage\",\"@id\":\"https:\/\/aguilas.es\/fr\/decouvrez-aguilas\/informations-utiles\/\",\"url\":\"https:\/\/aguilas.es\/fr\/decouvrez-aguilas\/informations-utiles\/\",\"name\":\"\u00c1guilas Turismo | Informations utiles\",\"isPartOf\":{\"@id\":\"https:\/\/aguilas.es\/fr\/#website\"},\"primaryImageOfPage\":{\"@id\":\"https:\/\/aguilas.es\/fr\/decouvrez-aguilas\/informations-utiles\/#primaryimage\"},\"image\":{\"@id\":\"https:\/\/aguilas.es\/fr\/decouvrez-aguilas\/informations-utiles\/#primaryimage\"},\"thumbnailUrl\":\"https:\/\/aguilas.es\/wp-content\/uploads\/2025\/07\/alateasocialmedia_oficinaturismo-monumentos-000032.jpg\",\"datePublished\":\"2025-04-03T14:16:13+00:00\",\"dateModified\":\"2026-02-23T13:18:53+00:00\",\"description\":\"Trouvez des informations int\u00e9ressantes sur la municipalit\u00e9 d'\u00c1guilas, de son climat exceptionnel aux villes et a\u00e9roports les plus proches.\",\"breadcrumb\":{\"@id\":\"https:\/\/aguilas.es\/fr\/decouvrez-aguilas\/informations-utiles\/#breadcrumb\"},\"inLanguage\":\"fr-FR\",\"potentialAction\":[{\"@type\":\"ReadAction\",\"target\":[\"https:\/\/aguilas.es\/fr\/decouvrez-aguilas\/informations-utiles\/\"]}]},{\"@type\":\"ImageObject\",\"inLanguage\":\"fr-FR\",\"@id\":\"https:\/\/aguilas.es\/fr\/decouvrez-aguilas\/informations-utiles\/#primaryimage\",\"url\":\"https:\/\/aguilas.es\/wp-content\/uploads\/2025\/07\/alateasocialmedia_oficinaturismo-monumentos-000032.jpg\",\"contentUrl\":\"https:\/\/aguilas.es\/wp-content\/uploads\/2025\/07\/alateasocialmedia_oficinaturismo-monumentos-000032.jpg\",\"width\":1920,\"height\":1280,\"caption\":\"Moulin de Sagrera et ch\u00e2teau San Juan de las \u00c1guilas\"},{\"@type\":\"BreadcrumbList\",\"@id\":\"https:\/\/aguilas.es\/fr\/decouvrez-aguilas\/informations-utiles\/#breadcrumb\",\"itemListElement\":[{\"@type\":\"ListItem\",\"position\":1,\"name\":\"Portada\",\"item\":\"https:\/\/aguilas.es\/fr\/accueil\/\"},{\"@type\":\"ListItem\",\"position\":2,\"name\":\"D\u00e9couvrez \u00c1guilas\",\"item\":\"https:\/\/aguilas.es\/fr\/decouvrez-aguilas\/\"},{\"@type\":\"ListItem\",\"position\":3,\"name\":\"Informations utiles\"}]},{\"@type\":\"WebSite\",\"@id\":\"https:\/\/aguilas.es\/fr\/#website\",\"url\":\"https:\/\/aguilas.es\/fr\/\",\"name\":\"\u00c1guilas Turismo\",\"description\":\"\",\"publisher\":{\"@id\":\"https:\/\/aguilas.es\/fr\/#organization\"},\"potentialAction\":[{\"@type\":\"SearchAction\",\"target\":{\"@type\":\"EntryPoint\",\"urlTemplate\":\"https:\/\/aguilas.es\/fr\/?s={search_term_string}\"},\"query-input\":{\"@type\":\"PropertyValueSpecification\",\"valueRequired\":true,\"valueName\":\"search_term_string\"}}],\"inLanguage\":\"fr-FR\"},{\"@type\":\"Organization\",\"@id\":\"https:\/\/aguilas.es\/fr\/#organization\",\"name\":\"\u00c1guilas Turismo\",\"url\":\"https:\/\/aguilas.es\/fr\/\",\"logo\":{\"@type\":\"ImageObject\",\"inLanguage\":\"fr-FR\",\"@id\":\"https:\/\/aguilas.es\/fr\/#\/schema\/logo\/image\/\",\"url\":\"https:\/\/aguilas.es\/wp-content\/uploads\/2025\/04\/Logo-Aguilas-turismo.png\",\"contentUrl\":\"https:\/\/aguilas.es\/wp-content\/uploads\/2025\/04\/Logo-Aguilas-turismo.png\",\"width\":575,\"height\":229,\"caption\":\"\u00c1guilas Turismo\"},\"image\":{\"@id\":\"https:\/\/aguilas.es\/fr\/#\/schema\/logo\/image\/\"}}]}<\/script>\n<!-- \/ Yoast SEO plugin. -->","yoast_head_json":{"title":"\u00c1guilas Turismo | Informations utiles","description":"Trouvez des informations int\u00e9ressantes sur la municipalit\u00e9 d'\u00c1guilas, de son climat exceptionnel aux villes et a\u00e9roports les plus proches.","robots":{"index":"index","follow":"follow","max-snippet":"max-snippet:-1","max-image-preview":"max-image-preview:large","max-video-preview":"max-video-preview:-1"},"canonical":"https:\/\/aguilas.es\/fr\/decouvrez-aguilas\/informations-utiles\/","og_locale":"fr_FR","og_type":"article","og_title":"\u00c1guilas Turismo | Informations utiles","og_description":"Trouvez des informations int\u00e9ressantes sur la municipalit\u00e9 d'\u00c1guilas, de son climat exceptionnel aux villes et a\u00e9roports les plus proches.","og_url":"https:\/\/aguilas.es\/fr\/decouvrez-aguilas\/informations-utiles\/","og_site_name":"\u00c1guilas Turismo","article_modified_time":"2026-02-23T13:18:53+00:00","og_image":[{"width":1920,"height":1280,"url":"https:\/\/aguilas.es\/wp-content\/uploads\/2025\/07\/alateasocialmedia_oficinaturismo-monumentos-000032.jpg","type":"image\/jpeg"}],"twitter_card":"summary_large_image","twitter_misc":{"Dur\u00e9e de lecture estim\u00e9e":"1 minute"},"schema":{"@context":"https:\/\/schema.org","@graph":[{"@type":"WebPage","@id":"https:\/\/aguilas.es\/fr\/decouvrez-aguilas\/informations-utiles\/","url":"https:\/\/aguilas.es\/fr\/decouvrez-aguilas\/informations-utiles\/","name":"\u00c1guilas Turismo | Informations utiles","isPartOf":{"@id":"https:\/\/aguilas.es\/fr\/#website"},"primaryImageOfPage":{"@id":"https:\/\/aguilas.es\/fr\/decouvrez-aguilas\/informations-utiles\/#primaryimage"},"image":{"@id":"https:\/\/aguilas.es\/fr\/decouvrez-aguilas\/informations-utiles\/#primaryimage"},"thumbnailUrl":"https:\/\/aguilas.es\/wp-content\/uploads\/2025\/07\/alateasocialmedia_oficinaturismo-monumentos-000032.jpg","datePublished":"2025-04-03T14:16:13+00:00","dateModified":"2026-02-23T13:18:53+00:00","description":"Trouvez des informations int\u00e9ressantes sur la municipalit\u00e9 d'\u00c1guilas, de son climat exceptionnel aux villes et a\u00e9roports les plus proches.","breadcrumb":{"@id":"https:\/\/aguilas.es\/fr\/decouvrez-aguilas\/informations-utiles\/#breadcrumb"},"inLanguage":"fr-FR","potentialAction":[{"@type":"ReadAction","target":["https:\/\/aguilas.es\/fr\/decouvrez-aguilas\/informations-utiles\/"]}]},{"@type":"ImageObject","inLanguage":"fr-FR","@id":"https:\/\/aguilas.es\/fr\/decouvrez-aguilas\/informations-utiles\/#primaryimage","url":"https:\/\/aguilas.es\/wp-content\/uploads\/2025\/07\/alateasocialmedia_oficinaturismo-monumentos-000032.jpg","contentUrl":"https:\/\/aguilas.es\/wp-content\/uploads\/2025\/07\/alateasocialmedia_oficinaturismo-monumentos-000032.jpg","width":1920,"height":1280,"caption":"Moulin de Sagrera et ch\u00e2teau San Juan de las \u00c1guilas"},{"@type":"BreadcrumbList","@id":"https:\/\/aguilas.es\/fr\/decouvrez-aguilas\/informations-utiles\/#breadcrumb","itemListElement":[{"@type":"ListItem","position":1,"name":"Portada","item":"https:\/\/aguilas.es\/fr\/accueil\/"},{"@type":"ListItem","position":2,"name":"D\u00e9couvrez \u00c1guilas","item":"https:\/\/aguilas.es\/fr\/decouvrez-aguilas\/"},{"@type":"ListItem","position":3,"name":"Informations utiles"}]},{"@type":"WebSite","@id":"https:\/\/aguilas.es\/fr\/#website","url":"https:\/\/aguilas.es\/fr\/","name":"\u00c1guilas Turismo","description":"","publisher":{"@id":"https:\/\/aguilas.es\/fr\/#organization"},"potentialAction":[{"@type":"SearchAction","target":{"@type":"EntryPoint","urlTemplate":"https:\/\/aguilas.es\/fr\/?s={search_term_string}"},"query-input":{"@type":"PropertyValueSpecification","valueRequired":true,"valueName":"search_term_string"}}],"inLanguage":"fr-FR"},{"@type":"Organization","@id":"https:\/\/aguilas.es\/fr\/#organization","name":"\u00c1guilas Turismo","url":"https:\/\/aguilas.es\/fr\/","logo":{"@type":"ImageObject","inLanguage":"fr-FR","@id":"https:\/\/aguilas.es\/fr\/#\/schema\/logo\/image\/","url":"https:\/\/aguilas.es\/wp-content\/uploads\/2025\/04\/Logo-Aguilas-turismo.png","contentUrl":"https:\/\/aguilas.es\/wp-content\/uploads\/2025\/04\/Logo-Aguilas-turismo.png","width":575,"height":229,"caption":"\u00c1guilas Turismo"},"image":{"@id":"https:\/\/aguilas.es\/fr\/#\/schema\/logo\/image\/"}}]}},"_links":{"self":[{"href":"https:\/\/aguilas.es\/fr\/wp-json\/wp\/v2\/pages\/8343","targetHints":{"allow":["GET"]}}],"collection":[{"href":"https:\/\/aguilas.es\/fr\/wp-json\/wp\/v2\/pages"}],"about":[{"href":"https:\/\/aguilas.es\/fr\/wp-json\/wp\/v2\/types\/page"}],"author":[{"embeddable":true,"href":"https:\/\/aguilas.es\/fr\/wp-json\/wp\/v2\/users\/1"}],"replies":[{"embeddable":true,"href":"https:\/\/aguilas.es\/fr\/wp-json\/wp\/v2\/comments?post=8343"}],"version-history":[{"count":7,"href":"https:\/\/aguilas.es\/fr\/wp-json\/wp\/v2\/pages\/8343\/revisions"}],"predecessor-version":[{"id":10894,"href":"https:\/\/aguilas.es\/fr\/wp-json\/wp\/v2\/pages\/8343\/revisions\/10894"}],"up":[{"embeddable":true,"href":"https:\/\/aguilas.es\/fr\/wp-json\/wp\/v2\/pages\/8468"}],"wp:featuredmedia":[{"embeddable":true,"href":"https:\/\/aguilas.es\/fr\/wp-json\/wp\/v2\/media\/8346"}],"wp:attachment":[{"href":"https:\/\/aguilas.es\/fr\/wp-json\/wp\/v2\/media?parent=8343"}],"curies":[{"name":"wp","href":"https:\/\/api.w.org\/{rel}","templated":true}]}}