{"id":8500,"date":"2025-04-03T16:19:56","date_gmt":"2025-04-03T14:19:56","guid":{"rendered":"https:\/\/aguilas.es\/tourisme-accessible\/"},"modified":"2026-02-23T13:10:08","modified_gmt":"2026-02-23T12:10:08","slug":"tourisme-accessible","status":"publish","type":"page","link":"https:\/\/aguilas.es\/fr\/experiences-a-aguilas\/explorez-aguilas\/tourisme-accessible\/","title":{"rendered":"Tourisme accessible"},"content":{"rendered":"\t\t<div data-elementor-type=\"wp-page\" data-elementor-id=\"8500\" class=\"elementor elementor-8500 elementor-3559\">\n\t\t\t\t<div class=\"porto_stretch_css stretch_row_css elementor-element elementor-element-e70e6e7 e-flex e-con-boxed e-con e-parent\" data-id=\"e70e6e7\" data-element_type=\"container\" data-settings=\"{&quot;background_background&quot;:&quot;classic&quot;}\">\r\n\t\t\t\t\t<div class=\"e-con-inner\">\r\n\t\t<div class=\"elementor-element elementor-element-01ace81 e-con-full e-flex e-con e-child\" data-id=\"01ace81\" data-element_type=\"container\">\r\n\t\t\t\t<div class=\"elementor-element elementor-element-c3f6e44 elementor-widget elementor-widget-porto_ultimate_heading\" data-id=\"c3f6e44\" data-element_type=\"widget\" data-widget_type=\"porto_ultimate_heading.default\">\n\t\t\t\t<div class=\"elementor-widget-container\">\n\t\t\t\t\t<div class=\"porto-u-heading  porto-u-ad87e2eaf3f9c495180fe0156ddf3eb0\"><div class=\"porto-u-sub-heading\" style=\"\"><p>\u00c1guilas accessible : beaut\u00e9 naturelle et accessibilit\u00e9 sur la c\u00f4te<\/p><\/div><style>.porto-u-ad87e2eaf3f9c495180fe0156ddf3eb0.porto-u-heading{text-align:left}<\/style><\/div>\t\t\t\t<\/div>\n\t\t\t\t<\/div>\n\t\t\t\t<div class=\"elementor-element elementor-element-4425ad0 elementor-widget elementor-widget-porto_page_header\" data-id=\"4425ad0\" data-element_type=\"widget\" data-widget_type=\"porto_page_header.default\">\n\t\t\t\t<div class=\"elementor-widget-container\">\n\t\t\t\t\t<div class=\"page-top page-header-6\"><style>.page-top { background: none; border-bottom: none; } .page-top .page-title:not(.b-none):after { display: none; }<\/style><div class=\"container hide-title\">\r\n\t<div class=\"row\">\r\n\t\t<div class=\"col-lg-12 clearfix\">\r\n\t\t\t<div class=\"pt-right d-none\">\r\n\t\t\t\t\t\t\t\t<h1 class=\"page-title\"><\/h1>\r\n\t\t\t\t\t\t\t<\/div>\r\n\t\t\t\t\t\t\t<div class=\"breadcrumbs-wrap pt-left\">\r\n\t\t\t\t\t<ul class=\"breadcrumb\" itemscope itemtype=\"https:\/\/schema.org\/BreadcrumbList\"><li class=\"home\" itemprop=\"itemListElement\" itemscope itemtype=\"https:\/\/schema.org\/ListItem\"><a itemprop=\"item\" href=\"https:\/\/aguilas.es\/fr\/\" title=\"Go to Home Page\"><span itemprop=\"name\">Home<\/span><\/a><meta itemprop=\"position\" content=\"1\" \/><i class=\"delimiter delimiter-2\"><\/i><\/li><\/ul>\t\t\t\t<\/div>\r\n\t\t\t\t\t\t\t\t<\/div>\r\n\t<\/div>\r\n<\/div>\r\n<\/div>\t\t\t\t<\/div>\n\t\t\t\t<\/div>\n\t\t\t\t<\/div>\n\t\t\t\t\t<\/div>\n\t\t\t\t<\/div>\n\t\t<div class=\"elementor-element elementor-element-50dbdab e-flex e-con-boxed e-con e-parent\" data-id=\"50dbdab\" data-element_type=\"container\">\r\n\t\t\t\t\t<div class=\"e-con-inner\">\r\n\t\t\t\t<div class=\"elementor-element elementor-element-a1f70f7 elementor-widget elementor-widget-text-editor\" data-id=\"a1f70f7\" data-element_type=\"widget\" data-widget_type=\"text-editor.default\">\n\t\t\t\t<div class=\"elementor-widget-container\">\n\t\t\t\t\t\t\t\t\t<h3 style=\"text-align: center;\" data-start=\"256\" data-end=\"285\"><strong data-start=\"260\" data-end=\"285\">\u00c1guilas est pour tous<\/strong><\/h3><p style=\"text-align: center;\" data-start=\"287\" data-end=\"529\">Avec des plages adapt\u00e9es, des passerelles accessibles, des fauteuils amphibies et des zones de baignade assist\u00e9e, \u00e0 \u00c1guilas la mer est pour tous.<br data-start=\"405\" data-end=\"408\">L&rsquo;office de tourisme \u00e9limine les barri\u00e8res, et les aires de jeux inclusives invitent au jeu partag\u00e9 sans distinctions.<\/p><p style=\"text-align: center;\" data-start=\"531\" data-end=\"684\">Ici, les loisirs, la culture et le repos n&rsquo;excluent personne.<br data-start=\"591\" data-end=\"594\">Viens vivre une destination pens\u00e9e pour toi.<br data-start=\"632\" data-end=\"635\"><strong data-start=\"635\" data-end=\"684\">Sans limites. Sans barri\u00e8res. Juste des exp\u00e9riences.<\/strong><\/p><p style=\"text-align: center;\" data-start=\"686\" data-end=\"708\"><strong data-start=\"686\" data-end=\"708\">\u00c1guilas vous attend.<\/strong><\/p>\t\t\t\t\t\t\t\t<\/div>\n\t\t\t\t<\/div>\n\t\t\t\t\t<\/div>\n\t\t\t\t<\/div>\n\t\t<div class=\"elementor-element elementor-element-52aa73f e-con-full e-flex e-con e-parent\" data-id=\"52aa73f\" data-element_type=\"container\">\r\n\t\t\t\t<div class=\"elementor-element elementor-element-e41d697 elemento-titulo-con-subtitulo elementor-widget elementor-widget-porto_ultimate_heading\" data-id=\"e41d697\" data-element_type=\"widget\" data-widget_type=\"porto_ultimate_heading.default\">\n\t\t\t\t<div class=\"elementor-widget-container\">\n\t\t\t\t\t<div class=\"porto-u-heading  porto-u-55ca8359258f9a412be7e73af65d2aac\"><div class=\"porto-u-main-heading\"><h2   >ACCESSIBILIT\u00c9 \u00c0 \u00c1GUILAS<\/h2><\/div><div class=\"porto-u-sub-heading\" style=\"\"><p>Un parc accessible pour tous, un espace pour chaque sourire<\/p><\/div><style>.porto-u-55ca8359258f9a412be7e73af65d2aac.porto-u-heading{text-align:center}<\/style><\/div>\t\t\t\t<\/div>\n\t\t\t\t<\/div>\n\t\t<div class=\"elementor-element elementor-element-fa8882e e-con-full e-flex e-con e-child\" data-id=\"fa8882e\" data-element_type=\"container\">\r\n\t\t<div class=\"elementor-element elementor-element-c631274 e-con-full contenedor-imagenes e-flex e-con e-child\" data-id=\"c631274\" data-element_type=\"container\">\r\n\t\t\t\t<div class=\"elementor-element elementor-element-5010673 imagen-1 elementor-widget elementor-widget-image\" data-id=\"5010673\" data-element_type=\"widget\" data-widget_type=\"image.default\">\n\t\t\t\t<div class=\"elementor-widget-container\">\n\t\t\t\t\t\t\t\t\t\t\t\t\t\t\t<img fetchpriority=\"high\" decoding=\"async\" width=\"450\" height=\"231\" src=\"https:\/\/aguilas.es\/wp-content\/uploads\/2025\/07\/alateasocialmedia_oficinaturismo-ciudad_000154-450x231.jpg\" class=\"attachment-related-post size-related-post wp-image-8504\" alt=\"\" \/>\t\t\t\t\t\t\t\t\t\t\t\t\t\t\t<\/div>\n\t\t\t\t<\/div>\n\t\t\t\t<div class=\"elementor-element elementor-element-f40b35b imagen-2 elementor-widget elementor-widget-image\" data-id=\"f40b35b\" data-element_type=\"widget\" data-widget_type=\"image.default\">\n\t\t\t\t<div class=\"elementor-widget-container\">\n\t\t\t\t\t\t\t\t\t\t\t\t\t\t\t<img decoding=\"async\" width=\"450\" height=\"231\" src=\"https:\/\/aguilas.es\/wp-content\/uploads\/2025\/07\/alateasocialmedia_oficinaturismo-ciudad_000141-450x231.jpg\" class=\"attachment-related-post size-related-post wp-image-8503\" alt=\"\" \/>\t\t\t\t\t\t\t\t\t\t\t\t\t\t\t<\/div>\n\t\t\t\t<\/div>\n\t\t\t\t<div class=\"elementor-element elementor-element-dcded3a imagen-3 elementor-widget elementor-widget-image\" data-id=\"dcded3a\" data-element_type=\"widget\" data-widget_type=\"image.default\">\n\t\t\t\t<div class=\"elementor-widget-container\">\n\t\t\t\t\t\t\t\t\t\t\t\t\t\t\t<img decoding=\"async\" width=\"450\" height=\"231\" src=\"https:\/\/aguilas.es\/wp-content\/uploads\/2025\/07\/alateasocialmedia_oficinaturismo-ciudad_000128-450x231.jpg\" class=\"attachment-related-post size-related-post wp-image-8507\" alt=\"\" \/>\t\t\t\t\t\t\t\t\t\t\t\t\t\t\t<\/div>\n\t\t\t\t<\/div>\n\t\t\t\t<\/div>\n\t\t\t\t<div class=\"elementor-element elementor-element-4c505bf elementor-widget__width-initial elementor-widget elementor-widget-text-editor\" data-id=\"4c505bf\" data-element_type=\"widget\" data-widget_type=\"text-editor.default\">\n\t\t\t\t<div class=\"elementor-widget-container\">\n\t\t\t\t\t\t\t\t\t<p data-start=\"89\" data-end=\"133\"><strong data-start=\"89\" data-end=\"133\">\u00c1guilas, une destination accessible pour tous<\/strong><\/p><p data-start=\"135\" data-end=\"495\">\u00c0 \u00c1guilas, profiter de la mer, de la culture et de la nature est \u00e0 la port\u00e9e de tous. Ses principales plages, comme Poniente, Levante ou La Colonia, disposent d&rsquo;acc\u00e8s am\u00e9nag\u00e9s, de passerelles, de fauteuils amphibies et d&rsquo;une assistance personnalis\u00e9e pour les personnes \u00e0 mobilit\u00e9 r\u00e9duite. De plus, l&rsquo;innovante \u00ab&nbsp;\u00eele de baignade&nbsp;\u00bb de La Colonia permet un acc\u00e8s s\u00fbr et confortable \u00e0 la mer.  <\/p><p data-start=\"497\" data-end=\"789\">La ville offre \u00e9galement des espaces culturels accessibles, comme son Office de Tourisme, \u00e9quip\u00e9 pour accueillir les visiteurs handicap\u00e9s physiques ou auditifs. Et pour les plus petits, plusieurs aires de jeux inclusives garantissent le jeu sans barri\u00e8res. <\/p><p data-start=\"791\" data-end=\"890\" data-is-last-node=\"\" data-is-only-node=\"\"><strong data-start=\"791\" data-end=\"890\" data-is-last-node=\"\">\u00c1guilas vous attend avec des plages, une culture et des loisirs pens\u00e9s pour tous. Venez la d\u00e9couvrir sans limites. <\/strong><\/p>\t\t\t\t\t\t\t\t<\/div>\n\t\t\t\t<\/div>\n\t\t\t\t<\/div>\n\t\t\t\t<\/div>\n\t\t<div class=\"elementor-element elementor-element-05b3c2b e-flex e-con-boxed e-con e-parent\" data-id=\"05b3c2b\" data-element_type=\"container\">\r\n\t\t\t\t\t<div class=\"e-con-inner\">\r\n\t\t\t\t<div class=\"elementor-element elementor-element-d6f54f5 elemento-titulo-con-subtitulo elementor-widget elementor-widget-porto_ultimate_heading\" data-id=\"d6f54f5\" data-element_type=\"widget\" data-widget_type=\"porto_ultimate_heading.default\">\n\t\t\t\t<div class=\"elementor-widget-container\">\n\t\t\t\t\t<div class=\"porto-u-heading  porto-u-55ca8359258f9a412be7e73af65d2aac\"><div class=\"porto-u-main-heading\"><h2   >Carte<\/h2><\/div><div class=\"porto-u-sub-heading\" style=\"\"><p>Profitez d'activit\u00e9s en famille con\u00e7ues pour tous, avec des options accessibles qui garantissent un divertissement sans barri\u00e8res pour petits et grands<\/p><\/div><style>.porto-u-55ca8359258f9a412be7e73af65d2aac.porto-u-heading{text-align:center}<\/style><\/div>\t\t\t\t<\/div>\n\t\t\t\t<\/div>\n\t\t\t\t<div class=\"elementor-element elementor-element-230c87e elementor-widget elementor-widget-shortcode\" data-id=\"230c87e\" data-element_type=\"widget\" data-widget_type=\"shortcode.default\">\n\t\t\t\t<div class=\"elementor-widget-container\">\n\t\t\t\t\t\t\t<div class=\"elementor-shortcode\">    <div class=\"aguilas-shortcode-loader\" id=\"aguilas-lista-web-69f73f12cb813\"\r\n        data-tipo=\"lista-web\"  data-id-lista=\"48\"  data-items=\"6\"  data-filtros=\"0\" >\r\n        <div class=\"aguilas-loader\">\r\n            <div class=\"aguilas-spinner\"><\/div>\r\n            <p>Chargement...<\/p>\r\n        <\/div>\r\n    <\/div>\r\n    <\/div>\n\t\t\t\t\t\t<\/div>\n\t\t\t\t<\/div>\n\t\t\t\t\t<\/div>\n\t\t\t\t<\/div>\n\t\t<div class=\"elementor-element elementor-element-e91e2f9 e-flex e-con-boxed e-con e-parent\" data-id=\"e91e2f9\" data-element_type=\"container\">\r\n\t\t\t\t\t<div class=\"e-con-inner\">\r\n\t\t\t\t<div class=\"elementor-element elementor-element-ada0da8 elemento-titulo-con-subtitulo elementor-widget elementor-widget-porto_ultimate_heading\" data-id=\"ada0da8\" data-element_type=\"widget\" data-widget_type=\"porto_ultimate_heading.default\">\n\t\t\t\t<div class=\"elementor-widget-container\">\n\t\t\t\t\t<div class=\"porto-u-heading  porto-u-55ca8359258f9a412be7e73af65d2aac\"><div class=\"porto-u-main-heading\"><h2   >T\u00c9L\u00c9CHARGEMENTS<\/h2><\/div><div class=\"porto-u-sub-heading\" style=\"\"><p>Compl\u00e9tez votre voyage avec d\u2019autres activit\u00e9s int\u00e9ressantes<\/p><\/div><style>.porto-u-55ca8359258f9a412be7e73af65d2aac.porto-u-heading{text-align:center}<\/style><\/div>\t\t\t\t<\/div>\n\t\t\t\t<\/div>\n\t\t\t\t<div class=\"elementor-element elementor-element-599bae3 elementor-widget elementor-widget-shortcode\" data-id=\"599bae3\" data-element_type=\"widget\" data-widget_type=\"shortcode.default\">\n\t\t\t\t<div class=\"elementor-widget-container\">\n\t\t\t\t\t\t\t<div class=\"elementor-shortcode\">    <div class=\"aguilas-shortcode-loader\" id=\"aguilas-lista-web-69f73f12cbb91\"\r\n        data-tipo=\"lista-web\"  data-id-lista=\"58\"  data-items=\"6\"  data-filtros=\"0\" >\r\n        <div class=\"aguilas-loader\">\r\n            <div class=\"aguilas-spinner\"><\/div>\r\n            <p>Chargement...<\/p>\r\n        <\/div>\r\n    <\/div>\r\n    <\/div>\n\t\t\t\t\t\t<\/div>\n\t\t\t\t<\/div>\n\t\t\t\t\t<\/div>\n\t\t\t\t<\/div>\n\t\t<div class=\"elementor-element elementor-element-fe1ffb1 e-flex e-con-boxed e-con e-parent\" data-id=\"fe1ffb1\" data-element_type=\"container\">\r\n\t\t\t\t\t<div class=\"e-con-inner\">\r\n\t\t\t\t\t<\/div>\n\t\t\t\t<\/div>\n\t\t\t\t<\/div>\n\t\t","protected":false},"excerpt":{"rendered":"<p>\u00c1guilas accessible : beaut\u00e9 naturelle et accessibilit\u00e9 sur la c\u00f4te Home \u00c1guilas est pour tous Avec des plages adapt\u00e9es, des passerelles accessibles, des fauteuils amphibies et des zones de baignade assist\u00e9e, \u00e0 \u00c1guilas la mer est pour tous.L&rsquo;office de tourisme \u00e9limine les barri\u00e8res, et les aires de jeux inclusives invitent au jeu partag\u00e9 sans distinctions. [&hellip;]<\/p>\n","protected":false},"author":1,"featured_media":8506,"parent":8615,"menu_order":0,"comment_status":"closed","ping_status":"closed","template":"","meta":{"footnotes":""},"class_list":["post-8500","page","type-page","status-publish","has-post-thumbnail","hentry"],"yoast_head":"<!-- This site is optimized with the Yoast SEO plugin v26.6 - https:\/\/yoast.com\/wordpress\/plugins\/seo\/ -->\n<title>\u00c1guilas Turismo | Tourisme accessible<\/title>\n<meta name=\"description\" content=\"D\u00e9couvre \u00e0 \u00c1guilas ta destination accessible, avec des plages, des zones et des activit\u00e9s adapt\u00e9es \u00e0 tous les besoins, sans limites ni barri\u00e8res.\" \/>\n<meta name=\"robots\" content=\"index, follow, max-snippet:-1, max-image-preview:large, max-video-preview:-1\" \/>\n<link rel=\"canonical\" href=\"https:\/\/aguilas.es\/fr\/experiences-a-aguilas\/explorez-aguilas\/tourisme-accessible\/\" \/>\n<meta property=\"og:locale\" content=\"fr_FR\" \/>\n<meta property=\"og:type\" content=\"article\" \/>\n<meta property=\"og:title\" content=\"\u00c1guilas Turismo | Tourisme accessible\" \/>\n<meta property=\"og:description\" content=\"D\u00e9couvre \u00e0 \u00c1guilas ta destination accessible, avec des plages, des zones et des activit\u00e9s adapt\u00e9es \u00e0 tous les besoins, sans limites ni barri\u00e8res.\" \/>\n<meta property=\"og:url\" content=\"https:\/\/aguilas.es\/fr\/experiences-a-aguilas\/explorez-aguilas\/tourisme-accessible\/\" \/>\n<meta property=\"og:site_name\" content=\"\u00c1guilas Turismo\" \/>\n<meta property=\"article:modified_time\" content=\"2026-02-23T12:10:08+00:00\" \/>\n<meta property=\"og:image\" content=\"https:\/\/aguilas.es\/wp-content\/uploads\/2025\/07\/alateasocialmedia_oficinaturismo-playas-000096.jpg\" \/>\n\t<meta property=\"og:image:width\" content=\"1920\" \/>\n\t<meta property=\"og:image:height\" content=\"1281\" \/>\n\t<meta property=\"og:image:type\" content=\"image\/jpeg\" \/>\n<meta name=\"twitter:card\" content=\"summary_large_image\" \/>\n<meta name=\"twitter:label1\" content=\"Dur\u00e9e de lecture estim\u00e9e\" \/>\n\t<meta name=\"twitter:data1\" content=\"1 minute\" \/>\n<script type=\"application\/ld+json\" class=\"yoast-schema-graph\">{\"@context\":\"https:\/\/schema.org\",\"@graph\":[{\"@type\":\"WebPage\",\"@id\":\"https:\/\/aguilas.es\/fr\/experiences-a-aguilas\/explorez-aguilas\/tourisme-accessible\/\",\"url\":\"https:\/\/aguilas.es\/fr\/experiences-a-aguilas\/explorez-aguilas\/tourisme-accessible\/\",\"name\":\"\u00c1guilas Turismo | Tourisme accessible\",\"isPartOf\":{\"@id\":\"https:\/\/aguilas.es\/fr\/#website\"},\"primaryImageOfPage\":{\"@id\":\"https:\/\/aguilas.es\/fr\/experiences-a-aguilas\/explorez-aguilas\/tourisme-accessible\/#primaryimage\"},\"image\":{\"@id\":\"https:\/\/aguilas.es\/fr\/experiences-a-aguilas\/explorez-aguilas\/tourisme-accessible\/#primaryimage\"},\"thumbnailUrl\":\"https:\/\/aguilas.es\/wp-content\/uploads\/2025\/07\/alateasocialmedia_oficinaturismo-playas-000096.jpg\",\"datePublished\":\"2025-04-03T14:19:56+00:00\",\"dateModified\":\"2026-02-23T12:10:08+00:00\",\"description\":\"D\u00e9couvre \u00e0 \u00c1guilas ta destination accessible, avec des plages, des zones et des activit\u00e9s adapt\u00e9es \u00e0 tous les besoins, sans limites ni barri\u00e8res.\",\"breadcrumb\":{\"@id\":\"https:\/\/aguilas.es\/fr\/experiences-a-aguilas\/explorez-aguilas\/tourisme-accessible\/#breadcrumb\"},\"inLanguage\":\"fr-FR\",\"potentialAction\":[{\"@type\":\"ReadAction\",\"target\":[\"https:\/\/aguilas.es\/fr\/experiences-a-aguilas\/explorez-aguilas\/tourisme-accessible\/\"]}]},{\"@type\":\"ImageObject\",\"inLanguage\":\"fr-FR\",\"@id\":\"https:\/\/aguilas.es\/fr\/experiences-a-aguilas\/explorez-aguilas\/tourisme-accessible\/#primaryimage\",\"url\":\"https:\/\/aguilas.es\/wp-content\/uploads\/2025\/07\/alateasocialmedia_oficinaturismo-playas-000096.jpg\",\"contentUrl\":\"https:\/\/aguilas.es\/wp-content\/uploads\/2025\/07\/alateasocialmedia_oficinaturismo-playas-000096.jpg\",\"width\":1920,\"height\":1281},{\"@type\":\"BreadcrumbList\",\"@id\":\"https:\/\/aguilas.es\/fr\/experiences-a-aguilas\/explorez-aguilas\/tourisme-accessible\/#breadcrumb\",\"itemListElement\":[{\"@type\":\"ListItem\",\"position\":1,\"name\":\"Portada\",\"item\":\"https:\/\/aguilas.es\/fr\/accueil\/\"},{\"@type\":\"ListItem\",\"position\":2,\"name\":\"Exp\u00e9riences \u00e0 \u00c1guilas\",\"item\":\"https:\/\/aguilas.es\/fr\/experiences-a-aguilas\/\"},{\"@type\":\"ListItem\",\"position\":3,\"name\":\"Explorez \u00c1guilas\",\"item\":\"https:\/\/aguilas.es\/fr\/experiences-a-aguilas\/explorez-aguilas\/\"},{\"@type\":\"ListItem\",\"position\":4,\"name\":\"Tourisme accessible\"}]},{\"@type\":\"WebSite\",\"@id\":\"https:\/\/aguilas.es\/fr\/#website\",\"url\":\"https:\/\/aguilas.es\/fr\/\",\"name\":\"\u00c1guilas Turismo\",\"description\":\"\",\"publisher\":{\"@id\":\"https:\/\/aguilas.es\/fr\/#organization\"},\"potentialAction\":[{\"@type\":\"SearchAction\",\"target\":{\"@type\":\"EntryPoint\",\"urlTemplate\":\"https:\/\/aguilas.es\/fr\/?s={search_term_string}\"},\"query-input\":{\"@type\":\"PropertyValueSpecification\",\"valueRequired\":true,\"valueName\":\"search_term_string\"}}],\"inLanguage\":\"fr-FR\"},{\"@type\":\"Organization\",\"@id\":\"https:\/\/aguilas.es\/fr\/#organization\",\"name\":\"\u00c1guilas Turismo\",\"url\":\"https:\/\/aguilas.es\/fr\/\",\"logo\":{\"@type\":\"ImageObject\",\"inLanguage\":\"fr-FR\",\"@id\":\"https:\/\/aguilas.es\/fr\/#\/schema\/logo\/image\/\",\"url\":\"https:\/\/aguilas.es\/wp-content\/uploads\/2025\/04\/Logo-Aguilas-turismo.png\",\"contentUrl\":\"https:\/\/aguilas.es\/wp-content\/uploads\/2025\/04\/Logo-Aguilas-turismo.png\",\"width\":575,\"height\":229,\"caption\":\"\u00c1guilas Turismo\"},\"image\":{\"@id\":\"https:\/\/aguilas.es\/fr\/#\/schema\/logo\/image\/\"}}]}<\/script>\n<!-- \/ Yoast SEO plugin. -->","yoast_head_json":{"title":"\u00c1guilas Turismo | Tourisme accessible","description":"D\u00e9couvre \u00e0 \u00c1guilas ta destination accessible, avec des plages, des zones et des activit\u00e9s adapt\u00e9es \u00e0 tous les besoins, sans limites ni barri\u00e8res.","robots":{"index":"index","follow":"follow","max-snippet":"max-snippet:-1","max-image-preview":"max-image-preview:large","max-video-preview":"max-video-preview:-1"},"canonical":"https:\/\/aguilas.es\/fr\/experiences-a-aguilas\/explorez-aguilas\/tourisme-accessible\/","og_locale":"fr_FR","og_type":"article","og_title":"\u00c1guilas Turismo | Tourisme accessible","og_description":"D\u00e9couvre \u00e0 \u00c1guilas ta destination accessible, avec des plages, des zones et des activit\u00e9s adapt\u00e9es \u00e0 tous les besoins, sans limites ni barri\u00e8res.","og_url":"https:\/\/aguilas.es\/fr\/experiences-a-aguilas\/explorez-aguilas\/tourisme-accessible\/","og_site_name":"\u00c1guilas Turismo","article_modified_time":"2026-02-23T12:10:08+00:00","og_image":[{"width":1920,"height":1281,"url":"https:\/\/aguilas.es\/wp-content\/uploads\/2025\/07\/alateasocialmedia_oficinaturismo-playas-000096.jpg","type":"image\/jpeg"}],"twitter_card":"summary_large_image","twitter_misc":{"Dur\u00e9e de lecture estim\u00e9e":"1 minute"},"schema":{"@context":"https:\/\/schema.org","@graph":[{"@type":"WebPage","@id":"https:\/\/aguilas.es\/fr\/experiences-a-aguilas\/explorez-aguilas\/tourisme-accessible\/","url":"https:\/\/aguilas.es\/fr\/experiences-a-aguilas\/explorez-aguilas\/tourisme-accessible\/","name":"\u00c1guilas Turismo | Tourisme accessible","isPartOf":{"@id":"https:\/\/aguilas.es\/fr\/#website"},"primaryImageOfPage":{"@id":"https:\/\/aguilas.es\/fr\/experiences-a-aguilas\/explorez-aguilas\/tourisme-accessible\/#primaryimage"},"image":{"@id":"https:\/\/aguilas.es\/fr\/experiences-a-aguilas\/explorez-aguilas\/tourisme-accessible\/#primaryimage"},"thumbnailUrl":"https:\/\/aguilas.es\/wp-content\/uploads\/2025\/07\/alateasocialmedia_oficinaturismo-playas-000096.jpg","datePublished":"2025-04-03T14:19:56+00:00","dateModified":"2026-02-23T12:10:08+00:00","description":"D\u00e9couvre \u00e0 \u00c1guilas ta destination accessible, avec des plages, des zones et des activit\u00e9s adapt\u00e9es \u00e0 tous les besoins, sans limites ni barri\u00e8res.","breadcrumb":{"@id":"https:\/\/aguilas.es\/fr\/experiences-a-aguilas\/explorez-aguilas\/tourisme-accessible\/#breadcrumb"},"inLanguage":"fr-FR","potentialAction":[{"@type":"ReadAction","target":["https:\/\/aguilas.es\/fr\/experiences-a-aguilas\/explorez-aguilas\/tourisme-accessible\/"]}]},{"@type":"ImageObject","inLanguage":"fr-FR","@id":"https:\/\/aguilas.es\/fr\/experiences-a-aguilas\/explorez-aguilas\/tourisme-accessible\/#primaryimage","url":"https:\/\/aguilas.es\/wp-content\/uploads\/2025\/07\/alateasocialmedia_oficinaturismo-playas-000096.jpg","contentUrl":"https:\/\/aguilas.es\/wp-content\/uploads\/2025\/07\/alateasocialmedia_oficinaturismo-playas-000096.jpg","width":1920,"height":1281},{"@type":"BreadcrumbList","@id":"https:\/\/aguilas.es\/fr\/experiences-a-aguilas\/explorez-aguilas\/tourisme-accessible\/#breadcrumb","itemListElement":[{"@type":"ListItem","position":1,"name":"Portada","item":"https:\/\/aguilas.es\/fr\/accueil\/"},{"@type":"ListItem","position":2,"name":"Exp\u00e9riences \u00e0 \u00c1guilas","item":"https:\/\/aguilas.es\/fr\/experiences-a-aguilas\/"},{"@type":"ListItem","position":3,"name":"Explorez \u00c1guilas","item":"https:\/\/aguilas.es\/fr\/experiences-a-aguilas\/explorez-aguilas\/"},{"@type":"ListItem","position":4,"name":"Tourisme accessible"}]},{"@type":"WebSite","@id":"https:\/\/aguilas.es\/fr\/#website","url":"https:\/\/aguilas.es\/fr\/","name":"\u00c1guilas Turismo","description":"","publisher":{"@id":"https:\/\/aguilas.es\/fr\/#organization"},"potentialAction":[{"@type":"SearchAction","target":{"@type":"EntryPoint","urlTemplate":"https:\/\/aguilas.es\/fr\/?s={search_term_string}"},"query-input":{"@type":"PropertyValueSpecification","valueRequired":true,"valueName":"search_term_string"}}],"inLanguage":"fr-FR"},{"@type":"Organization","@id":"https:\/\/aguilas.es\/fr\/#organization","name":"\u00c1guilas Turismo","url":"https:\/\/aguilas.es\/fr\/","logo":{"@type":"ImageObject","inLanguage":"fr-FR","@id":"https:\/\/aguilas.es\/fr\/#\/schema\/logo\/image\/","url":"https:\/\/aguilas.es\/wp-content\/uploads\/2025\/04\/Logo-Aguilas-turismo.png","contentUrl":"https:\/\/aguilas.es\/wp-content\/uploads\/2025\/04\/Logo-Aguilas-turismo.png","width":575,"height":229,"caption":"\u00c1guilas Turismo"},"image":{"@id":"https:\/\/aguilas.es\/fr\/#\/schema\/logo\/image\/"}}]}},"_links":{"self":[{"href":"https:\/\/aguilas.es\/fr\/wp-json\/wp\/v2\/pages\/8500","targetHints":{"allow":["GET"]}}],"collection":[{"href":"https:\/\/aguilas.es\/fr\/wp-json\/wp\/v2\/pages"}],"about":[{"href":"https:\/\/aguilas.es\/fr\/wp-json\/wp\/v2\/types\/page"}],"author":[{"embeddable":true,"href":"https:\/\/aguilas.es\/fr\/wp-json\/wp\/v2\/users\/1"}],"replies":[{"embeddable":true,"href":"https:\/\/aguilas.es\/fr\/wp-json\/wp\/v2\/comments?post=8500"}],"version-history":[{"count":7,"href":"https:\/\/aguilas.es\/fr\/wp-json\/wp\/v2\/pages\/8500\/revisions"}],"predecessor-version":[{"id":10803,"href":"https:\/\/aguilas.es\/fr\/wp-json\/wp\/v2\/pages\/8500\/revisions\/10803"}],"up":[{"embeddable":true,"href":"https:\/\/aguilas.es\/fr\/wp-json\/wp\/v2\/pages\/8615"}],"wp:featuredmedia":[{"embeddable":true,"href":"https:\/\/aguilas.es\/fr\/wp-json\/wp\/v2\/media\/8506"}],"wp:attachment":[{"href":"https:\/\/aguilas.es\/fr\/wp-json\/wp\/v2\/media?parent=8500"}],"curies":[{"name":"wp","href":"https:\/\/api.w.org\/{rel}","templated":true}]}}