{"id":8780,"date":"2025-06-17T11:21:09","date_gmt":"2025-06-17T09:21:09","guid":{"rendered":"https:\/\/aguilas.es\/ou-manger\/"},"modified":"2026-02-23T13:54:47","modified_gmt":"2026-02-23T12:54:47","slug":"ou-manger","status":"publish","type":"page","link":"https:\/\/aguilas.es\/fr\/votre-voyage-etape-par-etape\/ou-manger\/","title":{"rendered":"O\u00f9 manger"},"content":{"rendered":"\t\t<div data-elementor-type=\"wp-page\" data-elementor-id=\"8780\" class=\"elementor elementor-8780 elementor-5096\">\n\t\t\t\t<div class=\"porto_stretch_css stretch_row_css elementor-element elementor-element-30d2890a e-flex e-con-boxed e-con e-parent\" data-id=\"30d2890a\" data-element_type=\"container\" data-settings=\"{&quot;background_background&quot;:&quot;classic&quot;}\">\r\n\t\t\t\t\t<div class=\"e-con-inner\">\r\n\t\t<div class=\"elementor-element elementor-element-7a5ea069 e-con-full e-flex e-con e-child\" data-id=\"7a5ea069\" data-element_type=\"container\">\r\n\t\t\t\t<div class=\"elementor-element elementor-element-17b3251c elementor-widget elementor-widget-porto_ultimate_heading\" data-id=\"17b3251c\" data-element_type=\"widget\" data-widget_type=\"porto_ultimate_heading.default\">\n\t\t\t\t<div class=\"elementor-widget-container\">\n\t\t\t\t\t<div class=\"porto-u-heading  porto-u-ad87e2eaf3f9c495180fe0156ddf3eb0\"><div class=\"porto-u-main-heading\"><h2    style=\"margin-bottom: 10px;\">O\u00f9 manger \u00e0 \u00c1guilas ?<\/h2><\/div><div class=\"porto-u-sub-heading\" style=\"\"><p>\u00c9tablissements pour profiter de notre riche gastronomie<\/p><\/div><style>.porto-u-ad87e2eaf3f9c495180fe0156ddf3eb0.porto-u-heading{text-align:left}<\/style><\/div>\t\t\t\t<\/div>\n\t\t\t\t<\/div>\n\t\t\t\t<div class=\"elementor-element elementor-element-360aa89a elementor-widget elementor-widget-porto_page_header\" data-id=\"360aa89a\" data-element_type=\"widget\" data-widget_type=\"porto_page_header.default\">\n\t\t\t\t<div class=\"elementor-widget-container\">\n\t\t\t\t\t<div class=\"page-top page-header-6\"><style>.page-top { background: none; border-bottom: none; } .page-top .page-title:not(.b-none):after { display: none; }<\/style><div class=\"container hide-title\">\r\n\t<div class=\"row\">\r\n\t\t<div class=\"col-lg-12 clearfix\">\r\n\t\t\t<div class=\"pt-right d-none\">\r\n\t\t\t\t\t\t\t\t<h1 class=\"page-title\"><\/h1>\r\n\t\t\t\t\t\t\t<\/div>\r\n\t\t\t\t\t\t\t<div class=\"breadcrumbs-wrap pt-left\">\r\n\t\t\t\t\t<ul class=\"breadcrumb\" itemscope itemtype=\"https:\/\/schema.org\/BreadcrumbList\"><li class=\"home\" itemprop=\"itemListElement\" itemscope itemtype=\"https:\/\/schema.org\/ListItem\"><a itemprop=\"item\" href=\"https:\/\/aguilas.es\/fr\/\" title=\"Go to Home Page\"><span itemprop=\"name\">Home<\/span><\/a><meta itemprop=\"position\" content=\"1\" \/><i class=\"delimiter delimiter-2\"><\/i><\/li><\/ul>\t\t\t\t<\/div>\r\n\t\t\t\t\t\t\t\t<\/div>\r\n\t<\/div>\r\n<\/div>\r\n<\/div>\t\t\t\t<\/div>\n\t\t\t\t<\/div>\n\t\t\t\t<\/div>\n\t\t\t\t\t<\/div>\n\t\t\t\t<\/div>\n\t\t<div class=\"elementor-element elementor-element-1b3d251 e-flex e-con-boxed e-con e-parent\" data-id=\"1b3d251\" data-element_type=\"container\">\r\n\t\t\t\t\t<div class=\"e-con-inner\">\r\n\t\t\t\t<div class=\"elementor-element elementor-element-1eb91e7 elemento-titulo-con-subtitulo elementor-widget elementor-widget-porto_ultimate_heading\" data-id=\"1eb91e7\" data-element_type=\"widget\" data-widget_type=\"porto_ultimate_heading.default\">\n\t\t\t\t<div class=\"elementor-widget-container\">\n\t\t\t\t\t<div class=\"porto-u-heading  porto-u-55ca8359258f9a412be7e73af65d2aac\"><div class=\"porto-u-main-heading\"><h2   >Explorez notre gastronomie<\/h2><\/div><div class=\"porto-u-sub-heading\" style=\"\"><p>Tavernes, restaurants ou bars pour profiter de saveurs authentiques<\/p><\/div><style>.porto-u-55ca8359258f9a412be7e73af65d2aac.porto-u-heading{text-align:center}<\/style><\/div>\t\t\t\t<\/div>\n\t\t\t\t<\/div>\n\t\t\t\t<div class=\"elementor-element elementor-element-0abe0f7 elementor-widget elementor-widget-shortcode\" data-id=\"0abe0f7\" data-element_type=\"widget\" data-widget_type=\"shortcode.default\">\n\t\t\t\t<div class=\"elementor-widget-container\">\n\t\t\t\t\t\t\t<div class=\"elementor-shortcode\">    <div class=\"aguilas-shortcode-loader\" id=\"aguilas-lista-web-69f53744d38a2\"\r\n        data-tipo=\"lista-web\"  data-id-lista=\"37\"  data-items=\"6\"  data-filtros=\"1\" >\r\n        <div class=\"aguilas-loader\">\r\n            <div class=\"aguilas-spinner\"><\/div>\r\n            <p>Chargement...<\/p>\r\n        <\/div>\r\n    <\/div>\r\n    <\/div>\n\t\t\t\t\t\t<\/div>\n\t\t\t\t<\/div>\n\t\t\t\t\t<\/div>\n\t\t\t\t<\/div>\n\t\t\t\t<\/div>\n\t\t","protected":false},"excerpt":{"rendered":"<p>O\u00f9 manger \u00e0 \u00c1guilas ? \u00c9tablissements pour profiter de notre riche gastronomie Home Explorez notre gastronomie Tavernes, restaurants ou bars pour profiter de saveurs authentiques<\/p>\n","protected":false},"author":1,"featured_media":8261,"parent":8957,"menu_order":0,"comment_status":"closed","ping_status":"closed","template":"","meta":{"footnotes":""},"class_list":["post-8780","page","type-page","status-publish","has-post-thumbnail","hentry"],"yoast_head":"<!-- This site is optimized with the Yoast SEO plugin v26.6 - https:\/\/yoast.com\/wordpress\/plugins\/seo\/ -->\n<title>\u00c1guilas Turismo | O\u00f9 manger<\/title>\n<meta name=\"description\" content=\"D\u00e9couvre les principaux \u00e9tablissements d\u2019\u00c1guilas o\u00f9 tu pourras profiter de notre riche gastronomie.\" \/>\n<meta name=\"robots\" content=\"index, follow, max-snippet:-1, max-image-preview:large, max-video-preview:-1\" \/>\n<link rel=\"canonical\" href=\"https:\/\/aguilas.es\/fr\/votre-voyage-etape-par-etape\/ou-manger\/\" \/>\n<meta property=\"og:locale\" content=\"fr_FR\" \/>\n<meta property=\"og:type\" content=\"article\" \/>\n<meta property=\"og:title\" content=\"\u00c1guilas Turismo | O\u00f9 manger\" \/>\n<meta property=\"og:description\" content=\"D\u00e9couvre les principaux \u00e9tablissements d\u2019\u00c1guilas o\u00f9 tu pourras profiter de notre riche gastronomie.\" \/>\n<meta property=\"og:url\" content=\"https:\/\/aguilas.es\/fr\/votre-voyage-etape-par-etape\/ou-manger\/\" \/>\n<meta property=\"og:site_name\" content=\"\u00c1guilas Turismo\" \/>\n<meta property=\"article:modified_time\" content=\"2026-02-23T12:54:47+00:00\" \/>\n<meta property=\"og:image\" content=\"https:\/\/aguilas.es\/wp-content\/uploads\/2025\/07\/alateasocialmedia_oficinaturismo-gastronomia-000037.jpg\" \/>\n\t<meta property=\"og:image:width\" content=\"1920\" \/>\n\t<meta property=\"og:image:height\" content=\"1280\" \/>\n\t<meta property=\"og:image:type\" content=\"image\/jpeg\" \/>\n<meta name=\"twitter:card\" content=\"summary_large_image\" \/>\n<script type=\"application\/ld+json\" class=\"yoast-schema-graph\">{\"@context\":\"https:\/\/schema.org\",\"@graph\":[{\"@type\":\"WebPage\",\"@id\":\"https:\/\/aguilas.es\/fr\/votre-voyage-etape-par-etape\/ou-manger\/\",\"url\":\"https:\/\/aguilas.es\/fr\/votre-voyage-etape-par-etape\/ou-manger\/\",\"name\":\"\u00c1guilas Turismo | O\u00f9 manger\",\"isPartOf\":{\"@id\":\"https:\/\/aguilas.es\/fr\/#website\"},\"primaryImageOfPage\":{\"@id\":\"https:\/\/aguilas.es\/fr\/votre-voyage-etape-par-etape\/ou-manger\/#primaryimage\"},\"image\":{\"@id\":\"https:\/\/aguilas.es\/fr\/votre-voyage-etape-par-etape\/ou-manger\/#primaryimage\"},\"thumbnailUrl\":\"https:\/\/aguilas.es\/wp-content\/uploads\/2025\/07\/alateasocialmedia_oficinaturismo-gastronomia-000037.jpg\",\"datePublished\":\"2025-06-17T09:21:09+00:00\",\"dateModified\":\"2026-02-23T12:54:47+00:00\",\"description\":\"D\u00e9couvre les principaux \u00e9tablissements d\u2019\u00c1guilas o\u00f9 tu pourras profiter de notre riche gastronomie.\",\"breadcrumb\":{\"@id\":\"https:\/\/aguilas.es\/fr\/votre-voyage-etape-par-etape\/ou-manger\/#breadcrumb\"},\"inLanguage\":\"fr-FR\",\"potentialAction\":[{\"@type\":\"ReadAction\",\"target\":[\"https:\/\/aguilas.es\/fr\/votre-voyage-etape-par-etape\/ou-manger\/\"]}]},{\"@type\":\"ImageObject\",\"inLanguage\":\"fr-FR\",\"@id\":\"https:\/\/aguilas.es\/fr\/votre-voyage-etape-par-etape\/ou-manger\/#primaryimage\",\"url\":\"https:\/\/aguilas.es\/wp-content\/uploads\/2025\/07\/alateasocialmedia_oficinaturismo-gastronomia-000037.jpg\",\"contentUrl\":\"https:\/\/aguilas.es\/wp-content\/uploads\/2025\/07\/alateasocialmedia_oficinaturismo-gastronomia-000037.jpg\",\"width\":1920,\"height\":1280},{\"@type\":\"BreadcrumbList\",\"@id\":\"https:\/\/aguilas.es\/fr\/votre-voyage-etape-par-etape\/ou-manger\/#breadcrumb\",\"itemListElement\":[{\"@type\":\"ListItem\",\"position\":1,\"name\":\"Portada\",\"item\":\"https:\/\/aguilas.es\/fr\/accueil\/\"},{\"@type\":\"ListItem\",\"position\":2,\"name\":\"Votre voyage, \u00e9tape par \u00e9tape\",\"item\":\"https:\/\/aguilas.es\/fr\/votre-voyage-etape-par-etape\/\"},{\"@type\":\"ListItem\",\"position\":3,\"name\":\"O\u00f9 manger\"}]},{\"@type\":\"WebSite\",\"@id\":\"https:\/\/aguilas.es\/fr\/#website\",\"url\":\"https:\/\/aguilas.es\/fr\/\",\"name\":\"\u00c1guilas Turismo\",\"description\":\"\",\"publisher\":{\"@id\":\"https:\/\/aguilas.es\/fr\/#organization\"},\"potentialAction\":[{\"@type\":\"SearchAction\",\"target\":{\"@type\":\"EntryPoint\",\"urlTemplate\":\"https:\/\/aguilas.es\/fr\/?s={search_term_string}\"},\"query-input\":{\"@type\":\"PropertyValueSpecification\",\"valueRequired\":true,\"valueName\":\"search_term_string\"}}],\"inLanguage\":\"fr-FR\"},{\"@type\":\"Organization\",\"@id\":\"https:\/\/aguilas.es\/fr\/#organization\",\"name\":\"\u00c1guilas Turismo\",\"url\":\"https:\/\/aguilas.es\/fr\/\",\"logo\":{\"@type\":\"ImageObject\",\"inLanguage\":\"fr-FR\",\"@id\":\"https:\/\/aguilas.es\/fr\/#\/schema\/logo\/image\/\",\"url\":\"https:\/\/aguilas.es\/wp-content\/uploads\/2025\/04\/Logo-Aguilas-turismo.png\",\"contentUrl\":\"https:\/\/aguilas.es\/wp-content\/uploads\/2025\/04\/Logo-Aguilas-turismo.png\",\"width\":575,\"height\":229,\"caption\":\"\u00c1guilas Turismo\"},\"image\":{\"@id\":\"https:\/\/aguilas.es\/fr\/#\/schema\/logo\/image\/\"}}]}<\/script>\n<!-- \/ Yoast SEO plugin. -->","yoast_head_json":{"title":"\u00c1guilas Turismo | O\u00f9 manger","description":"D\u00e9couvre les principaux \u00e9tablissements d\u2019\u00c1guilas o\u00f9 tu pourras profiter de notre riche gastronomie.","robots":{"index":"index","follow":"follow","max-snippet":"max-snippet:-1","max-image-preview":"max-image-preview:large","max-video-preview":"max-video-preview:-1"},"canonical":"https:\/\/aguilas.es\/fr\/votre-voyage-etape-par-etape\/ou-manger\/","og_locale":"fr_FR","og_type":"article","og_title":"\u00c1guilas Turismo | O\u00f9 manger","og_description":"D\u00e9couvre les principaux \u00e9tablissements d\u2019\u00c1guilas o\u00f9 tu pourras profiter de notre riche gastronomie.","og_url":"https:\/\/aguilas.es\/fr\/votre-voyage-etape-par-etape\/ou-manger\/","og_site_name":"\u00c1guilas Turismo","article_modified_time":"2026-02-23T12:54:47+00:00","og_image":[{"width":1920,"height":1280,"url":"https:\/\/aguilas.es\/wp-content\/uploads\/2025\/07\/alateasocialmedia_oficinaturismo-gastronomia-000037.jpg","type":"image\/jpeg"}],"twitter_card":"summary_large_image","schema":{"@context":"https:\/\/schema.org","@graph":[{"@type":"WebPage","@id":"https:\/\/aguilas.es\/fr\/votre-voyage-etape-par-etape\/ou-manger\/","url":"https:\/\/aguilas.es\/fr\/votre-voyage-etape-par-etape\/ou-manger\/","name":"\u00c1guilas Turismo | O\u00f9 manger","isPartOf":{"@id":"https:\/\/aguilas.es\/fr\/#website"},"primaryImageOfPage":{"@id":"https:\/\/aguilas.es\/fr\/votre-voyage-etape-par-etape\/ou-manger\/#primaryimage"},"image":{"@id":"https:\/\/aguilas.es\/fr\/votre-voyage-etape-par-etape\/ou-manger\/#primaryimage"},"thumbnailUrl":"https:\/\/aguilas.es\/wp-content\/uploads\/2025\/07\/alateasocialmedia_oficinaturismo-gastronomia-000037.jpg","datePublished":"2025-06-17T09:21:09+00:00","dateModified":"2026-02-23T12:54:47+00:00","description":"D\u00e9couvre les principaux \u00e9tablissements d\u2019\u00c1guilas o\u00f9 tu pourras profiter de notre riche gastronomie.","breadcrumb":{"@id":"https:\/\/aguilas.es\/fr\/votre-voyage-etape-par-etape\/ou-manger\/#breadcrumb"},"inLanguage":"fr-FR","potentialAction":[{"@type":"ReadAction","target":["https:\/\/aguilas.es\/fr\/votre-voyage-etape-par-etape\/ou-manger\/"]}]},{"@type":"ImageObject","inLanguage":"fr-FR","@id":"https:\/\/aguilas.es\/fr\/votre-voyage-etape-par-etape\/ou-manger\/#primaryimage","url":"https:\/\/aguilas.es\/wp-content\/uploads\/2025\/07\/alateasocialmedia_oficinaturismo-gastronomia-000037.jpg","contentUrl":"https:\/\/aguilas.es\/wp-content\/uploads\/2025\/07\/alateasocialmedia_oficinaturismo-gastronomia-000037.jpg","width":1920,"height":1280},{"@type":"BreadcrumbList","@id":"https:\/\/aguilas.es\/fr\/votre-voyage-etape-par-etape\/ou-manger\/#breadcrumb","itemListElement":[{"@type":"ListItem","position":1,"name":"Portada","item":"https:\/\/aguilas.es\/fr\/accueil\/"},{"@type":"ListItem","position":2,"name":"Votre voyage, \u00e9tape par \u00e9tape","item":"https:\/\/aguilas.es\/fr\/votre-voyage-etape-par-etape\/"},{"@type":"ListItem","position":3,"name":"O\u00f9 manger"}]},{"@type":"WebSite","@id":"https:\/\/aguilas.es\/fr\/#website","url":"https:\/\/aguilas.es\/fr\/","name":"\u00c1guilas Turismo","description":"","publisher":{"@id":"https:\/\/aguilas.es\/fr\/#organization"},"potentialAction":[{"@type":"SearchAction","target":{"@type":"EntryPoint","urlTemplate":"https:\/\/aguilas.es\/fr\/?s={search_term_string}"},"query-input":{"@type":"PropertyValueSpecification","valueRequired":true,"valueName":"search_term_string"}}],"inLanguage":"fr-FR"},{"@type":"Organization","@id":"https:\/\/aguilas.es\/fr\/#organization","name":"\u00c1guilas Turismo","url":"https:\/\/aguilas.es\/fr\/","logo":{"@type":"ImageObject","inLanguage":"fr-FR","@id":"https:\/\/aguilas.es\/fr\/#\/schema\/logo\/image\/","url":"https:\/\/aguilas.es\/wp-content\/uploads\/2025\/04\/Logo-Aguilas-turismo.png","contentUrl":"https:\/\/aguilas.es\/wp-content\/uploads\/2025\/04\/Logo-Aguilas-turismo.png","width":575,"height":229,"caption":"\u00c1guilas Turismo"},"image":{"@id":"https:\/\/aguilas.es\/fr\/#\/schema\/logo\/image\/"}}]}},"_links":{"self":[{"href":"https:\/\/aguilas.es\/fr\/wp-json\/wp\/v2\/pages\/8780","targetHints":{"allow":["GET"]}}],"collection":[{"href":"https:\/\/aguilas.es\/fr\/wp-json\/wp\/v2\/pages"}],"about":[{"href":"https:\/\/aguilas.es\/fr\/wp-json\/wp\/v2\/types\/page"}],"author":[{"embeddable":true,"href":"https:\/\/aguilas.es\/fr\/wp-json\/wp\/v2\/users\/1"}],"replies":[{"embeddable":true,"href":"https:\/\/aguilas.es\/fr\/wp-json\/wp\/v2\/comments?post=8780"}],"version-history":[{"count":8,"href":"https:\/\/aguilas.es\/fr\/wp-json\/wp\/v2\/pages\/8780\/revisions"}],"predecessor-version":[{"id":10837,"href":"https:\/\/aguilas.es\/fr\/wp-json\/wp\/v2\/pages\/8780\/revisions\/10837"}],"up":[{"embeddable":true,"href":"https:\/\/aguilas.es\/fr\/wp-json\/wp\/v2\/pages\/8957"}],"wp:featuredmedia":[{"embeddable":true,"href":"https:\/\/aguilas.es\/fr\/wp-json\/wp\/v2\/media\/8261"}],"wp:attachment":[{"href":"https:\/\/aguilas.es\/fr\/wp-json\/wp\/v2\/media?parent=8780"}],"curies":[{"name":"wp","href":"https:\/\/api.w.org\/{rel}","templated":true}]}}