{"id":8790,"date":"2025-04-07T11:01:37","date_gmt":"2025-04-07T09:01:37","guid":{"rendered":"https:\/\/aguilas.es\/accueil\/"},"modified":"2025-12-30T14:14:28","modified_gmt":"2025-12-30T13:14:28","slug":"accueil","status":"publish","type":"page","link":"https:\/\/aguilas.es\/fr\/","title":{"rendered":"Accueil"},"content":{"rendered":"\t\t<div data-elementor-type=\"wp-page\" data-elementor-id=\"8790\" class=\"elementor elementor-8790 elementor-3951\">\n\t\t\t\t<div class=\"porto_stretch_css stretch_row_content_css elementor-element elementor-element-148abbc e-con-full e-flex e-con e-parent\" data-id=\"148abbc\" data-element_type=\"container\">\r\n\t\t\t\t<div class=\"elementor-element elementor-element-89844ab elementor-widget elementor-widget-video\" data-id=\"89844ab\" data-element_type=\"widget\" data-settings=\"{&quot;video_type&quot;:&quot;hosted&quot;,&quot;mute&quot;:&quot;yes&quot;,&quot;loop&quot;:&quot;yes&quot;,&quot;autoplay&quot;:&quot;yes&quot;,&quot;play_on_mobile&quot;:&quot;yes&quot;}\" data-widget_type=\"video.default\">\n\t\t\t\t<div class=\"elementor-widget-container\">\n\t\t\t\t\t\t\t<div class=\"e-hosted-video elementor-wrapper elementor-open-inline\">\n\t\t\t\t\t<video class=\"elementor-video\" src=\"https:\/\/aguilas.es\/wp-content\/uploads\/2025\/08\/aguilas-header.webm\" autoplay=\"\" loop=\"\" muted=\"muted\" playsinline=\"\" controlsList=\"nodownload\"><\/video>\n\t\t\t\t<\/div>\n\t\t\t\t\t\t<\/div>\n\t\t\t\t<\/div>\n\t\t\t\t<\/div>\n\t\t<div class=\"elementor-element elementor-element-18cf297 e-flex e-con-boxed e-con e-parent\" data-id=\"18cf297\" data-element_type=\"container\">\r\n\t\t\t\t\t<div class=\"e-con-inner\">\r\n\t\t\t\t<div class=\"elementor-element elementor-element-92d3504 elementor-widget elementor-widget-porto_info_box\" data-id=\"92d3504\" data-element_type=\"widget\" data-widget_type=\"porto_info_box.default\">\n\t\t\t\t<div class=\"elementor-widget-container\">\n\t\t\t\t\t<div class=\"porto-sicon-box style_1 top-icon\"><div class=\"porto-sicon-top\"><div class=\"porto-just-icon-wrapper porto-sicon-img  porto-icon-d751713988987e9331980363e24189ce\" style=\"\"><img fetchpriority=\"high\" decoding=\"async\" class=\"img-icon\" alt=\"\" src=\"https:\/\/aguilas.es\/wp-content\/uploads\/2025\/04\/Logo-Aguilas-turismo.png\" width=\"575\" height=\"229\" \/><\/div><\/div><div class=\"porto-sicon-header\"><h3 class=\"porto-sicon-title\" style=\"\">Explorez, r\u00eavez, d\u00e9couvrez<\/h3><\/div> <!-- header --><div class=\"porto-sicon-description\" style=\"\" ><p>D\u00e9couvrez \u00c1guilas, le joyau cach\u00e9 de la c\u00f4te murcienne. Un paradis o\u00f9 le soleil brille sur des plages de sable dor\u00e9 et des criques tranquilles, remplies des eaux cristallines de la M\u00e9diterran\u00e9e. Ici, l'histoire et la majest\u00e9 se fondent \u00e0 l'horizon avec l'imposant ch\u00e2teau qui domine la ville. Un lieu qui invite \u00e0 d\u00e9couvrir au-del\u00e0 des loisirs et du repos, avec des surprises cach\u00e9es comme l'Isla del Fraile.   <\/p><p>\u00c0 \u00c1guilas, la vie quotidienne se vit avec intensit\u00e9, offrant l'\u00e9quilibre parfait entre la tranquillit\u00e9 d'une retraite c\u00f4ti\u00e8re et la modernit\u00e9 des r\u00e9sidences \u00e9quip\u00e9es. Nous vous invitons \u00e0 explorer et \u00e0 tomber amoureux de l'un des joyaux les plus pr\u00e9cieux de la r\u00e9gion de Murcie. <\/p><p><span style=\"font-size: 18px;\"><strong><span style=\"color: #263689;\">\u00c1guilas, votre prochaine destination inoubliable&nbsp;!<\/span><\/strong><\/span><\/p><\/div> <!-- description --><\/div><!-- porto-sicon-box -->\t\t\t\t<\/div>\n\t\t\t\t<\/div>\n\t\t\t\t\t<\/div>\n\t\t\t\t<\/div>\n\t\t<div class=\"elementor-element elementor-element-5801bb9 e-flex e-con-boxed e-con e-parent\" data-id=\"5801bb9\" data-element_type=\"container\" data-settings=\"{&quot;background_background&quot;:&quot;classic&quot;}\">\r\n\t\t\t\t\t<div class=\"e-con-inner\">\r\n\t\t\t\t<div class=\"elementor-element elementor-element-d19b6e6 elemento-titulo-con-subtitulo elementor-widget elementor-widget-porto_ultimate_heading\" data-id=\"d19b6e6\" data-element_type=\"widget\" data-widget_type=\"porto_ultimate_heading.default\">\n\t\t\t\t<div class=\"elementor-widget-container\">\n\t\t\t\t\t<div class=\"porto-u-heading  porto-u-55ca8359258f9a412be7e73af65d2aac\"><div class=\"porto-u-main-heading\"><h2   >Exp\u00e9riences<\/h2><\/div><div class=\"porto-u-sub-heading\" style=\"\"><p>Laissez \u00c1guilas vous surprendre<\/p><\/div><style>.porto-u-55ca8359258f9a412be7e73af65d2aac.porto-u-heading{text-align:center}<\/style><\/div>\t\t\t\t<\/div>\n\t\t\t\t<\/div>\n\t\t\t\t<div class=\"elementor-element elementor-element-dc14659 elementor-widget elementor-widget-shortcode\" data-id=\"dc14659\" data-element_type=\"widget\" data-widget_type=\"shortcode.default\">\n\t\t\t\t<div class=\"elementor-widget-container\">\n\t\t\t\t\t\t\t<div class=\"elementor-shortcode\">    <div class=\"aguilas-shortcode-loader\" id=\"aguilas-lista-web-69f574e228ae5\"\r\n        data-tipo=\"lista-web\"  data-id-lista=\"63\"  data-items=\"6\"  data-filtros=\"0\" >\r\n        <div class=\"aguilas-loader\">\r\n            <div class=\"aguilas-spinner\"><\/div>\r\n            <p>Chargement...<\/p>\r\n        <\/div>\r\n    <\/div>\r\n    <\/div>\n\t\t\t\t\t\t<\/div>\n\t\t\t\t<\/div>\n\t\t\t\t\t<\/div>\n\t\t\t\t<\/div>\n\t\t<div class=\"elementor-element elementor-element-816bb41 e-flex e-con-boxed e-con e-parent\" data-id=\"816bb41\" data-element_type=\"container\">\r\n\t\t\t\t\t<div class=\"e-con-inner\">\r\n\t\t\t\t<div class=\"elementor-element elementor-element-8453fef elemento-titulo-con-subtitulo elementor-widget elementor-widget-porto_ultimate_heading\" data-id=\"8453fef\" data-element_type=\"widget\" data-widget_type=\"porto_ultimate_heading.default\">\n\t\t\t\t<div class=\"elementor-widget-container\">\n\t\t\t\t\t<div class=\"porto-u-heading  porto-u-55ca8359258f9a412be7e73af65d2aac\"><div class=\"porto-u-main-heading\"><h2   >VOTRE VISITE GUID\u00c9E<\/h2><\/div><div class=\"porto-u-sub-heading\" style=\"\"><p>Des recoins qui cachent de nombreuses histoires... et laissez \u00c1guilas vous les raconter<\/p><\/div><style>.porto-u-55ca8359258f9a412be7e73af65d2aac.porto-u-heading{text-align:center}<\/style><\/div>\t\t\t\t<\/div>\n\t\t\t\t<\/div>\n\t\t\t\t<div class=\"elementor-element elementor-element-7383e95 elementor-widget elementor-widget-shortcode\" data-id=\"7383e95\" data-element_type=\"widget\" data-widget_type=\"shortcode.default\">\n\t\t\t\t<div class=\"elementor-widget-container\">\n\t\t\t\t\t\t\t<div class=\"elementor-shortcode\">    <div class=\"aguilas-shortcode-loader\" id=\"aguilas-lista-web-69f574e228f79\"\r\n        data-tipo=\"lista-web\"  data-id-lista=\"82\"  data-items=\"6\"  data-filtros=\"0\" >\r\n        <div class=\"aguilas-loader\">\r\n            <div class=\"aguilas-spinner\"><\/div>\r\n            <p>Chargement...<\/p>\r\n        <\/div>\r\n    <\/div>\r\n    <\/div>\n\t\t\t\t\t\t<\/div>\n\t\t\t\t<\/div>\n\t\t\t\t\t<\/div>\n\t\t\t\t<\/div>\n\t\t<div class=\"elementor-element elementor-element-ea7179a e-con-full e-flex e-con e-parent\" data-id=\"ea7179a\" data-element_type=\"container\" data-settings=\"{&quot;background_background&quot;:&quot;classic&quot;}\">\r\n\t\t\t\t<div class=\"elementor-element elementor-element-0f712fc elemento-titulo-con-subtitulo elementor-widget elementor-widget-porto_ultimate_heading\" data-id=\"0f712fc\" data-element_type=\"widget\" data-widget_type=\"porto_ultimate_heading.default\">\n\t\t\t\t<div class=\"elementor-widget-container\">\n\t\t\t\t\t<div class=\"porto-u-heading  porto-u-55ca8359258f9a412be7e73af65d2aac\"><div class=\"porto-u-main-heading\"><h2   >Plages<\/h2><\/div><div class=\"porto-u-sub-heading\" style=\"\"><p>Une v\u00e9ritable oasis de calme \u00e0 \u00c1guilas<\/p><\/div><style>.porto-u-55ca8359258f9a412be7e73af65d2aac.porto-u-heading{text-align:center}<\/style><\/div>\t\t\t\t<\/div>\n\t\t\t\t<\/div>\n\t\t\t\t<div class=\"elementor-element elementor-element-60bbc0a elementor-widget elementor-widget-porto_button\" data-id=\"60bbc0a\" data-element_type=\"widget\" data-settings=\"{&quot;align&quot;:&quot;center&quot;}\" data-widget_type=\"porto_button.default\">\n\t\t\t\t<div class=\"elementor-widget-container\">\n\t\t\t\t\t<a aria-label=\"button\" class=\"btn btn-md btn-secondary\" href=\"https:\/\/aguilas.es\/fr\/experiences-a-aguilas\/plages\/\"><span >D\u00e9couvrez toutes les plages d'\u00c1guilas<\/span><\/a>\t\t\t\t<\/div>\n\t\t\t\t<\/div>\n\t\t\t\t<\/div>\n\t\t<div class=\"elementor-element elementor-element-13aed80 e-flex e-con-boxed e-con e-parent\" data-id=\"13aed80\" data-element_type=\"container\">\r\n\t\t\t\t\t<div class=\"e-con-inner\">\r\n\t\t\t\t<div class=\"elementor-element elementor-element-1fb49bf elemento-titulo-con-subtitulo elementor-widget elementor-widget-porto_ultimate_heading\" data-id=\"1fb49bf\" data-element_type=\"widget\" data-widget_type=\"porto_ultimate_heading.default\">\n\t\t\t\t<div class=\"elementor-widget-container\">\n\t\t\t\t\t<div class=\"porto-u-heading  porto-u-55ca8359258f9a412be7e73af65d2aac\"><div class=\"porto-u-main-heading\"><h2   >Agenda<\/h2><\/div><div class=\"porto-u-sub-heading\" style=\"\"><p>Planifiez sans stress<\/p><\/div><style>.porto-u-55ca8359258f9a412be7e73af65d2aac.porto-u-heading{text-align:center}<\/style><\/div>\t\t\t\t<\/div>\n\t\t\t\t<\/div>\n\t\t\t\t<div class=\"elementor-element elementor-element-7a9e383 elementor-widget elementor-widget-shortcode\" data-id=\"7a9e383\" data-element_type=\"widget\" data-widget_type=\"shortcode.default\">\n\t\t\t\t<div class=\"elementor-widget-container\">\n\t\t\t\t\t\t\t<div class=\"elementor-shortcode\">    <div class=\"aguilas-shortcode-loader\" id=\"aguilas-eventos-69f574e229326\"\r\n        data-tipo=\"eventos\"  data-clasificacion-eventos=\"\"  data-items=\"6\"  data-pagina=\"1\"  data-filtros=\"0\"  data-vista=\"cuadricula\"  data-vista-calendario=\"mes\" >\r\n        <div class=\"aguilas-loader\">\r\n            <div class=\"aguilas-spinner\"><\/div>\r\n            <p>Chargement...<\/p>\r\n        <\/div>\r\n    <\/div>\r\n    <\/div>\n\t\t\t\t\t\t<\/div>\n\t\t\t\t<\/div>\n\t\t\t\t\t<\/div>\n\t\t\t\t<\/div>\n\t\t\t\t<\/div>\n\t\t","protected":false},"excerpt":{"rendered":"<p>https:\/\/aguilas.es\/wp-content\/uploads\/2025\/08\/aguilas-header.webm Explorez, r\u00eavez, d\u00e9couvrez D\u00e9couvrez \u00c1guilas, le joyau cach\u00e9 de la c\u00f4te murcienne. Un paradis o\u00f9 le soleil brille sur des plages de sable dor\u00e9 et des criques tranquilles, remplies des eaux cristallines de la M\u00e9diterran\u00e9e. Ici, l&rsquo;histoire et la majest\u00e9 se fondent \u00e0 l&rsquo;horizon avec l&rsquo;imposant ch\u00e2teau qui domine la ville. Un lieu qui [&hellip;]<\/p>\n","protected":false},"author":1,"featured_media":8633,"parent":0,"menu_order":0,"comment_status":"closed","ping_status":"closed","template":"","meta":{"footnotes":""},"class_list":["post-8790","page","type-page","status-publish","has-post-thumbnail","hentry"],"yoast_head":"<!-- This site is optimized with the Yoast SEO plugin v26.6 - https:\/\/yoast.com\/wordpress\/plugins\/seo\/ -->\n<title>\u00c1guilas Turismo | Accueil<\/title>\n<meta name=\"description\" content=\"Site web officiel du tourisme d&#039;\u00c1guilas (Murcie). D\u00e9couvrez les plages, les itin\u00e9raires et les sentiers, les exp\u00e9riences nautiques, le patrimoine, le carnaval et le programme des \u00e9v\u00e9nements tout au long de l&#039;ann\u00e9e.\" \/>\n<meta name=\"robots\" content=\"index, follow, max-snippet:-1, max-image-preview:large, max-video-preview:-1\" \/>\n<link rel=\"canonical\" href=\"https:\/\/aguilas.es\/fr\/\" \/>\n<meta property=\"og:locale\" content=\"fr_FR\" \/>\n<meta property=\"og:type\" content=\"article\" \/>\n<meta property=\"og:title\" content=\"\u00c1guilas Turismo | Accueil\" \/>\n<meta property=\"og:description\" content=\"Site web officiel du tourisme d&#039;\u00c1guilas (Murcie). D\u00e9couvrez les plages, les itin\u00e9raires et les sentiers, les exp\u00e9riences nautiques, le patrimoine, le carnaval et le programme des \u00e9v\u00e9nements tout au long de l&#039;ann\u00e9e.\" \/>\n<meta property=\"og:url\" content=\"https:\/\/aguilas.es\/fr\/\" \/>\n<meta property=\"og:site_name\" content=\"\u00c1guilas Turismo\" \/>\n<meta property=\"article:modified_time\" content=\"2025-12-30T13:14:28+00:00\" \/>\n<meta property=\"og:image\" content=\"https:\/\/aguilas.es\/wp-content\/uploads\/2025\/07\/fmgarcia_aguilas-turismo-2019-ENVIADAS_000039.jpg\" \/>\n\t<meta property=\"og:image:width\" content=\"10368\" \/>\n\t<meta property=\"og:image:height\" content=\"7776\" \/>\n\t<meta property=\"og:image:type\" content=\"image\/jpeg\" \/>\n<meta name=\"twitter:card\" content=\"summary_large_image\" \/>\n<meta name=\"twitter:label1\" content=\"Dur\u00e9e de lecture estim\u00e9e\" \/>\n\t<meta name=\"twitter:data1\" content=\"1 minute\" \/>\n<script type=\"application\/ld+json\" class=\"yoast-schema-graph\">{\"@context\":\"https:\/\/schema.org\",\"@graph\":[{\"@type\":\"WebPage\",\"@id\":\"https:\/\/aguilas.es\/fr\/\",\"url\":\"https:\/\/aguilas.es\/fr\/\",\"name\":\"\u00c1guilas Turismo | Accueil\",\"isPartOf\":{\"@id\":\"https:\/\/aguilas.es\/fr\/#website\"},\"primaryImageOfPage\":{\"@id\":\"https:\/\/aguilas.es\/fr\/#primaryimage\"},\"image\":{\"@id\":\"https:\/\/aguilas.es\/fr\/#primaryimage\"},\"thumbnailUrl\":\"https:\/\/aguilas.es\/wp-content\/uploads\/2025\/07\/fmgarcia_aguilas-turismo-2019-ENVIADAS_000039.jpg\",\"datePublished\":\"2025-04-07T09:01:37+00:00\",\"dateModified\":\"2025-12-30T13:14:28+00:00\",\"description\":\"Site web officiel du tourisme d'\u00c1guilas (Murcie). D\u00e9couvrez les plages, les itin\u00e9raires et les sentiers, les exp\u00e9riences nautiques, le patrimoine, le carnaval et le programme des \u00e9v\u00e9nements tout au long de l'ann\u00e9e.\",\"breadcrumb\":{\"@id\":\"https:\/\/aguilas.es\/fr\/#breadcrumb\"},\"inLanguage\":\"fr-FR\",\"potentialAction\":[{\"@type\":\"ReadAction\",\"target\":[\"https:\/\/aguilas.es\/fr\/\"]}]},{\"@type\":\"ImageObject\",\"inLanguage\":\"fr-FR\",\"@id\":\"https:\/\/aguilas.es\/fr\/#primaryimage\",\"url\":\"https:\/\/aguilas.es\/wp-content\/uploads\/2025\/07\/fmgarcia_aguilas-turismo-2019-ENVIADAS_000039.jpg\",\"contentUrl\":\"https:\/\/aguilas.es\/wp-content\/uploads\/2025\/07\/fmgarcia_aguilas-turismo-2019-ENVIADAS_000039.jpg\",\"width\":10368,\"height\":7776},{\"@type\":\"BreadcrumbList\",\"@id\":\"https:\/\/aguilas.es\/fr\/#breadcrumb\",\"itemListElement\":[{\"@type\":\"ListItem\",\"position\":1,\"name\":\"Portada\",\"item\":\"https:\/\/aguilas.es\/fr\/accueil\/\"},{\"@type\":\"ListItem\",\"position\":2,\"name\":\"Accueil\"}]},{\"@type\":\"WebSite\",\"@id\":\"https:\/\/aguilas.es\/fr\/#website\",\"url\":\"https:\/\/aguilas.es\/fr\/\",\"name\":\"\u00c1guilas Turismo\",\"description\":\"\",\"publisher\":{\"@id\":\"https:\/\/aguilas.es\/fr\/#organization\"},\"potentialAction\":[{\"@type\":\"SearchAction\",\"target\":{\"@type\":\"EntryPoint\",\"urlTemplate\":\"https:\/\/aguilas.es\/fr\/?s={search_term_string}\"},\"query-input\":{\"@type\":\"PropertyValueSpecification\",\"valueRequired\":true,\"valueName\":\"search_term_string\"}}],\"inLanguage\":\"fr-FR\"},{\"@type\":\"Organization\",\"@id\":\"https:\/\/aguilas.es\/fr\/#organization\",\"name\":\"\u00c1guilas Turismo\",\"url\":\"https:\/\/aguilas.es\/fr\/\",\"logo\":{\"@type\":\"ImageObject\",\"inLanguage\":\"fr-FR\",\"@id\":\"https:\/\/aguilas.es\/fr\/#\/schema\/logo\/image\/\",\"url\":\"https:\/\/aguilas.es\/wp-content\/uploads\/2025\/04\/Logo-Aguilas-turismo.png\",\"contentUrl\":\"https:\/\/aguilas.es\/wp-content\/uploads\/2025\/04\/Logo-Aguilas-turismo.png\",\"width\":575,\"height\":229,\"caption\":\"\u00c1guilas Turismo\"},\"image\":{\"@id\":\"https:\/\/aguilas.es\/fr\/#\/schema\/logo\/image\/\"}}]}<\/script>\n<!-- \/ Yoast SEO plugin. -->","yoast_head_json":{"title":"\u00c1guilas Turismo | Accueil","description":"Site web officiel du tourisme d'\u00c1guilas (Murcie). D\u00e9couvrez les plages, les itin\u00e9raires et les sentiers, les exp\u00e9riences nautiques, le patrimoine, le carnaval et le programme des \u00e9v\u00e9nements tout au long de l'ann\u00e9e.","robots":{"index":"index","follow":"follow","max-snippet":"max-snippet:-1","max-image-preview":"max-image-preview:large","max-video-preview":"max-video-preview:-1"},"canonical":"https:\/\/aguilas.es\/fr\/","og_locale":"fr_FR","og_type":"article","og_title":"\u00c1guilas Turismo | Accueil","og_description":"Site web officiel du tourisme d'\u00c1guilas (Murcie). D\u00e9couvrez les plages, les itin\u00e9raires et les sentiers, les exp\u00e9riences nautiques, le patrimoine, le carnaval et le programme des \u00e9v\u00e9nements tout au long de l'ann\u00e9e.","og_url":"https:\/\/aguilas.es\/fr\/","og_site_name":"\u00c1guilas Turismo","article_modified_time":"2025-12-30T13:14:28+00:00","og_image":[{"width":10368,"height":7776,"url":"https:\/\/aguilas.es\/wp-content\/uploads\/2025\/07\/fmgarcia_aguilas-turismo-2019-ENVIADAS_000039.jpg","type":"image\/jpeg"}],"twitter_card":"summary_large_image","twitter_misc":{"Dur\u00e9e de lecture estim\u00e9e":"1 minute"},"schema":{"@context":"https:\/\/schema.org","@graph":[{"@type":"WebPage","@id":"https:\/\/aguilas.es\/fr\/","url":"https:\/\/aguilas.es\/fr\/","name":"\u00c1guilas Turismo | Accueil","isPartOf":{"@id":"https:\/\/aguilas.es\/fr\/#website"},"primaryImageOfPage":{"@id":"https:\/\/aguilas.es\/fr\/#primaryimage"},"image":{"@id":"https:\/\/aguilas.es\/fr\/#primaryimage"},"thumbnailUrl":"https:\/\/aguilas.es\/wp-content\/uploads\/2025\/07\/fmgarcia_aguilas-turismo-2019-ENVIADAS_000039.jpg","datePublished":"2025-04-07T09:01:37+00:00","dateModified":"2025-12-30T13:14:28+00:00","description":"Site web officiel du tourisme d'\u00c1guilas (Murcie). D\u00e9couvrez les plages, les itin\u00e9raires et les sentiers, les exp\u00e9riences nautiques, le patrimoine, le carnaval et le programme des \u00e9v\u00e9nements tout au long de l'ann\u00e9e.","breadcrumb":{"@id":"https:\/\/aguilas.es\/fr\/#breadcrumb"},"inLanguage":"fr-FR","potentialAction":[{"@type":"ReadAction","target":["https:\/\/aguilas.es\/fr\/"]}]},{"@type":"ImageObject","inLanguage":"fr-FR","@id":"https:\/\/aguilas.es\/fr\/#primaryimage","url":"https:\/\/aguilas.es\/wp-content\/uploads\/2025\/07\/fmgarcia_aguilas-turismo-2019-ENVIADAS_000039.jpg","contentUrl":"https:\/\/aguilas.es\/wp-content\/uploads\/2025\/07\/fmgarcia_aguilas-turismo-2019-ENVIADAS_000039.jpg","width":10368,"height":7776},{"@type":"BreadcrumbList","@id":"https:\/\/aguilas.es\/fr\/#breadcrumb","itemListElement":[{"@type":"ListItem","position":1,"name":"Portada","item":"https:\/\/aguilas.es\/fr\/accueil\/"},{"@type":"ListItem","position":2,"name":"Accueil"}]},{"@type":"WebSite","@id":"https:\/\/aguilas.es\/fr\/#website","url":"https:\/\/aguilas.es\/fr\/","name":"\u00c1guilas Turismo","description":"","publisher":{"@id":"https:\/\/aguilas.es\/fr\/#organization"},"potentialAction":[{"@type":"SearchAction","target":{"@type":"EntryPoint","urlTemplate":"https:\/\/aguilas.es\/fr\/?s={search_term_string}"},"query-input":{"@type":"PropertyValueSpecification","valueRequired":true,"valueName":"search_term_string"}}],"inLanguage":"fr-FR"},{"@type":"Organization","@id":"https:\/\/aguilas.es\/fr\/#organization","name":"\u00c1guilas Turismo","url":"https:\/\/aguilas.es\/fr\/","logo":{"@type":"ImageObject","inLanguage":"fr-FR","@id":"https:\/\/aguilas.es\/fr\/#\/schema\/logo\/image\/","url":"https:\/\/aguilas.es\/wp-content\/uploads\/2025\/04\/Logo-Aguilas-turismo.png","contentUrl":"https:\/\/aguilas.es\/wp-content\/uploads\/2025\/04\/Logo-Aguilas-turismo.png","width":575,"height":229,"caption":"\u00c1guilas Turismo"},"image":{"@id":"https:\/\/aguilas.es\/fr\/#\/schema\/logo\/image\/"}}]}},"_links":{"self":[{"href":"https:\/\/aguilas.es\/fr\/wp-json\/wp\/v2\/pages\/8790","targetHints":{"allow":["GET"]}}],"collection":[{"href":"https:\/\/aguilas.es\/fr\/wp-json\/wp\/v2\/pages"}],"about":[{"href":"https:\/\/aguilas.es\/fr\/wp-json\/wp\/v2\/types\/page"}],"author":[{"embeddable":true,"href":"https:\/\/aguilas.es\/fr\/wp-json\/wp\/v2\/users\/1"}],"replies":[{"embeddable":true,"href":"https:\/\/aguilas.es\/fr\/wp-json\/wp\/v2\/comments?post=8790"}],"version-history":[{"count":4,"href":"https:\/\/aguilas.es\/fr\/wp-json\/wp\/v2\/pages\/8790\/revisions"}],"predecessor-version":[{"id":9285,"href":"https:\/\/aguilas.es\/fr\/wp-json\/wp\/v2\/pages\/8790\/revisions\/9285"}],"wp:featuredmedia":[{"embeddable":true,"href":"https:\/\/aguilas.es\/fr\/wp-json\/wp\/v2\/media\/8633"}],"wp:attachment":[{"href":"https:\/\/aguilas.es\/fr\/wp-json\/wp\/v2\/media?parent=8790"}],"curies":[{"name":"wp","href":"https:\/\/api.w.org\/{rel}","templated":true}]}}