{"id":8803,"date":"2025-06-11T14:37:21","date_gmt":"2025-06-11T12:37:21","guid":{"rendered":"https:\/\/aguilas.es\/politique-de-confidentialite\/"},"modified":"2025-12-30T14:13:52","modified_gmt":"2025-12-30T13:13:52","slug":"politique-de-confidentialite","status":"publish","type":"page","link":"https:\/\/aguilas.es\/fr\/politique-de-confidentialite\/","title":{"rendered":"Politique de confidentialit\u00e9"},"content":{"rendered":"\t\t<div data-elementor-type=\"wp-page\" data-elementor-id=\"8803\" class=\"elementor elementor-8803 elementor-4703\">\n\t\t\t\t<div class=\"porto_stretch_css stretch_row_css elementor-element elementor-element-e81c1de e-flex e-con-boxed e-con e-parent\" data-id=\"e81c1de\" data-element_type=\"container\" data-settings=\"{&quot;background_background&quot;:&quot;classic&quot;}\">\r\n\t\t\t\t\t<div class=\"e-con-inner\">\r\n\t\t<div class=\"elementor-element elementor-element-609ab41 e-con-full e-flex e-con e-child\" data-id=\"609ab41\" data-element_type=\"container\">\r\n\t\t\t\t<div class=\"elementor-element elementor-element-2bd3034 elementor-widget elementor-widget-porto_ultimate_heading\" data-id=\"2bd3034\" data-element_type=\"widget\" data-widget_type=\"porto_ultimate_heading.default\">\n\t\t\t\t<div class=\"elementor-widget-container\">\n\t\t\t\t\t<div class=\"porto-u-heading  porto-u-ad87e2eaf3f9c495180fe0156ddf3eb0\"><style>.porto-u-ad87e2eaf3f9c495180fe0156ddf3eb0.porto-u-heading{text-align:left}<\/style><\/div>\t\t\t\t<\/div>\n\t\t\t\t<\/div>\n\t\t\t\t<div class=\"elementor-element elementor-element-c15da51 elementor-widget elementor-widget-porto_page_header\" data-id=\"c15da51\" data-element_type=\"widget\" data-widget_type=\"porto_page_header.default\">\n\t\t\t\t<div class=\"elementor-widget-container\">\n\t\t\t\t\t<div class=\"page-top page-header-6\"><style>.page-top { background: none; border-bottom: none; } .page-top .page-title:not(.b-none):after { display: none; }<\/style><div class=\"container hide-title\">\r\n\t<div class=\"row\">\r\n\t\t<div class=\"col-lg-12 clearfix\">\r\n\t\t\t<div class=\"pt-right d-none\">\r\n\t\t\t\t\t\t\t\t<h1 class=\"page-title\"><\/h1>\r\n\t\t\t\t\t\t\t<\/div>\r\n\t\t\t\t\t\t\t<div class=\"breadcrumbs-wrap pt-left\">\r\n\t\t\t\t\t<ul class=\"breadcrumb\" itemscope itemtype=\"https:\/\/schema.org\/BreadcrumbList\"><li class=\"home\" itemprop=\"itemListElement\" itemscope itemtype=\"https:\/\/schema.org\/ListItem\"><a itemprop=\"item\" href=\"https:\/\/aguilas.es\/fr\/\" title=\"Go to Home Page\"><span itemprop=\"name\">Home<\/span><\/a><meta itemprop=\"position\" content=\"1\" \/><i class=\"delimiter delimiter-2\"><\/i><\/li><\/ul>\t\t\t\t<\/div>\r\n\t\t\t\t\t\t\t\t<\/div>\r\n\t<\/div>\r\n<\/div>\r\n<\/div>\t\t\t\t<\/div>\n\t\t\t\t<\/div>\n\t\t\t\t<\/div>\n\t\t\t\t\t<\/div>\n\t\t\t\t<\/div>\n\t\t<div class=\"elementor-element elementor-element-004d92e e-flex e-con-boxed e-con e-parent\" data-id=\"004d92e\" data-element_type=\"container\">\r\n\t\t\t\t\t<div class=\"e-con-inner\">\r\n\t\t\t\t<div class=\"elementor-element elementor-element-461b75a elementor-widget elementor-widget-text-editor\" data-id=\"461b75a\" data-element_type=\"widget\" data-widget_type=\"text-editor.default\">\n\t\t\t\t<div class=\"elementor-widget-container\">\n\t\t\t\t\t\t\t\t\t<p>Conform\u00e9ment au r\u00e8glement (UE) 2016\/679 du Parlement europ\u00e9en et du Conseil du 27 avril 2016 relatif \u00e0 la protection des personnes physiques \u00e0 l\u2019\u00e9gard du traitement des donn\u00e9es \u00e0 caract\u00e8re personnel et \u00e0 la libre circulation de ces donn\u00e9es (RGPD), et \u00e0 la loi organique 3\/2018 du 5 d\u00e9cembre relative \u00e0 la protection des donn\u00e9es \u00e0 caract\u00e8re personnel et \u00e0 la garantie des droits num\u00e9riques (LOPDGDD), les utilisateurs du site web <a href=\"https:\/\/www.aguilas.es\/\">https:\/\/www.aguilas.es\/<\/a> sont inform\u00e9s de la politique de protection des donn\u00e9es \u00e0 caract\u00e8re personnel.<\/p><ol><li><strong> RESPONSABLE DU TRAITEMENT<\/strong><\/li><\/ol><p><strong>Identit\u00e9&nbsp;:<\/strong> Excmo. Ayuntamiento de \u00c1guilas <br><strong>CIF&nbsp;:<\/strong> P3000300H<br><strong>Domicile&nbsp;:<\/strong> Plaza de Espa\u00f1a, 14, 30880 \u00c1guilas, Murcia<br><strong>T\u00e9l\u00e9phone&nbsp;:<\/strong> 968 41 88 00<br><strong>D\u00e9l\u00e9gu\u00e9 \u00e0 la protection des donn\u00e9es (DPD)&nbsp;:<\/strong> <a href=\"mailto:protecciondedatos@ayuntamientodeaguilas.com\">protecciondedatos@ayuntamientodeaguilas.com<\/a><\/p><ol start=\"2\"><li><strong> FINALIT\u00c9S DU TRAITEMENT<\/strong><\/li><\/ol><p>Les donn\u00e9es \u00e0 caract\u00e8re personnel recueillies par le biais du portail touristique seront trait\u00e9es aux fins suivantes&nbsp;:<\/p><table><thead><tr><td><p>FINALIT\u00c9<\/p><\/td><td><p>DONN\u00c9ES TRAIT\u00c9ES<\/p><\/td><td><p>BASE JURIDIQUE<\/p><\/td><td><p>DUR\u00c9E DE CONSERVATION<\/p><\/td><\/tr><\/thead><tbody><tr><td><p>Gestion des consultations et suggestions<\/p><\/td><td><p>Nom, pr\u00e9nom, e-mail, t\u00e9l\u00e9phone, contenu de la consultation<\/p><\/td><td><p>Int\u00e9r\u00eat public (art.&nbsp;6.1.e RGPD)<\/p><\/td><td><p>2&nbsp;ans<\/p><\/td><\/tr><tr><td><p>Envoi de bulletins d\u2019information<\/p><\/td><td><p>E-mail, nom<\/p><\/td><td><p>Consentement explicite (art.&nbsp;6.1.a RGPD)<\/p><\/td><td><p>Jusqu\u2019\u00e0 r\u00e9vocation du consentement<\/p><\/td><\/tr><tr><td><p>Participation \u00e0 des processus participatifs<\/p><\/td><td><p>Nom, pr\u00e9nom, pi\u00e8ce d\u2019identit\u00e9, e-mail, adresse<\/p><\/td><td><p>Int\u00e9r\u00eat public (art.&nbsp;6.1.e RGPD)<\/p><\/td><td><p>5&nbsp;ans \u00e0 compter de la fin du processus<\/p><\/td><\/tr><tr><td><p>Gestion des proc\u00e9dures \u00e9lectroniques<\/p><\/td><td><p>Pi\u00e8ce d\u2019identit\u00e9, nom, pr\u00e9nom, adresse, donn\u00e9es sp\u00e9cifiques \u00e0 la proc\u00e9dure<\/p><\/td><td><p>Respect d\u2019une obligation l\u00e9gale (art.&nbsp;6.1.c RGPD)<\/p><\/td><td><p>D\u00e9lais \u00e9tablis dans la r\u00e9glementation administrative<\/p><\/td><\/tr><\/tbody><\/table><p><strong> <\/strong><\/p><p>La liste actualis\u00e9e des activit\u00e9s de traitement r\u00e9alis\u00e9es est disponible sur le <a href=\"https:\/\/transparencia.ayuntamientodeaguilas.org\/transparencia-municipal\/inventario-de-actividades-de-tratamiento\/\">lien vers le registre des activit\u00e9s de l\u2019Excmo. Ayuntamiento de \u00c1guilas<\/a><strong>.<\/strong><\/p><ol start=\"3\"><li><strong> DESTINATAIRES DES DONN\u00c9ES<\/strong><\/li><\/ol><p>Les donn\u00e9es pourront \u00eatre communiqu\u00e9es \u00e0&nbsp;:<\/p><ul><li><strong>Autres administrations publiques&nbsp;:<\/strong> Lorsque cela est n\u00e9cessaire au respect des comp\u00e9tences propres (loi&nbsp;7-1985 du 2&nbsp;avril r\u00e9gissant les bases du r\u00e9gime local), lorsque la communication de donn\u00e9es peut \u00eatre effectu\u00e9e conform\u00e9ment \u00e0 l\u2019article&nbsp;6 du RGPD relatif \u00e0 la l\u00e9gitimation du traitement, int\u00e9ress\u00e9s par les proc\u00e9dures li\u00e9es aux r\u00e9clamations pr\u00e9sent\u00e9es et aux proc\u00e9dures administratives propres \u00e0 l\u2019Excmo. Ayuntamiento de \u00c1guilas. <\/li><li><strong>Fournisseurs de services&nbsp;:<\/strong> Entreprises qui fournissent des services \u00e0 la mairie, avec un contrat de sous-traitance<\/li><\/ul><ul><li><strong>Forces et corps de s\u00e9curit\u00e9&nbsp;:<\/strong> En application des obligations l\u00e9gales.<\/li><\/ul><p>Aucun transfert international de donn\u00e9es ne sera effectu\u00e9.<\/p><ol start=\"4\"><li><strong> DROITS DES PERSONNES CONCERN\u00c9ES<\/strong><\/li><\/ol><p>Les personnes concern\u00e9es ont le droit de&nbsp;:<\/p><ul><li><strong>Acc\u00e8s&nbsp;:<\/strong> Savoir quelles donn\u00e9es sont trait\u00e9es et comment<\/li><li><strong>Rectification&nbsp;:<\/strong> Modifier les donn\u00e9es inexactes ou incompl\u00e8tes<\/li><li><strong>Suppression&nbsp;:<\/strong> Demander la suppression de leurs donn\u00e9es lorsque cela est possible<\/li><li><strong>Limitation&nbsp;:<\/strong> Demander la limitation du traitement dans certains cas<\/li><li><strong>Portabilit\u00e9&nbsp;:<\/strong> Recevoir les donn\u00e9es dans un format structur\u00e9<\/li><li><strong>Opposition&nbsp;:<\/strong> S\u2019opposer au traitement dans certaines circonstances<\/li><li><strong>Retirer son consentement&nbsp;:<\/strong> \u00c0 tout moment, sans affecter la lic\u00e9it\u00e9 du traitement fond\u00e9 sur le consentement pr\u00e9alable \u00e0 son retrait<\/li><\/ul><p> <\/p><ol start=\"5\"><li><strong> PROC\u00c9DURE D\u2019EXERCICE DES DROITS<\/strong><\/li><\/ol><p>Pour exercer vos droits, vous pouvez&nbsp;:<\/p><ol><li><strong>En personne&nbsp;:<\/strong> Au registre g\u00e9n\u00e9ral de la mairie, Plaza de Espa\u00f1a, 14<\/li><li><strong>Par courrier postal&nbsp;:<\/strong> En envoyant un courrier \u00e0 l\u2019Excmo. Ayuntamiento de \u00c1guilas, Plaza de Espa\u00f1a, 14, 30880 \u00c1guilas <\/li><li><strong>Par e-mail&nbsp;:<\/strong> En envoyant une demande \u00e0 <a href=\"mailto:protecciondedatos@ayuntamientodeaguilas.com\">protecciondedatos@ayuntamientodeaguilas.com<\/a><\/li><\/ol><p>Vous devez joindre un document d\u2019identification prouvant votre identit\u00e9. La mairie r\u00e9pondra dans un d\u00e9lai maximum d\u2019un mois. <\/p><ol start=\"6\"><li><strong> R\u00c9CLAMATIONS AUPR\u00c8S DE L\u2019AUTORIT\u00c9 DE CONTR\u00d4LE<\/strong><\/li><\/ol><p>Si vous estimez que vos droits ont \u00e9t\u00e9 viol\u00e9s, vous pouvez d\u00e9poser une r\u00e9clamation aupr\u00e8s de l\u2019Agence espagnole de protection des donn\u00e9es (AEPD)&nbsp;:<\/p><p><strong>Agence espagnole de protection des donn\u00e9es<\/strong><br>C\/ Jorge Juan, 6, 28001 Madrid<br>T\u00e9l\u00e9phone&nbsp;: 901&nbsp;100&nbsp;099<br>Web&nbsp;: <a href=\"http:\/\/www.aepd.es\">www.aepd.es<\/a><\/p><ol start=\"7\"><li><strong> S\u00c9CURIT\u00c9 DES DONN\u00c9ES<\/strong><\/li><\/ol><p>L\u2019Excmo. Ayuntamiento de \u00c1guilas met en \u0153uvre les mesures techniques et organisationnelles n\u00e9cessaires pour garantir la s\u00e9curit\u00e9 des donn\u00e9es \u00e0 caract\u00e8re personnel et emp\u00eacher leur alt\u00e9ration, leur perte, leur traitement ou leur acc\u00e8s non autoris\u00e9, en tenant compte de l\u2019\u00e9tat de la technologie, de la nature des donn\u00e9es stock\u00e9es et des risques auxquels elles sont expos\u00e9es. <\/p><ol start=\"8\"><li><strong> MINEURS<\/strong><\/li><\/ol><p>Les services du portail ne sont pas destin\u00e9s aux mineurs (14&nbsp;ans). Si un mineur fournit des donn\u00e9es \u00e0 caract\u00e8re personnel, il sera entendu qu\u2019il a le consentement de ses parents ou tuteurs, qui pourront exercer les droits en son nom. <\/p><ol start=\"9\"><li><strong> ACTUALISATIONS<\/strong><\/li><\/ol><p>La pr\u00e9sente politique de confidentialit\u00e9 pourra \u00eatre modifi\u00e9e pour s\u2019adapter aux changements l\u00e9gislatifs ou aux traitements effectu\u00e9s. Il est recommand\u00e9 de la consulter r\u00e9guli\u00e8rement. <\/p><p><strong>Derni\u00e8re mise \u00e0 jour&nbsp;:<\/strong> 02&nbsp;d\u00e9cembre&nbsp;2025<\/p>\t\t\t\t\t\t\t\t<\/div>\n\t\t\t\t<\/div>\n\t\t\t\t\t<\/div>\n\t\t\t\t<\/div>\n\t\t\t\t<\/div>\n\t\t","protected":false},"excerpt":{"rendered":"<p>.porto-u-7cde7bb859728a21207628191890e260.porto-u-heading{text-align:left} .page-top { background: none; border-bottom: none; } .page-top .page-title:not(.b-none):after { display: none; } Home Conform\u00e9ment au r\u00e8glement (UE) 2016\/679 du Parlement europ\u00e9en et du Conseil du 27 avril 2016 relatif \u00e0 la protection des personnes physiques \u00e0 l\u2019\u00e9gard du traitement des donn\u00e9es \u00e0 caract\u00e8re personnel et \u00e0 la libre circulation de ces donn\u00e9es (RGPD), [&hellip;]<\/p>\n","protected":false},"author":1,"featured_media":7935,"parent":0,"menu_order":0,"comment_status":"closed","ping_status":"closed","template":"","meta":{"footnotes":""},"class_list":["post-8803","page","type-page","status-publish","has-post-thumbnail","hentry"],"yoast_head":"<!-- This site is optimized with the Yoast SEO plugin v26.6 - https:\/\/yoast.com\/wordpress\/plugins\/seo\/ -->\n<title>\u00c1guilas Turismo | Politique de confidentialit\u00e9<\/title>\n<meta name=\"robots\" content=\"index, follow, max-snippet:-1, max-image-preview:large, max-video-preview:-1\" \/>\n<link rel=\"canonical\" href=\"https:\/\/aguilas.es\/fr\/politique-de-confidentialite\/\" \/>\n<meta property=\"og:locale\" content=\"fr_FR\" \/>\n<meta property=\"og:type\" content=\"article\" \/>\n<meta property=\"og:title\" content=\"\u00c1guilas Turismo | Politique de confidentialit\u00e9\" \/>\n<meta property=\"og:description\" content=\".porto-u-7cde7bb859728a21207628191890e260.porto-u-heading{text-align:left} .page-top { background: none; border-bottom: none; } .page-top .page-title:not(.b-none):after { display: none; } Home Conform\u00e9ment au r\u00e8glement (UE) 2016\/679 du Parlement europ\u00e9en et du Conseil du 27 avril 2016 relatif \u00e0 la protection des personnes physiques \u00e0 l\u2019\u00e9gard du traitement des donn\u00e9es \u00e0 caract\u00e8re personnel et \u00e0 la libre circulation de ces donn\u00e9es (RGPD), [&hellip;]\" \/>\n<meta property=\"og:url\" content=\"https:\/\/aguilas.es\/fr\/politique-de-confidentialite\/\" \/>\n<meta property=\"og:site_name\" content=\"\u00c1guilas Turismo\" \/>\n<meta property=\"article:modified_time\" content=\"2025-12-30T13:13:52+00:00\" \/>\n<meta property=\"og:image\" content=\"https:\/\/aguilas.es\/wp-content\/uploads\/2025\/07\/alateasocialmedia_oficinaturismo-ciudad-000094-1.jpg\" \/>\n\t<meta property=\"og:image:width\" content=\"1920\" \/>\n\t<meta property=\"og:image:height\" content=\"1438\" \/>\n\t<meta property=\"og:image:type\" content=\"image\/jpeg\" \/>\n<meta name=\"twitter:card\" content=\"summary_large_image\" \/>\n<meta name=\"twitter:label1\" content=\"Dur\u00e9e de lecture estim\u00e9e\" \/>\n\t<meta name=\"twitter:data1\" content=\"4 minutes\" \/>\n<script type=\"application\/ld+json\" class=\"yoast-schema-graph\">{\"@context\":\"https:\/\/schema.org\",\"@graph\":[{\"@type\":\"WebPage\",\"@id\":\"https:\/\/aguilas.es\/fr\/politique-de-confidentialite\/\",\"url\":\"https:\/\/aguilas.es\/fr\/politique-de-confidentialite\/\",\"name\":\"\u00c1guilas Turismo | Politique de confidentialit\u00e9\",\"isPartOf\":{\"@id\":\"https:\/\/aguilas.es\/fr\/#website\"},\"primaryImageOfPage\":{\"@id\":\"https:\/\/aguilas.es\/fr\/politique-de-confidentialite\/#primaryimage\"},\"image\":{\"@id\":\"https:\/\/aguilas.es\/fr\/politique-de-confidentialite\/#primaryimage\"},\"thumbnailUrl\":\"https:\/\/aguilas.es\/wp-content\/uploads\/2025\/07\/alateasocialmedia_oficinaturismo-ciudad-000094-1.jpg\",\"datePublished\":\"2025-06-11T12:37:21+00:00\",\"dateModified\":\"2025-12-30T13:13:52+00:00\",\"breadcrumb\":{\"@id\":\"https:\/\/aguilas.es\/fr\/politique-de-confidentialite\/#breadcrumb\"},\"inLanguage\":\"fr-FR\",\"potentialAction\":[{\"@type\":\"ReadAction\",\"target\":[\"https:\/\/aguilas.es\/fr\/politique-de-confidentialite\/\"]}]},{\"@type\":\"ImageObject\",\"inLanguage\":\"fr-FR\",\"@id\":\"https:\/\/aguilas.es\/fr\/politique-de-confidentialite\/#primaryimage\",\"url\":\"https:\/\/aguilas.es\/wp-content\/uploads\/2025\/07\/alateasocialmedia_oficinaturismo-ciudad-000094-1.jpg\",\"contentUrl\":\"https:\/\/aguilas.es\/wp-content\/uploads\/2025\/07\/alateasocialmedia_oficinaturismo-ciudad-000094-1.jpg\",\"width\":1920,\"height\":1438},{\"@type\":\"BreadcrumbList\",\"@id\":\"https:\/\/aguilas.es\/fr\/politique-de-confidentialite\/#breadcrumb\",\"itemListElement\":[{\"@type\":\"ListItem\",\"position\":1,\"name\":\"Portada\",\"item\":\"https:\/\/aguilas.es\/fr\/accueil\/\"},{\"@type\":\"ListItem\",\"position\":2,\"name\":\"Politique de confidentialit\u00e9\"}]},{\"@type\":\"WebSite\",\"@id\":\"https:\/\/aguilas.es\/fr\/#website\",\"url\":\"https:\/\/aguilas.es\/fr\/\",\"name\":\"\u00c1guilas Turismo\",\"description\":\"\",\"publisher\":{\"@id\":\"https:\/\/aguilas.es\/fr\/#organization\"},\"potentialAction\":[{\"@type\":\"SearchAction\",\"target\":{\"@type\":\"EntryPoint\",\"urlTemplate\":\"https:\/\/aguilas.es\/fr\/?s={search_term_string}\"},\"query-input\":{\"@type\":\"PropertyValueSpecification\",\"valueRequired\":true,\"valueName\":\"search_term_string\"}}],\"inLanguage\":\"fr-FR\"},{\"@type\":\"Organization\",\"@id\":\"https:\/\/aguilas.es\/fr\/#organization\",\"name\":\"\u00c1guilas Turismo\",\"url\":\"https:\/\/aguilas.es\/fr\/\",\"logo\":{\"@type\":\"ImageObject\",\"inLanguage\":\"fr-FR\",\"@id\":\"https:\/\/aguilas.es\/fr\/#\/schema\/logo\/image\/\",\"url\":\"https:\/\/aguilas.es\/wp-content\/uploads\/2025\/04\/Logo-Aguilas-turismo.png\",\"contentUrl\":\"https:\/\/aguilas.es\/wp-content\/uploads\/2025\/04\/Logo-Aguilas-turismo.png\",\"width\":575,\"height\":229,\"caption\":\"\u00c1guilas Turismo\"},\"image\":{\"@id\":\"https:\/\/aguilas.es\/fr\/#\/schema\/logo\/image\/\"}}]}<\/script>\n<!-- \/ Yoast SEO plugin. -->","yoast_head_json":{"title":"\u00c1guilas Turismo | Politique de confidentialit\u00e9","robots":{"index":"index","follow":"follow","max-snippet":"max-snippet:-1","max-image-preview":"max-image-preview:large","max-video-preview":"max-video-preview:-1"},"canonical":"https:\/\/aguilas.es\/fr\/politique-de-confidentialite\/","og_locale":"fr_FR","og_type":"article","og_title":"\u00c1guilas Turismo | Politique de confidentialit\u00e9","og_description":".porto-u-7cde7bb859728a21207628191890e260.porto-u-heading{text-align:left} .page-top { background: none; border-bottom: none; } .page-top .page-title:not(.b-none):after { display: none; } Home Conform\u00e9ment au r\u00e8glement (UE) 2016\/679 du Parlement europ\u00e9en et du Conseil du 27 avril 2016 relatif \u00e0 la protection des personnes physiques \u00e0 l\u2019\u00e9gard du traitement des donn\u00e9es \u00e0 caract\u00e8re personnel et \u00e0 la libre circulation de ces donn\u00e9es (RGPD), [&hellip;]","og_url":"https:\/\/aguilas.es\/fr\/politique-de-confidentialite\/","og_site_name":"\u00c1guilas Turismo","article_modified_time":"2025-12-30T13:13:52+00:00","og_image":[{"width":1920,"height":1438,"url":"https:\/\/aguilas.es\/wp-content\/uploads\/2025\/07\/alateasocialmedia_oficinaturismo-ciudad-000094-1.jpg","type":"image\/jpeg"}],"twitter_card":"summary_large_image","twitter_misc":{"Dur\u00e9e de lecture estim\u00e9e":"4 minutes"},"schema":{"@context":"https:\/\/schema.org","@graph":[{"@type":"WebPage","@id":"https:\/\/aguilas.es\/fr\/politique-de-confidentialite\/","url":"https:\/\/aguilas.es\/fr\/politique-de-confidentialite\/","name":"\u00c1guilas Turismo | Politique de confidentialit\u00e9","isPartOf":{"@id":"https:\/\/aguilas.es\/fr\/#website"},"primaryImageOfPage":{"@id":"https:\/\/aguilas.es\/fr\/politique-de-confidentialite\/#primaryimage"},"image":{"@id":"https:\/\/aguilas.es\/fr\/politique-de-confidentialite\/#primaryimage"},"thumbnailUrl":"https:\/\/aguilas.es\/wp-content\/uploads\/2025\/07\/alateasocialmedia_oficinaturismo-ciudad-000094-1.jpg","datePublished":"2025-06-11T12:37:21+00:00","dateModified":"2025-12-30T13:13:52+00:00","breadcrumb":{"@id":"https:\/\/aguilas.es\/fr\/politique-de-confidentialite\/#breadcrumb"},"inLanguage":"fr-FR","potentialAction":[{"@type":"ReadAction","target":["https:\/\/aguilas.es\/fr\/politique-de-confidentialite\/"]}]},{"@type":"ImageObject","inLanguage":"fr-FR","@id":"https:\/\/aguilas.es\/fr\/politique-de-confidentialite\/#primaryimage","url":"https:\/\/aguilas.es\/wp-content\/uploads\/2025\/07\/alateasocialmedia_oficinaturismo-ciudad-000094-1.jpg","contentUrl":"https:\/\/aguilas.es\/wp-content\/uploads\/2025\/07\/alateasocialmedia_oficinaturismo-ciudad-000094-1.jpg","width":1920,"height":1438},{"@type":"BreadcrumbList","@id":"https:\/\/aguilas.es\/fr\/politique-de-confidentialite\/#breadcrumb","itemListElement":[{"@type":"ListItem","position":1,"name":"Portada","item":"https:\/\/aguilas.es\/fr\/accueil\/"},{"@type":"ListItem","position":2,"name":"Politique de confidentialit\u00e9"}]},{"@type":"WebSite","@id":"https:\/\/aguilas.es\/fr\/#website","url":"https:\/\/aguilas.es\/fr\/","name":"\u00c1guilas Turismo","description":"","publisher":{"@id":"https:\/\/aguilas.es\/fr\/#organization"},"potentialAction":[{"@type":"SearchAction","target":{"@type":"EntryPoint","urlTemplate":"https:\/\/aguilas.es\/fr\/?s={search_term_string}"},"query-input":{"@type":"PropertyValueSpecification","valueRequired":true,"valueName":"search_term_string"}}],"inLanguage":"fr-FR"},{"@type":"Organization","@id":"https:\/\/aguilas.es\/fr\/#organization","name":"\u00c1guilas Turismo","url":"https:\/\/aguilas.es\/fr\/","logo":{"@type":"ImageObject","inLanguage":"fr-FR","@id":"https:\/\/aguilas.es\/fr\/#\/schema\/logo\/image\/","url":"https:\/\/aguilas.es\/wp-content\/uploads\/2025\/04\/Logo-Aguilas-turismo.png","contentUrl":"https:\/\/aguilas.es\/wp-content\/uploads\/2025\/04\/Logo-Aguilas-turismo.png","width":575,"height":229,"caption":"\u00c1guilas Turismo"},"image":{"@id":"https:\/\/aguilas.es\/fr\/#\/schema\/logo\/image\/"}}]}},"_links":{"self":[{"href":"https:\/\/aguilas.es\/fr\/wp-json\/wp\/v2\/pages\/8803","targetHints":{"allow":["GET"]}}],"collection":[{"href":"https:\/\/aguilas.es\/fr\/wp-json\/wp\/v2\/pages"}],"about":[{"href":"https:\/\/aguilas.es\/fr\/wp-json\/wp\/v2\/types\/page"}],"author":[{"embeddable":true,"href":"https:\/\/aguilas.es\/fr\/wp-json\/wp\/v2\/users\/1"}],"replies":[{"embeddable":true,"href":"https:\/\/aguilas.es\/fr\/wp-json\/wp\/v2\/comments?post=8803"}],"version-history":[{"count":2,"href":"https:\/\/aguilas.es\/fr\/wp-json\/wp\/v2\/pages\/8803\/revisions"}],"predecessor-version":[{"id":8809,"href":"https:\/\/aguilas.es\/fr\/wp-json\/wp\/v2\/pages\/8803\/revisions\/8809"}],"wp:featuredmedia":[{"embeddable":true,"href":"https:\/\/aguilas.es\/fr\/wp-json\/wp\/v2\/media\/7935"}],"wp:attachment":[{"href":"https:\/\/aguilas.es\/fr\/wp-json\/wp\/v2\/media?parent=8803"}],"curies":[{"name":"wp","href":"https:\/\/api.w.org\/{rel}","templated":true}]}}