{"id":8829,"date":"2025-04-03T16:26:39","date_gmt":"2025-04-03T14:26:39","guid":{"rendered":"https:\/\/aguilas.es\/organise-ton-voyage\/"},"modified":"2026-02-23T14:01:52","modified_gmt":"2026-02-23T13:01:52","slug":"organise-ton-voyage","status":"publish","type":"page","link":"https:\/\/aguilas.es\/fr\/votre-voyage-etape-par-etape\/organise-ton-voyage\/","title":{"rendered":"Organise ton voyage"},"content":{"rendered":"\t\t<div data-elementor-type=\"wp-page\" data-elementor-id=\"8829\" class=\"elementor elementor-8829 elementor-3598\">\n\t\t\t\t<div class=\"porto_stretch_css stretch_row_css elementor-element elementor-element-1a7b933 e-flex e-con-boxed e-con e-parent\" data-id=\"1a7b933\" data-element_type=\"container\" data-settings=\"{&quot;background_background&quot;:&quot;classic&quot;}\">\r\n\t\t\t\t\t<div class=\"e-con-inner\">\r\n\t\t<div class=\"elementor-element elementor-element-88828ce e-con-full e-flex e-con e-child\" data-id=\"88828ce\" data-element_type=\"container\">\r\n\t\t\t\t<div class=\"elementor-element elementor-element-4ea229b elementor-widget elementor-widget-porto_ultimate_heading\" data-id=\"4ea229b\" data-element_type=\"widget\" data-widget_type=\"porto_ultimate_heading.default\">\n\t\t\t\t<div class=\"elementor-widget-container\">\n\t\t\t\t\t<div class=\"porto-u-heading  porto-u-ad87e2eaf3f9c495180fe0156ddf3eb0\"><div class=\"porto-u-sub-heading\" style=\"\"><p>Pr\u00e9pare ta prochaine aventure<\/p><\/div><style>.porto-u-ad87e2eaf3f9c495180fe0156ddf3eb0.porto-u-heading{text-align:left}<\/style><\/div>\t\t\t\t<\/div>\n\t\t\t\t<\/div>\n\t\t\t\t<div class=\"elementor-element elementor-element-78a9897 elementor-widget elementor-widget-porto_page_header\" data-id=\"78a9897\" data-element_type=\"widget\" data-widget_type=\"porto_page_header.default\">\n\t\t\t\t<div class=\"elementor-widget-container\">\n\t\t\t\t\t<div class=\"page-top page-header-6\"><style>.page-top { background: none; border-bottom: none; } .page-top .page-title:not(.b-none):after { display: none; }<\/style><div class=\"container hide-title\">\r\n\t<div class=\"row\">\r\n\t\t<div class=\"col-lg-12 clearfix\">\r\n\t\t\t<div class=\"pt-right d-none\">\r\n\t\t\t\t\t\t\t\t<h1 class=\"page-title\"><\/h1>\r\n\t\t\t\t\t\t\t<\/div>\r\n\t\t\t\t\t\t\t<div class=\"breadcrumbs-wrap pt-left\">\r\n\t\t\t\t\t<ul class=\"breadcrumb\" itemscope itemtype=\"https:\/\/schema.org\/BreadcrumbList\"><li class=\"home\" itemprop=\"itemListElement\" itemscope itemtype=\"https:\/\/schema.org\/ListItem\"><a itemprop=\"item\" href=\"https:\/\/aguilas.es\/fr\/\" title=\"Go to Home Page\"><span itemprop=\"name\">Home<\/span><\/a><meta itemprop=\"position\" content=\"1\" \/><i class=\"delimiter delimiter-2\"><\/i><\/li><\/ul>\t\t\t\t<\/div>\r\n\t\t\t\t\t\t\t\t<\/div>\r\n\t<\/div>\r\n<\/div>\r\n<\/div>\t\t\t\t<\/div>\n\t\t\t\t<\/div>\n\t\t\t\t<\/div>\n\t\t\t\t\t<\/div>\n\t\t\t\t<\/div>\n\t\t<div class=\"elementor-element elementor-element-78e28f7f e-flex e-con-boxed e-con e-parent\" data-id=\"78e28f7f\" data-element_type=\"container\">\r\n\t\t\t\t\t<div class=\"e-con-inner\">\r\n\t\t\t\t<div class=\"elementor-element elementor-element-53b1c9f9 elementor-widget elementor-widget-text-editor\" data-id=\"53b1c9f9\" data-element_type=\"widget\" data-widget_type=\"text-editor.default\">\n\t\t\t\t<div class=\"elementor-widget-container\">\n\t\t\t\t\t\t\t\t\t<p data-start=\"61\" data-end=\"311\">D\u00e9couvre la beaut\u00e9 du littoral murcien \u00e0 \u00c1guilas, une destination id\u00e9ale pour profiter de plages aux eaux cristallines, de coins de nature uniques et d&rsquo;une riche tradition culturelle. Planifie ton escapade \u00e0 l&rsquo;avance&nbsp;: <\/p><ul><li data-start=\"314\" data-end=\"407\"><strong data-start=\"314\" data-end=\"329\">H\u00e9bergement<\/strong>&nbsp;: choisis parmi des h\u00f4tels face \u00e0 la mer, des appartements en centre-ville ou des g\u00eetes ruraux.<\/li><li data-start=\"410\" data-end=\"502\"><strong data-start=\"410\" data-end=\"421\">Que voir<\/strong>&nbsp;: ch\u00e2teau de San Juan, points de vue, criques cach\u00e9es et sa c\u00e9l\u00e8bre promenade maritime.<\/li><li data-start=\"505\" data-end=\"613\"><strong data-start=\"505\" data-end=\"520\">Activit\u00e9s<\/strong>&nbsp;: plong\u00e9e, randonn\u00e9e, excursions en bateau et, si tu voyages en f\u00e9vrier, vis son spectaculaire carnaval.<\/li><li data-start=\"616\" data-end=\"707\"><strong data-start=\"616\" data-end=\"631\">Gastronomie<\/strong>&nbsp;: savoure la crevette rouge, le riz a banda, le poisson frais et les desserts artisanaux.<\/li><\/ul><p style=\"text-align: center;\" data-start=\"709\" data-end=\"808\"><strong>Pr\u00e9pare-toi \u00e0 profiter d&rsquo;une destination qui combine mer, histoire et tradition\u2026 \u00c1guilas t&rsquo;attend&nbsp;!<\/strong><\/p>\t\t\t\t\t\t\t\t<\/div>\n\t\t\t\t<\/div>\n\t\t\t\t\t<\/div>\n\t\t\t\t<\/div>\n\t\t<div class=\"elementor-element elementor-element-0b5c175 e-flex e-con-boxed e-con e-parent\" data-id=\"0b5c175\" data-element_type=\"container\">\r\n\t\t\t\t\t<div class=\"e-con-inner\">\r\n\t\t\t\t<div class=\"elementor-element elementor-element-98a2bc7 elementor-widget elementor-widget-shortcode\" data-id=\"98a2bc7\" data-element_type=\"widget\" data-widget_type=\"shortcode.default\">\n\t\t\t\t<div class=\"elementor-widget-container\">\n\t\t\t\t\t\t\t<div class=\"elementor-shortcode\">    <div class=\"aguilas-shortcode-loader\" id=\"aguilas-lista-web-69f263bcc60f1\"\r\n        data-tipo=\"lista-web\"  data-id-lista=\"69\"  data-items=\"6\"  data-filtros=\"1\" >\r\n        <div class=\"aguilas-loader\">\r\n            <div class=\"aguilas-spinner\"><\/div>\r\n            <p>Chargement...<\/p>\r\n        <\/div>\r\n    <\/div>\r\n    <\/div>\n\t\t\t\t\t\t<\/div>\n\t\t\t\t<\/div>\n\t\t\t\t\t<\/div>\n\t\t\t\t<\/div>\n\t\t\t\t<\/div>\n\t\t","protected":false},"excerpt":{"rendered":"<p>Pr\u00e9pare ta prochaine aventure Home D\u00e9couvre la beaut\u00e9 du littoral murcien \u00e0 \u00c1guilas, une destination id\u00e9ale pour profiter de plages aux eaux cristallines, de coins de nature uniques et d&rsquo;une riche tradition culturelle. Planifie ton escapade \u00e0 l&rsquo;avance&nbsp;: H\u00e9bergement&nbsp;: choisis parmi des h\u00f4tels face \u00e0 la mer, des appartements en centre-ville ou des g\u00eetes ruraux. [&hellip;]<\/p>\n","protected":false},"author":1,"featured_media":8229,"parent":8957,"menu_order":0,"comment_status":"closed","ping_status":"closed","template":"","meta":{"footnotes":""},"class_list":["post-8829","page","type-page","status-publish","has-post-thumbnail","hentry"],"yoast_head":"<!-- This site is optimized with the Yoast SEO plugin v26.6 - https:\/\/yoast.com\/wordpress\/plugins\/seo\/ -->\n<title>\u00c1guilas Turismo | Organise ton voyage<\/title>\n<meta name=\"description\" content=\"Pr\u00e9pare \u00e0 l\u2019avance ton s\u00e9jour \u00e0 \u00c1guilas, en consultant toutes les informations sur quoi voir et faire, o\u00f9 manger et o\u00f9 dormir.\" \/>\n<meta name=\"robots\" content=\"index, follow, max-snippet:-1, max-image-preview:large, max-video-preview:-1\" \/>\n<link rel=\"canonical\" href=\"https:\/\/aguilas.es\/fr\/votre-voyage-etape-par-etape\/organise-ton-voyage\/\" \/>\n<meta property=\"og:locale\" content=\"fr_FR\" \/>\n<meta property=\"og:type\" content=\"article\" \/>\n<meta property=\"og:title\" content=\"\u00c1guilas Turismo | Organise ton voyage\" \/>\n<meta property=\"og:description\" content=\"Pr\u00e9pare \u00e0 l\u2019avance ton s\u00e9jour \u00e0 \u00c1guilas, en consultant toutes les informations sur quoi voir et faire, o\u00f9 manger et o\u00f9 dormir.\" \/>\n<meta property=\"og:url\" content=\"https:\/\/aguilas.es\/fr\/votre-voyage-etape-par-etape\/organise-ton-voyage\/\" \/>\n<meta property=\"og:site_name\" content=\"\u00c1guilas Turismo\" \/>\n<meta property=\"article:modified_time\" content=\"2026-02-23T13:01:52+00:00\" \/>\n<meta property=\"og:image\" content=\"https:\/\/aguilas.es\/wp-content\/uploads\/2025\/07\/alateasocialmedia_oficinaturismo-monumentos-000016.jpg\" \/>\n\t<meta property=\"og:image:width\" content=\"1920\" \/>\n\t<meta property=\"og:image:height\" content=\"1145\" \/>\n\t<meta property=\"og:image:type\" content=\"image\/jpeg\" \/>\n<meta name=\"twitter:card\" content=\"summary_large_image\" \/>\n<meta name=\"twitter:label1\" content=\"Dur\u00e9e de lecture estim\u00e9e\" \/>\n\t<meta name=\"twitter:data1\" content=\"1 minute\" \/>\n<script type=\"application\/ld+json\" class=\"yoast-schema-graph\">{\"@context\":\"https:\/\/schema.org\",\"@graph\":[{\"@type\":\"WebPage\",\"@id\":\"https:\/\/aguilas.es\/fr\/votre-voyage-etape-par-etape\/organise-ton-voyage\/\",\"url\":\"https:\/\/aguilas.es\/fr\/votre-voyage-etape-par-etape\/organise-ton-voyage\/\",\"name\":\"\u00c1guilas Turismo | Organise ton voyage\",\"isPartOf\":{\"@id\":\"https:\/\/aguilas.es\/fr\/#website\"},\"primaryImageOfPage\":{\"@id\":\"https:\/\/aguilas.es\/fr\/votre-voyage-etape-par-etape\/organise-ton-voyage\/#primaryimage\"},\"image\":{\"@id\":\"https:\/\/aguilas.es\/fr\/votre-voyage-etape-par-etape\/organise-ton-voyage\/#primaryimage\"},\"thumbnailUrl\":\"https:\/\/aguilas.es\/wp-content\/uploads\/2025\/07\/alateasocialmedia_oficinaturismo-monumentos-000016.jpg\",\"datePublished\":\"2025-04-03T14:26:39+00:00\",\"dateModified\":\"2026-02-23T13:01:52+00:00\",\"description\":\"Pr\u00e9pare \u00e0 l\u2019avance ton s\u00e9jour \u00e0 \u00c1guilas, en consultant toutes les informations sur quoi voir et faire, o\u00f9 manger et o\u00f9 dormir.\",\"breadcrumb\":{\"@id\":\"https:\/\/aguilas.es\/fr\/votre-voyage-etape-par-etape\/organise-ton-voyage\/#breadcrumb\"},\"inLanguage\":\"fr-FR\",\"potentialAction\":[{\"@type\":\"ReadAction\",\"target\":[\"https:\/\/aguilas.es\/fr\/votre-voyage-etape-par-etape\/organise-ton-voyage\/\"]}]},{\"@type\":\"ImageObject\",\"inLanguage\":\"fr-FR\",\"@id\":\"https:\/\/aguilas.es\/fr\/votre-voyage-etape-par-etape\/organise-ton-voyage\/#primaryimage\",\"url\":\"https:\/\/aguilas.es\/wp-content\/uploads\/2025\/07\/alateasocialmedia_oficinaturismo-monumentos-000016.jpg\",\"contentUrl\":\"https:\/\/aguilas.es\/wp-content\/uploads\/2025\/07\/alateasocialmedia_oficinaturismo-monumentos-000016.jpg\",\"width\":1920,\"height\":1145},{\"@type\":\"BreadcrumbList\",\"@id\":\"https:\/\/aguilas.es\/fr\/votre-voyage-etape-par-etape\/organise-ton-voyage\/#breadcrumb\",\"itemListElement\":[{\"@type\":\"ListItem\",\"position\":1,\"name\":\"Portada\",\"item\":\"https:\/\/aguilas.es\/fr\/accueil\/\"},{\"@type\":\"ListItem\",\"position\":2,\"name\":\"Votre voyage, \u00e9tape par \u00e9tape\",\"item\":\"https:\/\/aguilas.es\/fr\/votre-voyage-etape-par-etape\/\"},{\"@type\":\"ListItem\",\"position\":3,\"name\":\"Organise ton voyage\"}]},{\"@type\":\"WebSite\",\"@id\":\"https:\/\/aguilas.es\/fr\/#website\",\"url\":\"https:\/\/aguilas.es\/fr\/\",\"name\":\"\u00c1guilas Turismo\",\"description\":\"\",\"publisher\":{\"@id\":\"https:\/\/aguilas.es\/fr\/#organization\"},\"potentialAction\":[{\"@type\":\"SearchAction\",\"target\":{\"@type\":\"EntryPoint\",\"urlTemplate\":\"https:\/\/aguilas.es\/fr\/?s={search_term_string}\"},\"query-input\":{\"@type\":\"PropertyValueSpecification\",\"valueRequired\":true,\"valueName\":\"search_term_string\"}}],\"inLanguage\":\"fr-FR\"},{\"@type\":\"Organization\",\"@id\":\"https:\/\/aguilas.es\/fr\/#organization\",\"name\":\"\u00c1guilas Turismo\",\"url\":\"https:\/\/aguilas.es\/fr\/\",\"logo\":{\"@type\":\"ImageObject\",\"inLanguage\":\"fr-FR\",\"@id\":\"https:\/\/aguilas.es\/fr\/#\/schema\/logo\/image\/\",\"url\":\"https:\/\/aguilas.es\/wp-content\/uploads\/2025\/04\/Logo-Aguilas-turismo.png\",\"contentUrl\":\"https:\/\/aguilas.es\/wp-content\/uploads\/2025\/04\/Logo-Aguilas-turismo.png\",\"width\":575,\"height\":229,\"caption\":\"\u00c1guilas Turismo\"},\"image\":{\"@id\":\"https:\/\/aguilas.es\/fr\/#\/schema\/logo\/image\/\"}}]}<\/script>\n<!-- \/ Yoast SEO plugin. -->","yoast_head_json":{"title":"\u00c1guilas Turismo | Organise ton voyage","description":"Pr\u00e9pare \u00e0 l\u2019avance ton s\u00e9jour \u00e0 \u00c1guilas, en consultant toutes les informations sur quoi voir et faire, o\u00f9 manger et o\u00f9 dormir.","robots":{"index":"index","follow":"follow","max-snippet":"max-snippet:-1","max-image-preview":"max-image-preview:large","max-video-preview":"max-video-preview:-1"},"canonical":"https:\/\/aguilas.es\/fr\/votre-voyage-etape-par-etape\/organise-ton-voyage\/","og_locale":"fr_FR","og_type":"article","og_title":"\u00c1guilas Turismo | Organise ton voyage","og_description":"Pr\u00e9pare \u00e0 l\u2019avance ton s\u00e9jour \u00e0 \u00c1guilas, en consultant toutes les informations sur quoi voir et faire, o\u00f9 manger et o\u00f9 dormir.","og_url":"https:\/\/aguilas.es\/fr\/votre-voyage-etape-par-etape\/organise-ton-voyage\/","og_site_name":"\u00c1guilas Turismo","article_modified_time":"2026-02-23T13:01:52+00:00","og_image":[{"width":1920,"height":1145,"url":"https:\/\/aguilas.es\/wp-content\/uploads\/2025\/07\/alateasocialmedia_oficinaturismo-monumentos-000016.jpg","type":"image\/jpeg"}],"twitter_card":"summary_large_image","twitter_misc":{"Dur\u00e9e de lecture estim\u00e9e":"1 minute"},"schema":{"@context":"https:\/\/schema.org","@graph":[{"@type":"WebPage","@id":"https:\/\/aguilas.es\/fr\/votre-voyage-etape-par-etape\/organise-ton-voyage\/","url":"https:\/\/aguilas.es\/fr\/votre-voyage-etape-par-etape\/organise-ton-voyage\/","name":"\u00c1guilas Turismo | Organise ton voyage","isPartOf":{"@id":"https:\/\/aguilas.es\/fr\/#website"},"primaryImageOfPage":{"@id":"https:\/\/aguilas.es\/fr\/votre-voyage-etape-par-etape\/organise-ton-voyage\/#primaryimage"},"image":{"@id":"https:\/\/aguilas.es\/fr\/votre-voyage-etape-par-etape\/organise-ton-voyage\/#primaryimage"},"thumbnailUrl":"https:\/\/aguilas.es\/wp-content\/uploads\/2025\/07\/alateasocialmedia_oficinaturismo-monumentos-000016.jpg","datePublished":"2025-04-03T14:26:39+00:00","dateModified":"2026-02-23T13:01:52+00:00","description":"Pr\u00e9pare \u00e0 l\u2019avance ton s\u00e9jour \u00e0 \u00c1guilas, en consultant toutes les informations sur quoi voir et faire, o\u00f9 manger et o\u00f9 dormir.","breadcrumb":{"@id":"https:\/\/aguilas.es\/fr\/votre-voyage-etape-par-etape\/organise-ton-voyage\/#breadcrumb"},"inLanguage":"fr-FR","potentialAction":[{"@type":"ReadAction","target":["https:\/\/aguilas.es\/fr\/votre-voyage-etape-par-etape\/organise-ton-voyage\/"]}]},{"@type":"ImageObject","inLanguage":"fr-FR","@id":"https:\/\/aguilas.es\/fr\/votre-voyage-etape-par-etape\/organise-ton-voyage\/#primaryimage","url":"https:\/\/aguilas.es\/wp-content\/uploads\/2025\/07\/alateasocialmedia_oficinaturismo-monumentos-000016.jpg","contentUrl":"https:\/\/aguilas.es\/wp-content\/uploads\/2025\/07\/alateasocialmedia_oficinaturismo-monumentos-000016.jpg","width":1920,"height":1145},{"@type":"BreadcrumbList","@id":"https:\/\/aguilas.es\/fr\/votre-voyage-etape-par-etape\/organise-ton-voyage\/#breadcrumb","itemListElement":[{"@type":"ListItem","position":1,"name":"Portada","item":"https:\/\/aguilas.es\/fr\/accueil\/"},{"@type":"ListItem","position":2,"name":"Votre voyage, \u00e9tape par \u00e9tape","item":"https:\/\/aguilas.es\/fr\/votre-voyage-etape-par-etape\/"},{"@type":"ListItem","position":3,"name":"Organise ton voyage"}]},{"@type":"WebSite","@id":"https:\/\/aguilas.es\/fr\/#website","url":"https:\/\/aguilas.es\/fr\/","name":"\u00c1guilas Turismo","description":"","publisher":{"@id":"https:\/\/aguilas.es\/fr\/#organization"},"potentialAction":[{"@type":"SearchAction","target":{"@type":"EntryPoint","urlTemplate":"https:\/\/aguilas.es\/fr\/?s={search_term_string}"},"query-input":{"@type":"PropertyValueSpecification","valueRequired":true,"valueName":"search_term_string"}}],"inLanguage":"fr-FR"},{"@type":"Organization","@id":"https:\/\/aguilas.es\/fr\/#organization","name":"\u00c1guilas Turismo","url":"https:\/\/aguilas.es\/fr\/","logo":{"@type":"ImageObject","inLanguage":"fr-FR","@id":"https:\/\/aguilas.es\/fr\/#\/schema\/logo\/image\/","url":"https:\/\/aguilas.es\/wp-content\/uploads\/2025\/04\/Logo-Aguilas-turismo.png","contentUrl":"https:\/\/aguilas.es\/wp-content\/uploads\/2025\/04\/Logo-Aguilas-turismo.png","width":575,"height":229,"caption":"\u00c1guilas Turismo"},"image":{"@id":"https:\/\/aguilas.es\/fr\/#\/schema\/logo\/image\/"}}]}},"_links":{"self":[{"href":"https:\/\/aguilas.es\/fr\/wp-json\/wp\/v2\/pages\/8829","targetHints":{"allow":["GET"]}}],"collection":[{"href":"https:\/\/aguilas.es\/fr\/wp-json\/wp\/v2\/pages"}],"about":[{"href":"https:\/\/aguilas.es\/fr\/wp-json\/wp\/v2\/types\/page"}],"author":[{"embeddable":true,"href":"https:\/\/aguilas.es\/fr\/wp-json\/wp\/v2\/users\/1"}],"replies":[{"embeddable":true,"href":"https:\/\/aguilas.es\/fr\/wp-json\/wp\/v2\/comments?post=8829"}],"version-history":[{"count":5,"href":"https:\/\/aguilas.es\/fr\/wp-json\/wp\/v2\/pages\/8829\/revisions"}],"predecessor-version":[{"id":10864,"href":"https:\/\/aguilas.es\/fr\/wp-json\/wp\/v2\/pages\/8829\/revisions\/10864"}],"up":[{"embeddable":true,"href":"https:\/\/aguilas.es\/fr\/wp-json\/wp\/v2\/pages\/8957"}],"wp:featuredmedia":[{"embeddable":true,"href":"https:\/\/aguilas.es\/fr\/wp-json\/wp\/v2\/media\/8229"}],"wp:attachment":[{"href":"https:\/\/aguilas.es\/fr\/wp-json\/wp\/v2\/media?parent=8829"}],"curies":[{"name":"wp","href":"https:\/\/api.w.org\/{rel}","templated":true}]}}