{"id":8957,"date":"2025-04-03T16:26:10","date_gmt":"2025-04-03T14:26:10","guid":{"rendered":"https:\/\/aguilas.es\/votre-voyage-etape-par-etape\/"},"modified":"2026-02-23T13:52:47","modified_gmt":"2026-02-23T12:52:47","slug":"votre-voyage-etape-par-etape","status":"publish","type":"page","link":"https:\/\/aguilas.es\/fr\/votre-voyage-etape-par-etape\/","title":{"rendered":"Votre voyage, \u00e9tape par \u00e9tape"},"content":{"rendered":"\t\t<div data-elementor-type=\"wp-page\" data-elementor-id=\"8957\" class=\"elementor elementor-8957 elementor-3595\">\n\t\t\t\t<div class=\"porto_stretch_css stretch_row_css elementor-element elementor-element-01adae4 e-flex e-con-boxed e-con e-parent\" data-id=\"01adae4\" data-element_type=\"container\" data-settings=\"{&quot;background_background&quot;:&quot;classic&quot;}\">\r\n\t\t\t\t\t<div class=\"e-con-inner\">\r\n\t\t<div class=\"elementor-element elementor-element-4f1a12e e-con-full e-flex e-con e-child\" data-id=\"4f1a12e\" data-element_type=\"container\">\r\n\t\t\t\t<div class=\"elementor-element elementor-element-b95f65e elementor-widget elementor-widget-porto_ultimate_heading\" data-id=\"b95f65e\" data-element_type=\"widget\" data-widget_type=\"porto_ultimate_heading.default\">\n\t\t\t\t<div class=\"elementor-widget-container\">\n\t\t\t\t\t<div class=\"porto-u-heading  porto-u-ad87e2eaf3f9c495180fe0156ddf3eb0\"><div class=\"porto-u-sub-heading\" style=\"\"><p>Pas \u00e0 pas pour profiter au maximum<\/p><\/div><style>.porto-u-ad87e2eaf3f9c495180fe0156ddf3eb0.porto-u-heading{text-align:left}<\/style><\/div>\t\t\t\t<\/div>\n\t\t\t\t<\/div>\n\t\t\t\t<div class=\"elementor-element elementor-element-5c32e55 elementor-widget elementor-widget-porto_page_header\" data-id=\"5c32e55\" data-element_type=\"widget\" data-widget_type=\"porto_page_header.default\">\n\t\t\t\t<div class=\"elementor-widget-container\">\n\t\t\t\t\t<div class=\"page-top page-header-6\"><style>.page-top { background: none; border-bottom: none; } .page-top .page-title:not(.b-none):after { display: none; }<\/style><div class=\"container hide-title\">\r\n\t<div class=\"row\">\r\n\t\t<div class=\"col-lg-12 clearfix\">\r\n\t\t\t<div class=\"pt-right d-none\">\r\n\t\t\t\t\t\t\t\t<h1 class=\"page-title\"><\/h1>\r\n\t\t\t\t\t\t\t<\/div>\r\n\t\t\t\t\t\t\t<div class=\"breadcrumbs-wrap pt-left\">\r\n\t\t\t\t\t<ul class=\"breadcrumb\" itemscope itemtype=\"https:\/\/schema.org\/BreadcrumbList\"><li class=\"home\" itemprop=\"itemListElement\" itemscope itemtype=\"https:\/\/schema.org\/ListItem\"><a itemprop=\"item\" href=\"https:\/\/aguilas.es\/fr\/\" title=\"Go to Home Page\"><span itemprop=\"name\">Home<\/span><\/a><meta itemprop=\"position\" content=\"1\" \/><i class=\"delimiter delimiter-2\"><\/i><\/li><\/ul>\t\t\t\t<\/div>\r\n\t\t\t\t\t\t\t\t<\/div>\r\n\t<\/div>\r\n<\/div>\r\n<\/div>\t\t\t\t<\/div>\n\t\t\t\t<\/div>\n\t\t\t\t<\/div>\n\t\t\t\t\t<\/div>\n\t\t\t\t<\/div>\n\t\t<div class=\"elementor-element elementor-element-b3450f0 e-flex e-con-boxed e-con e-parent\" data-id=\"b3450f0\" data-element_type=\"container\">\r\n\t\t\t\t\t<div class=\"e-con-inner\">\r\n\t\t\t\t<div class=\"elementor-element elementor-element-881b6f1 elementor-widget elementor-widget-text-editor\" data-id=\"881b6f1\" data-element_type=\"widget\" data-widget_type=\"text-editor.default\">\n\t\t\t\t<div class=\"elementor-widget-container\">\n\t\t\t\t\t\t\t\t\t<p>D\u00e9couvre o\u00f9 manger, o\u00f9 dormir et o\u00f9 trouver des centres de sant\u00e9 et des pharmacies pour que ta visite \u00e0 \u00c1guilas soit s\u00fbre et confortable. Gr\u00e2ce \u00e0 notre carte interactive, tu pourras explorer chaque recoin de la ville, d\u00e9couvrir ses endroits les plus authentiques, planifier ton itin\u00e9raire et ne manquer aucun d\u00e9tail. Des meilleurs restaurants et h\u00e9bergements aux services essentiels comme les pharmacies et les centres de soins m\u00e9dicaux, tout sera \u00e0 port\u00e9e de main.<br data-start=\"595\" data-end=\"598\">Vis \u00c1guilas avec confort, saveur, s\u00e9curit\u00e9 et la meilleure orientation, en profitant d\u2019une exp\u00e9rience compl\u00e8te qui allie d\u00e9tente, gastronomie et tranquillit\u00e9 \u00e0 chaque \u00e9tape.  <\/p>\t\t\t\t\t\t\t\t<\/div>\n\t\t\t\t<\/div>\n\t\t\t\t\t<\/div>\n\t\t\t\t<\/div>\n\t\t\t\t<\/div>\n\t\t","protected":false},"excerpt":{"rendered":"<p>Pas \u00e0 pas pour profiter au maximum Home D\u00e9couvre o\u00f9 manger, o\u00f9 dormir et o\u00f9 trouver des centres de sant\u00e9 et des pharmacies pour que ta visite \u00e0 \u00c1guilas soit s\u00fbre et confortable. Gr\u00e2ce \u00e0 notre carte interactive, tu pourras explorer chaque recoin de la ville, d\u00e9couvrir ses endroits les plus authentiques, planifier ton itin\u00e9raire [&hellip;]<\/p>\n","protected":false},"author":1,"featured_media":8973,"parent":0,"menu_order":0,"comment_status":"closed","ping_status":"closed","template":"","meta":{"footnotes":""},"class_list":["post-8957","page","type-page","status-publish","has-post-thumbnail","hentry"],"yoast_head":"<!-- This site is optimized with the Yoast SEO plugin v26.6 - https:\/\/yoast.com\/wordpress\/plugins\/seo\/ -->\n<title>\u00c1guilas Turismo | Votre voyage, \u00e9tape par \u00e9tape<\/title>\n<meta name=\"description\" content=\"Pour profiter au maximum de ton s\u00e9jour \u00e0 \u00c1guilas, consulte les informations pour savoir o\u00f9 manger, o\u00f9 dormir ou o\u00f9 trouver des centres de sant\u00e9 et des pharmacies.\" \/>\n<meta name=\"robots\" content=\"index, follow, max-snippet:-1, max-image-preview:large, max-video-preview:-1\" \/>\n<link rel=\"canonical\" href=\"https:\/\/aguilas.es\/fr\/votre-voyage-etape-par-etape\/\" \/>\n<meta property=\"og:locale\" content=\"fr_FR\" \/>\n<meta property=\"og:type\" content=\"article\" \/>\n<meta property=\"og:title\" content=\"\u00c1guilas Turismo | Votre voyage, \u00e9tape par \u00e9tape\" \/>\n<meta property=\"og:description\" content=\"Pour profiter au maximum de ton s\u00e9jour \u00e0 \u00c1guilas, consulte les informations pour savoir o\u00f9 manger, o\u00f9 dormir ou o\u00f9 trouver des centres de sant\u00e9 et des pharmacies.\" \/>\n<meta property=\"og:url\" content=\"https:\/\/aguilas.es\/fr\/votre-voyage-etape-par-etape\/\" \/>\n<meta property=\"og:site_name\" content=\"\u00c1guilas Turismo\" \/>\n<meta property=\"article:modified_time\" content=\"2026-02-23T12:52:47+00:00\" \/>\n<meta property=\"og:image\" content=\"https:\/\/aguilas.es\/wp-content\/uploads\/2025\/07\/alateasocialmedia_oficinaturismo-playas-000176.jpg\" \/>\n\t<meta property=\"og:image:width\" content=\"1920\" \/>\n\t<meta property=\"og:image:height\" content=\"1280\" \/>\n\t<meta property=\"og:image:type\" content=\"image\/jpeg\" \/>\n<meta name=\"twitter:card\" content=\"summary_large_image\" \/>\n<meta name=\"twitter:label1\" content=\"Dur\u00e9e de lecture estim\u00e9e\" \/>\n\t<meta name=\"twitter:data1\" content=\"1 minute\" \/>\n<script type=\"application\/ld+json\" class=\"yoast-schema-graph\">{\"@context\":\"https:\/\/schema.org\",\"@graph\":[{\"@type\":\"WebPage\",\"@id\":\"https:\/\/aguilas.es\/fr\/votre-voyage-etape-par-etape\/\",\"url\":\"https:\/\/aguilas.es\/fr\/votre-voyage-etape-par-etape\/\",\"name\":\"\u00c1guilas Turismo | Votre voyage, \u00e9tape par \u00e9tape\",\"isPartOf\":{\"@id\":\"https:\/\/aguilas.es\/fr\/#website\"},\"primaryImageOfPage\":{\"@id\":\"https:\/\/aguilas.es\/fr\/votre-voyage-etape-par-etape\/#primaryimage\"},\"image\":{\"@id\":\"https:\/\/aguilas.es\/fr\/votre-voyage-etape-par-etape\/#primaryimage\"},\"thumbnailUrl\":\"https:\/\/aguilas.es\/wp-content\/uploads\/2025\/07\/alateasocialmedia_oficinaturismo-playas-000176.jpg\",\"datePublished\":\"2025-04-03T14:26:10+00:00\",\"dateModified\":\"2026-02-23T12:52:47+00:00\",\"description\":\"Pour profiter au maximum de ton s\u00e9jour \u00e0 \u00c1guilas, consulte les informations pour savoir o\u00f9 manger, o\u00f9 dormir ou o\u00f9 trouver des centres de sant\u00e9 et des pharmacies.\",\"breadcrumb\":{\"@id\":\"https:\/\/aguilas.es\/fr\/votre-voyage-etape-par-etape\/#breadcrumb\"},\"inLanguage\":\"fr-FR\",\"potentialAction\":[{\"@type\":\"ReadAction\",\"target\":[\"https:\/\/aguilas.es\/fr\/votre-voyage-etape-par-etape\/\"]}]},{\"@type\":\"ImageObject\",\"inLanguage\":\"fr-FR\",\"@id\":\"https:\/\/aguilas.es\/fr\/votre-voyage-etape-par-etape\/#primaryimage\",\"url\":\"https:\/\/aguilas.es\/wp-content\/uploads\/2025\/07\/alateasocialmedia_oficinaturismo-playas-000176.jpg\",\"contentUrl\":\"https:\/\/aguilas.es\/wp-content\/uploads\/2025\/07\/alateasocialmedia_oficinaturismo-playas-000176.jpg\",\"width\":1920,\"height\":1280},{\"@type\":\"BreadcrumbList\",\"@id\":\"https:\/\/aguilas.es\/fr\/votre-voyage-etape-par-etape\/#breadcrumb\",\"itemListElement\":[{\"@type\":\"ListItem\",\"position\":1,\"name\":\"Portada\",\"item\":\"https:\/\/aguilas.es\/fr\/accueil\/\"},{\"@type\":\"ListItem\",\"position\":2,\"name\":\"Votre voyage, \u00e9tape par \u00e9tape\"}]},{\"@type\":\"WebSite\",\"@id\":\"https:\/\/aguilas.es\/fr\/#website\",\"url\":\"https:\/\/aguilas.es\/fr\/\",\"name\":\"\u00c1guilas Turismo\",\"description\":\"\",\"publisher\":{\"@id\":\"https:\/\/aguilas.es\/fr\/#organization\"},\"potentialAction\":[{\"@type\":\"SearchAction\",\"target\":{\"@type\":\"EntryPoint\",\"urlTemplate\":\"https:\/\/aguilas.es\/fr\/?s={search_term_string}\"},\"query-input\":{\"@type\":\"PropertyValueSpecification\",\"valueRequired\":true,\"valueName\":\"search_term_string\"}}],\"inLanguage\":\"fr-FR\"},{\"@type\":\"Organization\",\"@id\":\"https:\/\/aguilas.es\/fr\/#organization\",\"name\":\"\u00c1guilas Turismo\",\"url\":\"https:\/\/aguilas.es\/fr\/\",\"logo\":{\"@type\":\"ImageObject\",\"inLanguage\":\"fr-FR\",\"@id\":\"https:\/\/aguilas.es\/fr\/#\/schema\/logo\/image\/\",\"url\":\"https:\/\/aguilas.es\/wp-content\/uploads\/2025\/04\/Logo-Aguilas-turismo.png\",\"contentUrl\":\"https:\/\/aguilas.es\/wp-content\/uploads\/2025\/04\/Logo-Aguilas-turismo.png\",\"width\":575,\"height\":229,\"caption\":\"\u00c1guilas Turismo\"},\"image\":{\"@id\":\"https:\/\/aguilas.es\/fr\/#\/schema\/logo\/image\/\"}}]}<\/script>\n<!-- \/ Yoast SEO plugin. -->","yoast_head_json":{"title":"\u00c1guilas Turismo | Votre voyage, \u00e9tape par \u00e9tape","description":"Pour profiter au maximum de ton s\u00e9jour \u00e0 \u00c1guilas, consulte les informations pour savoir o\u00f9 manger, o\u00f9 dormir ou o\u00f9 trouver des centres de sant\u00e9 et des pharmacies.","robots":{"index":"index","follow":"follow","max-snippet":"max-snippet:-1","max-image-preview":"max-image-preview:large","max-video-preview":"max-video-preview:-1"},"canonical":"https:\/\/aguilas.es\/fr\/votre-voyage-etape-par-etape\/","og_locale":"fr_FR","og_type":"article","og_title":"\u00c1guilas Turismo | Votre voyage, \u00e9tape par \u00e9tape","og_description":"Pour profiter au maximum de ton s\u00e9jour \u00e0 \u00c1guilas, consulte les informations pour savoir o\u00f9 manger, o\u00f9 dormir ou o\u00f9 trouver des centres de sant\u00e9 et des pharmacies.","og_url":"https:\/\/aguilas.es\/fr\/votre-voyage-etape-par-etape\/","og_site_name":"\u00c1guilas Turismo","article_modified_time":"2026-02-23T12:52:47+00:00","og_image":[{"width":1920,"height":1280,"url":"https:\/\/aguilas.es\/wp-content\/uploads\/2025\/07\/alateasocialmedia_oficinaturismo-playas-000176.jpg","type":"image\/jpeg"}],"twitter_card":"summary_large_image","twitter_misc":{"Dur\u00e9e de lecture estim\u00e9e":"1 minute"},"schema":{"@context":"https:\/\/schema.org","@graph":[{"@type":"WebPage","@id":"https:\/\/aguilas.es\/fr\/votre-voyage-etape-par-etape\/","url":"https:\/\/aguilas.es\/fr\/votre-voyage-etape-par-etape\/","name":"\u00c1guilas Turismo | Votre voyage, \u00e9tape par \u00e9tape","isPartOf":{"@id":"https:\/\/aguilas.es\/fr\/#website"},"primaryImageOfPage":{"@id":"https:\/\/aguilas.es\/fr\/votre-voyage-etape-par-etape\/#primaryimage"},"image":{"@id":"https:\/\/aguilas.es\/fr\/votre-voyage-etape-par-etape\/#primaryimage"},"thumbnailUrl":"https:\/\/aguilas.es\/wp-content\/uploads\/2025\/07\/alateasocialmedia_oficinaturismo-playas-000176.jpg","datePublished":"2025-04-03T14:26:10+00:00","dateModified":"2026-02-23T12:52:47+00:00","description":"Pour profiter au maximum de ton s\u00e9jour \u00e0 \u00c1guilas, consulte les informations pour savoir o\u00f9 manger, o\u00f9 dormir ou o\u00f9 trouver des centres de sant\u00e9 et des pharmacies.","breadcrumb":{"@id":"https:\/\/aguilas.es\/fr\/votre-voyage-etape-par-etape\/#breadcrumb"},"inLanguage":"fr-FR","potentialAction":[{"@type":"ReadAction","target":["https:\/\/aguilas.es\/fr\/votre-voyage-etape-par-etape\/"]}]},{"@type":"ImageObject","inLanguage":"fr-FR","@id":"https:\/\/aguilas.es\/fr\/votre-voyage-etape-par-etape\/#primaryimage","url":"https:\/\/aguilas.es\/wp-content\/uploads\/2025\/07\/alateasocialmedia_oficinaturismo-playas-000176.jpg","contentUrl":"https:\/\/aguilas.es\/wp-content\/uploads\/2025\/07\/alateasocialmedia_oficinaturismo-playas-000176.jpg","width":1920,"height":1280},{"@type":"BreadcrumbList","@id":"https:\/\/aguilas.es\/fr\/votre-voyage-etape-par-etape\/#breadcrumb","itemListElement":[{"@type":"ListItem","position":1,"name":"Portada","item":"https:\/\/aguilas.es\/fr\/accueil\/"},{"@type":"ListItem","position":2,"name":"Votre voyage, \u00e9tape par \u00e9tape"}]},{"@type":"WebSite","@id":"https:\/\/aguilas.es\/fr\/#website","url":"https:\/\/aguilas.es\/fr\/","name":"\u00c1guilas Turismo","description":"","publisher":{"@id":"https:\/\/aguilas.es\/fr\/#organization"},"potentialAction":[{"@type":"SearchAction","target":{"@type":"EntryPoint","urlTemplate":"https:\/\/aguilas.es\/fr\/?s={search_term_string}"},"query-input":{"@type":"PropertyValueSpecification","valueRequired":true,"valueName":"search_term_string"}}],"inLanguage":"fr-FR"},{"@type":"Organization","@id":"https:\/\/aguilas.es\/fr\/#organization","name":"\u00c1guilas Turismo","url":"https:\/\/aguilas.es\/fr\/","logo":{"@type":"ImageObject","inLanguage":"fr-FR","@id":"https:\/\/aguilas.es\/fr\/#\/schema\/logo\/image\/","url":"https:\/\/aguilas.es\/wp-content\/uploads\/2025\/04\/Logo-Aguilas-turismo.png","contentUrl":"https:\/\/aguilas.es\/wp-content\/uploads\/2025\/04\/Logo-Aguilas-turismo.png","width":575,"height":229,"caption":"\u00c1guilas Turismo"},"image":{"@id":"https:\/\/aguilas.es\/fr\/#\/schema\/logo\/image\/"}}]}},"_links":{"self":[{"href":"https:\/\/aguilas.es\/fr\/wp-json\/wp\/v2\/pages\/8957","targetHints":{"allow":["GET"]}}],"collection":[{"href":"https:\/\/aguilas.es\/fr\/wp-json\/wp\/v2\/pages"}],"about":[{"href":"https:\/\/aguilas.es\/fr\/wp-json\/wp\/v2\/types\/page"}],"author":[{"embeddable":true,"href":"https:\/\/aguilas.es\/fr\/wp-json\/wp\/v2\/users\/1"}],"replies":[{"embeddable":true,"href":"https:\/\/aguilas.es\/fr\/wp-json\/wp\/v2\/comments?post=8957"}],"version-history":[{"count":3,"href":"https:\/\/aguilas.es\/fr\/wp-json\/wp\/v2\/pages\/8957\/revisions"}],"predecessor-version":[{"id":10828,"href":"https:\/\/aguilas.es\/fr\/wp-json\/wp\/v2\/pages\/8957\/revisions\/10828"}],"wp:featuredmedia":[{"embeddable":true,"href":"https:\/\/aguilas.es\/fr\/wp-json\/wp\/v2\/media\/8973"}],"wp:attachment":[{"href":"https:\/\/aguilas.es\/fr\/wp-json\/wp\/v2\/media?parent=8957"}],"curies":[{"name":"wp","href":"https:\/\/api.w.org\/{rel}","templated":true}]}}