{"id":9215,"date":"2025-04-03T16:17:51","date_gmt":"2025-04-03T14:17:51","guid":{"rendered":"https:\/\/aguilas.es\/experiences-a-aguilas\/plages\/"},"modified":"2026-02-23T13:50:03","modified_gmt":"2026-02-23T12:50:03","slug":"plages","status":"publish","type":"page","link":"https:\/\/aguilas.es\/fr\/experiences-a-aguilas\/plages\/","title":{"rendered":"Plages"},"content":{"rendered":"\t\t<div data-elementor-type=\"wp-page\" data-elementor-id=\"9215\" class=\"elementor elementor-9215 elementor-3547\">\n\t\t\t\t<div class=\"porto_stretch_css stretch_row_css elementor-element elementor-element-863702c e-flex e-con-boxed e-con e-parent\" data-id=\"863702c\" data-element_type=\"container\" data-settings=\"{&quot;background_background&quot;:&quot;classic&quot;}\">\r\n\t\t\t\t\t<div class=\"e-con-inner\">\r\n\t\t<div class=\"elementor-element elementor-element-38f3a67 e-con-full e-flex e-con e-child\" data-id=\"38f3a67\" data-element_type=\"container\">\r\n\t\t\t\t<div class=\"elementor-element elementor-element-25bef93 elementor-widget elementor-widget-porto_ultimate_heading\" data-id=\"25bef93\" data-element_type=\"widget\" data-widget_type=\"porto_ultimate_heading.default\">\n\t\t\t\t<div class=\"elementor-widget-container\">\n\t\t\t\t\t<div class=\"porto-u-heading  porto-u-ad87e2eaf3f9c495180fe0156ddf3eb0\"><div class=\"porto-u-sub-heading\" style=\"\"><p>Une destination de vacances de r\u00eave sur la c\u00f4te m\u00e9diterran\u00e9enne<\/p><\/div><style>.porto-u-ad87e2eaf3f9c495180fe0156ddf3eb0.porto-u-heading{text-align:left}<\/style><\/div>\t\t\t\t<\/div>\n\t\t\t\t<\/div>\n\t\t\t\t<div class=\"elementor-element elementor-element-3e763c4 elementor-widget elementor-widget-porto_page_header\" data-id=\"3e763c4\" data-element_type=\"widget\" data-widget_type=\"porto_page_header.default\">\n\t\t\t\t<div class=\"elementor-widget-container\">\n\t\t\t\t\t<div class=\"page-top page-header-6\"><style>.page-top { background: none; border-bottom: none; } .page-top .page-title:not(.b-none):after { display: none; }<\/style><div class=\"container hide-title\">\r\n\t<div class=\"row\">\r\n\t\t<div class=\"col-lg-12 clearfix\">\r\n\t\t\t<div class=\"pt-right d-none\">\r\n\t\t\t\t\t\t\t\t<h1 class=\"page-title\"><\/h1>\r\n\t\t\t\t\t\t\t<\/div>\r\n\t\t\t\t\t\t\t<div class=\"breadcrumbs-wrap pt-left\">\r\n\t\t\t\t\t<ul class=\"breadcrumb\" itemscope itemtype=\"https:\/\/schema.org\/BreadcrumbList\"><li class=\"home\" itemprop=\"itemListElement\" itemscope itemtype=\"https:\/\/schema.org\/ListItem\"><a itemprop=\"item\" href=\"https:\/\/aguilas.es\/fr\/\" title=\"Go to Home Page\"><span itemprop=\"name\">Home<\/span><\/a><meta itemprop=\"position\" content=\"1\" \/><i class=\"delimiter delimiter-2\"><\/i><\/li><\/ul>\t\t\t\t<\/div>\r\n\t\t\t\t\t\t\t\t<\/div>\r\n\t<\/div>\r\n<\/div>\r\n<\/div>\t\t\t\t<\/div>\n\t\t\t\t<\/div>\n\t\t\t\t<\/div>\n\t\t\t\t\t<\/div>\n\t\t\t\t<\/div>\n\t\t<div class=\"elementor-element elementor-element-640beac e-flex e-con-boxed e-con e-parent\" data-id=\"640beac\" data-element_type=\"container\">\r\n\t\t\t\t\t<div class=\"e-con-inner\">\r\n\t\t\t\t<div class=\"elementor-element elementor-element-25746c5 elementor-widget elementor-widget-text-editor\" data-id=\"25746c5\" data-element_type=\"widget\" data-widget_type=\"text-editor.default\">\n\t\t\t\t<div class=\"elementor-widget-container\">\n\t\t\t\t\t\t\t\t\t<p><strong>D\u00e9couvrez les plages d&rsquo;\u00c1guilas&nbsp;!<\/strong><\/p><p data-start=\"64\" data-end=\"318\">Laisse-toi s\u00e9duire par le charme de la M\u00e9diterran\u00e9e, dans une destination o\u00f9 le soleil, la mer et la nature s\u2019unissent pour t\u2019offrir une exp\u00e9rience inoubliable. Explore des criques cach\u00e9es et des eaux cristallines, parfaites pour te d\u00e9tendre ou vivre des aventures en plein air. <\/p><p data-start=\"320\" data-end=\"497\" data-is-last-node=\"\" data-is-only-node=\"\">Un lieu id\u00e9al pour d\u00e9connecter, savourer le beau temps toute l\u2019ann\u00e9e et te laisser envelopper par l\u2019essence du littoral murcien. Viens vivre ta prochaine escapade au bord de la mer ! <\/p>\t\t\t\t\t\t\t\t<\/div>\n\t\t\t\t<\/div>\n\t\t\t\t\t<\/div>\n\t\t\t\t<\/div>\n\t\t<div class=\"elementor-element elementor-element-27f382e e-flex e-con-boxed e-con e-parent\" data-id=\"27f382e\" data-element_type=\"container\">\r\n\t\t\t\t\t<div class=\"e-con-inner\">\r\n\t\t\t\t<div class=\"elementor-element elementor-element-1abe6ec elemento-titulo-con-subtitulo elementor-widget elementor-widget-porto_ultimate_heading\" data-id=\"1abe6ec\" data-element_type=\"widget\" data-widget_type=\"porto_ultimate_heading.default\">\n\t\t\t\t<div class=\"elementor-widget-container\">\n\t\t\t\t\t<div class=\"porto-u-heading  porto-u-bd11424de395366805213f3c847c9ae4\"><div class=\"porto-u-main-heading\"><h2   >Soleil et plage<\/h2><\/div><div class=\"porto-u-sub-heading\" style=\"\"><p>Profitez des eaux cristallines de la M\u00e9diterran\u00e9e<\/p><\/div><style>.porto-u-bd11424de395366805213f3c847c9ae4.porto-u-heading{text-align:center}<\/style><\/div>\t\t\t\t<\/div>\n\t\t\t\t<\/div>\n\t\t\t\t<div class=\"elementor-element elementor-element-476898f elementor-widget elementor-widget-shortcode\" data-id=\"476898f\" data-element_type=\"widget\" data-widget_type=\"shortcode.default\">\n\t\t\t\t<div class=\"elementor-widget-container\">\n\t\t\t\t\t\t\t<div class=\"elementor-shortcode\">    <div class=\"aguilas-shortcode-loader\" id=\"aguilas-lista-web-69f45bce692ae\"\r\n        data-tipo=\"lista-web\"  data-id-lista=\"85\"  data-items=\"6\"  data-filtros=\"0\" >\r\n        <div class=\"aguilas-loader\">\r\n            <div class=\"aguilas-spinner\"><\/div>\r\n            <p>Chargement...<\/p>\r\n        <\/div>\r\n    <\/div>\r\n    <\/div>\n\t\t\t\t\t\t<\/div>\n\t\t\t\t<\/div>\n\t\t\t\t\t<\/div>\n\t\t\t\t<\/div>\n\t\t<div class=\"elementor-element elementor-element-31cf00b e-flex e-con-boxed e-con e-parent\" data-id=\"31cf00b\" data-element_type=\"container\">\r\n\t\t\t\t\t<div class=\"e-con-inner\">\r\n\t\t\t\t<div class=\"elementor-element elementor-element-bdfa3d6 elemento-titulo-con-subtitulo elementor-widget elementor-widget-porto_ultimate_heading\" data-id=\"bdfa3d6\" data-element_type=\"widget\" data-widget_type=\"porto_ultimate_heading.default\">\n\t\t\t\t<div class=\"elementor-widget-container\">\n\t\t\t\t\t<div class=\"porto-u-heading  porto-u-bd11424de395366805213f3c847c9ae4\"><div class=\"porto-u-main-heading\"><h2   >Carte<\/h2><\/div><div class=\"porto-u-sub-heading\" style=\"\"><p>Des plages de r\u00eave avec Pavillon Bleu<\/p><\/div><style>.porto-u-bd11424de395366805213f3c847c9ae4.porto-u-heading{text-align:center}<\/style><\/div>\t\t\t\t<\/div>\n\t\t\t\t<\/div>\n\t\t\t\t<div class=\"elementor-element elementor-element-2b39df3 elementor-widget elementor-widget-shortcode\" data-id=\"2b39df3\" data-element_type=\"widget\" data-widget_type=\"shortcode.default\">\n\t\t\t\t<div class=\"elementor-widget-container\">\n\t\t\t\t\t\t\t<div class=\"elementor-shortcode\">    <div class=\"aguilas-shortcode-loader\" id=\"aguilas-lista-web-69f45bce696a9\"\r\n        data-tipo=\"lista-web\"  data-id-lista=\"16\"  data-items=\"6\"  data-filtros=\"0\" >\r\n        <div class=\"aguilas-loader\">\r\n            <div class=\"aguilas-spinner\"><\/div>\r\n            <p>Chargement...<\/p>\r\n        <\/div>\r\n    <\/div>\r\n    <\/div>\n\t\t\t\t\t\t<\/div>\n\t\t\t\t<\/div>\n\t\t\t\t\t<\/div>\n\t\t\t\t<\/div>\n\t\t<div class=\"elementor-element elementor-element-bfa6d92 e-flex e-con-boxed e-con e-parent\" data-id=\"bfa6d92\" data-element_type=\"container\">\r\n\t\t\t\t\t<div class=\"e-con-inner\">\r\n\t\t\t\t<div class=\"elementor-element elementor-element-39d52e2 elemento-titulo-con-subtitulo elementor-widget elementor-widget-porto_ultimate_heading\" data-id=\"39d52e2\" data-element_type=\"widget\" data-widget_type=\"porto_ultimate_heading.default\">\n\t\t\t\t<div class=\"elementor-widget-container\">\n\t\t\t\t\t<div class=\"porto-u-heading  porto-u-bd11424de395366805213f3c847c9ae4\"><div class=\"porto-u-main-heading\"><h2   >Explorez<\/h2><\/div><div class=\"porto-u-sub-heading\" style=\"\"><p>Compl\u00e9tez votre voyage avec d\u2019autres activit\u00e9s int\u00e9ressantes<\/p><\/div><style>.porto-u-bd11424de395366805213f3c847c9ae4.porto-u-heading{text-align:center}<\/style><\/div>\t\t\t\t<\/div>\n\t\t\t\t<\/div>\n\t\t\t\t<div class=\"elementor-element elementor-element-bedbe0b elementor-widget elementor-widget-shortcode\" data-id=\"bedbe0b\" data-element_type=\"widget\" data-widget_type=\"shortcode.default\">\n\t\t\t\t<div class=\"elementor-widget-container\">\n\t\t\t\t\t\t\t<div class=\"elementor-shortcode\">    <div class=\"aguilas-shortcode-loader\" id=\"aguilas-lista-web-69f45bce699a5\"\r\n        data-tipo=\"lista-web\"  data-id-lista=\"23\"  data-items=\"6\"  data-filtros=\"0\" >\r\n        <div class=\"aguilas-loader\">\r\n            <div class=\"aguilas-spinner\"><\/div>\r\n            <p>Chargement...<\/p>\r\n        <\/div>\r\n    <\/div>\r\n    <\/div>\n\t\t\t\t\t\t<\/div>\n\t\t\t\t<\/div>\n\t\t\t\t\t<\/div>\n\t\t\t\t<\/div>\n\t\t<div class=\"elementor-element elementor-element-9473e6a e-flex e-con-boxed e-con e-parent\" data-id=\"9473e6a\" data-element_type=\"container\">\r\n\t\t\t\t\t<div class=\"e-con-inner\">\r\n\t\t\t\t<div class=\"elementor-element elementor-element-42f3d2d elemento-titulo-con-subtitulo elementor-widget elementor-widget-porto_ultimate_heading\" data-id=\"42f3d2d\" data-element_type=\"widget\" data-widget_type=\"porto_ultimate_heading.default\">\n\t\t\t\t<div class=\"elementor-widget-container\">\n\t\t\t\t\t<div class=\"porto-u-heading  porto-u-bd11424de395366805213f3c847c9ae4\"><div class=\"porto-u-main-heading\"><h2   >T\u00e9l\u00e9chargements<\/h2><\/div><style>.porto-u-bd11424de395366805213f3c847c9ae4.porto-u-heading{text-align:center}<\/style><\/div>\t\t\t\t<\/div>\n\t\t\t\t<\/div>\n\t\t\t\t<div class=\"elementor-element elementor-element-abe54cf elementor-widget elementor-widget-shortcode\" data-id=\"abe54cf\" data-element_type=\"widget\" data-widget_type=\"shortcode.default\">\n\t\t\t\t<div class=\"elementor-widget-container\">\n\t\t\t\t\t\t\t<div class=\"elementor-shortcode\">    <div class=\"aguilas-shortcode-loader\" id=\"aguilas-lista-web-69f45bce69c80\"\r\n        data-tipo=\"lista-web\"  data-id-lista=\"6\"  data-items=\"6\"  data-filtros=\"0\" >\r\n        <div class=\"aguilas-loader\">\r\n            <div class=\"aguilas-spinner\"><\/div>\r\n            <p>Chargement...<\/p>\r\n        <\/div>\r\n    <\/div>\r\n    <\/div>\n\t\t\t\t\t\t<\/div>\n\t\t\t\t<\/div>\n\t\t\t\t\t<\/div>\n\t\t\t\t<\/div>\n\t\t\t\t<\/div>\n\t\t","protected":false},"excerpt":{"rendered":"<p>Une destination de vacances de r\u00eave sur la c\u00f4te m\u00e9diterran\u00e9enne Home D\u00e9couvrez les plages d&rsquo;\u00c1guilas&nbsp;! Laisse-toi s\u00e9duire par le charme de la M\u00e9diterran\u00e9e, dans une destination o\u00f9 le soleil, la mer et la nature s\u2019unissent pour t\u2019offrir une exp\u00e9rience inoubliable. Explore des criques cach\u00e9es et des eaux cristallines, parfaites pour te d\u00e9tendre ou vivre des [&hellip;]<\/p>\n","protected":false},"author":1,"featured_media":7829,"parent":8997,"menu_order":0,"comment_status":"closed","ping_status":"closed","template":"","meta":{"footnotes":""},"class_list":["post-9215","page","type-page","status-publish","has-post-thumbnail","hentry"],"yoast_head":"<!-- This site is optimized with the Yoast SEO plugin v26.6 - https:\/\/yoast.com\/wordpress\/plugins\/seo\/ -->\n<title>\u00c1guilas Turismo | Plages<\/title>\n<meta name=\"description\" content=\"Profitez de vos vacances de r\u00eave avec les plus belles plages d&#039;\u00c1guilas baign\u00e9es par le soleil de la M\u00e9diterran\u00e9e.\" \/>\n<meta name=\"robots\" content=\"index, follow, max-snippet:-1, max-image-preview:large, max-video-preview:-1\" \/>\n<link rel=\"canonical\" href=\"https:\/\/aguilas.es\/fr\/experiences-a-aguilas\/plages\/\" \/>\n<meta property=\"og:locale\" content=\"fr_FR\" \/>\n<meta property=\"og:type\" content=\"article\" \/>\n<meta property=\"og:title\" content=\"\u00c1guilas Turismo | Plages\" \/>\n<meta property=\"og:description\" content=\"Profitez de vos vacances de r\u00eave avec les plus belles plages d&#039;\u00c1guilas baign\u00e9es par le soleil de la M\u00e9diterran\u00e9e.\" \/>\n<meta property=\"og:url\" content=\"https:\/\/aguilas.es\/fr\/experiences-a-aguilas\/plages\/\" \/>\n<meta property=\"og:site_name\" content=\"\u00c1guilas Turismo\" \/>\n<meta property=\"article:modified_time\" content=\"2026-02-23T12:50:03+00:00\" \/>\n<meta property=\"og:image\" content=\"https:\/\/aguilas.es\/wp-content\/uploads\/2025\/04\/Aguilas-FITUR-2025-8.jpg\" \/>\n\t<meta property=\"og:image:width\" content=\"1449\" \/>\n\t<meta property=\"og:image:height\" content=\"970\" \/>\n\t<meta property=\"og:image:type\" content=\"image\/jpeg\" \/>\n<meta name=\"twitter:card\" content=\"summary_large_image\" \/>\n<meta name=\"twitter:label1\" content=\"Dur\u00e9e de lecture estim\u00e9e\" \/>\n\t<meta name=\"twitter:data1\" content=\"1 minute\" \/>\n<script type=\"application\/ld+json\" class=\"yoast-schema-graph\">{\"@context\":\"https:\/\/schema.org\",\"@graph\":[{\"@type\":\"WebPage\",\"@id\":\"https:\/\/aguilas.es\/fr\/experiences-a-aguilas\/plages\/\",\"url\":\"https:\/\/aguilas.es\/fr\/experiences-a-aguilas\/plages\/\",\"name\":\"\u00c1guilas Turismo | Plages\",\"isPartOf\":{\"@id\":\"https:\/\/aguilas.es\/fr\/#website\"},\"primaryImageOfPage\":{\"@id\":\"https:\/\/aguilas.es\/fr\/experiences-a-aguilas\/plages\/#primaryimage\"},\"image\":{\"@id\":\"https:\/\/aguilas.es\/fr\/experiences-a-aguilas\/plages\/#primaryimage\"},\"thumbnailUrl\":\"https:\/\/aguilas.es\/wp-content\/uploads\/2025\/04\/Aguilas-FITUR-2025-8.jpg\",\"datePublished\":\"2025-04-03T14:17:51+00:00\",\"dateModified\":\"2026-02-23T12:50:03+00:00\",\"description\":\"Profitez de vos vacances de r\u00eave avec les plus belles plages d'\u00c1guilas baign\u00e9es par le soleil de la M\u00e9diterran\u00e9e.\",\"breadcrumb\":{\"@id\":\"https:\/\/aguilas.es\/fr\/experiences-a-aguilas\/plages\/#breadcrumb\"},\"inLanguage\":\"fr-FR\",\"potentialAction\":[{\"@type\":\"ReadAction\",\"target\":[\"https:\/\/aguilas.es\/fr\/experiences-a-aguilas\/plages\/\"]}]},{\"@type\":\"ImageObject\",\"inLanguage\":\"fr-FR\",\"@id\":\"https:\/\/aguilas.es\/fr\/experiences-a-aguilas\/plages\/#primaryimage\",\"url\":\"https:\/\/aguilas.es\/wp-content\/uploads\/2025\/04\/Aguilas-FITUR-2025-8.jpg\",\"contentUrl\":\"https:\/\/aguilas.es\/wp-content\/uploads\/2025\/04\/Aguilas-FITUR-2025-8.jpg\",\"width\":1449,\"height\":970},{\"@type\":\"BreadcrumbList\",\"@id\":\"https:\/\/aguilas.es\/fr\/experiences-a-aguilas\/plages\/#breadcrumb\",\"itemListElement\":[{\"@type\":\"ListItem\",\"position\":1,\"name\":\"Portada\",\"item\":\"https:\/\/aguilas.es\/fr\/accueil\/\"},{\"@type\":\"ListItem\",\"position\":2,\"name\":\"Exp\u00e9riences \u00e0 \u00c1guilas\",\"item\":\"https:\/\/aguilas.es\/fr\/experiences-a-aguilas\/\"},{\"@type\":\"ListItem\",\"position\":3,\"name\":\"Plages\"}]},{\"@type\":\"WebSite\",\"@id\":\"https:\/\/aguilas.es\/fr\/#website\",\"url\":\"https:\/\/aguilas.es\/fr\/\",\"name\":\"\u00c1guilas Turismo\",\"description\":\"\",\"publisher\":{\"@id\":\"https:\/\/aguilas.es\/fr\/#organization\"},\"potentialAction\":[{\"@type\":\"SearchAction\",\"target\":{\"@type\":\"EntryPoint\",\"urlTemplate\":\"https:\/\/aguilas.es\/fr\/?s={search_term_string}\"},\"query-input\":{\"@type\":\"PropertyValueSpecification\",\"valueRequired\":true,\"valueName\":\"search_term_string\"}}],\"inLanguage\":\"fr-FR\"},{\"@type\":\"Organization\",\"@id\":\"https:\/\/aguilas.es\/fr\/#organization\",\"name\":\"\u00c1guilas Turismo\",\"url\":\"https:\/\/aguilas.es\/fr\/\",\"logo\":{\"@type\":\"ImageObject\",\"inLanguage\":\"fr-FR\",\"@id\":\"https:\/\/aguilas.es\/fr\/#\/schema\/logo\/image\/\",\"url\":\"https:\/\/aguilas.es\/wp-content\/uploads\/2025\/04\/Logo-Aguilas-turismo.png\",\"contentUrl\":\"https:\/\/aguilas.es\/wp-content\/uploads\/2025\/04\/Logo-Aguilas-turismo.png\",\"width\":575,\"height\":229,\"caption\":\"\u00c1guilas Turismo\"},\"image\":{\"@id\":\"https:\/\/aguilas.es\/fr\/#\/schema\/logo\/image\/\"}}]}<\/script>\n<!-- \/ Yoast SEO plugin. -->","yoast_head_json":{"title":"\u00c1guilas Turismo | Plages","description":"Profitez de vos vacances de r\u00eave avec les plus belles plages d'\u00c1guilas baign\u00e9es par le soleil de la M\u00e9diterran\u00e9e.","robots":{"index":"index","follow":"follow","max-snippet":"max-snippet:-1","max-image-preview":"max-image-preview:large","max-video-preview":"max-video-preview:-1"},"canonical":"https:\/\/aguilas.es\/fr\/experiences-a-aguilas\/plages\/","og_locale":"fr_FR","og_type":"article","og_title":"\u00c1guilas Turismo | Plages","og_description":"Profitez de vos vacances de r\u00eave avec les plus belles plages d'\u00c1guilas baign\u00e9es par le soleil de la M\u00e9diterran\u00e9e.","og_url":"https:\/\/aguilas.es\/fr\/experiences-a-aguilas\/plages\/","og_site_name":"\u00c1guilas Turismo","article_modified_time":"2026-02-23T12:50:03+00:00","og_image":[{"width":1449,"height":970,"url":"https:\/\/aguilas.es\/wp-content\/uploads\/2025\/04\/Aguilas-FITUR-2025-8.jpg","type":"image\/jpeg"}],"twitter_card":"summary_large_image","twitter_misc":{"Dur\u00e9e de lecture estim\u00e9e":"1 minute"},"schema":{"@context":"https:\/\/schema.org","@graph":[{"@type":"WebPage","@id":"https:\/\/aguilas.es\/fr\/experiences-a-aguilas\/plages\/","url":"https:\/\/aguilas.es\/fr\/experiences-a-aguilas\/plages\/","name":"\u00c1guilas Turismo | Plages","isPartOf":{"@id":"https:\/\/aguilas.es\/fr\/#website"},"primaryImageOfPage":{"@id":"https:\/\/aguilas.es\/fr\/experiences-a-aguilas\/plages\/#primaryimage"},"image":{"@id":"https:\/\/aguilas.es\/fr\/experiences-a-aguilas\/plages\/#primaryimage"},"thumbnailUrl":"https:\/\/aguilas.es\/wp-content\/uploads\/2025\/04\/Aguilas-FITUR-2025-8.jpg","datePublished":"2025-04-03T14:17:51+00:00","dateModified":"2026-02-23T12:50:03+00:00","description":"Profitez de vos vacances de r\u00eave avec les plus belles plages d'\u00c1guilas baign\u00e9es par le soleil de la M\u00e9diterran\u00e9e.","breadcrumb":{"@id":"https:\/\/aguilas.es\/fr\/experiences-a-aguilas\/plages\/#breadcrumb"},"inLanguage":"fr-FR","potentialAction":[{"@type":"ReadAction","target":["https:\/\/aguilas.es\/fr\/experiences-a-aguilas\/plages\/"]}]},{"@type":"ImageObject","inLanguage":"fr-FR","@id":"https:\/\/aguilas.es\/fr\/experiences-a-aguilas\/plages\/#primaryimage","url":"https:\/\/aguilas.es\/wp-content\/uploads\/2025\/04\/Aguilas-FITUR-2025-8.jpg","contentUrl":"https:\/\/aguilas.es\/wp-content\/uploads\/2025\/04\/Aguilas-FITUR-2025-8.jpg","width":1449,"height":970},{"@type":"BreadcrumbList","@id":"https:\/\/aguilas.es\/fr\/experiences-a-aguilas\/plages\/#breadcrumb","itemListElement":[{"@type":"ListItem","position":1,"name":"Portada","item":"https:\/\/aguilas.es\/fr\/accueil\/"},{"@type":"ListItem","position":2,"name":"Exp\u00e9riences \u00e0 \u00c1guilas","item":"https:\/\/aguilas.es\/fr\/experiences-a-aguilas\/"},{"@type":"ListItem","position":3,"name":"Plages"}]},{"@type":"WebSite","@id":"https:\/\/aguilas.es\/fr\/#website","url":"https:\/\/aguilas.es\/fr\/","name":"\u00c1guilas Turismo","description":"","publisher":{"@id":"https:\/\/aguilas.es\/fr\/#organization"},"potentialAction":[{"@type":"SearchAction","target":{"@type":"EntryPoint","urlTemplate":"https:\/\/aguilas.es\/fr\/?s={search_term_string}"},"query-input":{"@type":"PropertyValueSpecification","valueRequired":true,"valueName":"search_term_string"}}],"inLanguage":"fr-FR"},{"@type":"Organization","@id":"https:\/\/aguilas.es\/fr\/#organization","name":"\u00c1guilas Turismo","url":"https:\/\/aguilas.es\/fr\/","logo":{"@type":"ImageObject","inLanguage":"fr-FR","@id":"https:\/\/aguilas.es\/fr\/#\/schema\/logo\/image\/","url":"https:\/\/aguilas.es\/wp-content\/uploads\/2025\/04\/Logo-Aguilas-turismo.png","contentUrl":"https:\/\/aguilas.es\/wp-content\/uploads\/2025\/04\/Logo-Aguilas-turismo.png","width":575,"height":229,"caption":"\u00c1guilas Turismo"},"image":{"@id":"https:\/\/aguilas.es\/fr\/#\/schema\/logo\/image\/"}}]}},"_links":{"self":[{"href":"https:\/\/aguilas.es\/fr\/wp-json\/wp\/v2\/pages\/9215","targetHints":{"allow":["GET"]}}],"collection":[{"href":"https:\/\/aguilas.es\/fr\/wp-json\/wp\/v2\/pages"}],"about":[{"href":"https:\/\/aguilas.es\/fr\/wp-json\/wp\/v2\/types\/page"}],"author":[{"embeddable":true,"href":"https:\/\/aguilas.es\/fr\/wp-json\/wp\/v2\/users\/1"}],"replies":[{"embeddable":true,"href":"https:\/\/aguilas.es\/fr\/wp-json\/wp\/v2\/comments?post=9215"}],"version-history":[{"count":3,"href":"https:\/\/aguilas.es\/fr\/wp-json\/wp\/v2\/pages\/9215\/revisions"}],"predecessor-version":[{"id":10822,"href":"https:\/\/aguilas.es\/fr\/wp-json\/wp\/v2\/pages\/9215\/revisions\/10822"}],"up":[{"embeddable":true,"href":"https:\/\/aguilas.es\/fr\/wp-json\/wp\/v2\/pages\/8997"}],"wp:featuredmedia":[{"embeddable":true,"href":"https:\/\/aguilas.es\/fr\/wp-json\/wp\/v2\/media\/7829"}],"wp:attachment":[{"href":"https:\/\/aguilas.es\/fr\/wp-json\/wp\/v2\/media?parent=9215"}],"curies":[{"name":"wp","href":"https:\/\/api.w.org\/{rel}","templated":true}]}}